{"id":41570,"date":"2022-01-31T10:10:14","date_gmt":"2022-01-31T15:10:14","guid":{"rendered":"https:\/\/canadianmidwives.org\/?page_id=41570"},"modified":"2026-04-22T11:59:49","modified_gmt":"2026-04-22T15:59:49","slug":"travailler-a-lacsf","status":"publish","type":"page","link":"https:\/\/canadianmidwives.org\/fr\/travailler-a-lacsf\/","title":{"rendered":"Travailler \u00e0 l\u2019ACSF"},"content":{"rendered":"\n<h2 class=\"wp-block-heading\">Joignez-vous \u00e0 notre \u00e9quipe<\/h2>\n\n\n\n<p>Bienvenue \u00e0 l\u2019Association canadienne des sages-femmes! Nous sommes une petite \u00e9quipe de personnes d\u00e9vou\u00e9es qui s\u2019engagent \u00e0 faire progresser la profession de sage-femme au Canada et dans le monde.<\/p>\n\n\n\n<p>Le si\u00e8ge social de l\u2019Association canadienne des sages-femmes (ACSF) est situ\u00e9 au centre-ville de Montr\u00e9al, au Qu\u00e9bec. Nous offrons un environnement de travail positif et inclusif dans un cadre f\u00e9ministe, antiraciste et antioppressif.<\/p>\n\n\n\n<p>Chaque membre du personnel contribue \u00e0 cet environnement en soutenant et en respectant les autres membres de l\u2019\u00e9quipe et en adoptant une attitude positive et professionnelle. Nous valorisons le travail d\u2019\u00e9quipe, l\u2019honn\u00eatet\u00e9 et l\u2019int\u00e9grit\u00e9 \u00e0 tous les niveaux de l\u2019organisation. Nous sommes fi\u00e8res du r\u00f4le que joue l\u2019ACSF pour soutenir la pratique sage-femme, tant dans nos strat\u00e9gies nationales que dans nos programmes mondiaux. Les membres de l\u2019\u00e9quipe comprennent l\u2019importance de leur travail et son incidence sur l\u2019ACSF.<\/p>\n\n\n\n<h3 class=\"wp-block-heading has-nv-site-bg-color has-nv-c-1-background-color has-text-color has-background\"><strong>Avantages de travailler avec l&rsquo;ACSF<\/strong><\/h3>\n\n\n\n<ul class=\"wp-block-list\">\n<li>Programme d&rsquo;avantages sociaux pour les employ\u00e9s : assurance dentaire, m\u00e9dicale, param\u00e9dicale et vie (certaines exceptions peuvent s&rsquo;appliquer) et services du programme d&rsquo;aide aux employ\u00e9s.<\/li>\n\n\n\n<li>Des droits \u00e0 cong\u00e9s g\u00e9n\u00e9reux (\u00e0 partir de 3 semaines de vacances, des cong\u00e9s pay\u00e9s g\u00e9n\u00e9reux pour maladie, jours personnels, responsabilit\u00e9s familiales), et des cong\u00e9s pay\u00e9s suppl\u00e9mentaires pour la fermeture des vacances de d\u00e9cembre.<\/li>\n\n\n\n<li>Horaires de travail flexibles et formule de travail hybride (domicile\/bureau de Montr\u00e9al)<\/li>\n\n\n\n<li>Acc\u00e8s \u00e0 un espace de bureau partag\u00e9 et lumineux dans un endroit central de Montr\u00e9al, selon les besoins.<\/li>\n\n\n\n<li>Voyages, apprentissage et possibilit\u00e9s de d\u00e9veloppement<\/li>\n<\/ul>\n\n\n\n<p>L&rsquo;ACSF s&rsquo;engage \u00e0 refl\u00e9ter la diversit\u00e9 de ses membres et des clients qu&rsquo;ils servent, y compris la diversit\u00e9 de race, d&rsquo;identit\u00e9 ou d&rsquo;expression sexuelle, d&rsquo;orientation sexuelle, de religion, d&rsquo;ethnie, d&rsquo;origine nationale, de handicap et de tout autre motif prot\u00e9g\u00e9 par la Loi canadienne sur les droits de la personne. L&rsquo;ACSF encourage les candidats issus de diverses communaut\u00e9s \u00e0 soumettre leur candidature.<\/p>\n\n\n\n<p>Si vous avez des questions sur un poste affich\u00e9 ici, veuillez envoyer un courriel \u00e0 <a href=\"mailto:admin@canadianmidwives.org\">admin@canadianmidwives.org<\/a>.<\/p>\n\n\n\n<h3 class=\"wp-block-heading has-nv-site-bg-color has-neve-link-hover-color-background-color has-text-color has-background\">Offres d&#8217;emploi actuelles<\/h3>\n\n\n\n<h2 class=\"wp-block-heading\">APPEL \u00c0 MANIFESTATION D&rsquo;INT\u00c9R\u00caT<br>Services de conception graphique \u2013 Liste de fournisseurs qualifi\u00e9s<\/h2>\n\n\n\n<p>National Council of Indigenous Midwives (NCIM)<\/p>\n\n\n\n<p><strong>* Veuillez noter que la description du poste est disponible uniquement en anglais. Nous vous prions de nous excuser pour les inconvenients.<\/strong><\/p>\n\n\n\n<p><strong>Informations g\u00e9n\u00e9rales<\/strong><\/p>\n\n\n\n<p>Le <em>National Council of Indigenous Midwives (NCIM<\/em>) a pour mission de promouvoir l&rsquo;excellence des soins de sant\u00e9 reproductive au sein des communaut\u00e9s des Premi\u00e8res Nations, Inuites et des M\u00e9tisse. Le NCIM milite pour le r\u00e9tablissement de la formation en obst\u00e9trique, la prestation de services d\u2019obst\u00e9trique et le libre choix du lieu d\u2019accouchement pour toutes les communaut\u00e9s autochtones, conform\u00e9ment \u00e0 la D\u00e9claration des Nations Unies sur les droits des peuples autochtones. Les sages-femmes autochtones favorisent l\u2019acc\u00e8s \u00e0 des soins de sant\u00e9 sexuelle et reproductive culturellement s\u00e9curitaires pour les familles autochtones, le retour des naissances au sein des communaut\u00e9s autochtones, ainsi qu\u2019une r\u00e9duction du nombre d\u2019\u00e9vacuations m\u00e9dicales pour les accouchements dans les r\u00e9gions \u00e9loign\u00e9es. Pour en savoir plus, visitez :<br>https:\/\/indigenousmidwifery.ca\/<\/p>\n\n\n\n<p>Le NCIM travaille en \u00e9troite collaboration avec son organisation partenaire, l\u2019Association canadienne des sages-femmes (ACSF) \/ Canadian Association of Midwives (CAM). Les deux organisations sont gouvern\u00e9es de mani\u00e8re autonome, mais partagent des infrastructures et des ressources humaines. Elles sont compos\u00e9es d\u2019une \u00e9quipe passionn\u00e9e de personnes d\u00e9vou\u00e9es \u00e0 soutenir les sages-femmes et les sages-femmes autochtones, ainsi que la profession de sage-femme au Canada et \u00e0 l\u2019\u00e9chelle mondiale.<\/p>\n\n\n\n<p><strong>Date limite: <strong>31 d\u00e9cembre<\/strong> 2026 \u00e0 17 h (HE)<\/strong><\/p>\n\n\n\n<div class=\"wp-block-buttons is-layout-flex wp-block-buttons-is-layout-flex\">\n<div class=\"wp-block-button is-style-primary\"><a class=\"wp-block-button__link wp-element-button\" href=\"https:\/\/canadianmidwives.org\/sites\/canadianmidwives.org\/wp-content\/uploads\/2026\/04\/CFI_GraphicDesign_NCIM_April-16-2026.pdf\">Job PDF<\/a><\/div>\n<\/div>\n\n\n\n<p><\/p>\n\n\n\n<h2 class=\"wp-block-heading\">DEMANDE DE PROPOSITIONS<br>Refonte du site internet \u2013 Conception, d\u00e9veloppement et gestion de contenu<\/h2>\n\n\n\n<p>Association canadienne des sages-femmes \/ Canadian Association of Midwives (ACSF\/CAM)<\/p>\n\n\n\n<p><strong>Informations g\u00e9n\u00e9rales<\/strong><\/p>\n\n\n\n<p>L\u2019Association canadienne des sages-femmes (ACSF\/CAM) est l\u2019association professionnelle nationale repr\u00e9sentant les sages-femmes inscrit\u00b7es \u00e0 travers le Canada. L\u2019ACSF\/CAM d\u00e9fend la profession de sage-femme en tant que profession de sant\u00e9 r\u00e9glement\u00e9e, soutient le d\u00e9veloppement professionnel de ses membres et \u0153uvre \u00e0 favoriser un acc\u00e8s \u00e9quitable aux soins de sage-femme pour toutes les personnes au Canada, y compris les communaut\u00e9s autochtones, rurales et \u00e9loign\u00e9es. Ses programmes sont financ\u00e9s par des minist\u00e8res et organismes du gouvernement du Canada (p. ex. Sant\u00e9 Canada, Affaires mondiales Canada), des bailleur\u00b7euses de fonds priv\u00e9s, des agences des Nations Unies et des fonds de fonctionnement.<\/p>\n\n\n\n<p><strong>Date limite: <strong>8 mai<\/strong> 2026 \u00e0 17 h (HE)<\/strong><\/p>\n\n\n\n<div class=\"wp-block-buttons is-layout-flex wp-block-buttons-is-layout-flex\">\n<div class=\"wp-block-button is-style-primary\"><a class=\"wp-block-button__link wp-element-button\" href=\"https:\/\/canadianmidwives.org\/sites\/canadianmidwives.org\/wp-content\/uploads\/2026\/04\/CAM_Website_Rebuild_RFP_2026-WORKINGDOC-FR.pdf\">Job PDF<\/a><\/div>\n<\/div>\n\n\n\n<p><\/p>\n\n\n\n<h2 class=\"wp-block-heading\">Gestionnaire principal\u00b7e des finances<\/h2>\n\n\n\n<p>Association canadienne des sages-femmes \/ Canadian Association of Midwives (ACSF\/CAM)<\/p>\n\n\n\n<p><strong>Informations g\u00e9n\u00e9rales<\/strong><\/p>\n\n\n\n<p>L\u2019Association canadienne des sages-femmes (ACSF) est l\u2019organisation nationale repr\u00e9sentant les sages-femmes et la profession de sage-femme au Canada. L\u2019ACSF assure un r\u00f4le de leadership et de plaidoyer afin de reconna\u00eetre la pratique sage-femme comme une composante r\u00e9glement\u00e9e, financ\u00e9e publiquement et essentielle dans le syst\u00e8me de soins de sant\u00e9 primaire. L\u2019ACSF promeut le r\u00f4le central des sages-femmes dans la sant\u00e9 sexuelle, reproductive et n\u00e9onatale. Son travail repose sur des valeurs d\u2019\u00e9quit\u00e9, de soins respectueux, de choix \u00e9clair\u00e9, d\u2019autod\u00e9termination et de droits reproductifs. Pour ce faire, l\u2019ACSF collabore avec le <em>National Council of Indigenous Midwives (NCIM),<\/em> les associations de sages-femmes, les sages-femmes et les parties prenantes concern\u00e9es. La mission du NCIM est de promouvoir l\u2019excellence des soins de sant\u00e9 reproductive pour les communaut\u00e9s des Premi\u00e8res Nations, inuites et m\u00e9tisses. L\u2019ACSF et le NCIM sont des entit\u00e9s autonomes qui partagent leurs infrastructures et leurs ressources humaines.<\/p>\n\n\n\n<p><strong>Date limite: vendredi 8 mai 2026 \u00e0 17 h (HE)<\/strong><\/p>\n\n\n\n<div class=\"wp-block-buttons is-layout-flex wp-block-buttons-is-layout-flex\">\n<div class=\"wp-block-button is-style-primary\"><a class=\"wp-block-button__link wp-element-button\" href=\"https:\/\/canadianmidwives.org\/sites\/canadianmidwives.org\/wp-content\/uploads\/2026\/04\/CAM_JobPosting_SeniorFinanceManager_FR_20260402.pdf\">Job PDF<\/a><\/div>\n<\/div>\n\n\n\n<p><\/p>\n\n\n\n<h2 class=\"wp-block-heading\">Appel \u00e0 manifestation d&rsquo;int\u00e9r\u00eat \u2013 Fournisseurs qualifi\u00e9s : services de production vid\u00e9o et de vid\u00e9ographie<\/h2>\n\n\n\n<p>Association canadienne des sages-femmes \/ Canadian Association of Midwives (ACSF\/CAM)<\/p>\n\n\n\n<p><strong>* Veuillez noter que la description du poste est disponible uniquement en anglais. Nous vous prions de nous excuser pour les inconvenients.<\/strong><\/p>\n\n\n\n<p><strong>Informations g\u00e9n\u00e9rales<\/strong><\/p>\n\n\n\n<p>L&rsquo;Association canadienne des sages-femmes (ACSF) est l&rsquo;association professionnelle nationale qui repr\u00e9sente les sages-femmes et la profession de sage-femme au Canada. Notre travail vise \u00e0 garantir un acc\u00e8s plus \u00e9quitable \u00e0 des services de sage-femme de haute qualit\u00e9 en mati\u00e8re de sant\u00e9 sexuelle, reproductive et n\u00e9onatale, tant au Canada que dans le monde entier.<br>Le <em>National Council of Indigenous Midwives (NCIM<\/em>) a pour mission de promouvoir l&rsquo;excellence des soins de sant\u00e9 reproductive au sein des communaut\u00e9s des Premi\u00e8res Nations, Inuites et des M\u00e9tisse. Le NCIM milite pour le r\u00e9tablissement de la formation en obst\u00e9trique, la prestation de services d\u2019obst\u00e9trique et le libre choix du lieu d\u2019accouchement pour toutes les communaut\u00e9s autochtones, conform\u00e9ment \u00e0 la D\u00e9claration des Nations Unies sur les droits des peuples autochtones. Nos programmes sont financ\u00e9s par des minist\u00e8res et organismes du gouvernement du Canada (Sant\u00e9 Canada, Affaires mondiales Canada), des donateurs priv\u00e9s, des agences des Nations Unies et des fonds op\u00e9rationnels. Le contenu vid\u00e9o soutient notre travail dans les domaines de la formation professionnelle, de la sensibilisation du public, de la d\u00e9fense des droits et de l\u2019engagement communautaire.<\/p>\n\n\n\n<p><strong>Date limite: le 31 d\u00e9cembre, 2026<\/strong><\/p>\n\n\n\n<div class=\"wp-block-buttons is-layout-flex wp-block-buttons-is-layout-flex\">\n<div class=\"wp-block-button is-style-primary\"><a class=\"wp-block-button__link wp-element-button\" href=\"https:\/\/canadianmidwives.org\/sites\/canadianmidwives.org\/wp-content\/uploads\/2026\/04\/Videographer_-CallForInterest.pdf\">Job PDF<\/a><\/div>\n<\/div>\n\n\n\n<p><\/p>\n","protected":false},"excerpt":{"rendered":"<p>Joignez-vous \u00e0 notre \u00e9quipe Bienvenue \u00e0 l\u2019Association canadienne des sages-femmes! Nous sommes une petite \u00e9quipe de personnes d\u00e9vou\u00e9es qui s\u2019engagent \u00e0 faire progresser la profession de sage-femme au Canada et dans le monde. Le si\u00e8ge social de l\u2019Association canadienne des sages-femmes (ACSF) est situ\u00e9 au centre-ville de Montr\u00e9al, au Qu\u00e9bec. Nous offrons un environnement de&hellip;&nbsp;<a href=\"https:\/\/canadianmidwives.org\/fr\/travailler-a-lacsf\/\" rel=\"bookmark\">Lire la suite &raquo;<span class=\"screen-reader-text\">Travailler \u00e0 l\u2019ACSF<\/span><\/a><\/p>\n","protected":false},"author":25,"featured_media":49372,"parent":0,"menu_order":0,"comment_status":"closed","ping_status":"closed","template":"","meta":{"_monsterinsights_skip_tracking":false,"_monsterinsights_sitenote_active":false,"_monsterinsights_sitenote_note":"","_monsterinsights_sitenote_category":0,"neve_meta_sidebar":"","neve_meta_container":"","neve_meta_enable_content_width":"","neve_meta_content_width":0,"neve_meta_title_alignment":"","neve_meta_author_avatar":"","neve_post_elements_order":"","neve_meta_disable_header":"","neve_meta_disable_footer":"","neve_meta_disable_title":"","_themeisle_gutenberg_block_has_review":false,"footnotes":""},"class_list":["post-41570","page","type-page","status-publish","has-post-thumbnail","hentry"],"yoast_head":"<!-- This site is optimized with the Yoast SEO plugin v27.4 - https:\/\/yoast.com\/product\/yoast-seo-wordpress\/ -->\n<title>Travailler \u00e0 l\u2019ACSF - Association canadienne des sages-femmes<\/title>\n<meta name=\"robots\" content=\"index, follow, max-snippet:-1, max-image-preview:large, max-video-preview:-1\" \/>\n<link rel=\"canonical\" href=\"https:\/\/canadianmidwives.org\/fr\/travailler-a-lacsf\/\" \/>\n<meta property=\"og:locale\" content=\"fr_CA\" \/>\n<meta property=\"og:type\" content=\"article\" \/>\n<meta property=\"og:title\" content=\"Travailler \u00e0 l\u2019ACSF - Association canadienne des sages-femmes\" \/>\n<meta property=\"og:description\" content=\"Joignez-vous \u00e0 notre \u00e9quipe Bienvenue \u00e0 l\u2019Association canadienne des sages-femmes! Nous sommes une petite \u00e9quipe de personnes d\u00e9vou\u00e9es qui s\u2019engagent \u00e0 faire progresser la profession de sage-femme au Canada et dans le monde. Le si\u00e8ge social de l\u2019Association canadienne des sages-femmes (ACSF) est situ\u00e9 au centre-ville de Montr\u00e9al, au Qu\u00e9bec. Nous offrons un environnement de&hellip;&nbsp;Lire la suite &raquo;Travailler \u00e0 l\u2019ACSF\" \/>\n<meta property=\"og:url\" content=\"https:\/\/canadianmidwives.org\/fr\/travailler-a-lacsf\/\" \/>\n<meta property=\"og:site_name\" content=\"Association canadienne des sages-femmes\" \/>\n<meta property=\"article:publisher\" content=\"https:\/\/www.facebook.com\/CanadianMidwives\/\" \/>\n<meta property=\"article:modified_time\" content=\"2026-04-22T15:59:49+00:00\" \/>\n<meta property=\"og:image\" content=\"https:\/\/canadianmidwives.org\/sites\/canadianmidwives.org\/wp-content\/uploads\/2022\/03\/Cowrokers-scaled.jpg\" \/>\n\t<meta property=\"og:image:width\" content=\"2560\" \/>\n\t<meta property=\"og:image:height\" content=\"1707\" \/>\n\t<meta property=\"og:image:type\" content=\"image\/jpeg\" \/>\n<meta name=\"twitter:card\" content=\"summary_large_image\" \/>\n<meta name=\"twitter:label1\" content=\"Estimation du temps de lecture\" \/>\n\t<meta name=\"twitter:data1\" content=\"6 minutes\" \/>\n<script type=\"application\/ld+json\" class=\"yoast-schema-graph\">{\"@context\":\"https:\\\/\\\/schema.org\",\"@graph\":[{\"@type\":\"WebPage\",\"@id\":\"https:\\\/\\\/canadianmidwives.org\\\/fr\\\/travailler-a-lacsf\\\/\",\"url\":\"https:\\\/\\\/canadianmidwives.org\\\/fr\\\/travailler-a-lacsf\\\/\",\"name\":\"Travailler \u00e0 l\u2019ACSF - Association canadienne des sages-femmes\",\"isPartOf\":{\"@id\":\"https:\\\/\\\/canadianmidwives.org\\\/fr\\\/#website\"},\"primaryImageOfPage\":{\"@id\":\"https:\\\/\\\/canadianmidwives.org\\\/fr\\\/travailler-a-lacsf\\\/#primaryimage\"},\"image\":{\"@id\":\"https:\\\/\\\/canadianmidwives.org\\\/fr\\\/travailler-a-lacsf\\\/#primaryimage\"},\"thumbnailUrl\":\"https:\\\/\\\/canadianmidwives.org\\\/sites\\\/canadianmidwives.org\\\/wp-content\\\/uploads\\\/2022\\\/03\\\/Cowrokers-scaled.jpg\",\"datePublished\":\"2022-01-31T15:10:14+00:00\",\"dateModified\":\"2026-04-22T15:59:49+00:00\",\"breadcrumb\":{\"@id\":\"https:\\\/\\\/canadianmidwives.org\\\/fr\\\/travailler-a-lacsf\\\/#breadcrumb\"},\"inLanguage\":\"fr-CA\",\"potentialAction\":[{\"@type\":\"ReadAction\",\"target\":[\"https:\\\/\\\/canadianmidwives.org\\\/fr\\\/travailler-a-lacsf\\\/\"]}]},{\"@type\":\"ImageObject\",\"inLanguage\":\"fr-CA\",\"@id\":\"https:\\\/\\\/canadianmidwives.org\\\/fr\\\/travailler-a-lacsf\\\/#primaryimage\",\"url\":\"https:\\\/\\\/canadianmidwives.org\\\/sites\\\/canadianmidwives.org\\\/wp-content\\\/uploads\\\/2022\\\/03\\\/Cowrokers-scaled.jpg\",\"contentUrl\":\"https:\\\/\\\/canadianmidwives.org\\\/sites\\\/canadianmidwives.org\\\/wp-content\\\/uploads\\\/2022\\\/03\\\/Cowrokers-scaled.jpg\",\"width\":2560,\"height\":1707},{\"@type\":\"BreadcrumbList\",\"@id\":\"https:\\\/\\\/canadianmidwives.org\\\/fr\\\/travailler-a-lacsf\\\/#breadcrumb\",\"itemListElement\":[{\"@type\":\"ListItem\",\"position\":1,\"name\":\"Accueil\",\"item\":\"https:\\\/\\\/canadianmidwives.org\\\/fr\\\/\"},{\"@type\":\"ListItem\",\"position\":2,\"name\":\"Travailler \u00e0 l\u2019ACSF\"}]},{\"@type\":\"WebSite\",\"@id\":\"https:\\\/\\\/canadianmidwives.org\\\/fr\\\/#website\",\"url\":\"https:\\\/\\\/canadianmidwives.org\\\/fr\\\/\",\"name\":\"Association canadienne des sages-femmes\",\"description\":\"Des sages-femmes pour tous, partout\",\"publisher\":{\"@id\":\"https:\\\/\\\/canadianmidwives.org\\\/fr\\\/#organization\"},\"potentialAction\":[{\"@type\":\"SearchAction\",\"target\":{\"@type\":\"EntryPoint\",\"urlTemplate\":\"https:\\\/\\\/canadianmidwives.org\\\/fr\\\/?s={search_term_string}\"},\"query-input\":{\"@type\":\"PropertyValueSpecification\",\"valueRequired\":true,\"valueName\":\"search_term_string\"}}],\"inLanguage\":\"fr-CA\"},{\"@type\":\"Organization\",\"@id\":\"https:\\\/\\\/canadianmidwives.org\\\/fr\\\/#organization\",\"name\":\"Association canadienne des sages-femmes\",\"url\":\"https:\\\/\\\/canadianmidwives.org\\\/fr\\\/\",\"logo\":{\"@type\":\"ImageObject\",\"inLanguage\":\"fr-CA\",\"@id\":\"https:\\\/\\\/canadianmidwives.org\\\/fr\\\/#\\\/schema\\\/logo\\\/image\\\/\",\"url\":\"https:\\\/\\\/canadianmidwives.org\\\/sites\\\/canadianmidwives.org\\\/wp-content\\\/uploads\\\/2022\\\/03\\\/CAM-Logo-2022-1536x462-1.png\",\"contentUrl\":\"https:\\\/\\\/canadianmidwives.org\\\/sites\\\/canadianmidwives.org\\\/wp-content\\\/uploads\\\/2022\\\/03\\\/CAM-Logo-2022-1536x462-1.png\",\"width\":1536,\"height\":462,\"caption\":\"Association canadienne des sages-femmes\"},\"image\":{\"@id\":\"https:\\\/\\\/canadianmidwives.org\\\/fr\\\/#\\\/schema\\\/logo\\\/image\\\/\"},\"sameAs\":[\"https:\\\/\\\/www.facebook.com\\\/CanadianMidwives\\\/\",\"https:\\\/\\\/www.instagram.com\\\/cam_acsf\",\"https:\\\/\\\/www.linkedin.com\\\/company\\\/canadian-association-of-midwives\"]}]}<\/script>\n<!-- \/ Yoast SEO plugin. -->","yoast_head_json":{"title":"Travailler \u00e0 l\u2019ACSF - Association canadienne des sages-femmes","robots":{"index":"index","follow":"follow","max-snippet":"max-snippet:-1","max-image-preview":"max-image-preview:large","max-video-preview":"max-video-preview:-1"},"canonical":"https:\/\/canadianmidwives.org\/fr\/travailler-a-lacsf\/","og_locale":"fr_CA","og_type":"article","og_title":"Travailler \u00e0 l\u2019ACSF - Association canadienne des sages-femmes","og_description":"Joignez-vous \u00e0 notre \u00e9quipe Bienvenue \u00e0 l\u2019Association canadienne des sages-femmes! Nous sommes une petite \u00e9quipe de personnes d\u00e9vou\u00e9es qui s\u2019engagent \u00e0 faire progresser la profession de sage-femme au Canada et dans le monde. Le si\u00e8ge social de l\u2019Association canadienne des sages-femmes (ACSF) est situ\u00e9 au centre-ville de Montr\u00e9al, au Qu\u00e9bec. Nous offrons un environnement de&hellip;&nbsp;Lire la suite &raquo;Travailler \u00e0 l\u2019ACSF","og_url":"https:\/\/canadianmidwives.org\/fr\/travailler-a-lacsf\/","og_site_name":"Association canadienne des sages-femmes","article_publisher":"https:\/\/www.facebook.com\/CanadianMidwives\/","article_modified_time":"2026-04-22T15:59:49+00:00","og_image":[{"width":2560,"height":1707,"url":"https:\/\/canadianmidwives.org\/sites\/canadianmidwives.org\/wp-content\/uploads\/2022\/03\/Cowrokers-scaled.jpg","type":"image\/jpeg"}],"twitter_card":"summary_large_image","twitter_misc":{"Estimation du temps de lecture":"6 minutes"},"schema":{"@context":"https:\/\/schema.org","@graph":[{"@type":"WebPage","@id":"https:\/\/canadianmidwives.org\/fr\/travailler-a-lacsf\/","url":"https:\/\/canadianmidwives.org\/fr\/travailler-a-lacsf\/","name":"Travailler \u00e0 l\u2019ACSF - Association canadienne des sages-femmes","isPartOf":{"@id":"https:\/\/canadianmidwives.org\/fr\/#website"},"primaryImageOfPage":{"@id":"https:\/\/canadianmidwives.org\/fr\/travailler-a-lacsf\/#primaryimage"},"image":{"@id":"https:\/\/canadianmidwives.org\/fr\/travailler-a-lacsf\/#primaryimage"},"thumbnailUrl":"https:\/\/canadianmidwives.org\/sites\/canadianmidwives.org\/wp-content\/uploads\/2022\/03\/Cowrokers-scaled.jpg","datePublished":"2022-01-31T15:10:14+00:00","dateModified":"2026-04-22T15:59:49+00:00","breadcrumb":{"@id":"https:\/\/canadianmidwives.org\/fr\/travailler-a-lacsf\/#breadcrumb"},"inLanguage":"fr-CA","potentialAction":[{"@type":"ReadAction","target":["https:\/\/canadianmidwives.org\/fr\/travailler-a-lacsf\/"]}]},{"@type":"ImageObject","inLanguage":"fr-CA","@id":"https:\/\/canadianmidwives.org\/fr\/travailler-a-lacsf\/#primaryimage","url":"https:\/\/canadianmidwives.org\/sites\/canadianmidwives.org\/wp-content\/uploads\/2022\/03\/Cowrokers-scaled.jpg","contentUrl":"https:\/\/canadianmidwives.org\/sites\/canadianmidwives.org\/wp-content\/uploads\/2022\/03\/Cowrokers-scaled.jpg","width":2560,"height":1707},{"@type":"BreadcrumbList","@id":"https:\/\/canadianmidwives.org\/fr\/travailler-a-lacsf\/#breadcrumb","itemListElement":[{"@type":"ListItem","position":1,"name":"Accueil","item":"https:\/\/canadianmidwives.org\/fr\/"},{"@type":"ListItem","position":2,"name":"Travailler \u00e0 l\u2019ACSF"}]},{"@type":"WebSite","@id":"https:\/\/canadianmidwives.org\/fr\/#website","url":"https:\/\/canadianmidwives.org\/fr\/","name":"Association canadienne des sages-femmes","description":"Des sages-femmes pour tous, partout","publisher":{"@id":"https:\/\/canadianmidwives.org\/fr\/#organization"},"potentialAction":[{"@type":"SearchAction","target":{"@type":"EntryPoint","urlTemplate":"https:\/\/canadianmidwives.org\/fr\/?s={search_term_string}"},"query-input":{"@type":"PropertyValueSpecification","valueRequired":true,"valueName":"search_term_string"}}],"inLanguage":"fr-CA"},{"@type":"Organization","@id":"https:\/\/canadianmidwives.org\/fr\/#organization","name":"Association canadienne des sages-femmes","url":"https:\/\/canadianmidwives.org\/fr\/","logo":{"@type":"ImageObject","inLanguage":"fr-CA","@id":"https:\/\/canadianmidwives.org\/fr\/#\/schema\/logo\/image\/","url":"https:\/\/canadianmidwives.org\/sites\/canadianmidwives.org\/wp-content\/uploads\/2022\/03\/CAM-Logo-2022-1536x462-1.png","contentUrl":"https:\/\/canadianmidwives.org\/sites\/canadianmidwives.org\/wp-content\/uploads\/2022\/03\/CAM-Logo-2022-1536x462-1.png","width":1536,"height":462,"caption":"Association canadienne des sages-femmes"},"image":{"@id":"https:\/\/canadianmidwives.org\/fr\/#\/schema\/logo\/image\/"},"sameAs":["https:\/\/www.facebook.com\/CanadianMidwives\/","https:\/\/www.instagram.com\/cam_acsf","https:\/\/www.linkedin.com\/company\/canadian-association-of-midwives"]}]}},"_links":{"self":[{"href":"https:\/\/canadianmidwives.org\/fr\/wp-json\/wp\/v2\/pages\/41570","targetHints":{"allow":["GET"]}}],"collection":[{"href":"https:\/\/canadianmidwives.org\/fr\/wp-json\/wp\/v2\/pages"}],"about":[{"href":"https:\/\/canadianmidwives.org\/fr\/wp-json\/wp\/v2\/types\/page"}],"author":[{"embeddable":true,"href":"https:\/\/canadianmidwives.org\/fr\/wp-json\/wp\/v2\/users\/25"}],"replies":[{"embeddable":true,"href":"https:\/\/canadianmidwives.org\/fr\/wp-json\/wp\/v2\/comments?post=41570"}],"version-history":[{"count":4,"href":"https:\/\/canadianmidwives.org\/fr\/wp-json\/wp\/v2\/pages\/41570\/revisions"}],"predecessor-version":[{"id":85089,"href":"https:\/\/canadianmidwives.org\/fr\/wp-json\/wp\/v2\/pages\/41570\/revisions\/85089"}],"wp:featuredmedia":[{"embeddable":true,"href":"https:\/\/canadianmidwives.org\/fr\/wp-json\/wp\/v2\/media\/49372"}],"wp:attachment":[{"href":"https:\/\/canadianmidwives.org\/fr\/wp-json\/wp\/v2\/media?parent=41570"}],"curies":[{"name":"wp","href":"https:\/\/api.w.org\/{rel}","templated":true}]}}