{"id":49465,"date":"2022-03-21T22:09:33","date_gmt":"2022-03-22T02:09:33","guid":{"rendered":"https:\/\/canadianmidwives.org\/?page_id=49465"},"modified":"2022-06-14T11:11:27","modified_gmt":"2022-06-14T15:11:27","slug":"renforcer-les-associations","status":"publish","type":"page","link":"https:\/\/canadianmidwives.org\/fr\/rapport-annuel-2021\/renforcer-les-associations\/","title":{"rendered":"Renforcer les associations"},"content":{"rendered":"\n<div style=\"height:40px\" aria-hidden=\"true\" class=\"wp-block-spacer\"><\/div>\n\n\n\n<h2 class=\"has-nv-site-bg-color has-neve-link-hover-color-background-color has-text-color has-background wp-block-heading\">Renforcer les associations<\/h2>\n\n\n\n<p><a href=\"https:\/\/canadianmidwives.org\/fr\/rapport-annuel-2021\/\">&lt; retour<\/a><\/p>\n\n\n\n<div style=\"height:40px\" aria-hidden=\"true\" class=\"wp-block-spacer\"><\/div>\n\n\n\n<p>Renforcer les associations afin qu\u2019elles se dotent de structures internes solides, d\u2019une efficacit\u00e9 organisationnelle, de cadres anti-oppression et d\u2019une capacit\u00e9 financi\u00e8re leur permettant d\u2019offrir des programmes en sant\u00e9 reproductive, maternelle, n\u00e9onatale et infantile (SRMNI) et en sant\u00e9 et droits sexuels et reproductifs (SDSR) et qu\u2019elles puissent plaider en faveur de la profession.<\/p>\n\n\n\n<p>Le partenariat de longue date entre le NACM et l\u2019ACSF sert de fondement \u00e0 notre approche de renforcement des associations. Il est devenu un \u00e9l\u00e9ment central de tous nos programmes mondiaux, et nous nous servons maintenant de nos exp\u00e9riences, nos apprentissages et nos donn\u00e9es pour cr\u00e9er un cadre de renforcement destin\u00e9 \u00e0 nos associations membres au Canada.<\/p>\n\n\n\n<p>En avril&nbsp;2021, l\u2019ACSF a cr\u00e9\u00e9 un nouveau poste en appui \u00e0 ce pilier de notre travail. La coordonnatrice du renforcement des associations travaille en \u00e9troite collaboration avec les associations membres de l\u2019ACSF et les r\u00e9seaux nationaux de sages-femmes afin de cerner leurs besoins et de d\u00e9velopper, mettre en \u0153uvre et \u00e9valuer des plans et des activit\u00e9s de renforcement de leurs capacit\u00e9s qui permettront de solidifier leurs structures internes, d\u2019am\u00e9liorer leur efficacit\u00e9 organisationnelle et d\u2019accro\u00eetre leurs moyens financiers.<\/p>\n\n\n\n<h2 class=\"wp-block-heading\"><strong>Les associations seront consid\u00e9r\u00e9es comme des expertes en sant\u00e9 et droits sexuels et reproductifs et les d\u00e9cideurs politiques solliciteront leur&nbsp;avis.<\/strong><\/h2>\n\n\n\n<p><strong><strong>Deuxi\u00e8me phase du projet de recherche en renforcement des associations de sages-femmes (MITACS&nbsp;2.0)<\/strong><\/strong><\/p>\n\n\n\n<p>La premi\u00e8re phase de cette recherche (MITACS 1.0) achev\u00e9e en 2020 a d\u00e9montr\u00e9 qu&rsquo;investir dans les associations de sages-femmes peut am\u00e9liorer l&rsquo;\u00e9quit\u00e9 entre les sexes et l&rsquo;acc\u00e8s global \u00e0 la sant\u00e9 et aux droits sexuels et reproductifs des femmes et des filles.<\/p>\n\n\n\n<p>En 2021, l\u2019ACSF s&rsquo;est \u00e0 nouveau associ\u00e9 \u00e0 l&rsquo;Universit\u00e9 McMaster et aux chercheurs Dr Kirsty Bourret et Dr Cristina Mattison pour une deuxi\u00e8me phase de recherche sur le renforcement des associations de sages-femmes (MITACS 2.0). Cette recherche vise \u00e0 explorer la pertinence et la r\u00e9activit\u00e9 du cadre original dans les contextes de plusieurs pays, dont la Somalie\/Somaliland, Ha\u00efti et le Canada.<\/p>\n\n\n\n<p>Trois (3) \u00e9tudes de cas ont \u00e9t\u00e9 s\u00e9lectionn\u00e9es pour l&rsquo;\u00e9tude : l&rsquo;Association des sages-femmes de Terre-Neuve et Labrador, l&rsquo;Association des sages-femmes de l&rsquo;Alberta et l&rsquo;Association des sages-femmes de la Nouvelle-\u00c9cosse.<\/p>\n\n\n\n<p>Parall\u00e8lement, une enqu\u00eate nationale sur le renforcement des capacit\u00e9s des associations de sages-femmes a \u00e9t\u00e9 con\u00e7ue \u00e0 l&rsquo;aide de la liste de contr\u00f4le sur le renforcement des capacit\u00e9s de Mattison C, Bourret K, Hebert E, et al. 2021. Un total de 12 associations de sages-femmes y ont particip\u00e9. Les r\u00e9sultats de l&rsquo;enqu\u00eate seront utilis\u00e9s pour le suivi et l&rsquo;\u00e9valuation du travail de renforcement des associations nationales de l\u2019ACSFet pour informer un cadre national pour le travail de renforcement des associations nationales de l\u2019ACSF.<\/p>\n\n\n\n<p>Pour voir la pr\u00e9sentation&nbsp;:<\/p>\n\n\n\n<p>English<\/p>\n\n\n\n<figure class=\"wp-block-embed is-type-video is-provider-youtube wp-block-embed-youtube wp-embed-aspect-16-9 wp-has-aspect-ratio\"><div class=\"wp-block-embed__wrapper\">\n<div class=\"nv-iframe-embed\"><iframe loading=\"lazy\" title=\"CAM-Learns:  Investing in Midwifery Associations\" width=\"1200\" height=\"675\" src=\"https:\/\/www.youtube.com\/embed\/DIY1Ix5Ff-M?feature=oembed\" frameborder=\"0\" allow=\"accelerometer; autoplay; clipboard-write; encrypted-media; gyroscope; picture-in-picture\" allowfullscreen><\/iframe><\/div>\n<\/div><\/figure>\n\n\n\n<div style=\"height:40px\" aria-hidden=\"true\" class=\"wp-block-spacer\"><\/div>\n\n\n\n<p>En francais<\/p>\n\n\n\n<figure class=\"wp-block-embed is-type-video is-provider-youtube wp-block-embed-youtube wp-embed-aspect-16-9 wp-has-aspect-ratio\"><div class=\"wp-block-embed__wrapper\">\n<div class=\"nv-iframe-embed\"><iframe loading=\"lazy\" title=\"ACSF-apprend:  Investir dans les associations de sages-femmes\" width=\"1200\" height=\"675\" src=\"https:\/\/www.youtube.com\/embed\/EVEP9znHCYQ?feature=oembed\" frameborder=\"0\" allow=\"accelerometer; autoplay; clipboard-write; encrypted-media; gyroscope; picture-in-picture\" allowfullscreen><\/iframe><\/div>\n<\/div><\/figure>\n\n\n<style>.wp-block-kadence-spacer.kt-block-spacer-_ebd162-6d .kt-block-spacer{height:100px;}.wp-block-kadence-spacer.kt-block-spacer-_ebd162-6d .kt-divider{border-top-width:1px;height:1px;border-top-color:var(--nv-dark-bg);width:80%;border-top-style:solid;}<\/style>\n<div class=\"wp-block-kadence-spacer aligncenter kt-block-spacer-_ebd162-6d\"><div class=\"kt-block-spacer kt-block-spacer-halign-center\"><hr class=\"kt-divider\" \/><\/div><\/div>\n\n\n\n<h2 class=\"wp-block-heading\"><strong>Les associations deviendront plus pertinentes et cr\u00e9dibles aux yeux de leurs membres.<\/strong><\/h2>\n\n\n\n<p><strong><strong>\u00c9laboration d\u2019un cadre&nbsp;national sur les questions de l\u2019assurance de la qualit\u00e9 et du manque d\u2019acc\u00e8s \u00e0 la certification des instructrices en urgences obst\u00e9tricales.<\/strong><\/strong><\/p>\n\n\n\n<p>En collaboration avec le comit\u00e9 national sur les comp\u00e9tences en urgences obst\u00e9tricales, l\u2019ACSF a termin\u00e9 la premi\u00e8re phase de la conceptualisation d\u2019un cadre national qui aborde les questions de l\u2019assurance de la qualit\u00e9 et du manque d\u2019acc\u00e8s \u00e0 la certification des instructrices en urgences obst\u00e9tricales auxquelles font face des associations provinciales et territoriales aux capacit\u00e9s limit\u00e9es.<\/p>\n\n\n\n<p>L\u2019ACSF a \u00e9galement entam\u00e9 des consultations avec des parties prenantes et pr\u00e9voit de d\u00e9ployer un syst\u00e8me de gestion de l\u2019apprentissage qui permettra aux associations de mieux g\u00e9rer la formation en urgences obst\u00e9tricales pour ses membres et la certification des instructrices.<\/p>\n\n\n<style>.wp-block-kadence-spacer.kt-block-spacer-_cb1e9f-43 .kt-block-spacer{height:100px;}.wp-block-kadence-spacer.kt-block-spacer-_cb1e9f-43 .kt-divider{border-top-width:1px;height:1px;border-top-color:var(--nv-dark-bg);width:80%;border-top-style:solid;}<\/style>\n<div class=\"wp-block-kadence-spacer aligncenter kt-block-spacer-_cb1e9f-43\"><div class=\"kt-block-spacer kt-block-spacer-halign-center\"><hr class=\"kt-divider\" \/><\/div><\/div>\n\n\n\n<h2 class=\"wp-block-heading\"><strong>De solides partenariats mutuels et bilat\u00e9raux seront instaur\u00e9s.<\/strong><\/h2>\n\n\n\n<p>Deux nouveaux r\u00e9seaux nationaux de sages-femmes ont vu le jour dans les derni\u00e8res ann\u00e9es&nbsp;:<\/p>\n\n\n\n<ul class=\"wp-block-list\"><li><strong>Le&nbsp;Comit\u00e9 canadien des sages-femmes queers et trans (QTM)<\/strong>&nbsp;se r\u00e9unit de fa\u00e7on virtuelle tout au long de l\u2019ann\u00e9e et une fois par an en personne \u00e0 l\u2019occasion du congr\u00e8s de l\u2019ACSF. Pour plus d\u2019information ou pour devenir membre du comit\u00e9, contactez :&nbsp;<a href=\"mailto:inclusivemidwifery@gmail.com\">inclusivemidwifery@gmail.com<\/a><\/li><li><strong>Le Comit\u00e9 des sages-femmes, \u00e9tudiantes et travailleuses alli\u00e9es racis\u00e9es (RMC)<\/strong>&nbsp;a \u00e9t\u00e9 form\u00e9 apr\u00e8s une r\u00e9union de sages-femmes et d\u2019\u00e9tudiantes racis\u00e9es au Congr\u00e8s annuel 2019 de l\u2019ACSF \u00e0 Halifax. Le comit\u00e9 a r\u00e9cemment embauch\u00e9 une consultante pour \u00e9laborer sa structure de gouvernance et pr\u00e9ciser son mandat. Pour plus d\u2019information ou pour devenir membre du comit\u00e9, contactez :&nbsp;<a href=\"mailto:feben.aseffa@aom.on.ca\">feben.aseffa@aom.on.ca<\/a>&nbsp;; ou pour devenir membre, contactez Annie Hibbert :&nbsp;<a href=\"mailto:ahibbert@canadianmidwives.org\">ahibbert@canadianmidwives.org<\/a><\/li><\/ul>\n\n\n\n<p>En plus de la participation du NACM au conseil d\u2019administration de l\u2019ACSF, le&nbsp;NACM et l\u2019ACSF tiennent deux rencontres bilat\u00e9rales par an&nbsp;pour discuter des questions actuelles sur les op\u00e9rations, les programmes ou la gouvernance, du travail de plaidoyer aupr\u00e8s du f\u00e9d\u00e9ral, d\u2019occasions de partenariat et d\u2019activit\u00e9s communes.<\/p>\n\n\n<style>.wp-block-kadence-spacer.kt-block-spacer-_0e7ea3-c8 .kt-block-spacer{height:100px;}.wp-block-kadence-spacer.kt-block-spacer-_0e7ea3-c8 .kt-divider{border-top-width:1px;height:1px;border-top-color:var(--nv-dark-bg);width:80%;border-top-style:solid;}<\/style>\n<div class=\"wp-block-kadence-spacer aligncenter kt-block-spacer-_0e7ea3-c8\"><div class=\"kt-block-spacer kt-block-spacer-halign-center\"><hr class=\"kt-divider\" \/><\/div><\/div>\n\n\n\n<h2 class=\"wp-block-heading\"><strong>L\u2019ACSF int\u00e8grera une approche de lutte contre l\u2019oppression dans ses partenariats et son travail.<\/strong><\/h2>\n\n\n\n<p>Le conseil d\u2019administration et le personnel de direction de l\u2019ACSF ont particip\u00e9 \u00e0 deux (2) s\u00e9ances de formation en lutte contre le racisme (automne&nbsp;2020 et printemps&nbsp;2021). Ces ateliers ont aid\u00e9 la direction \u00e0 reconna\u00eetre la fa\u00e7on dont les normes culturelles d\u00e9riv\u00e9es de la supr\u00e9matie blanche sont ancr\u00e9es dans les pratiques organisationnelles et \u00e0 rechercher des moyens d\u2019\u00e9valuer d\u2019un \u0153il critique la gouvernance et les pratiques op\u00e9rationnelles de haut niveau et de les d\u00e9construire dans une perspective d\u2019\u00e9quit\u00e9 raciale.<\/p>\n\n\n\n<p>Parmi les nouvelles politiques adopt\u00e9es&nbsp;:<\/p>\n\n\n\n<ul class=\"wp-block-list\"><li>Politique contre la fraude et la corruption<\/li><li>Politique contre l\u2019exploitation et les abus sexuels (mise \u00e0 jour)<\/li><li>Politique contre la discrimination et le harc\u00e8lement (mise \u00e0 jour)<\/li><\/ul>\n\n\n\n<div style=\"height:40px\" aria-hidden=\"true\" class=\"wp-block-spacer\"><\/div>\n","protected":false},"excerpt":{"rendered":"<p>Renforcer les associations &lt; retour Renforcer les associations afin qu\u2019elles se dotent de structures internes solides, d\u2019une efficacit\u00e9 organisationnelle, de cadres anti-oppression et d\u2019une capacit\u00e9 financi\u00e8re leur permettant d\u2019offrir des programmes en sant\u00e9 reproductive, maternelle, n\u00e9onatale et infantile (SRMNI) et en sant\u00e9 et droits sexuels et reproductifs (SDSR) et qu\u2019elles puissent plaider en faveur de&hellip;&nbsp;<a href=\"https:\/\/canadianmidwives.org\/fr\/rapport-annuel-2021\/renforcer-les-associations\/\" rel=\"bookmark\">Lire la suite &raquo;<span class=\"screen-reader-text\">Renforcer les associations<\/span><\/a><\/p>\n","protected":false},"author":25,"featured_media":49365,"parent":49443,"menu_order":0,"comment_status":"closed","ping_status":"closed","template":"","meta":{"_monsterinsights_skip_tracking":false,"_monsterinsights_sitenote_active":false,"_monsterinsights_sitenote_note":"","_monsterinsights_sitenote_category":0,"neve_meta_sidebar":"","neve_meta_container":"","neve_meta_enable_content_width":"","neve_meta_content_width":0,"neve_meta_title_alignment":"","neve_meta_author_avatar":"","neve_post_elements_order":"","neve_meta_disable_header":"","neve_meta_disable_footer":"","neve_meta_disable_title":"on","_themeisle_gutenberg_block_has_review":false,"footnotes":""},"class_list":["post-49465","page","type-page","status-publish","has-post-thumbnail","hentry"],"yoast_head":"<!-- This site is optimized with the Yoast SEO plugin v27.4 - https:\/\/yoast.com\/product\/yoast-seo-wordpress\/ -->\n<title>Renforcer les associations - Association canadienne des sages-femmes<\/title>\n<meta name=\"robots\" content=\"index, follow, max-snippet:-1, max-image-preview:large, max-video-preview:-1\" \/>\n<link rel=\"canonical\" href=\"https:\/\/canadianmidwives.org\/fr\/rapport-annuel-2021\/renforcer-les-associations\/\" \/>\n<meta property=\"og:locale\" content=\"fr_CA\" \/>\n<meta property=\"og:type\" content=\"article\" \/>\n<meta property=\"og:title\" content=\"Renforcer les associations - Association canadienne des sages-femmes\" \/>\n<meta property=\"og:description\" content=\"Renforcer les associations &lt; retour Renforcer les associations afin qu\u2019elles se dotent de structures internes solides, d\u2019une efficacit\u00e9 organisationnelle, de cadres anti-oppression et d\u2019une capacit\u00e9 financi\u00e8re leur permettant d\u2019offrir des programmes en sant\u00e9 reproductive, maternelle, n\u00e9onatale et infantile (SRMNI) et en sant\u00e9 et droits sexuels et reproductifs (SDSR) et qu\u2019elles puissent plaider en faveur de&hellip;&nbsp;Lire la suite &raquo;Renforcer les associations\" \/>\n<meta property=\"og:url\" content=\"https:\/\/canadianmidwives.org\/fr\/rapport-annuel-2021\/renforcer-les-associations\/\" \/>\n<meta property=\"og:site_name\" content=\"Association canadienne des sages-femmes\" \/>\n<meta property=\"article:publisher\" content=\"https:\/\/www.facebook.com\/CanadianMidwives\/\" \/>\n<meta property=\"article:modified_time\" content=\"2022-06-14T15:11:27+00:00\" \/>\n<meta property=\"og:image\" content=\"https:\/\/canadianmidwives.org\/sites\/canadianmidwives.org\/wp-content\/uploads\/2022\/03\/Strengthening.png\" \/>\n\t<meta property=\"og:image:width\" content=\"260\" \/>\n\t<meta property=\"og:image:height\" content=\"106\" \/>\n\t<meta property=\"og:image:type\" content=\"image\/png\" \/>\n<meta name=\"twitter:card\" content=\"summary_large_image\" \/>\n<meta name=\"twitter:label1\" content=\"Estimation du temps de lecture\" \/>\n\t<meta name=\"twitter:data1\" content=\"5 minutes\" \/>\n<script type=\"application\/ld+json\" class=\"yoast-schema-graph\">{\"@context\":\"https:\\\/\\\/schema.org\",\"@graph\":[{\"@type\":\"WebPage\",\"@id\":\"https:\\\/\\\/canadianmidwives.org\\\/fr\\\/rapport-annuel-2021\\\/renforcer-les-associations\\\/\",\"url\":\"https:\\\/\\\/canadianmidwives.org\\\/fr\\\/rapport-annuel-2021\\\/renforcer-les-associations\\\/\",\"name\":\"Renforcer les associations - Association canadienne des sages-femmes\",\"isPartOf\":{\"@id\":\"https:\\\/\\\/canadianmidwives.org\\\/fr\\\/#website\"},\"primaryImageOfPage\":{\"@id\":\"https:\\\/\\\/canadianmidwives.org\\\/fr\\\/rapport-annuel-2021\\\/renforcer-les-associations\\\/#primaryimage\"},\"image\":{\"@id\":\"https:\\\/\\\/canadianmidwives.org\\\/fr\\\/rapport-annuel-2021\\\/renforcer-les-associations\\\/#primaryimage\"},\"thumbnailUrl\":\"https:\\\/\\\/canadianmidwives.org\\\/sites\\\/canadianmidwives.org\\\/wp-content\\\/uploads\\\/2022\\\/03\\\/Strengthening.png\",\"datePublished\":\"2022-03-22T02:09:33+00:00\",\"dateModified\":\"2022-06-14T15:11:27+00:00\",\"breadcrumb\":{\"@id\":\"https:\\\/\\\/canadianmidwives.org\\\/fr\\\/rapport-annuel-2021\\\/renforcer-les-associations\\\/#breadcrumb\"},\"inLanguage\":\"fr-CA\",\"potentialAction\":[{\"@type\":\"ReadAction\",\"target\":[\"https:\\\/\\\/canadianmidwives.org\\\/fr\\\/rapport-annuel-2021\\\/renforcer-les-associations\\\/\"]}]},{\"@type\":\"ImageObject\",\"inLanguage\":\"fr-CA\",\"@id\":\"https:\\\/\\\/canadianmidwives.org\\\/fr\\\/rapport-annuel-2021\\\/renforcer-les-associations\\\/#primaryimage\",\"url\":\"https:\\\/\\\/canadianmidwives.org\\\/sites\\\/canadianmidwives.org\\\/wp-content\\\/uploads\\\/2022\\\/03\\\/Strengthening.png\",\"contentUrl\":\"https:\\\/\\\/canadianmidwives.org\\\/sites\\\/canadianmidwives.org\\\/wp-content\\\/uploads\\\/2022\\\/03\\\/Strengthening.png\",\"width\":260,\"height\":106},{\"@type\":\"BreadcrumbList\",\"@id\":\"https:\\\/\\\/canadianmidwives.org\\\/fr\\\/rapport-annuel-2021\\\/renforcer-les-associations\\\/#breadcrumb\",\"itemListElement\":[{\"@type\":\"ListItem\",\"position\":1,\"name\":\"Accueil\",\"item\":\"https:\\\/\\\/canadianmidwives.org\\\/fr\\\/\"},{\"@type\":\"ListItem\",\"position\":2,\"name\":\"Th\u00e9orie du changement &#8211; Rapport Annuel 2021\",\"item\":\"https:\\\/\\\/canadianmidwives.org\\\/fr\\\/rapport-annuel-2021\\\/\"},{\"@type\":\"ListItem\",\"position\":3,\"name\":\"Renforcer les associations\"}]},{\"@type\":\"WebSite\",\"@id\":\"https:\\\/\\\/canadianmidwives.org\\\/fr\\\/#website\",\"url\":\"https:\\\/\\\/canadianmidwives.org\\\/fr\\\/\",\"name\":\"Association canadienne des sages-femmes\",\"description\":\"Des sages-femmes pour tous, partout\",\"publisher\":{\"@id\":\"https:\\\/\\\/canadianmidwives.org\\\/fr\\\/#organization\"},\"potentialAction\":[{\"@type\":\"SearchAction\",\"target\":{\"@type\":\"EntryPoint\",\"urlTemplate\":\"https:\\\/\\\/canadianmidwives.org\\\/fr\\\/?s={search_term_string}\"},\"query-input\":{\"@type\":\"PropertyValueSpecification\",\"valueRequired\":true,\"valueName\":\"search_term_string\"}}],\"inLanguage\":\"fr-CA\"},{\"@type\":\"Organization\",\"@id\":\"https:\\\/\\\/canadianmidwives.org\\\/fr\\\/#organization\",\"name\":\"Association canadienne des sages-femmes\",\"url\":\"https:\\\/\\\/canadianmidwives.org\\\/fr\\\/\",\"logo\":{\"@type\":\"ImageObject\",\"inLanguage\":\"fr-CA\",\"@id\":\"https:\\\/\\\/canadianmidwives.org\\\/fr\\\/#\\\/schema\\\/logo\\\/image\\\/\",\"url\":\"https:\\\/\\\/canadianmidwives.org\\\/sites\\\/canadianmidwives.org\\\/wp-content\\\/uploads\\\/2022\\\/03\\\/CAM-Logo-2022-1536x462-1.png\",\"contentUrl\":\"https:\\\/\\\/canadianmidwives.org\\\/sites\\\/canadianmidwives.org\\\/wp-content\\\/uploads\\\/2022\\\/03\\\/CAM-Logo-2022-1536x462-1.png\",\"width\":1536,\"height\":462,\"caption\":\"Association canadienne des sages-femmes\"},\"image\":{\"@id\":\"https:\\\/\\\/canadianmidwives.org\\\/fr\\\/#\\\/schema\\\/logo\\\/image\\\/\"},\"sameAs\":[\"https:\\\/\\\/www.facebook.com\\\/CanadianMidwives\\\/\",\"https:\\\/\\\/www.instagram.com\\\/cam_acsf\",\"https:\\\/\\\/www.linkedin.com\\\/company\\\/canadian-association-of-midwives\"]}]}<\/script>\n<!-- \/ Yoast SEO plugin. -->","yoast_head_json":{"title":"Renforcer les associations - Association canadienne des sages-femmes","robots":{"index":"index","follow":"follow","max-snippet":"max-snippet:-1","max-image-preview":"max-image-preview:large","max-video-preview":"max-video-preview:-1"},"canonical":"https:\/\/canadianmidwives.org\/fr\/rapport-annuel-2021\/renforcer-les-associations\/","og_locale":"fr_CA","og_type":"article","og_title":"Renforcer les associations - Association canadienne des sages-femmes","og_description":"Renforcer les associations &lt; retour Renforcer les associations afin qu\u2019elles se dotent de structures internes solides, d\u2019une efficacit\u00e9 organisationnelle, de cadres anti-oppression et d\u2019une capacit\u00e9 financi\u00e8re leur permettant d\u2019offrir des programmes en sant\u00e9 reproductive, maternelle, n\u00e9onatale et infantile (SRMNI) et en sant\u00e9 et droits sexuels et reproductifs (SDSR) et qu\u2019elles puissent plaider en faveur de&hellip;&nbsp;Lire la suite &raquo;Renforcer les associations","og_url":"https:\/\/canadianmidwives.org\/fr\/rapport-annuel-2021\/renforcer-les-associations\/","og_site_name":"Association canadienne des sages-femmes","article_publisher":"https:\/\/www.facebook.com\/CanadianMidwives\/","article_modified_time":"2022-06-14T15:11:27+00:00","og_image":[{"width":260,"height":106,"url":"https:\/\/canadianmidwives.org\/sites\/canadianmidwives.org\/wp-content\/uploads\/2022\/03\/Strengthening.png","type":"image\/png"}],"twitter_card":"summary_large_image","twitter_misc":{"Estimation du temps de lecture":"5 minutes"},"schema":{"@context":"https:\/\/schema.org","@graph":[{"@type":"WebPage","@id":"https:\/\/canadianmidwives.org\/fr\/rapport-annuel-2021\/renforcer-les-associations\/","url":"https:\/\/canadianmidwives.org\/fr\/rapport-annuel-2021\/renforcer-les-associations\/","name":"Renforcer les associations - Association canadienne des sages-femmes","isPartOf":{"@id":"https:\/\/canadianmidwives.org\/fr\/#website"},"primaryImageOfPage":{"@id":"https:\/\/canadianmidwives.org\/fr\/rapport-annuel-2021\/renforcer-les-associations\/#primaryimage"},"image":{"@id":"https:\/\/canadianmidwives.org\/fr\/rapport-annuel-2021\/renforcer-les-associations\/#primaryimage"},"thumbnailUrl":"https:\/\/canadianmidwives.org\/sites\/canadianmidwives.org\/wp-content\/uploads\/2022\/03\/Strengthening.png","datePublished":"2022-03-22T02:09:33+00:00","dateModified":"2022-06-14T15:11:27+00:00","breadcrumb":{"@id":"https:\/\/canadianmidwives.org\/fr\/rapport-annuel-2021\/renforcer-les-associations\/#breadcrumb"},"inLanguage":"fr-CA","potentialAction":[{"@type":"ReadAction","target":["https:\/\/canadianmidwives.org\/fr\/rapport-annuel-2021\/renforcer-les-associations\/"]}]},{"@type":"ImageObject","inLanguage":"fr-CA","@id":"https:\/\/canadianmidwives.org\/fr\/rapport-annuel-2021\/renforcer-les-associations\/#primaryimage","url":"https:\/\/canadianmidwives.org\/sites\/canadianmidwives.org\/wp-content\/uploads\/2022\/03\/Strengthening.png","contentUrl":"https:\/\/canadianmidwives.org\/sites\/canadianmidwives.org\/wp-content\/uploads\/2022\/03\/Strengthening.png","width":260,"height":106},{"@type":"BreadcrumbList","@id":"https:\/\/canadianmidwives.org\/fr\/rapport-annuel-2021\/renforcer-les-associations\/#breadcrumb","itemListElement":[{"@type":"ListItem","position":1,"name":"Accueil","item":"https:\/\/canadianmidwives.org\/fr\/"},{"@type":"ListItem","position":2,"name":"Th\u00e9orie du changement &#8211; Rapport Annuel 2021","item":"https:\/\/canadianmidwives.org\/fr\/rapport-annuel-2021\/"},{"@type":"ListItem","position":3,"name":"Renforcer les associations"}]},{"@type":"WebSite","@id":"https:\/\/canadianmidwives.org\/fr\/#website","url":"https:\/\/canadianmidwives.org\/fr\/","name":"Association canadienne des sages-femmes","description":"Des sages-femmes pour tous, partout","publisher":{"@id":"https:\/\/canadianmidwives.org\/fr\/#organization"},"potentialAction":[{"@type":"SearchAction","target":{"@type":"EntryPoint","urlTemplate":"https:\/\/canadianmidwives.org\/fr\/?s={search_term_string}"},"query-input":{"@type":"PropertyValueSpecification","valueRequired":true,"valueName":"search_term_string"}}],"inLanguage":"fr-CA"},{"@type":"Organization","@id":"https:\/\/canadianmidwives.org\/fr\/#organization","name":"Association canadienne des sages-femmes","url":"https:\/\/canadianmidwives.org\/fr\/","logo":{"@type":"ImageObject","inLanguage":"fr-CA","@id":"https:\/\/canadianmidwives.org\/fr\/#\/schema\/logo\/image\/","url":"https:\/\/canadianmidwives.org\/sites\/canadianmidwives.org\/wp-content\/uploads\/2022\/03\/CAM-Logo-2022-1536x462-1.png","contentUrl":"https:\/\/canadianmidwives.org\/sites\/canadianmidwives.org\/wp-content\/uploads\/2022\/03\/CAM-Logo-2022-1536x462-1.png","width":1536,"height":462,"caption":"Association canadienne des sages-femmes"},"image":{"@id":"https:\/\/canadianmidwives.org\/fr\/#\/schema\/logo\/image\/"},"sameAs":["https:\/\/www.facebook.com\/CanadianMidwives\/","https:\/\/www.instagram.com\/cam_acsf","https:\/\/www.linkedin.com\/company\/canadian-association-of-midwives"]}]}},"_links":{"self":[{"href":"https:\/\/canadianmidwives.org\/fr\/wp-json\/wp\/v2\/pages\/49465","targetHints":{"allow":["GET"]}}],"collection":[{"href":"https:\/\/canadianmidwives.org\/fr\/wp-json\/wp\/v2\/pages"}],"about":[{"href":"https:\/\/canadianmidwives.org\/fr\/wp-json\/wp\/v2\/types\/page"}],"author":[{"embeddable":true,"href":"https:\/\/canadianmidwives.org\/fr\/wp-json\/wp\/v2\/users\/25"}],"replies":[{"embeddable":true,"href":"https:\/\/canadianmidwives.org\/fr\/wp-json\/wp\/v2\/comments?post=49465"}],"version-history":[{"count":3,"href":"https:\/\/canadianmidwives.org\/fr\/wp-json\/wp\/v2\/pages\/49465\/revisions"}],"predecessor-version":[{"id":66891,"href":"https:\/\/canadianmidwives.org\/fr\/wp-json\/wp\/v2\/pages\/49465\/revisions\/66891"}],"up":[{"embeddable":true,"href":"https:\/\/canadianmidwives.org\/fr\/wp-json\/wp\/v2\/pages\/49443"}],"wp:featuredmedia":[{"embeddable":true,"href":"https:\/\/canadianmidwives.org\/fr\/wp-json\/wp\/v2\/media\/49365"}],"wp:attachment":[{"href":"https:\/\/canadianmidwives.org\/fr\/wp-json\/wp\/v2\/media?parent=49465"}],"curies":[{"name":"wp","href":"https:\/\/api.w.org\/{rel}","templated":true}]}}