{"id":49565,"date":"2022-03-22T15:32:51","date_gmt":"2022-03-22T19:32:51","guid":{"rendered":"https:\/\/canadianmidwives.org\/?page_id=49565"},"modified":"2022-06-14T11:29:01","modified_gmt":"2022-06-14T15:29:01","slug":"message-de-la-presidente-de-lacsf","status":"publish","type":"page","link":"https:\/\/canadianmidwives.org\/fr\/rapport-annuel-2021\/message-de-la-presidente-de-lacsf\/","title":{"rendered":"Message de la pr\u00e9sidente de l\u2019ACSF"},"content":{"rendered":"\n<p><a href=\"https:\/\/canadianmidwives.org\/fr\/rapport-annuel-2021\/\">&lt; retour<\/a><\/p>\n\n\n\n<p>Ch\u00e8res membres,<\/p>\n\n\n\n<p>L\u2019assembl\u00e9e g\u00e9n\u00e9rale annuelle des membres de l\u2019ACSF aura maintenant lieu en juin chaque ann\u00e9e, dans le but de vous pr\u00e9senter l\u2019information plus rapidement \u00e0 la fin de chaque exercice. Ce changement nous permet d\u2019harmoniser nos rapports annuels avec nos \u00e9tats financiers afin de vous donner, membres de l\u2019ACSF, une meilleure id\u00e9e de ce que nous avons accompli avec nos fonds de janvier \u00e0 d\u00e9cembre de chaque ann\u00e9e.<\/p>\n\n\n\n<p>Le rapport de cette ann\u00e9e r\u00e9p\u00e9tera peut-\u00eatre certaines des activit\u00e9s communiqu\u00e9es en octobre\u00a02021, afin de commencer un nouveau cycle de rapports d\u2019une ann\u00e9e civile (et financi\u00e8re) compl\u00e8te.<\/p>\n\n\n\n<p>Comme annonc\u00e9 dans le dernier rapport annuel, la nouvelle th\u00e9orie du changement de l\u2019ACSF a \u00e9t\u00e9 lanc\u00e9e d\u00e9but 2021 et remplace notre pr\u00e9c\u00e9dent plan strat\u00e9gique. Cette vision pour notre travail, ax\u00e9e sur les r\u00e9sultats et par ailleurs tr\u00e8s emballante, s\u2019articule autour de notre objectif ultime : un acc\u00e8s \u00e9quitable \u00e0 d\u2019excellents soins de sant\u00e9 sexuelle, reproductive et n\u00e9onatale prodigu\u00e9s par des sages-femmes et accessibles \u00e0 toutes et tous. Nos processus d\u00e9cisionnels et notre travail sont dor\u00e9navant guid\u00e9s par l\u2019\u00e9galit\u00e9, la responsabilit\u00e9, le respect et l\u2019int\u00e9grit\u00e9.<\/p>\n\n\n\n<p>L\u2019une des actions strat\u00e9giques d\u00e9crites dans la th\u00e9orie du changement est la r\u00e9forme de la gouvernance. L\u2019objectif est de nous assurer que notre conseil d\u2019administration dispose des moyens n\u00e9cessaires pour produire les effets escompt\u00e9s et d\u2019harmoniser notre structure de gouvernance avec nos valeurs et notre engagement \u00e0 combattre le racisme, le colonialisme et l\u2019oppression. Nous voulons une diversit\u00e9 de voix \u00e0 la table. Nous voulons que les r\u00e9seaux, conseils et caucus nationaux ind\u00e9pendants qui repr\u00e9sentent des groupes m\u00e9ritant l\u2019\u00e9quit\u00e9 (le Caucus queer et le Caucus des sages-femmes racis\u00e9es, par exemple) re\u00e7oivent du soutien ad\u00e9quat. Nous voulons que les relations bilat\u00e9rales qui ne sont pr\u00e9sentement pas repr\u00e9sent\u00e9es au conseil de l\u2019ACSF soient d\u00e9velopp\u00e9es et entretenues. Pour ce faire, nous organiserons des groupes de discussion avec les membres et d\u2019autres parties prenantes entre juin et octobre\u00a02022 afin de mieux comprendre votre vision du conseil d\u2019administration de l\u2019ACSF pour l\u2019avenir. Le comit\u00e9 de gouvernance et le conseil d\u2019administration travailleront ensuite avec un(e) consultant(e) pour passer en revue vos commentaires et \u00e9laborer et recommander une nouvelle structure et des modifications aux r\u00e8glements. Le tout sera communiqu\u00e9 aux membres sous la forme d\u2019une r\u00e9solution sp\u00e9ciale en avril\u00a02023 en vue d\u2019un vote \u00e0 l\u2019AGA de juin\u00a02023. J\u2019ai h\u00e2te d\u2019\u00e9changer avec vous \u00e0 l\u2019occasion de ces groupes de discussion.<\/p>\n\n\n\n<p>Quelques-uns de nos accomplissements en 2021\u00a0:<\/p>\n\n\n\n<h2 class=\"wp-block-heading\">Travail de plaidoyer<\/h2>\n\n\n\n<p>Nous continuons \u00e0 plaider pour le renouvellement et l\u2019augmentation du financement de la pratique sage-femme autochtone, la mise \u00e0 jour de la classification des professions du f\u00e9d\u00e9ral et l\u2019inclusion des sages-femmes au programme d\u2019exon\u00e9ration du remboursement du pr\u00eat d\u2019\u00e9tudes. Nous avons \u00e9t\u00e9 ravies de voir le parti Lib\u00e9ral s\u2019engager \u00e0 ouvrir l\u2019acc\u00e8s des sages-femmes \u00e0 ce programme et \u00e0 relever les niveaux d\u2019exon\u00e9ration. L\u2019exon\u00e9ration du remboursement du pr\u00eat d\u2019\u00e9tudes a \u00e9t\u00e9 inscrite au budget f\u00e9d\u00e9ral de 2022, mais les sages-femmes n\u2019ont pas \u00e9t\u00e9 explicitement mentionn\u00e9es. Nous travaillons avec plusieurs minist\u00e8res f\u00e9d\u00e9raux pour nous assurer que ce sera fait. En 2021, nous avons \u00e9galement fait des pr\u00e9sentations au Comit\u00e9 permanent de la condition f\u00e9minine et \u00e0 Affaires mondiales Canada et avons plaid\u00e9 pour que le programme d\u2019enseignement de la profession sage-femme de l\u2019Universit\u00e9 Laurentienne soit relocalis\u00e9 dans le Nord, dans un lieu bilingue.<\/p>\n\n\n\n<h2 class=\"wp-block-heading\">Renforcer les associations<\/h2>\n\n\n\n<p>Apr\u00e8s la publication d\u2019un cadre fond\u00e9 sur des donn\u00e9es probantes pour le renforcement des associations de sages-femmes (merci \u00e0 Kirsty Bourret et Cristina Mattison pour les recherches et la synth\u00e8se!), nous avons obtenu du financement suppl\u00e9mentaire pour poursuivre la deuxi\u00e8me phase de ces recherches, qui nous permettra d\u2019\u00e9valuer la possible application du cadre \u00e0 nos associations provinciales et territoriales et autres associations membres au pays. Nous avons amorc\u00e9 des \u00e9tudes de cas en Alberta, en Nouvelle-\u00c9cosse et \u00e0 Terre-Neuve-et-Labrador, et nous poursuivons les recherches en R\u00e9publique d\u00e9mocratique du Congo et avec la Puntland Association of Midwives. \u00c0 l\u2019international, nous poursuivons notre travail avec les associations de sages-femmes au Soudan du Sud, en Somalie et en Ha\u00efti. Finalement, un nouveau projet international de pratique sage-femme, men\u00e9 par l\u2019ACSF et financ\u00e9 par Affaires mondiales Canada, a d\u00e9marr\u00e9 avec nos partenaires de longue date en R\u00e9publique d\u00e9mocratique du Congo et au Soudan du Sud.<\/p>\n\n\n\n<h2 class=\"wp-block-heading\">Promouvoir l\u2019excellence<\/h2>\n\n\n\n<p>En plus d\u2019avoir organis\u00e9 le deuxi\u00e8me congr\u00e8s annuel virtuel Reconna\u00eetre en 2021, nous avons lanc\u00e9 L\u2019ACSF apprend, une plateforme qui propose toute l\u2019ann\u00e9e des possibilit\u00e9s d\u2019apprentissage et des ateliers sur divers sujets tels que les perspectives antiracistes et la r\u00e9ticence \u00e0 la vaccination. Nous avons cr\u00e9\u00e9 une formation continue gratuite pour aider les sages-femmes \u00e0 mieux communiquer l\u2019information sur la vaccination, disponible sur la plateforme UBC CPD. De concert avec l\u2019Universit\u00e9 McMaster, nous \u00e9laborons \u00e9galement des cours de perfectionnement professionnel pour mieux outiller les sages-femmes sur les violences li\u00e9es au genre. Finalement, nous vous rappelons que lorsque le variant Omicron est apparu, nous avons pris la difficile d\u00e9cision de reporter \u00e0 octobre 2023 notre congr\u00e8s en personne \u00e0 Ottawa. Nous croisons les doigts pour que ces joyeuses retrouvailles aient effectivement lieu. D\u2019ici l\u00e0, nous esp\u00e9rons que vous serez des n\u00f4tres \u00e0 l\u2019occasion de la troisi\u00e8me \u00e9dition de Reconna\u00eetre, du 1er au 3 novembre 2022!<\/p>\n\n\n\n<p><strong>Cordialement,<\/strong><\/p>\n\n\n\n<p><strong>Alix Bacon, SF<\/strong><\/p>\n\n\n\n<p><strong>Pr\u00e9sidente de l\u2019ACSF<\/strong><\/p>\n","protected":false},"excerpt":{"rendered":"<p>&lt; retour Ch\u00e8res membres, L\u2019assembl\u00e9e g\u00e9n\u00e9rale annuelle des membres de l\u2019ACSF aura maintenant lieu en juin chaque ann\u00e9e, dans le but de vous pr\u00e9senter l\u2019information plus rapidement \u00e0 la fin de chaque exercice. Ce changement nous permet d\u2019harmoniser nos rapports annuels avec nos \u00e9tats financiers afin de vous donner, membres de l\u2019ACSF, une meilleure id\u00e9e&hellip;&nbsp;<a href=\"https:\/\/canadianmidwives.org\/fr\/rapport-annuel-2021\/message-de-la-presidente-de-lacsf\/\" rel=\"bookmark\">Lire la suite &raquo;<span class=\"screen-reader-text\">Message de la pr\u00e9sidente de l\u2019ACSF<\/span><\/a><\/p>\n","protected":false},"author":25,"featured_media":48070,"parent":49443,"menu_order":0,"comment_status":"closed","ping_status":"closed","template":"","meta":{"_monsterinsights_skip_tracking":false,"_monsterinsights_sitenote_active":false,"_monsterinsights_sitenote_note":"","_monsterinsights_sitenote_category":0,"neve_meta_sidebar":"","neve_meta_container":"","neve_meta_enable_content_width":"","neve_meta_content_width":0,"neve_meta_title_alignment":"","neve_meta_author_avatar":"","neve_post_elements_order":"","neve_meta_disable_header":"","neve_meta_disable_footer":"","neve_meta_disable_title":"","_themeisle_gutenberg_block_has_review":false,"footnotes":""},"class_list":["post-49565","page","type-page","status-publish","has-post-thumbnail","hentry"],"yoast_head":"<!-- This site is optimized with the Yoast SEO plugin v27.4 - https:\/\/yoast.com\/product\/yoast-seo-wordpress\/ -->\n<title>Message de la pr\u00e9sidente de l\u2019ACSF - Association canadienne des sages-femmes<\/title>\n<meta name=\"robots\" content=\"index, follow, max-snippet:-1, max-image-preview:large, max-video-preview:-1\" \/>\n<link rel=\"canonical\" href=\"https:\/\/canadianmidwives.org\/fr\/rapport-annuel-2021\/message-de-la-presidente-de-lacsf\/\" \/>\n<meta property=\"og:locale\" content=\"fr_CA\" \/>\n<meta property=\"og:type\" content=\"article\" \/>\n<meta property=\"og:title\" content=\"Message de la pr\u00e9sidente de l\u2019ACSF - Association canadienne des sages-femmes\" \/>\n<meta property=\"og:description\" content=\"&lt; retour Ch\u00e8res membres, L\u2019assembl\u00e9e g\u00e9n\u00e9rale annuelle des membres de l\u2019ACSF aura maintenant lieu en juin chaque ann\u00e9e, dans le but de vous pr\u00e9senter l\u2019information plus rapidement \u00e0 la fin de chaque exercice. Ce changement nous permet d\u2019harmoniser nos rapports annuels avec nos \u00e9tats financiers afin de vous donner, membres de l\u2019ACSF, une meilleure id\u00e9e&hellip;&nbsp;Lire la suite &raquo;Message de la pr\u00e9sidente de l\u2019ACSF\" \/>\n<meta property=\"og:url\" content=\"https:\/\/canadianmidwives.org\/fr\/rapport-annuel-2021\/message-de-la-presidente-de-lacsf\/\" \/>\n<meta property=\"og:site_name\" content=\"Association canadienne des sages-femmes\" \/>\n<meta property=\"article:publisher\" content=\"https:\/\/www.facebook.com\/CanadianMidwives\/\" \/>\n<meta property=\"article:modified_time\" content=\"2022-06-14T15:29:01+00:00\" \/>\n<meta property=\"og:image\" content=\"https:\/\/canadianmidwives.org\/sites\/canadianmidwives.org\/wp-content\/uploads\/2022\/03\/Alix-Bacon-1-350x350-1.jpg\" \/>\n\t<meta property=\"og:image:width\" content=\"350\" \/>\n\t<meta property=\"og:image:height\" content=\"350\" \/>\n\t<meta property=\"og:image:type\" content=\"image\/jpeg\" \/>\n<meta name=\"twitter:card\" content=\"summary_large_image\" \/>\n<meta name=\"twitter:label1\" content=\"Estimation du temps de lecture\" \/>\n\t<meta name=\"twitter:data1\" content=\"4 minutes\" \/>\n<script type=\"application\/ld+json\" class=\"yoast-schema-graph\">{\"@context\":\"https:\\\/\\\/schema.org\",\"@graph\":[{\"@type\":\"WebPage\",\"@id\":\"https:\\\/\\\/canadianmidwives.org\\\/fr\\\/rapport-annuel-2021\\\/message-de-la-presidente-de-lacsf\\\/\",\"url\":\"https:\\\/\\\/canadianmidwives.org\\\/fr\\\/rapport-annuel-2021\\\/message-de-la-presidente-de-lacsf\\\/\",\"name\":\"Message de la pr\u00e9sidente de l\u2019ACSF - Association canadienne des sages-femmes\",\"isPartOf\":{\"@id\":\"https:\\\/\\\/canadianmidwives.org\\\/fr\\\/#website\"},\"primaryImageOfPage\":{\"@id\":\"https:\\\/\\\/canadianmidwives.org\\\/fr\\\/rapport-annuel-2021\\\/message-de-la-presidente-de-lacsf\\\/#primaryimage\"},\"image\":{\"@id\":\"https:\\\/\\\/canadianmidwives.org\\\/fr\\\/rapport-annuel-2021\\\/message-de-la-presidente-de-lacsf\\\/#primaryimage\"},\"thumbnailUrl\":\"https:\\\/\\\/canadianmidwives.org\\\/sites\\\/canadianmidwives.org\\\/wp-content\\\/uploads\\\/2022\\\/03\\\/Alix-Bacon-1-350x350-1.jpg\",\"datePublished\":\"2022-03-22T19:32:51+00:00\",\"dateModified\":\"2022-06-14T15:29:01+00:00\",\"breadcrumb\":{\"@id\":\"https:\\\/\\\/canadianmidwives.org\\\/fr\\\/rapport-annuel-2021\\\/message-de-la-presidente-de-lacsf\\\/#breadcrumb\"},\"inLanguage\":\"fr-CA\",\"potentialAction\":[{\"@type\":\"ReadAction\",\"target\":[\"https:\\\/\\\/canadianmidwives.org\\\/fr\\\/rapport-annuel-2021\\\/message-de-la-presidente-de-lacsf\\\/\"]}]},{\"@type\":\"ImageObject\",\"inLanguage\":\"fr-CA\",\"@id\":\"https:\\\/\\\/canadianmidwives.org\\\/fr\\\/rapport-annuel-2021\\\/message-de-la-presidente-de-lacsf\\\/#primaryimage\",\"url\":\"https:\\\/\\\/canadianmidwives.org\\\/sites\\\/canadianmidwives.org\\\/wp-content\\\/uploads\\\/2022\\\/03\\\/Alix-Bacon-1-350x350-1.jpg\",\"contentUrl\":\"https:\\\/\\\/canadianmidwives.org\\\/sites\\\/canadianmidwives.org\\\/wp-content\\\/uploads\\\/2022\\\/03\\\/Alix-Bacon-1-350x350-1.jpg\",\"width\":350,\"height\":350},{\"@type\":\"BreadcrumbList\",\"@id\":\"https:\\\/\\\/canadianmidwives.org\\\/fr\\\/rapport-annuel-2021\\\/message-de-la-presidente-de-lacsf\\\/#breadcrumb\",\"itemListElement\":[{\"@type\":\"ListItem\",\"position\":1,\"name\":\"Accueil\",\"item\":\"https:\\\/\\\/canadianmidwives.org\\\/fr\\\/\"},{\"@type\":\"ListItem\",\"position\":2,\"name\":\"Th\u00e9orie du changement &#8211; Rapport Annuel 2021\",\"item\":\"https:\\\/\\\/canadianmidwives.org\\\/fr\\\/rapport-annuel-2021\\\/\"},{\"@type\":\"ListItem\",\"position\":3,\"name\":\"Message de la pr\u00e9sidente de l\u2019ACSF\"}]},{\"@type\":\"WebSite\",\"@id\":\"https:\\\/\\\/canadianmidwives.org\\\/fr\\\/#website\",\"url\":\"https:\\\/\\\/canadianmidwives.org\\\/fr\\\/\",\"name\":\"Association canadienne des sages-femmes\",\"description\":\"Des sages-femmes pour tous, partout\",\"publisher\":{\"@id\":\"https:\\\/\\\/canadianmidwives.org\\\/fr\\\/#organization\"},\"potentialAction\":[{\"@type\":\"SearchAction\",\"target\":{\"@type\":\"EntryPoint\",\"urlTemplate\":\"https:\\\/\\\/canadianmidwives.org\\\/fr\\\/?s={search_term_string}\"},\"query-input\":{\"@type\":\"PropertyValueSpecification\",\"valueRequired\":true,\"valueName\":\"search_term_string\"}}],\"inLanguage\":\"fr-CA\"},{\"@type\":\"Organization\",\"@id\":\"https:\\\/\\\/canadianmidwives.org\\\/fr\\\/#organization\",\"name\":\"Association canadienne des sages-femmes\",\"url\":\"https:\\\/\\\/canadianmidwives.org\\\/fr\\\/\",\"logo\":{\"@type\":\"ImageObject\",\"inLanguage\":\"fr-CA\",\"@id\":\"https:\\\/\\\/canadianmidwives.org\\\/fr\\\/#\\\/schema\\\/logo\\\/image\\\/\",\"url\":\"https:\\\/\\\/canadianmidwives.org\\\/sites\\\/canadianmidwives.org\\\/wp-content\\\/uploads\\\/2022\\\/03\\\/CAM-Logo-2022-1536x462-1.png\",\"contentUrl\":\"https:\\\/\\\/canadianmidwives.org\\\/sites\\\/canadianmidwives.org\\\/wp-content\\\/uploads\\\/2022\\\/03\\\/CAM-Logo-2022-1536x462-1.png\",\"width\":1536,\"height\":462,\"caption\":\"Association canadienne des sages-femmes\"},\"image\":{\"@id\":\"https:\\\/\\\/canadianmidwives.org\\\/fr\\\/#\\\/schema\\\/logo\\\/image\\\/\"},\"sameAs\":[\"https:\\\/\\\/www.facebook.com\\\/CanadianMidwives\\\/\",\"https:\\\/\\\/www.instagram.com\\\/cam_acsf\",\"https:\\\/\\\/www.linkedin.com\\\/company\\\/canadian-association-of-midwives\"]}]}<\/script>\n<!-- \/ Yoast SEO plugin. -->","yoast_head_json":{"title":"Message de la pr\u00e9sidente de l\u2019ACSF - Association canadienne des sages-femmes","robots":{"index":"index","follow":"follow","max-snippet":"max-snippet:-1","max-image-preview":"max-image-preview:large","max-video-preview":"max-video-preview:-1"},"canonical":"https:\/\/canadianmidwives.org\/fr\/rapport-annuel-2021\/message-de-la-presidente-de-lacsf\/","og_locale":"fr_CA","og_type":"article","og_title":"Message de la pr\u00e9sidente de l\u2019ACSF - Association canadienne des sages-femmes","og_description":"&lt; retour Ch\u00e8res membres, L\u2019assembl\u00e9e g\u00e9n\u00e9rale annuelle des membres de l\u2019ACSF aura maintenant lieu en juin chaque ann\u00e9e, dans le but de vous pr\u00e9senter l\u2019information plus rapidement \u00e0 la fin de chaque exercice. Ce changement nous permet d\u2019harmoniser nos rapports annuels avec nos \u00e9tats financiers afin de vous donner, membres de l\u2019ACSF, une meilleure id\u00e9e&hellip;&nbsp;Lire la suite &raquo;Message de la pr\u00e9sidente de l\u2019ACSF","og_url":"https:\/\/canadianmidwives.org\/fr\/rapport-annuel-2021\/message-de-la-presidente-de-lacsf\/","og_site_name":"Association canadienne des sages-femmes","article_publisher":"https:\/\/www.facebook.com\/CanadianMidwives\/","article_modified_time":"2022-06-14T15:29:01+00:00","og_image":[{"width":350,"height":350,"url":"https:\/\/canadianmidwives.org\/sites\/canadianmidwives.org\/wp-content\/uploads\/2022\/03\/Alix-Bacon-1-350x350-1.jpg","type":"image\/jpeg"}],"twitter_card":"summary_large_image","twitter_misc":{"Estimation du temps de lecture":"4 minutes"},"schema":{"@context":"https:\/\/schema.org","@graph":[{"@type":"WebPage","@id":"https:\/\/canadianmidwives.org\/fr\/rapport-annuel-2021\/message-de-la-presidente-de-lacsf\/","url":"https:\/\/canadianmidwives.org\/fr\/rapport-annuel-2021\/message-de-la-presidente-de-lacsf\/","name":"Message de la pr\u00e9sidente de l\u2019ACSF - Association canadienne des sages-femmes","isPartOf":{"@id":"https:\/\/canadianmidwives.org\/fr\/#website"},"primaryImageOfPage":{"@id":"https:\/\/canadianmidwives.org\/fr\/rapport-annuel-2021\/message-de-la-presidente-de-lacsf\/#primaryimage"},"image":{"@id":"https:\/\/canadianmidwives.org\/fr\/rapport-annuel-2021\/message-de-la-presidente-de-lacsf\/#primaryimage"},"thumbnailUrl":"https:\/\/canadianmidwives.org\/sites\/canadianmidwives.org\/wp-content\/uploads\/2022\/03\/Alix-Bacon-1-350x350-1.jpg","datePublished":"2022-03-22T19:32:51+00:00","dateModified":"2022-06-14T15:29:01+00:00","breadcrumb":{"@id":"https:\/\/canadianmidwives.org\/fr\/rapport-annuel-2021\/message-de-la-presidente-de-lacsf\/#breadcrumb"},"inLanguage":"fr-CA","potentialAction":[{"@type":"ReadAction","target":["https:\/\/canadianmidwives.org\/fr\/rapport-annuel-2021\/message-de-la-presidente-de-lacsf\/"]}]},{"@type":"ImageObject","inLanguage":"fr-CA","@id":"https:\/\/canadianmidwives.org\/fr\/rapport-annuel-2021\/message-de-la-presidente-de-lacsf\/#primaryimage","url":"https:\/\/canadianmidwives.org\/sites\/canadianmidwives.org\/wp-content\/uploads\/2022\/03\/Alix-Bacon-1-350x350-1.jpg","contentUrl":"https:\/\/canadianmidwives.org\/sites\/canadianmidwives.org\/wp-content\/uploads\/2022\/03\/Alix-Bacon-1-350x350-1.jpg","width":350,"height":350},{"@type":"BreadcrumbList","@id":"https:\/\/canadianmidwives.org\/fr\/rapport-annuel-2021\/message-de-la-presidente-de-lacsf\/#breadcrumb","itemListElement":[{"@type":"ListItem","position":1,"name":"Accueil","item":"https:\/\/canadianmidwives.org\/fr\/"},{"@type":"ListItem","position":2,"name":"Th\u00e9orie du changement &#8211; Rapport Annuel 2021","item":"https:\/\/canadianmidwives.org\/fr\/rapport-annuel-2021\/"},{"@type":"ListItem","position":3,"name":"Message de la pr\u00e9sidente de l\u2019ACSF"}]},{"@type":"WebSite","@id":"https:\/\/canadianmidwives.org\/fr\/#website","url":"https:\/\/canadianmidwives.org\/fr\/","name":"Association canadienne des sages-femmes","description":"Des sages-femmes pour tous, partout","publisher":{"@id":"https:\/\/canadianmidwives.org\/fr\/#organization"},"potentialAction":[{"@type":"SearchAction","target":{"@type":"EntryPoint","urlTemplate":"https:\/\/canadianmidwives.org\/fr\/?s={search_term_string}"},"query-input":{"@type":"PropertyValueSpecification","valueRequired":true,"valueName":"search_term_string"}}],"inLanguage":"fr-CA"},{"@type":"Organization","@id":"https:\/\/canadianmidwives.org\/fr\/#organization","name":"Association canadienne des sages-femmes","url":"https:\/\/canadianmidwives.org\/fr\/","logo":{"@type":"ImageObject","inLanguage":"fr-CA","@id":"https:\/\/canadianmidwives.org\/fr\/#\/schema\/logo\/image\/","url":"https:\/\/canadianmidwives.org\/sites\/canadianmidwives.org\/wp-content\/uploads\/2022\/03\/CAM-Logo-2022-1536x462-1.png","contentUrl":"https:\/\/canadianmidwives.org\/sites\/canadianmidwives.org\/wp-content\/uploads\/2022\/03\/CAM-Logo-2022-1536x462-1.png","width":1536,"height":462,"caption":"Association canadienne des sages-femmes"},"image":{"@id":"https:\/\/canadianmidwives.org\/fr\/#\/schema\/logo\/image\/"},"sameAs":["https:\/\/www.facebook.com\/CanadianMidwives\/","https:\/\/www.instagram.com\/cam_acsf","https:\/\/www.linkedin.com\/company\/canadian-association-of-midwives"]}]}},"_links":{"self":[{"href":"https:\/\/canadianmidwives.org\/fr\/wp-json\/wp\/v2\/pages\/49565","targetHints":{"allow":["GET"]}}],"collection":[{"href":"https:\/\/canadianmidwives.org\/fr\/wp-json\/wp\/v2\/pages"}],"about":[{"href":"https:\/\/canadianmidwives.org\/fr\/wp-json\/wp\/v2\/types\/page"}],"author":[{"embeddable":true,"href":"https:\/\/canadianmidwives.org\/fr\/wp-json\/wp\/v2\/users\/25"}],"replies":[{"embeddable":true,"href":"https:\/\/canadianmidwives.org\/fr\/wp-json\/wp\/v2\/comments?post=49565"}],"version-history":[{"count":3,"href":"https:\/\/canadianmidwives.org\/fr\/wp-json\/wp\/v2\/pages\/49565\/revisions"}],"predecessor-version":[{"id":66897,"href":"https:\/\/canadianmidwives.org\/fr\/wp-json\/wp\/v2\/pages\/49565\/revisions\/66897"}],"up":[{"embeddable":true,"href":"https:\/\/canadianmidwives.org\/fr\/wp-json\/wp\/v2\/pages\/49443"}],"wp:featuredmedia":[{"embeddable":true,"href":"https:\/\/canadianmidwives.org\/fr\/wp-json\/wp\/v2\/media\/48070"}],"wp:attachment":[{"href":"https:\/\/canadianmidwives.org\/fr\/wp-json\/wp\/v2\/media?parent=49565"}],"curies":[{"name":"wp","href":"https:\/\/api.w.org\/{rel}","templated":true}]}}