{"id":49682,"date":"2022-03-23T11:47:03","date_gmt":"2022-03-23T15:47:03","guid":{"rendered":"https:\/\/canadianmidwives.org\/?page_id=49682"},"modified":"2025-04-09T18:19:03","modified_gmt":"2025-04-09T22:19:03","slug":"soutenir-les-sages-femmes","status":"publish","type":"page","link":"https:\/\/canadianmidwives.org\/fr\/soutenir-les-sages-femmes\/","title":{"rendered":"Soutenir les sages-femmes"},"content":{"rendered":"\n<h2 class=\"wp-block-heading\"><strong>Vous pouvez aider \u00e0 promouvoir la pratique sage-femme<\/strong><\/h2>\n\n\n\n<p>Il existe de nombreuses fa\u00e7ons d\u2019appuyer les sages-femmes et la profession au Canada et ailleurs dans le monde. Par votre appui, vous favoriserez un acc\u00e8s \u00e9quitable et universel \u00e0 d\u2019excellents soins de sant\u00e9 sexuelle, reproductive et n\u00e9onatale prodigu\u00e9s par des sages-femmes.<\/p>\n\n\n\n<div style=\"height:40px\" aria-hidden=\"true\" class=\"wp-block-spacer\"><\/div>\n\n\n\n<div class=\"wp-block-columns has-nv-site-bg-color has-text-color has-background is-layout-flex wp-container-core-columns-is-layout-9d6595d7 wp-block-columns-is-layout-flex\" style=\"background-color:#13256d\">\n<div class=\"wp-block-column is-layout-flow wp-block-column-is-layout-flow\" style=\"flex-basis:20%\"><div class=\"wp-block-image is-resized\">\n<figure class=\"alignright size-full\"><img loading=\"lazy\" decoding=\"async\" width=\"1024\" height=\"1024\" src=\"https:\/\/canadianmidwives.org\/sites\/canadianmidwives.org\/wp-content\/uploads\/2016\/09\/NACM-logo-only.gif\" alt=\"\" class=\"wp-image-46881\"\/><\/figure>\n<\/div><\/div>\n\n\n\n<div class=\"wp-block-column is-layout-flow wp-block-column-is-layout-flow\" style=\"flex-basis:80%\">\n<h3 class=\"wp-block-heading\">Membre de soutien du NCIM<\/h3>\n\n\n\n<p>Le <a href=\"https:\/\/indigenousmidwifery.ca\/\" target=\"_blank\" rel=\"noreferrer noopener\">National Council of Indigenous Midwives (NCIM)<\/a> s\u2019engage \u00e0 faire cro\u00eetre la pratique sage-femme autochtone.<\/p>\n\n\n\n<p>Le NCIM a le plaisir de fournir de l\u2019information et des ressources aux Autochtones qui souhaitent devenir sages-femmes; aux organisations et aux individus impliqu\u00e9s dans le travail entourant la naissance dans les communaut\u00e9s autochtones; et aux sages-femmes autochtones venant d\u2019autres territoires que le Canada. Nous encourageons les organisations et les individus int\u00e9ress\u00e9s \u00e0 devenir membres de soutien du NCIM.<\/p>\n\n\n\n<p>Vous pouvez devenir un membre de soutien du NCIM pour seulement 100 $ pour une ann\u00e9e enti\u00e8re.<\/p>\n\n\n\n<p><strong>Avantage d\u2019\u00eatre membre de soutien du NCIM<\/strong> :<\/p>\n\n\n\n<ul class=\"wp-block-list\">\n<li>Acte de r\u00e9conciliation<\/li>\n\n\n\n<li>Promouvoir le d\u00e9veloppement de la profession de sage-femme indig\u00e8ne<\/li>\n\n\n\n<li>Contribuer \u00e0 l&rsquo;am\u00e9lioration de la sant\u00e9 reproductive et infantile dans les communaut\u00e9s indig\u00e8nes.<\/li>\n<\/ul>\n\n\n\n<div class=\"wp-block-buttons is-layout-flex wp-block-buttons-is-layout-flex\">\n<div class=\"wp-block-button is-style-primary\"><a class=\"wp-block-button__link wp-element-button\" href=\"https:\/\/canadianmidwives.org\/fr\/soutenir-les-sages-femmes\/membre-de-soutien-du-nacm\/\">Nous appuyer<\/a><\/div>\n<\/div>\n<\/div>\n<\/div>\n\n\n\n<div style=\"height:40px\" aria-hidden=\"true\" class=\"wp-block-spacer\"><\/div>\n\n\n\n<div class=\"wp-block-columns has-neve-link-hover-color-background-color has-text-color has-background is-layout-flex wp-container-core-columns-is-layout-9d6595d7 wp-block-columns-is-layout-flex\" style=\"color:#ffffff\">\n<div class=\"wp-block-column is-layout-flow wp-block-column-is-layout-flow\" style=\"flex-basis:20%\"><div class=\"wp-block-image is-resized\">\n<figure class=\"alignright size-full\"><img loading=\"lazy\" decoding=\"async\" width=\"876\" height=\"491\" src=\"https:\/\/canadianmidwives.org\/sites\/canadianmidwives.org\/wp-content\/uploads\/2022\/03\/OBMS.png\" alt=\"\" class=\"wp-image-47969\" srcset=\"https:\/\/canadianmidwives.org\/sites\/canadianmidwives.org\/wp-content\/uploads\/2022\/03\/OBMS.png 876w, https:\/\/canadianmidwives.org\/sites\/canadianmidwives.org\/wp-content\/uploads\/2022\/03\/OBMS-300x168.png 300w, https:\/\/canadianmidwives.org\/sites\/canadianmidwives.org\/wp-content\/uploads\/2022\/03\/OBMS-768x430.png 768w, https:\/\/canadianmidwives.org\/sites\/canadianmidwives.org\/wp-content\/uploads\/2022\/03\/OBMS-600x336.png 600w\" sizes=\"auto, (max-width: 876px) 100vw, 876px\" \/><\/figure>\n<\/div><\/div>\n\n\n\n<div class=\"wp-block-column has-nv-site-bg-color has-text-color is-layout-flow wp-block-column-is-layout-flow\" style=\"flex-basis:80%\">\n<h3 class=\"wp-block-heading has-nv-site-bg-color has-text-color\">Le Fonds pour les \u00e9tudiantes noires en pratique sage-femme<\/h3>\n\n\n\n<p class=\"has-nv-site-bg-color has-text-color\">Apportez votre soutien aux prochaines g\u00e9n\u00e9rations de sages-femmes PANDC dans leur travail de d\u00e9mant\u00e8lement de la supr\u00e9matie blanche et des id\u00e9ologies racistes qui persistent dans la pratique sage-femme et dans la soci\u00e9t\u00e9.<\/p>\n\n\n\n<div class=\"wp-block-buttons is-layout-flex wp-block-buttons-is-layout-flex\">\n<div class=\"wp-block-button is-style-primary\"><a class=\"wp-block-button__link wp-element-button\" href=\"https:\/\/www.gofundme.com\/f\/ffcv3k-support-black-midwifery-student-fund\" target=\"_blank\" rel=\"noreferrer noopener\">Appuyez les \u00e9tudiantes PANDC<\/a><\/div>\n<\/div>\n<\/div>\n<\/div>\n\n\n\n<div style=\"height:40px\" aria-hidden=\"true\" class=\"wp-block-spacer\"><\/div>\n","protected":false},"excerpt":{"rendered":"<p>Vous pouvez aider \u00e0 promouvoir la pratique sage-femme Il existe de nombreuses fa\u00e7ons d\u2019appuyer les sages-femmes et la profession au Canada et ailleurs dans le monde. Par votre appui, vous favoriserez un acc\u00e8s \u00e9quitable et universel \u00e0 d\u2019excellents soins de sant\u00e9 sexuelle, reproductive et n\u00e9onatale prodigu\u00e9s par des sages-femmes. Membre de soutien du NCIM Le&hellip;&nbsp;<a href=\"https:\/\/canadianmidwives.org\/fr\/soutenir-les-sages-femmes\/\" rel=\"bookmark\">Lire la suite &raquo;<span class=\"screen-reader-text\">Soutenir les sages-femmes<\/span><\/a><\/p>\n","protected":false},"author":25,"featured_media":276,"parent":0,"menu_order":0,"comment_status":"closed","ping_status":"closed","template":"","meta":{"_monsterinsights_skip_tracking":false,"_monsterinsights_sitenote_active":false,"_monsterinsights_sitenote_note":"","_monsterinsights_sitenote_category":0,"neve_meta_sidebar":"","neve_meta_container":"","neve_meta_enable_content_width":"","neve_meta_content_width":0,"neve_meta_title_alignment":"","neve_meta_author_avatar":"","neve_post_elements_order":"","neve_meta_disable_header":"","neve_meta_disable_footer":"","neve_meta_disable_title":"","_themeisle_gutenberg_block_has_review":false,"footnotes":""},"class_list":["post-49682","page","type-page","status-publish","has-post-thumbnail","hentry"],"yoast_head":"<!-- This site is optimized with the Yoast SEO plugin v27.4 - https:\/\/yoast.com\/product\/yoast-seo-wordpress\/ -->\n<title>Soutenir les sages-femmes - Association canadienne des sages-femmes<\/title>\n<meta name=\"robots\" content=\"index, follow, max-snippet:-1, max-image-preview:large, max-video-preview:-1\" \/>\n<link rel=\"canonical\" href=\"https:\/\/canadianmidwives.org\/fr\/soutenir-les-sages-femmes\/\" \/>\n<meta property=\"og:locale\" content=\"fr_CA\" \/>\n<meta property=\"og:type\" content=\"article\" \/>\n<meta property=\"og:title\" content=\"Soutenir les sages-femmes - Association canadienne des sages-femmes\" \/>\n<meta property=\"og:description\" content=\"Vous pouvez aider \u00e0 promouvoir la pratique sage-femme Il existe de nombreuses fa\u00e7ons d\u2019appuyer les sages-femmes et la profession au Canada et ailleurs dans le monde. Par votre appui, vous favoriserez un acc\u00e8s \u00e9quitable et universel \u00e0 d\u2019excellents soins de sant\u00e9 sexuelle, reproductive et n\u00e9onatale prodigu\u00e9s par des sages-femmes. Membre de soutien du NCIM Le&hellip;&nbsp;Lire la suite &raquo;Soutenir les sages-femmes\" \/>\n<meta property=\"og:url\" content=\"https:\/\/canadianmidwives.org\/fr\/soutenir-les-sages-femmes\/\" \/>\n<meta property=\"og:site_name\" content=\"Association canadienne des sages-femmes\" \/>\n<meta property=\"article:publisher\" content=\"https:\/\/www.facebook.com\/CanadianMidwives\/\" \/>\n<meta property=\"article:modified_time\" content=\"2025-04-09T22:19:03+00:00\" \/>\n<meta property=\"og:image\" content=\"https:\/\/canadianmidwives.org\/sites\/canadianmidwives.org\/wp-content\/uploads\/2022\/01\/iStock-181888845.jpg\" \/>\n\t<meta property=\"og:image:width\" content=\"1800\" \/>\n\t<meta property=\"og:image:height\" content=\"1200\" \/>\n\t<meta property=\"og:image:type\" content=\"image\/jpeg\" \/>\n<meta name=\"twitter:card\" content=\"summary_large_image\" \/>\n<meta name=\"twitter:label1\" content=\"Estimation du temps de lecture\" \/>\n\t<meta name=\"twitter:data1\" content=\"2 minutes\" \/>\n<script type=\"application\/ld+json\" class=\"yoast-schema-graph\">{\"@context\":\"https:\\\/\\\/schema.org\",\"@graph\":[{\"@type\":\"WebPage\",\"@id\":\"https:\\\/\\\/canadianmidwives.org\\\/fr\\\/soutenir-les-sages-femmes\\\/\",\"url\":\"https:\\\/\\\/canadianmidwives.org\\\/fr\\\/soutenir-les-sages-femmes\\\/\",\"name\":\"Soutenir les sages-femmes - Association canadienne des sages-femmes\",\"isPartOf\":{\"@id\":\"https:\\\/\\\/canadianmidwives.org\\\/fr\\\/#website\"},\"primaryImageOfPage\":{\"@id\":\"https:\\\/\\\/canadianmidwives.org\\\/fr\\\/soutenir-les-sages-femmes\\\/#primaryimage\"},\"image\":{\"@id\":\"https:\\\/\\\/canadianmidwives.org\\\/fr\\\/soutenir-les-sages-femmes\\\/#primaryimage\"},\"thumbnailUrl\":\"https:\\\/\\\/canadianmidwives.org\\\/sites\\\/canadianmidwives.org\\\/wp-content\\\/uploads\\\/2022\\\/01\\\/iStock-181888845.jpg\",\"datePublished\":\"2022-03-23T15:47:03+00:00\",\"dateModified\":\"2025-04-09T22:19:03+00:00\",\"breadcrumb\":{\"@id\":\"https:\\\/\\\/canadianmidwives.org\\\/fr\\\/soutenir-les-sages-femmes\\\/#breadcrumb\"},\"inLanguage\":\"fr-CA\",\"potentialAction\":[{\"@type\":\"ReadAction\",\"target\":[\"https:\\\/\\\/canadianmidwives.org\\\/fr\\\/soutenir-les-sages-femmes\\\/\"]}]},{\"@type\":\"ImageObject\",\"inLanguage\":\"fr-CA\",\"@id\":\"https:\\\/\\\/canadianmidwives.org\\\/fr\\\/soutenir-les-sages-femmes\\\/#primaryimage\",\"url\":\"https:\\\/\\\/canadianmidwives.org\\\/sites\\\/canadianmidwives.org\\\/wp-content\\\/uploads\\\/2022\\\/01\\\/iStock-181888845.jpg\",\"contentUrl\":\"https:\\\/\\\/canadianmidwives.org\\\/sites\\\/canadianmidwives.org\\\/wp-content\\\/uploads\\\/2022\\\/01\\\/iStock-181888845.jpg\",\"width\":1800,\"height\":1200,\"caption\":\"Relax in the bed\"},{\"@type\":\"BreadcrumbList\",\"@id\":\"https:\\\/\\\/canadianmidwives.org\\\/fr\\\/soutenir-les-sages-femmes\\\/#breadcrumb\",\"itemListElement\":[{\"@type\":\"ListItem\",\"position\":1,\"name\":\"Accueil\",\"item\":\"https:\\\/\\\/canadianmidwives.org\\\/fr\\\/\"},{\"@type\":\"ListItem\",\"position\":2,\"name\":\"Soutenir les sages-femmes\"}]},{\"@type\":\"WebSite\",\"@id\":\"https:\\\/\\\/canadianmidwives.org\\\/fr\\\/#website\",\"url\":\"https:\\\/\\\/canadianmidwives.org\\\/fr\\\/\",\"name\":\"Association canadienne des sages-femmes\",\"description\":\"Des sages-femmes pour tous, partout\",\"publisher\":{\"@id\":\"https:\\\/\\\/canadianmidwives.org\\\/fr\\\/#organization\"},\"potentialAction\":[{\"@type\":\"SearchAction\",\"target\":{\"@type\":\"EntryPoint\",\"urlTemplate\":\"https:\\\/\\\/canadianmidwives.org\\\/fr\\\/?s={search_term_string}\"},\"query-input\":{\"@type\":\"PropertyValueSpecification\",\"valueRequired\":true,\"valueName\":\"search_term_string\"}}],\"inLanguage\":\"fr-CA\"},{\"@type\":\"Organization\",\"@id\":\"https:\\\/\\\/canadianmidwives.org\\\/fr\\\/#organization\",\"name\":\"Association canadienne des sages-femmes\",\"url\":\"https:\\\/\\\/canadianmidwives.org\\\/fr\\\/\",\"logo\":{\"@type\":\"ImageObject\",\"inLanguage\":\"fr-CA\",\"@id\":\"https:\\\/\\\/canadianmidwives.org\\\/fr\\\/#\\\/schema\\\/logo\\\/image\\\/\",\"url\":\"https:\\\/\\\/canadianmidwives.org\\\/sites\\\/canadianmidwives.org\\\/wp-content\\\/uploads\\\/2022\\\/03\\\/CAM-Logo-2022-1536x462-1.png\",\"contentUrl\":\"https:\\\/\\\/canadianmidwives.org\\\/sites\\\/canadianmidwives.org\\\/wp-content\\\/uploads\\\/2022\\\/03\\\/CAM-Logo-2022-1536x462-1.png\",\"width\":1536,\"height\":462,\"caption\":\"Association canadienne des sages-femmes\"},\"image\":{\"@id\":\"https:\\\/\\\/canadianmidwives.org\\\/fr\\\/#\\\/schema\\\/logo\\\/image\\\/\"},\"sameAs\":[\"https:\\\/\\\/www.facebook.com\\\/CanadianMidwives\\\/\",\"https:\\\/\\\/www.instagram.com\\\/cam_acsf\",\"https:\\\/\\\/www.linkedin.com\\\/company\\\/canadian-association-of-midwives\"]}]}<\/script>\n<!-- \/ Yoast SEO plugin. -->","yoast_head_json":{"title":"Soutenir les sages-femmes - Association canadienne des sages-femmes","robots":{"index":"index","follow":"follow","max-snippet":"max-snippet:-1","max-image-preview":"max-image-preview:large","max-video-preview":"max-video-preview:-1"},"canonical":"https:\/\/canadianmidwives.org\/fr\/soutenir-les-sages-femmes\/","og_locale":"fr_CA","og_type":"article","og_title":"Soutenir les sages-femmes - Association canadienne des sages-femmes","og_description":"Vous pouvez aider \u00e0 promouvoir la pratique sage-femme Il existe de nombreuses fa\u00e7ons d\u2019appuyer les sages-femmes et la profession au Canada et ailleurs dans le monde. Par votre appui, vous favoriserez un acc\u00e8s \u00e9quitable et universel \u00e0 d\u2019excellents soins de sant\u00e9 sexuelle, reproductive et n\u00e9onatale prodigu\u00e9s par des sages-femmes. Membre de soutien du NCIM Le&hellip;&nbsp;Lire la suite &raquo;Soutenir les sages-femmes","og_url":"https:\/\/canadianmidwives.org\/fr\/soutenir-les-sages-femmes\/","og_site_name":"Association canadienne des sages-femmes","article_publisher":"https:\/\/www.facebook.com\/CanadianMidwives\/","article_modified_time":"2025-04-09T22:19:03+00:00","og_image":[{"width":1800,"height":1200,"url":"https:\/\/canadianmidwives.org\/sites\/canadianmidwives.org\/wp-content\/uploads\/2022\/01\/iStock-181888845.jpg","type":"image\/jpeg"}],"twitter_card":"summary_large_image","twitter_misc":{"Estimation du temps de lecture":"2 minutes"},"schema":{"@context":"https:\/\/schema.org","@graph":[{"@type":"WebPage","@id":"https:\/\/canadianmidwives.org\/fr\/soutenir-les-sages-femmes\/","url":"https:\/\/canadianmidwives.org\/fr\/soutenir-les-sages-femmes\/","name":"Soutenir les sages-femmes - Association canadienne des sages-femmes","isPartOf":{"@id":"https:\/\/canadianmidwives.org\/fr\/#website"},"primaryImageOfPage":{"@id":"https:\/\/canadianmidwives.org\/fr\/soutenir-les-sages-femmes\/#primaryimage"},"image":{"@id":"https:\/\/canadianmidwives.org\/fr\/soutenir-les-sages-femmes\/#primaryimage"},"thumbnailUrl":"https:\/\/canadianmidwives.org\/sites\/canadianmidwives.org\/wp-content\/uploads\/2022\/01\/iStock-181888845.jpg","datePublished":"2022-03-23T15:47:03+00:00","dateModified":"2025-04-09T22:19:03+00:00","breadcrumb":{"@id":"https:\/\/canadianmidwives.org\/fr\/soutenir-les-sages-femmes\/#breadcrumb"},"inLanguage":"fr-CA","potentialAction":[{"@type":"ReadAction","target":["https:\/\/canadianmidwives.org\/fr\/soutenir-les-sages-femmes\/"]}]},{"@type":"ImageObject","inLanguage":"fr-CA","@id":"https:\/\/canadianmidwives.org\/fr\/soutenir-les-sages-femmes\/#primaryimage","url":"https:\/\/canadianmidwives.org\/sites\/canadianmidwives.org\/wp-content\/uploads\/2022\/01\/iStock-181888845.jpg","contentUrl":"https:\/\/canadianmidwives.org\/sites\/canadianmidwives.org\/wp-content\/uploads\/2022\/01\/iStock-181888845.jpg","width":1800,"height":1200,"caption":"Relax in the bed"},{"@type":"BreadcrumbList","@id":"https:\/\/canadianmidwives.org\/fr\/soutenir-les-sages-femmes\/#breadcrumb","itemListElement":[{"@type":"ListItem","position":1,"name":"Accueil","item":"https:\/\/canadianmidwives.org\/fr\/"},{"@type":"ListItem","position":2,"name":"Soutenir les sages-femmes"}]},{"@type":"WebSite","@id":"https:\/\/canadianmidwives.org\/fr\/#website","url":"https:\/\/canadianmidwives.org\/fr\/","name":"Association canadienne des sages-femmes","description":"Des sages-femmes pour tous, partout","publisher":{"@id":"https:\/\/canadianmidwives.org\/fr\/#organization"},"potentialAction":[{"@type":"SearchAction","target":{"@type":"EntryPoint","urlTemplate":"https:\/\/canadianmidwives.org\/fr\/?s={search_term_string}"},"query-input":{"@type":"PropertyValueSpecification","valueRequired":true,"valueName":"search_term_string"}}],"inLanguage":"fr-CA"},{"@type":"Organization","@id":"https:\/\/canadianmidwives.org\/fr\/#organization","name":"Association canadienne des sages-femmes","url":"https:\/\/canadianmidwives.org\/fr\/","logo":{"@type":"ImageObject","inLanguage":"fr-CA","@id":"https:\/\/canadianmidwives.org\/fr\/#\/schema\/logo\/image\/","url":"https:\/\/canadianmidwives.org\/sites\/canadianmidwives.org\/wp-content\/uploads\/2022\/03\/CAM-Logo-2022-1536x462-1.png","contentUrl":"https:\/\/canadianmidwives.org\/sites\/canadianmidwives.org\/wp-content\/uploads\/2022\/03\/CAM-Logo-2022-1536x462-1.png","width":1536,"height":462,"caption":"Association canadienne des sages-femmes"},"image":{"@id":"https:\/\/canadianmidwives.org\/fr\/#\/schema\/logo\/image\/"},"sameAs":["https:\/\/www.facebook.com\/CanadianMidwives\/","https:\/\/www.instagram.com\/cam_acsf","https:\/\/www.linkedin.com\/company\/canadian-association-of-midwives"]}]}},"_links":{"self":[{"href":"https:\/\/canadianmidwives.org\/fr\/wp-json\/wp\/v2\/pages\/49682","targetHints":{"allow":["GET"]}}],"collection":[{"href":"https:\/\/canadianmidwives.org\/fr\/wp-json\/wp\/v2\/pages"}],"about":[{"href":"https:\/\/canadianmidwives.org\/fr\/wp-json\/wp\/v2\/types\/page"}],"author":[{"embeddable":true,"href":"https:\/\/canadianmidwives.org\/fr\/wp-json\/wp\/v2\/users\/25"}],"replies":[{"embeddable":true,"href":"https:\/\/canadianmidwives.org\/fr\/wp-json\/wp\/v2\/comments?post=49682"}],"version-history":[{"count":3,"href":"https:\/\/canadianmidwives.org\/fr\/wp-json\/wp\/v2\/pages\/49682\/revisions"}],"predecessor-version":[{"id":80039,"href":"https:\/\/canadianmidwives.org\/fr\/wp-json\/wp\/v2\/pages\/49682\/revisions\/80039"}],"wp:featuredmedia":[{"embeddable":true,"href":"https:\/\/canadianmidwives.org\/fr\/wp-json\/wp\/v2\/media\/276"}],"wp:attachment":[{"href":"https:\/\/canadianmidwives.org\/fr\/wp-json\/wp\/v2\/media?parent=49682"}],"curies":[{"name":"wp","href":"https:\/\/api.w.org\/{rel}","templated":true}]}}