{"id":70770,"date":"2023-05-17T13:53:04","date_gmt":"2023-05-17T17:53:04","guid":{"rendered":"https:\/\/canadianmidwives.org\/?page_id=70770"},"modified":"2023-05-17T15:31:54","modified_gmt":"2023-05-17T19:31:54","slug":"synthese-des-donnees-probantes","status":"publish","type":"page","link":"https:\/\/canadianmidwives.org\/fr\/vaccination\/synthese-des-donnees-probantes\/","title":{"rendered":"Synth\u00e8se des donn\u00e9es probantes"},"content":{"rendered":"\n<figure class=\"wp-block-image size-large\"><img loading=\"lazy\" decoding=\"async\" width=\"1024\" height=\"425\" src=\"https:\/\/canadianmidwives.org\/sites\/canadianmidwives.org\/wp-content\/uploads\/2020\/10\/VAX-logo-FR-1024x425.png\" alt=\"\" class=\"wp-image-42784\" srcset=\"https:\/\/canadianmidwives.org\/sites\/canadianmidwives.org\/wp-content\/uploads\/2020\/10\/VAX-logo-FR-1024x425.png 1024w, https:\/\/canadianmidwives.org\/sites\/canadianmidwives.org\/wp-content\/uploads\/2020\/10\/VAX-logo-FR-300x125.png 300w, https:\/\/canadianmidwives.org\/sites\/canadianmidwives.org\/wp-content\/uploads\/2020\/10\/VAX-logo-FR-768x319.png 768w, https:\/\/canadianmidwives.org\/sites\/canadianmidwives.org\/wp-content\/uploads\/2020\/10\/VAX-logo-FR-1536x638.png 1536w, https:\/\/canadianmidwives.org\/sites\/canadianmidwives.org\/wp-content\/uploads\/2020\/10\/VAX-logo-FR-600x249.png 600w, https:\/\/canadianmidwives.org\/sites\/canadianmidwives.org\/wp-content\/uploads\/2020\/10\/VAX-logo-FR.png 1979w\" sizes=\"auto, (max-width: 1024px) 100vw, 1024px\" \/><\/figure>\n\n\n\n<div style=\"height:40px\" aria-hidden=\"true\" class=\"wp-block-spacer\"><\/div>\n\n\n\n<h2 class=\"has-nv-site-bg-color has-nv-c-2-background-color has-text-color has-background wp-block-heading\">Synth\u00e8se des donn\u00e9es probantes<\/h2>\n\n\n\n<p><a href=\"https:\/\/canadianmidwives.org\/fr\/vaccination\/\">&lt; retour<\/a><\/p>\n\n\n\n<p>Financ\u00e9 par le Fonds de partenariat pour l&rsquo;immunisation de l&rsquo;Agence de sant\u00e9 publique du Canada, l&rsquo;ACSF a \u00e9labor\u00e9 une synth\u00e8se des donn\u00e9es probantes afin de comprendre les obstacles et les facilitateurs \u00e0 la mise en \u0153uvre et \u00e0 l&rsquo;int\u00e9gration des sages-femmes en tant que fournisseurs de vaccins dans les syst\u00e8mes de sant\u00e9 au Canada. Nos conclusions s&rsquo;appuient sur trois sources principales de donn\u00e9es, \u00e0 savoir 23 articles pertinents \u00e9valu\u00e9s par des pairs, 39 entretiens avec des informateurs cl\u00e9s des syst\u00e8mes de sant\u00e9 \u00e0 travers le Canada et un examen des ressources accessibles au public. La synth\u00e8se sert d&rsquo;outil fond\u00e9 sur des donn\u00e9es probantes pour les professionnels de la sant\u00e9, les associations de sages-femmes et les d\u00e9cideurs des syst\u00e8mes de sant\u00e9 afin de comprendre l&rsquo;\u00e9tat actuel de la prestation de vaccins par les sages-femmes au Canada et d&rsquo;\u00e9clairer les d\u00e9cisions futures en mati\u00e8re de soins de sant\u00e9 li\u00e9s aux vaccins en se fondant sur les meilleures donn\u00e9es probantes disponibles.<\/p>\n\n\n\n<div data-wp-interactive=\"core\/file\" class=\"wp-block-file\"><object data-wp-bind--hidden=\"!state.hasPdfPreview\" hidden class=\"wp-block-file__embed\" data=\"https:\/\/canadianmidwives.org\/sites\/canadianmidwives.org\/wp-content\/uploads\/2023\/05\/FR-FINAL_mid4_synthese-des-preuves-_2023-04-28.pdf\" type=\"application\/pdf\" style=\"width:100%;height:1000px\" aria-label=\"Contenu incorpor\u00e9 FR-FINAL_mid4_synthese-des-preuves-_2023-04-28.\"><\/object><a id=\"wp-block-file--media-433215f5-cba3-4f7b-925a-a93ad45eee39\" href=\"https:\/\/canadianmidwives.org\/sites\/canadianmidwives.org\/wp-content\/uploads\/2023\/05\/FR-FINAL_mid4_synthese-des-preuves-_2023-04-28.pdf\">FR-FINAL_mid4_synthese-des-preuves-_2023-04-28<\/a><a href=\"https:\/\/canadianmidwives.org\/sites\/canadianmidwives.org\/wp-content\/uploads\/2023\/05\/FR-FINAL_mid4_synthese-des-preuves-_2023-04-28.pdf\" class=\"wp-block-file__button wp-element-button\" download aria-describedby=\"wp-block-file--media-433215f5-cba3-4f7b-925a-a93ad45eee39\">Download<\/a><\/div>\n","protected":false},"excerpt":{"rendered":"<p>Synth\u00e8se des donn\u00e9es probantes &lt; retour Financ\u00e9 par le Fonds de partenariat pour l&rsquo;immunisation de l&rsquo;Agence de sant\u00e9 publique du Canada, l&rsquo;ACSF a \u00e9labor\u00e9 une synth\u00e8se des donn\u00e9es probantes afin de comprendre les obstacles et les facilitateurs \u00e0 la mise en \u0153uvre et \u00e0 l&rsquo;int\u00e9gration des sages-femmes en tant que fournisseurs de vaccins dans les&hellip;&nbsp;<a href=\"https:\/\/canadianmidwives.org\/fr\/vaccination\/synthese-des-donnees-probantes\/\" class=\"\" rel=\"bookmark\">Lire la suite &raquo;<span class=\"screen-reader-text\">Synth\u00e8se des donn\u00e9es probantes<\/span><\/a><\/p>\n","protected":false},"author":25,"featured_media":0,"parent":49749,"menu_order":0,"comment_status":"closed","ping_status":"closed","template":"","meta":{"_monsterinsights_skip_tracking":false,"_monsterinsights_sitenote_active":false,"_monsterinsights_sitenote_note":"","_monsterinsights_sitenote_category":0,"neve_meta_sidebar":"","neve_meta_container":"","neve_meta_enable_content_width":"","neve_meta_content_width":0,"neve_meta_title_alignment":"","neve_meta_author_avatar":"","neve_post_elements_order":"","neve_meta_disable_header":"","neve_meta_disable_footer":"","neve_meta_disable_title":"on","_themeisle_gutenberg_block_has_review":false,"footnotes":""},"class_list":["post-70770","page","type-page","status-publish","hentry"],"yoast_head":"<!-- This site is optimized with the Yoast SEO plugin v27.2 - https:\/\/yoast.com\/product\/yoast-seo-wordpress\/ -->\n<title>Synth\u00e8se des donn\u00e9es probantes - Association canadienne des sages-femmes<\/title>\n<meta name=\"robots\" content=\"index, follow, max-snippet:-1, max-image-preview:large, max-video-preview:-1\" \/>\n<link rel=\"canonical\" href=\"https:\/\/canadianmidwives.org\/fr\/vaccination\/synthese-des-donnees-probantes\/\" \/>\n<meta property=\"og:locale\" content=\"fr_CA\" \/>\n<meta property=\"og:type\" content=\"article\" \/>\n<meta property=\"og:title\" content=\"Synth\u00e8se des donn\u00e9es probantes - Association canadienne des sages-femmes\" \/>\n<meta property=\"og:description\" content=\"Synth\u00e8se des donn\u00e9es probantes &lt; retour Financ\u00e9 par le Fonds de partenariat pour l&rsquo;immunisation de l&rsquo;Agence de sant\u00e9 publique du Canada, l&rsquo;ACSF a \u00e9labor\u00e9 une synth\u00e8se des donn\u00e9es probantes afin de comprendre les obstacles et les facilitateurs \u00e0 la mise en \u0153uvre et \u00e0 l&rsquo;int\u00e9gration des sages-femmes en tant que fournisseurs de vaccins dans les&hellip;&nbsp;Lire la suite &raquo;Synth\u00e8se des donn\u00e9es probantes\" \/>\n<meta property=\"og:url\" content=\"https:\/\/canadianmidwives.org\/fr\/vaccination\/synthese-des-donnees-probantes\/\" \/>\n<meta property=\"og:site_name\" content=\"Association canadienne des sages-femmes\" \/>\n<meta property=\"article:publisher\" content=\"https:\/\/www.facebook.com\/CanadianMidwives\/\" \/>\n<meta property=\"article:modified_time\" content=\"2023-05-17T19:31:54+00:00\" \/>\n<meta property=\"og:image\" content=\"https:\/\/canadianmidwives.org\/sites\/canadianmidwives.org\/wp-content\/uploads\/2020\/10\/VAX-logo-FR-1024x425.png\" \/>\n<meta name=\"twitter:card\" content=\"summary_large_image\" \/>\n<meta name=\"twitter:label1\" content=\"Estimation du temps de lecture\" \/>\n\t<meta name=\"twitter:data1\" content=\"1 minute\" \/>\n<script type=\"application\/ld+json\" class=\"yoast-schema-graph\">{\"@context\":\"https:\/\/schema.org\",\"@graph\":[{\"@type\":\"WebPage\",\"@id\":\"https:\/\/canadianmidwives.org\/fr\/vaccination\/synthese-des-donnees-probantes\/\",\"url\":\"https:\/\/canadianmidwives.org\/fr\/vaccination\/synthese-des-donnees-probantes\/\",\"name\":\"Synth\u00e8se des donn\u00e9es probantes - Association canadienne des sages-femmes\",\"isPartOf\":{\"@id\":\"https:\/\/canadianmidwives.org\/fr\/#website\"},\"primaryImageOfPage\":{\"@id\":\"https:\/\/canadianmidwives.org\/fr\/vaccination\/synthese-des-donnees-probantes\/#primaryimage\"},\"image\":{\"@id\":\"https:\/\/canadianmidwives.org\/fr\/vaccination\/synthese-des-donnees-probantes\/#primaryimage\"},\"thumbnailUrl\":\"https:\/\/canadianmidwives.org\/sites\/canadianmidwives.org\/wp-content\/uploads\/2020\/10\/VAX-logo-FR-1024x425.png\",\"datePublished\":\"2023-05-17T17:53:04+00:00\",\"dateModified\":\"2023-05-17T19:31:54+00:00\",\"breadcrumb\":{\"@id\":\"https:\/\/canadianmidwives.org\/fr\/vaccination\/synthese-des-donnees-probantes\/#breadcrumb\"},\"inLanguage\":\"fr-CA\",\"potentialAction\":[{\"@type\":\"ReadAction\",\"target\":[\"https:\/\/canadianmidwives.org\/fr\/vaccination\/synthese-des-donnees-probantes\/\"]}]},{\"@type\":\"ImageObject\",\"inLanguage\":\"fr-CA\",\"@id\":\"https:\/\/canadianmidwives.org\/fr\/vaccination\/synthese-des-donnees-probantes\/#primaryimage\",\"url\":\"https:\/\/canadianmidwives.org\/sites\/canadianmidwives.org\/wp-content\/uploads\/2020\/10\/VAX-logo-FR-1024x425.png\",\"contentUrl\":\"https:\/\/canadianmidwives.org\/sites\/canadianmidwives.org\/wp-content\/uploads\/2020\/10\/VAX-logo-FR-1024x425.png\"},{\"@type\":\"BreadcrumbList\",\"@id\":\"https:\/\/canadianmidwives.org\/fr\/vaccination\/synthese-des-donnees-probantes\/#breadcrumb\",\"itemListElement\":[{\"@type\":\"ListItem\",\"position\":1,\"name\":\"Accueil\",\"item\":\"https:\/\/canadianmidwives.org\/fr\/\"},{\"@type\":\"ListItem\",\"position\":2,\"name\":\"Vaccination\",\"item\":\"https:\/\/canadianmidwives.org\/fr\/vaccination\/\"},{\"@type\":\"ListItem\",\"position\":3,\"name\":\"Synth\u00e8se des donn\u00e9es probantes\"}]},{\"@type\":\"WebSite\",\"@id\":\"https:\/\/canadianmidwives.org\/fr\/#website\",\"url\":\"https:\/\/canadianmidwives.org\/fr\/\",\"name\":\"Association canadienne des sages-femmes\",\"description\":\"Des sages-femmes pour tous, partout\",\"publisher\":{\"@id\":\"https:\/\/canadianmidwives.org\/fr\/#organization\"},\"potentialAction\":[{\"@type\":\"SearchAction\",\"target\":{\"@type\":\"EntryPoint\",\"urlTemplate\":\"https:\/\/canadianmidwives.org\/fr\/?s={search_term_string}\"},\"query-input\":{\"@type\":\"PropertyValueSpecification\",\"valueRequired\":true,\"valueName\":\"search_term_string\"}}],\"inLanguage\":\"fr-CA\"},{\"@type\":\"Organization\",\"@id\":\"https:\/\/canadianmidwives.org\/fr\/#organization\",\"name\":\"Association canadienne des sages-femmes\",\"url\":\"https:\/\/canadianmidwives.org\/fr\/\",\"logo\":{\"@type\":\"ImageObject\",\"inLanguage\":\"fr-CA\",\"@id\":\"https:\/\/canadianmidwives.org\/fr\/#\/schema\/logo\/image\/\",\"url\":\"https:\/\/canadianmidwives.org\/sites\/canadianmidwives.org\/wp-content\/uploads\/2022\/03\/CAM-Logo-2022-1536x462-1.png\",\"contentUrl\":\"https:\/\/canadianmidwives.org\/sites\/canadianmidwives.org\/wp-content\/uploads\/2022\/03\/CAM-Logo-2022-1536x462-1.png\",\"width\":1536,\"height\":462,\"caption\":\"Association canadienne des sages-femmes\"},\"image\":{\"@id\":\"https:\/\/canadianmidwives.org\/fr\/#\/schema\/logo\/image\/\"},\"sameAs\":[\"https:\/\/www.facebook.com\/CanadianMidwives\/\",\"https:\/\/www.instagram.com\/cam_acsf\",\"https:\/\/www.linkedin.com\/company\/canadian-association-of-midwives\"]}]}<\/script>\n<!-- \/ Yoast SEO plugin. -->","yoast_head_json":{"title":"Synth\u00e8se des donn\u00e9es probantes - Association canadienne des sages-femmes","robots":{"index":"index","follow":"follow","max-snippet":"max-snippet:-1","max-image-preview":"max-image-preview:large","max-video-preview":"max-video-preview:-1"},"canonical":"https:\/\/canadianmidwives.org\/fr\/vaccination\/synthese-des-donnees-probantes\/","og_locale":"fr_CA","og_type":"article","og_title":"Synth\u00e8se des donn\u00e9es probantes - Association canadienne des sages-femmes","og_description":"Synth\u00e8se des donn\u00e9es probantes &lt; retour Financ\u00e9 par le Fonds de partenariat pour l&rsquo;immunisation de l&rsquo;Agence de sant\u00e9 publique du Canada, l&rsquo;ACSF a \u00e9labor\u00e9 une synth\u00e8se des donn\u00e9es probantes afin de comprendre les obstacles et les facilitateurs \u00e0 la mise en \u0153uvre et \u00e0 l&rsquo;int\u00e9gration des sages-femmes en tant que fournisseurs de vaccins dans les&hellip;&nbsp;Lire la suite &raquo;Synth\u00e8se des donn\u00e9es probantes","og_url":"https:\/\/canadianmidwives.org\/fr\/vaccination\/synthese-des-donnees-probantes\/","og_site_name":"Association canadienne des sages-femmes","article_publisher":"https:\/\/www.facebook.com\/CanadianMidwives\/","article_modified_time":"2023-05-17T19:31:54+00:00","og_image":[{"url":"https:\/\/canadianmidwives.org\/sites\/canadianmidwives.org\/wp-content\/uploads\/2020\/10\/VAX-logo-FR-1024x425.png","type":"","width":"","height":""}],"twitter_card":"summary_large_image","twitter_misc":{"Estimation du temps de lecture":"1 minute"},"schema":{"@context":"https:\/\/schema.org","@graph":[{"@type":"WebPage","@id":"https:\/\/canadianmidwives.org\/fr\/vaccination\/synthese-des-donnees-probantes\/","url":"https:\/\/canadianmidwives.org\/fr\/vaccination\/synthese-des-donnees-probantes\/","name":"Synth\u00e8se des donn\u00e9es probantes - Association canadienne des sages-femmes","isPartOf":{"@id":"https:\/\/canadianmidwives.org\/fr\/#website"},"primaryImageOfPage":{"@id":"https:\/\/canadianmidwives.org\/fr\/vaccination\/synthese-des-donnees-probantes\/#primaryimage"},"image":{"@id":"https:\/\/canadianmidwives.org\/fr\/vaccination\/synthese-des-donnees-probantes\/#primaryimage"},"thumbnailUrl":"https:\/\/canadianmidwives.org\/sites\/canadianmidwives.org\/wp-content\/uploads\/2020\/10\/VAX-logo-FR-1024x425.png","datePublished":"2023-05-17T17:53:04+00:00","dateModified":"2023-05-17T19:31:54+00:00","breadcrumb":{"@id":"https:\/\/canadianmidwives.org\/fr\/vaccination\/synthese-des-donnees-probantes\/#breadcrumb"},"inLanguage":"fr-CA","potentialAction":[{"@type":"ReadAction","target":["https:\/\/canadianmidwives.org\/fr\/vaccination\/synthese-des-donnees-probantes\/"]}]},{"@type":"ImageObject","inLanguage":"fr-CA","@id":"https:\/\/canadianmidwives.org\/fr\/vaccination\/synthese-des-donnees-probantes\/#primaryimage","url":"https:\/\/canadianmidwives.org\/sites\/canadianmidwives.org\/wp-content\/uploads\/2020\/10\/VAX-logo-FR-1024x425.png","contentUrl":"https:\/\/canadianmidwives.org\/sites\/canadianmidwives.org\/wp-content\/uploads\/2020\/10\/VAX-logo-FR-1024x425.png"},{"@type":"BreadcrumbList","@id":"https:\/\/canadianmidwives.org\/fr\/vaccination\/synthese-des-donnees-probantes\/#breadcrumb","itemListElement":[{"@type":"ListItem","position":1,"name":"Accueil","item":"https:\/\/canadianmidwives.org\/fr\/"},{"@type":"ListItem","position":2,"name":"Vaccination","item":"https:\/\/canadianmidwives.org\/fr\/vaccination\/"},{"@type":"ListItem","position":3,"name":"Synth\u00e8se des donn\u00e9es probantes"}]},{"@type":"WebSite","@id":"https:\/\/canadianmidwives.org\/fr\/#website","url":"https:\/\/canadianmidwives.org\/fr\/","name":"Association canadienne des sages-femmes","description":"Des sages-femmes pour tous, partout","publisher":{"@id":"https:\/\/canadianmidwives.org\/fr\/#organization"},"potentialAction":[{"@type":"SearchAction","target":{"@type":"EntryPoint","urlTemplate":"https:\/\/canadianmidwives.org\/fr\/?s={search_term_string}"},"query-input":{"@type":"PropertyValueSpecification","valueRequired":true,"valueName":"search_term_string"}}],"inLanguage":"fr-CA"},{"@type":"Organization","@id":"https:\/\/canadianmidwives.org\/fr\/#organization","name":"Association canadienne des sages-femmes","url":"https:\/\/canadianmidwives.org\/fr\/","logo":{"@type":"ImageObject","inLanguage":"fr-CA","@id":"https:\/\/canadianmidwives.org\/fr\/#\/schema\/logo\/image\/","url":"https:\/\/canadianmidwives.org\/sites\/canadianmidwives.org\/wp-content\/uploads\/2022\/03\/CAM-Logo-2022-1536x462-1.png","contentUrl":"https:\/\/canadianmidwives.org\/sites\/canadianmidwives.org\/wp-content\/uploads\/2022\/03\/CAM-Logo-2022-1536x462-1.png","width":1536,"height":462,"caption":"Association canadienne des sages-femmes"},"image":{"@id":"https:\/\/canadianmidwives.org\/fr\/#\/schema\/logo\/image\/"},"sameAs":["https:\/\/www.facebook.com\/CanadianMidwives\/","https:\/\/www.instagram.com\/cam_acsf","https:\/\/www.linkedin.com\/company\/canadian-association-of-midwives"]}]}},"_links":{"self":[{"href":"https:\/\/canadianmidwives.org\/fr\/wp-json\/wp\/v2\/pages\/70770","targetHints":{"allow":["GET"]}}],"collection":[{"href":"https:\/\/canadianmidwives.org\/fr\/wp-json\/wp\/v2\/pages"}],"about":[{"href":"https:\/\/canadianmidwives.org\/fr\/wp-json\/wp\/v2\/types\/page"}],"author":[{"embeddable":true,"href":"https:\/\/canadianmidwives.org\/fr\/wp-json\/wp\/v2\/users\/25"}],"replies":[{"embeddable":true,"href":"https:\/\/canadianmidwives.org\/fr\/wp-json\/wp\/v2\/comments?post=70770"}],"version-history":[{"count":2,"href":"https:\/\/canadianmidwives.org\/fr\/wp-json\/wp\/v2\/pages\/70770\/revisions"}],"predecessor-version":[{"id":70793,"href":"https:\/\/canadianmidwives.org\/fr\/wp-json\/wp\/v2\/pages\/70770\/revisions\/70793"}],"up":[{"embeddable":true,"href":"https:\/\/canadianmidwives.org\/fr\/wp-json\/wp\/v2\/pages\/49749"}],"wp:attachment":[{"href":"https:\/\/canadianmidwives.org\/fr\/wp-json\/wp\/v2\/media?parent=70770"}],"curies":[{"name":"wp","href":"https:\/\/api.w.org\/{rel}","templated":true}]}}