{"id":74220,"date":"2023-11-27T11:47:15","date_gmt":"2023-11-27T16:47:15","guid":{"rendered":"https:\/\/canadianmidwives.org\/?page_id=74220"},"modified":"2023-11-27T11:48:32","modified_gmt":"2023-11-27T16:48:32","slug":"mrrfv-serie-de-video","status":"publish","type":"page","link":"https:\/\/canadianmidwives.org\/fr\/violence-familiale\/mrrfv-serie-de-video\/","title":{"rendered":"MRRFV &#8211; S\u00e9rie de vid\u00e9o"},"content":{"rendered":"\n<figure class=\"wp-block-image size-medium\"><img loading=\"lazy\" decoding=\"async\" width=\"300\" height=\"109\" src=\"https:\/\/canadianmidwives.org\/sites\/canadianmidwives.org\/wp-content\/uploads\/2021\/12\/Colour_fr_h-e1638383671571-300x109.png\" alt=\"\" class=\"wp-image-42530\" srcset=\"https:\/\/canadianmidwives.org\/sites\/canadianmidwives.org\/wp-content\/uploads\/2021\/12\/Colour_fr_h-e1638383671571-300x109.png 300w, https:\/\/canadianmidwives.org\/sites\/canadianmidwives.org\/wp-content\/uploads\/2021\/12\/Colour_fr_h-e1638383671571-1024x372.png 1024w, https:\/\/canadianmidwives.org\/sites\/canadianmidwives.org\/wp-content\/uploads\/2021\/12\/Colour_fr_h-e1638383671571-768x279.png 768w, https:\/\/canadianmidwives.org\/sites\/canadianmidwives.org\/wp-content\/uploads\/2021\/12\/Colour_fr_h-e1638383671571-1536x558.png 1536w, https:\/\/canadianmidwives.org\/sites\/canadianmidwives.org\/wp-content\/uploads\/2021\/12\/Colour_fr_h-e1638383671571-2048x743.png 2048w, https:\/\/canadianmidwives.org\/sites\/canadianmidwives.org\/wp-content\/uploads\/2021\/12\/Colour_fr_h-e1638383671571-600x218.png 600w\" sizes=\"auto, (max-width: 300px) 100vw, 300px\" \/><\/figure>\n\n\n\n<p><a href=\"https:\/\/canadianmidwives.org\/fr\/violence-familiale\/\">Violence familiale<\/a><a href=\"https:\/\/canadianmidwives.org\/family-violence\/\">\u00a0<\/a>\/ Vid\u00e9os<\/p>\n\n\n\n<h2 class=\"wp-block-heading has-nv-site-bg-color has-text-color has-background\" style=\"background-color:#086973\">Les sages femmes reconnaissent et r\u00e9pondent \u00e0 la violence familiale \u2013 la s\u00e9rie vid\u00e9o<\/h2>\n\n\n\n<p>Il n\u2019est pas facile de parler de la violence familiale ; il n\u2019est pas toujours facile non plus de la reconna\u00eetre ou de savoir comment y faire face. Dans cette s\u00e9rie de vid\u00e9os, des sages-femmes de l\u2019Ontario et de la Colombie-Britannique r\u00e9pondent aux questions fr\u00e9quemment pos\u00e9es sur la fa\u00e7on d\u2019aborder la violence familiale. Regardez la s\u00e9rie pour en savoir plus sur les sujets suivants&nbsp;:<\/p>\n\n\n\n<ul class=\"wp-block-list\">\n<li>Qu\u2019est-ce que la violence familiale?<\/li>\n\n\n\n<li>Comment soutenir&nbsp;sa client\u00e8le&nbsp;confront\u00e9e \u00e0 la violence familiale&nbsp;le mieux possible<\/li>\n\n\n\n<li>Comment pratiquer des soins tenant compte des traumatismes<\/li>\n\n\n\n<li>Comment valoriser&nbsp;les savoirs autochtones<\/li>\n\n\n\n<li>Comment soutenir les&nbsp;communaut\u00e9s qui n\u2019ont pas un acc\u00e8s \u00e9quitable aux soins<\/li>\n\n\n\n<li>Faut-il ou signaler une situation&nbsp;aux&nbsp;autorit\u00e9s?<\/li>\n\n\n\n<li>Comment aider sa client\u00e8le et&nbsp;pratiquer l\u2019autosoin&nbsp;en m\u00eame temps<\/li>\n<\/ul>\n\n\n\n<p>Travaillons ensemble pour soutenir les familles.<\/p>\n\n\n\n<div style=\"height:40px\" aria-hidden=\"true\" class=\"wp-block-spacer\"><\/div>\n\n\n\n<h2 class=\"wp-block-heading\">Comment les sages-femmes reconnaissent-elles la violence familiale et y r\u00e9agissent-elles ?<\/h2>\n\n\n\n<figure class=\"wp-block-embed is-type-video is-provider-youtube wp-block-embed-youtube wp-embed-aspect-16-9 wp-has-aspect-ratio\"><div class=\"wp-block-embed__wrapper\">\n<div class=\"nv-iframe-embed\"><iframe loading=\"lazy\" title=\"Comment les sages-femmes reconnaissent-elles la violence familiale et y r\u00e9agissent-elles ?\" width=\"1200\" height=\"675\" src=\"https:\/\/www.youtube.com\/embed\/SEdylkIbcmc?feature=oembed\" frameborder=\"0\" allow=\"accelerometer; autoplay; clipboard-write; encrypted-media; gyroscope; picture-in-picture; web-share\" allowfullscreen><\/iframe><\/div>\n<\/div><\/figure>\n\n\n\n<div style=\"height:40px\" aria-hidden=\"true\" class=\"wp-block-spacer\"><\/div>\n\n\n\n<h2 class=\"wp-block-heading\">Qu&rsquo;est-ce que la violence familiale ?<\/h2>\n\n\n\n<figure class=\"wp-block-embed is-type-video is-provider-youtube wp-block-embed-youtube wp-embed-aspect-16-9 wp-has-aspect-ratio\"><div class=\"wp-block-embed__wrapper\">\n<div class=\"nv-iframe-embed\"><iframe loading=\"lazy\" title=\"Qu&#039;est-ce que la violence familiale ?\" width=\"1200\" height=\"675\" src=\"https:\/\/www.youtube.com\/embed\/JzfE_3apG-s?feature=oembed\" frameborder=\"0\" allow=\"accelerometer; autoplay; clipboard-write; encrypted-media; gyroscope; picture-in-picture; web-share\" allowfullscreen><\/iframe><\/div>\n<\/div><\/figure>\n\n\n\n<div style=\"height:40px\" aria-hidden=\"true\" class=\"wp-block-spacer\"><\/div>\n\n\n\n<h2 class=\"wp-block-heading\">Comment soutenir les clientes confront\u00e9es \u00e0 la violence familiale ?<\/h2>\n\n\n\n<figure class=\"wp-block-embed is-type-video is-provider-youtube wp-block-embed-youtube wp-embed-aspect-16-9 wp-has-aspect-ratio\"><div class=\"wp-block-embed__wrapper\">\n<div class=\"nv-iframe-embed\"><iframe loading=\"lazy\" title=\"Comment soutenir les clientes confront\u00e9es \u00e0 la violence familiale ?\" width=\"1200\" height=\"675\" src=\"https:\/\/www.youtube.com\/embed\/NaRa2JKgXYc?feature=oembed\" frameborder=\"0\" allow=\"accelerometer; autoplay; clipboard-write; encrypted-media; gyroscope; picture-in-picture; web-share\" allowfullscreen><\/iframe><\/div>\n<\/div><\/figure>\n\n\n\n<div style=\"height:40px\" aria-hidden=\"true\" class=\"wp-block-spacer\"><\/div>\n\n\n\n<h2 class=\"wp-block-heading\">Comment pratiquer des soins tenant compte des traumatismes ?<\/h2>\n\n\n\n<figure class=\"wp-block-embed is-type-video is-provider-youtube wp-block-embed-youtube wp-embed-aspect-16-9 wp-has-aspect-ratio\"><div class=\"wp-block-embed__wrapper\">\n<div class=\"nv-iframe-embed\"><iframe loading=\"lazy\" title=\"Comment pratiquer des soins tenant compte des traumatismes ?\" width=\"1200\" height=\"675\" src=\"https:\/\/www.youtube.com\/embed\/VMO_66jDGjo?feature=oembed\" frameborder=\"0\" allow=\"accelerometer; autoplay; clipboard-write; encrypted-media; gyroscope; picture-in-picture; web-share\" allowfullscreen><\/iframe><\/div>\n<\/div><\/figure>\n\n\n\n<div style=\"height:40px\" aria-hidden=\"true\" class=\"wp-block-spacer\"><\/div>\n\n\n\n<h2 class=\"wp-block-heading\">Comment centrer les connaissances autochtones ?<\/h2>\n\n\n\n<figure class=\"wp-block-embed is-type-video is-provider-youtube wp-block-embed-youtube wp-embed-aspect-16-9 wp-has-aspect-ratio\"><div class=\"wp-block-embed__wrapper\">\n<div class=\"nv-iframe-embed\"><iframe loading=\"lazy\" title=\"Comment centrer les connaissances autochtones ?\" width=\"1200\" height=\"675\" src=\"https:\/\/www.youtube.com\/embed\/Jz_f2hUqPqs?feature=oembed\" frameborder=\"0\" allow=\"accelerometer; autoplay; clipboard-write; encrypted-media; gyroscope; picture-in-picture; web-share\" allowfullscreen><\/iframe><\/div>\n<\/div><\/figure>\n\n\n\n<div style=\"height:40px\" aria-hidden=\"true\" class=\"wp-block-spacer\"><\/div>\n\n\n\n<h2 class=\"wp-block-heading\">Comment soutenir les clientes confront\u00e9es \u00e0 des obstacles \u00e0 l&rsquo;\u00e9quit\u00e9 en mati\u00e8re de sant\u00e9 ?<\/h2>\n\n\n\n<figure class=\"wp-block-embed is-type-video is-provider-youtube wp-block-embed-youtube wp-embed-aspect-16-9 wp-has-aspect-ratio\"><div class=\"wp-block-embed__wrapper\">\n<div class=\"nv-iframe-embed\"><iframe loading=\"lazy\" title=\"Comment soutenir les clientes confront\u00e9es \u00e0 des obstacles \u00e0 l&#039;\u00e9quit\u00e9 en mati\u00e8re de sant\u00e9 ?\" width=\"1200\" height=\"675\" src=\"https:\/\/www.youtube.com\/embed\/pv1Xhc5q9hA?feature=oembed\" frameborder=\"0\" allow=\"accelerometer; autoplay; clipboard-write; encrypted-media; gyroscope; picture-in-picture; web-share\" allowfullscreen><\/iframe><\/div>\n<\/div><\/figure>\n\n\n\n<div style=\"height:40px\" aria-hidden=\"true\" class=\"wp-block-spacer\"><\/div>\n\n\n\n<h2 class=\"wp-block-heading\">Faut-il signaler la situation aux autorit\u00e9s ?<\/h2>\n\n\n\n<figure class=\"wp-block-embed is-type-video is-provider-youtube wp-block-embed-youtube wp-embed-aspect-16-9 wp-has-aspect-ratio\"><div class=\"wp-block-embed__wrapper\">\n<div class=\"nv-iframe-embed\"><iframe loading=\"lazy\" title=\"Faut-il signaler la situation aux autorit\u00e9s ?\" width=\"1200\" height=\"675\" src=\"https:\/\/www.youtube.com\/embed\/zu7yYZD2Llo?feature=oembed\" frameborder=\"0\" allow=\"accelerometer; autoplay; clipboard-write; encrypted-media; gyroscope; picture-in-picture; web-share\" allowfullscreen><\/iframe><\/div>\n<\/div><\/figure>\n\n\n\n<div style=\"height:40px\" aria-hidden=\"true\" class=\"wp-block-spacer\"><\/div>\n\n\n\n<h2 class=\"wp-block-heading\">Comment pratiquer l&rsquo;autosoin et les soins communautaires ?<\/h2>\n\n\n\n<figure class=\"wp-block-embed is-type-video is-provider-youtube wp-block-embed-youtube wp-embed-aspect-16-9 wp-has-aspect-ratio\"><div class=\"wp-block-embed__wrapper\">\n<div class=\"nv-iframe-embed\"><iframe loading=\"lazy\" title=\"Comment pratiquer l&#039;autosoin et les soins communautaires ?\" width=\"1200\" height=\"675\" src=\"https:\/\/www.youtube.com\/embed\/__F2xvKn8-g?feature=oembed\" frameborder=\"0\" allow=\"accelerometer; autoplay; clipboard-write; encrypted-media; gyroscope; picture-in-picture; web-share\" allowfullscreen><\/iframe><\/div>\n<\/div><\/figure>\n","protected":false},"excerpt":{"rendered":"<p>Violence familiale\u00a0\/ Vid\u00e9os Les sages femmes reconnaissent et r\u00e9pondent \u00e0 la violence familiale \u2013 la s\u00e9rie vid\u00e9o Il n\u2019est pas facile de parler de la violence familiale ; il n\u2019est pas toujours facile non plus de la reconna\u00eetre ou de savoir comment y faire face. Dans cette s\u00e9rie de vid\u00e9os, des sages-femmes de l\u2019Ontario et&hellip;&nbsp;<a href=\"https:\/\/canadianmidwives.org\/fr\/violence-familiale\/mrrfv-serie-de-video\/\" class=\"\" rel=\"bookmark\">Lire la suite &raquo;<span class=\"screen-reader-text\">MRRFV &#8211; S\u00e9rie de vid\u00e9o<\/span><\/a><\/p>\n","protected":false},"author":25,"featured_media":0,"parent":49621,"menu_order":0,"comment_status":"closed","ping_status":"closed","template":"","meta":{"_monsterinsights_skip_tracking":false,"_monsterinsights_sitenote_active":false,"_monsterinsights_sitenote_note":"","_monsterinsights_sitenote_category":0,"neve_meta_sidebar":"","neve_meta_container":"","neve_meta_enable_content_width":"","neve_meta_content_width":0,"neve_meta_title_alignment":"","neve_meta_author_avatar":"","neve_post_elements_order":"","neve_meta_disable_header":"","neve_meta_disable_footer":"","neve_meta_disable_title":"on","_themeisle_gutenberg_block_has_review":false,"footnotes":""},"class_list":["post-74220","page","type-page","status-publish","hentry"],"yoast_head":"<!-- This site is optimized with the Yoast SEO plugin v27.2 - https:\/\/yoast.com\/product\/yoast-seo-wordpress\/ -->\n<title>MRRFV - S\u00e9rie de vid\u00e9o - Association canadienne des sages-femmes<\/title>\n<meta name=\"robots\" content=\"index, follow, max-snippet:-1, max-image-preview:large, max-video-preview:-1\" \/>\n<link rel=\"canonical\" href=\"https:\/\/canadianmidwives.org\/fr\/violence-familiale\/mrrfv-serie-de-video\/\" \/>\n<meta property=\"og:locale\" content=\"fr_CA\" \/>\n<meta property=\"og:type\" content=\"article\" \/>\n<meta property=\"og:title\" content=\"MRRFV - S\u00e9rie de vid\u00e9o - Association canadienne des sages-femmes\" \/>\n<meta property=\"og:description\" content=\"Violence familiale\u00a0\/ Vid\u00e9os Les sages femmes reconnaissent et r\u00e9pondent \u00e0 la violence familiale \u2013 la s\u00e9rie vid\u00e9o Il n\u2019est pas facile de parler de la violence familiale ; il n\u2019est pas toujours facile non plus de la reconna\u00eetre ou de savoir comment y faire face. Dans cette s\u00e9rie de vid\u00e9os, des sages-femmes de l\u2019Ontario et&hellip;&nbsp;Lire la suite &raquo;MRRFV &#8211; S\u00e9rie de vid\u00e9o\" \/>\n<meta property=\"og:url\" content=\"https:\/\/canadianmidwives.org\/fr\/violence-familiale\/mrrfv-serie-de-video\/\" \/>\n<meta property=\"og:site_name\" content=\"Association canadienne des sages-femmes\" \/>\n<meta property=\"article:publisher\" content=\"https:\/\/www.facebook.com\/CanadianMidwives\/\" \/>\n<meta property=\"article:modified_time\" content=\"2023-11-27T16:48:32+00:00\" \/>\n<meta property=\"og:image\" content=\"https:\/\/canadianmidwives.org\/sites\/canadianmidwives.org\/wp-content\/uploads\/2021\/12\/Colour_fr_h-e1638383671571-300x109.png\" \/>\n<meta name=\"twitter:card\" content=\"summary_large_image\" \/>\n<meta name=\"twitter:label1\" content=\"Estimation du temps de lecture\" \/>\n\t<meta name=\"twitter:data1\" content=\"2 minutes\" \/>\n<script type=\"application\/ld+json\" class=\"yoast-schema-graph\">{\"@context\":\"https:\/\/schema.org\",\"@graph\":[{\"@type\":\"WebPage\",\"@id\":\"https:\/\/canadianmidwives.org\/fr\/violence-familiale\/mrrfv-serie-de-video\/\",\"url\":\"https:\/\/canadianmidwives.org\/fr\/violence-familiale\/mrrfv-serie-de-video\/\",\"name\":\"MRRFV - S\u00e9rie de vid\u00e9o - Association canadienne des sages-femmes\",\"isPartOf\":{\"@id\":\"https:\/\/canadianmidwives.org\/fr\/#website\"},\"primaryImageOfPage\":{\"@id\":\"https:\/\/canadianmidwives.org\/fr\/violence-familiale\/mrrfv-serie-de-video\/#primaryimage\"},\"image\":{\"@id\":\"https:\/\/canadianmidwives.org\/fr\/violence-familiale\/mrrfv-serie-de-video\/#primaryimage\"},\"thumbnailUrl\":\"https:\/\/canadianmidwives.org\/sites\/canadianmidwives.org\/wp-content\/uploads\/2021\/12\/Colour_fr_h-e1638383671571-300x109.png\",\"datePublished\":\"2023-11-27T16:47:15+00:00\",\"dateModified\":\"2023-11-27T16:48:32+00:00\",\"breadcrumb\":{\"@id\":\"https:\/\/canadianmidwives.org\/fr\/violence-familiale\/mrrfv-serie-de-video\/#breadcrumb\"},\"inLanguage\":\"fr-CA\",\"potentialAction\":[{\"@type\":\"ReadAction\",\"target\":[\"https:\/\/canadianmidwives.org\/fr\/violence-familiale\/mrrfv-serie-de-video\/\"]}]},{\"@type\":\"ImageObject\",\"inLanguage\":\"fr-CA\",\"@id\":\"https:\/\/canadianmidwives.org\/fr\/violence-familiale\/mrrfv-serie-de-video\/#primaryimage\",\"url\":\"https:\/\/canadianmidwives.org\/sites\/canadianmidwives.org\/wp-content\/uploads\/2021\/12\/Colour_fr_h-e1638383671571-300x109.png\",\"contentUrl\":\"https:\/\/canadianmidwives.org\/sites\/canadianmidwives.org\/wp-content\/uploads\/2021\/12\/Colour_fr_h-e1638383671571-300x109.png\"},{\"@type\":\"BreadcrumbList\",\"@id\":\"https:\/\/canadianmidwives.org\/fr\/violence-familiale\/mrrfv-serie-de-video\/#breadcrumb\",\"itemListElement\":[{\"@type\":\"ListItem\",\"position\":1,\"name\":\"Accueil\",\"item\":\"https:\/\/canadianmidwives.org\/fr\/\"},{\"@type\":\"ListItem\",\"position\":2,\"name\":\"Les sages femmes reconnaissent et r\u00e9pondent \u00e0 la violence familiale\u00a0\",\"item\":\"https:\/\/canadianmidwives.org\/fr\/violence-familiale\/\"},{\"@type\":\"ListItem\",\"position\":3,\"name\":\"MRRFV &#8211; S\u00e9rie de vid\u00e9o\"}]},{\"@type\":\"WebSite\",\"@id\":\"https:\/\/canadianmidwives.org\/fr\/#website\",\"url\":\"https:\/\/canadianmidwives.org\/fr\/\",\"name\":\"Association canadienne des sages-femmes\",\"description\":\"Des sages-femmes pour tous, partout\",\"publisher\":{\"@id\":\"https:\/\/canadianmidwives.org\/fr\/#organization\"},\"potentialAction\":[{\"@type\":\"SearchAction\",\"target\":{\"@type\":\"EntryPoint\",\"urlTemplate\":\"https:\/\/canadianmidwives.org\/fr\/?s={search_term_string}\"},\"query-input\":{\"@type\":\"PropertyValueSpecification\",\"valueRequired\":true,\"valueName\":\"search_term_string\"}}],\"inLanguage\":\"fr-CA\"},{\"@type\":\"Organization\",\"@id\":\"https:\/\/canadianmidwives.org\/fr\/#organization\",\"name\":\"Association canadienne des sages-femmes\",\"url\":\"https:\/\/canadianmidwives.org\/fr\/\",\"logo\":{\"@type\":\"ImageObject\",\"inLanguage\":\"fr-CA\",\"@id\":\"https:\/\/canadianmidwives.org\/fr\/#\/schema\/logo\/image\/\",\"url\":\"https:\/\/canadianmidwives.org\/sites\/canadianmidwives.org\/wp-content\/uploads\/2022\/03\/CAM-Logo-2022-1536x462-1.png\",\"contentUrl\":\"https:\/\/canadianmidwives.org\/sites\/canadianmidwives.org\/wp-content\/uploads\/2022\/03\/CAM-Logo-2022-1536x462-1.png\",\"width\":1536,\"height\":462,\"caption\":\"Association canadienne des sages-femmes\"},\"image\":{\"@id\":\"https:\/\/canadianmidwives.org\/fr\/#\/schema\/logo\/image\/\"},\"sameAs\":[\"https:\/\/www.facebook.com\/CanadianMidwives\/\",\"https:\/\/www.instagram.com\/cam_acsf\",\"https:\/\/www.linkedin.com\/company\/canadian-association-of-midwives\"]}]}<\/script>\n<!-- \/ Yoast SEO plugin. -->","yoast_head_json":{"title":"MRRFV - S\u00e9rie de vid\u00e9o - Association canadienne des sages-femmes","robots":{"index":"index","follow":"follow","max-snippet":"max-snippet:-1","max-image-preview":"max-image-preview:large","max-video-preview":"max-video-preview:-1"},"canonical":"https:\/\/canadianmidwives.org\/fr\/violence-familiale\/mrrfv-serie-de-video\/","og_locale":"fr_CA","og_type":"article","og_title":"MRRFV - S\u00e9rie de vid\u00e9o - Association canadienne des sages-femmes","og_description":"Violence familiale\u00a0\/ Vid\u00e9os Les sages femmes reconnaissent et r\u00e9pondent \u00e0 la violence familiale \u2013 la s\u00e9rie vid\u00e9o Il n\u2019est pas facile de parler de la violence familiale ; il n\u2019est pas toujours facile non plus de la reconna\u00eetre ou de savoir comment y faire face. Dans cette s\u00e9rie de vid\u00e9os, des sages-femmes de l\u2019Ontario et&hellip;&nbsp;Lire la suite &raquo;MRRFV &#8211; S\u00e9rie de vid\u00e9o","og_url":"https:\/\/canadianmidwives.org\/fr\/violence-familiale\/mrrfv-serie-de-video\/","og_site_name":"Association canadienne des sages-femmes","article_publisher":"https:\/\/www.facebook.com\/CanadianMidwives\/","article_modified_time":"2023-11-27T16:48:32+00:00","og_image":[{"url":"https:\/\/canadianmidwives.org\/sites\/canadianmidwives.org\/wp-content\/uploads\/2021\/12\/Colour_fr_h-e1638383671571-300x109.png","type":"","width":"","height":""}],"twitter_card":"summary_large_image","twitter_misc":{"Estimation du temps de lecture":"2 minutes"},"schema":{"@context":"https:\/\/schema.org","@graph":[{"@type":"WebPage","@id":"https:\/\/canadianmidwives.org\/fr\/violence-familiale\/mrrfv-serie-de-video\/","url":"https:\/\/canadianmidwives.org\/fr\/violence-familiale\/mrrfv-serie-de-video\/","name":"MRRFV - S\u00e9rie de vid\u00e9o - Association canadienne des sages-femmes","isPartOf":{"@id":"https:\/\/canadianmidwives.org\/fr\/#website"},"primaryImageOfPage":{"@id":"https:\/\/canadianmidwives.org\/fr\/violence-familiale\/mrrfv-serie-de-video\/#primaryimage"},"image":{"@id":"https:\/\/canadianmidwives.org\/fr\/violence-familiale\/mrrfv-serie-de-video\/#primaryimage"},"thumbnailUrl":"https:\/\/canadianmidwives.org\/sites\/canadianmidwives.org\/wp-content\/uploads\/2021\/12\/Colour_fr_h-e1638383671571-300x109.png","datePublished":"2023-11-27T16:47:15+00:00","dateModified":"2023-11-27T16:48:32+00:00","breadcrumb":{"@id":"https:\/\/canadianmidwives.org\/fr\/violence-familiale\/mrrfv-serie-de-video\/#breadcrumb"},"inLanguage":"fr-CA","potentialAction":[{"@type":"ReadAction","target":["https:\/\/canadianmidwives.org\/fr\/violence-familiale\/mrrfv-serie-de-video\/"]}]},{"@type":"ImageObject","inLanguage":"fr-CA","@id":"https:\/\/canadianmidwives.org\/fr\/violence-familiale\/mrrfv-serie-de-video\/#primaryimage","url":"https:\/\/canadianmidwives.org\/sites\/canadianmidwives.org\/wp-content\/uploads\/2021\/12\/Colour_fr_h-e1638383671571-300x109.png","contentUrl":"https:\/\/canadianmidwives.org\/sites\/canadianmidwives.org\/wp-content\/uploads\/2021\/12\/Colour_fr_h-e1638383671571-300x109.png"},{"@type":"BreadcrumbList","@id":"https:\/\/canadianmidwives.org\/fr\/violence-familiale\/mrrfv-serie-de-video\/#breadcrumb","itemListElement":[{"@type":"ListItem","position":1,"name":"Accueil","item":"https:\/\/canadianmidwives.org\/fr\/"},{"@type":"ListItem","position":2,"name":"Les sages femmes reconnaissent et r\u00e9pondent \u00e0 la violence familiale\u00a0","item":"https:\/\/canadianmidwives.org\/fr\/violence-familiale\/"},{"@type":"ListItem","position":3,"name":"MRRFV &#8211; S\u00e9rie de vid\u00e9o"}]},{"@type":"WebSite","@id":"https:\/\/canadianmidwives.org\/fr\/#website","url":"https:\/\/canadianmidwives.org\/fr\/","name":"Association canadienne des sages-femmes","description":"Des sages-femmes pour tous, partout","publisher":{"@id":"https:\/\/canadianmidwives.org\/fr\/#organization"},"potentialAction":[{"@type":"SearchAction","target":{"@type":"EntryPoint","urlTemplate":"https:\/\/canadianmidwives.org\/fr\/?s={search_term_string}"},"query-input":{"@type":"PropertyValueSpecification","valueRequired":true,"valueName":"search_term_string"}}],"inLanguage":"fr-CA"},{"@type":"Organization","@id":"https:\/\/canadianmidwives.org\/fr\/#organization","name":"Association canadienne des sages-femmes","url":"https:\/\/canadianmidwives.org\/fr\/","logo":{"@type":"ImageObject","inLanguage":"fr-CA","@id":"https:\/\/canadianmidwives.org\/fr\/#\/schema\/logo\/image\/","url":"https:\/\/canadianmidwives.org\/sites\/canadianmidwives.org\/wp-content\/uploads\/2022\/03\/CAM-Logo-2022-1536x462-1.png","contentUrl":"https:\/\/canadianmidwives.org\/sites\/canadianmidwives.org\/wp-content\/uploads\/2022\/03\/CAM-Logo-2022-1536x462-1.png","width":1536,"height":462,"caption":"Association canadienne des sages-femmes"},"image":{"@id":"https:\/\/canadianmidwives.org\/fr\/#\/schema\/logo\/image\/"},"sameAs":["https:\/\/www.facebook.com\/CanadianMidwives\/","https:\/\/www.instagram.com\/cam_acsf","https:\/\/www.linkedin.com\/company\/canadian-association-of-midwives"]}]}},"_links":{"self":[{"href":"https:\/\/canadianmidwives.org\/fr\/wp-json\/wp\/v2\/pages\/74220","targetHints":{"allow":["GET"]}}],"collection":[{"href":"https:\/\/canadianmidwives.org\/fr\/wp-json\/wp\/v2\/pages"}],"about":[{"href":"https:\/\/canadianmidwives.org\/fr\/wp-json\/wp\/v2\/types\/page"}],"author":[{"embeddable":true,"href":"https:\/\/canadianmidwives.org\/fr\/wp-json\/wp\/v2\/users\/25"}],"replies":[{"embeddable":true,"href":"https:\/\/canadianmidwives.org\/fr\/wp-json\/wp\/v2\/comments?post=74220"}],"version-history":[{"count":2,"href":"https:\/\/canadianmidwives.org\/fr\/wp-json\/wp\/v2\/pages\/74220\/revisions"}],"predecessor-version":[{"id":74222,"href":"https:\/\/canadianmidwives.org\/fr\/wp-json\/wp\/v2\/pages\/74220\/revisions\/74222"}],"up":[{"embeddable":true,"href":"https:\/\/canadianmidwives.org\/fr\/wp-json\/wp\/v2\/pages\/49621"}],"wp:attachment":[{"href":"https:\/\/canadianmidwives.org\/fr\/wp-json\/wp\/v2\/media?parent=74220"}],"curies":[{"name":"wp","href":"https:\/\/api.w.org\/{rel}","templated":true}]}}