{"id":76429,"date":"2024-05-21T12:20:43","date_gmt":"2024-05-21T16:20:43","guid":{"rendered":"https:\/\/canadianmidwives.org\/?page_id=76429"},"modified":"2026-03-24T16:46:01","modified_gmt":"2026-03-24T20:46:01","slug":"interruption-de-grossesse-boite-a-outils","status":"publish","type":"page","link":"https:\/\/canadianmidwives.org\/fr\/interruption-de-grossesse\/interruption-de-grossesse-boite-a-outils\/","title":{"rendered":"Interruption de grossesse &#8211; Boite \u00e0 outils\u00a0"},"content":{"rendered":"\n<div class=\"wp-block-buttons is-content-justification-right is-layout-flex wp-container-core-buttons-is-layout-765c4724 wp-block-buttons-is-layout-flex\">\n<div class=\"wp-block-button is-style-secondary\"><a class=\"wp-block-button__link has-text-align-center wp-element-button\" href=\"https:\/\/www.youtube.com\/\">QUITTER RAPIDEMENT<\/a><\/div>\n<\/div>\n\n\n\n<div style=\"height:40px\" aria-hidden=\"true\" class=\"wp-block-spacer\"><\/div>\n\n\n\n<figure class=\"wp-block-image size-large\"><img loading=\"lazy\" decoding=\"async\" width=\"1024\" height=\"409\" src=\"https:\/\/canadianmidwives.org\/sites\/canadianmidwives.org\/wp-content\/uploads\/2024\/05\/CARTBanner04-1024x409.png\" alt=\"\" class=\"wp-image-76488\" srcset=\"https:\/\/canadianmidwives.org\/sites\/canadianmidwives.org\/wp-content\/uploads\/2024\/05\/CARTBanner04-1024x409.png 1024w, https:\/\/canadianmidwives.org\/sites\/canadianmidwives.org\/wp-content\/uploads\/2024\/05\/CARTBanner04-300x120.png 300w, https:\/\/canadianmidwives.org\/sites\/canadianmidwives.org\/wp-content\/uploads\/2024\/05\/CARTBanner04-768x307.png 768w, https:\/\/canadianmidwives.org\/sites\/canadianmidwives.org\/wp-content\/uploads\/2024\/05\/CARTBanner04-600x240.png 600w, https:\/\/canadianmidwives.org\/sites\/canadianmidwives.org\/wp-content\/uploads\/2024\/05\/CARTBanner04.png 1333w\" sizes=\"auto, (max-width: 1024px) 100vw, 1024px\" \/><\/figure>\n\n\n\n<div style=\"height:40px\" aria-hidden=\"true\" class=\"wp-block-spacer\"><\/div>\n\n\n\n<h2 class=\"wp-block-heading has-nv-site-bg-color has-neve-link-color-background-color has-text-color has-background has-link-color wp-elements-5881cecf727c1b55550a1c88790ff2f4\">Boite \u00e0 outils &#8211; Prestation de soins li\u00e9s \u00e0 l&rsquo;interruption de grossesse par des sages-femmes<\/h2>\n\n\n\n<div style=\"height:40px\" aria-hidden=\"true\" class=\"wp-block-spacer\"><\/div>\n\n\n\n<div data-wp-interactive=\"core\/file\" class=\"wp-block-file\"><object data-wp-bind--hidden=\"!state.hasPdfPreview\" hidden class=\"wp-block-file__embed\" data=\"https:\/\/canadianmidwives.org\/sites\/canadianmidwives.org\/wp-content\/uploads\/2026\/03\/FR-CART-III-Infographic_2025_Final.pdf\" type=\"application\/pdf\" style=\"width:100%;height:600px\" aria-label=\"Contenu incorpor\u00e9 FR CART III - Infographic_2025_Final.\"><\/object><a id=\"wp-block-file--media-43773ac9-ade8-441b-869a-fe0e73f88acc\" href=\"https:\/\/canadianmidwives.org\/sites\/canadianmidwives.org\/wp-content\/uploads\/2026\/03\/FR-CART-III-Infographic_2025_Final.pdf\">FR CART III &#8211; Infographic_2025_Final<\/a><a href=\"https:\/\/canadianmidwives.org\/sites\/canadianmidwives.org\/wp-content\/uploads\/2026\/03\/FR-CART-III-Infographic_2025_Final.pdf\" class=\"wp-block-file__button wp-element-button\" download aria-describedby=\"wp-block-file--media-43773ac9-ade8-441b-869a-fe0e73f88acc\">Download<\/a><\/div>\n\n\n\n<div style=\"height:40px\" aria-hidden=\"true\" class=\"wp-block-spacer\"><\/div>\n\n\n\n<div data-wp-interactive=\"core\/file\" class=\"wp-block-file\"><object data-wp-bind--hidden=\"!state.hasPdfPreview\" hidden class=\"wp-block-file__embed\" data=\"https:\/\/canadianmidwives.org\/sites\/canadianmidwives.org\/wp-content\/uploads\/2024\/05\/ACSF-Note-dinformation-sur-la-prestation-de-soins-lies-a-linterruption-de-grossess_Mai-2024.pdf\" type=\"application\/pdf\" style=\"width:100%;height:600px\" aria-label=\"Contenu incorpor\u00e9 ACSF Note d&apos;information sur la prestation de soins li\u00e9s \u00e0 l&apos;interruption de grossess_Mai 2024.\"><\/object><a id=\"wp-block-file--media-016a0ee0-b484-4fb4-b824-dd5fa1d573ab\" href=\"https:\/\/canadianmidwives.org\/sites\/canadianmidwives.org\/wp-content\/uploads\/2024\/05\/ACSF-Note-dinformation-sur-la-prestation-de-soins-lies-a-linterruption-de-grossess_Mai-2024.pdf\">ACSF Note d&rsquo;information sur la prestation de soins li\u00e9s \u00e0 l&rsquo;interruption de grossess_Mai 2024<\/a><a href=\"https:\/\/canadianmidwives.org\/sites\/canadianmidwives.org\/wp-content\/uploads\/2024\/05\/ACSF-Note-dinformation-sur-la-prestation-de-soins-lies-a-linterruption-de-grossess_Mai-2024.pdf\" class=\"wp-block-file__button wp-element-button\" download aria-describedby=\"wp-block-file--media-016a0ee0-b484-4fb4-b824-dd5fa1d573ab\">Download<\/a><\/div>\n\n\n\n<div style=\"height:40px\" aria-hidden=\"true\" class=\"wp-block-spacer\"><\/div>\n\n\n\n<div data-wp-interactive=\"core\/file\" class=\"wp-block-file\"><object data-wp-bind--hidden=\"!state.hasPdfPreview\" hidden class=\"wp-block-file__embed\" data=\"https:\/\/canadianmidwives.org\/sites\/canadianmidwives.org\/wp-content\/uploads\/2024\/05\/ACSF-Guide-de-plaidoyer-pour-des-soins-lies-a-linterruption-de-grossesse-prodigues-par-les-sages-femmes_Mai-2024.pdf\" type=\"application\/pdf\" style=\"width:100%;height:600px\" aria-label=\"Contenu incorpor\u00e9 ACSF Guide de plaidoyer pour des soins li\u00e9s \u00e0 l&apos;interruption de grossesse prodigu\u00e9s par les sages-femmes_Mai 2024.\"><\/object><a id=\"wp-block-file--media-4598243c-7974-4dd4-90a5-5f960e39479d\" href=\"https:\/\/canadianmidwives.org\/sites\/canadianmidwives.org\/wp-content\/uploads\/2024\/05\/ACSF-Guide-de-plaidoyer-pour-des-soins-lies-a-linterruption-de-grossesse-prodigues-par-les-sages-femmes_Mai-2024.pdf\">ACSF Guide de plaidoyer pour des soins li\u00e9s \u00e0 l&rsquo;interruption de grossesse prodigu\u00e9s par les sages-femmes_Mai 2024<\/a><a href=\"https:\/\/canadianmidwives.org\/sites\/canadianmidwives.org\/wp-content\/uploads\/2024\/05\/ACSF-Guide-de-plaidoyer-pour-des-soins-lies-a-linterruption-de-grossesse-prodigues-par-les-sages-femmes_Mai-2024.pdf\" class=\"wp-block-file__button wp-element-button\" download aria-describedby=\"wp-block-file--media-4598243c-7974-4dd4-90a5-5f960e39479d\">Download<\/a><\/div>\n\n\n\n<div style=\"height:40px\" aria-hidden=\"true\" class=\"wp-block-spacer\"><\/div>\n\n\n\n<div data-wp-interactive=\"core\/file\" class=\"wp-block-file\"><object data-wp-bind--hidden=\"!state.hasPdfPreview\" hidden class=\"wp-block-file__embed\" data=\"https:\/\/canadianmidwives.org\/sites\/canadianmidwives.org\/wp-content\/uploads\/2024\/05\/ACSF-Cartographie-des-parties-prenantes-comprendre-le-pouvoir-et-linfluence_Mai-2024.pdf\" type=\"application\/pdf\" style=\"width:100%;height:600px\" aria-label=\"Contenu incorpor\u00e9 ACSF Cartographie des parties prenantes comprendre le pouvoir et linfluence_Mai 2024.\"><\/object><a id=\"wp-block-file--media-b138a023-f7b0-47ea-bee6-eca8b7d7b052\" href=\"https:\/\/canadianmidwives.org\/sites\/canadianmidwives.org\/wp-content\/uploads\/2024\/05\/ACSF-Cartographie-des-parties-prenantes-comprendre-le-pouvoir-et-linfluence_Mai-2024.pdf\">ACSF Cartographie des parties prenantes comprendre le pouvoir et linfluence_Mai 2024<\/a><a href=\"https:\/\/canadianmidwives.org\/sites\/canadianmidwives.org\/wp-content\/uploads\/2024\/05\/ACSF-Cartographie-des-parties-prenantes-comprendre-le-pouvoir-et-linfluence_Mai-2024.pdf\" class=\"wp-block-file__button wp-element-button\" download aria-describedby=\"wp-block-file--media-b138a023-f7b0-47ea-bee6-eca8b7d7b052\">Download<\/a><\/div>\n\n\n\n<div style=\"height:40px\" aria-hidden=\"true\" class=\"wp-block-spacer\"><\/div>\n\n\n\n<div data-wp-interactive=\"core\/file\" class=\"wp-block-file\"><object data-wp-bind--hidden=\"!state.hasPdfPreview\" hidden class=\"wp-block-file__embed\" data=\"https:\/\/canadianmidwives.org\/sites\/canadianmidwives.org\/wp-content\/uploads\/2025\/08\/Final-cart_implementation-checklist_FR.pdf\" type=\"application\/pdf\" style=\"width:100%;height:600px\" aria-label=\"Contenu incorpor\u00e9 Final-cart_implementation-checklist_FR.\"><\/object><a id=\"wp-block-file--media-61c35c02-83ce-4c58-ab15-659d3b693c61\" href=\"https:\/\/canadianmidwives.org\/sites\/canadianmidwives.org\/wp-content\/uploads\/2025\/08\/Final-cart_implementation-checklist_FR.pdf\">Final-cart_implementation-checklist_FR<\/a><a href=\"https:\/\/canadianmidwives.org\/sites\/canadianmidwives.org\/wp-content\/uploads\/2025\/08\/Final-cart_implementation-checklist_FR.pdf\" class=\"wp-block-file__button wp-element-button\" download aria-describedby=\"wp-block-file--media-61c35c02-83ce-4c58-ab15-659d3b693c61\">Download<\/a><\/div>\n\n\n\n<div style=\"height:40px\" aria-hidden=\"true\" class=\"wp-block-spacer\"><\/div>\n\n\n\n<div class=\"wp-block-buttons is-content-justification-right is-layout-flex wp-container-core-buttons-is-layout-765c4724 wp-block-buttons-is-layout-flex\">\n<div class=\"wp-block-button is-style-secondary\"><a class=\"wp-block-button__link wp-element-button\" href=\"https:\/\/www.youtube.com\/\">QUITTER RAPIDEMENT<\/a><\/div>\n<\/div>\n\n\n\n<div style=\"height:40px\" aria-hidden=\"true\" class=\"wp-block-spacer\"><\/div>\n","protected":false},"excerpt":{"rendered":"<p>Boite \u00e0 outils &#8211; Prestation de soins li\u00e9s \u00e0 l&rsquo;interruption de grossesse par des sages-femmes<\/p>\n","protected":false},"author":25,"featured_media":0,"parent":76425,"menu_order":0,"comment_status":"closed","ping_status":"closed","template":"","meta":{"_monsterinsights_skip_tracking":false,"_monsterinsights_sitenote_active":false,"_monsterinsights_sitenote_note":"","_monsterinsights_sitenote_category":0,"neve_meta_sidebar":"","neve_meta_container":"","neve_meta_enable_content_width":"","neve_meta_content_width":0,"neve_meta_title_alignment":"","neve_meta_author_avatar":"","neve_post_elements_order":"","neve_meta_disable_header":"","neve_meta_disable_footer":"","neve_meta_disable_title":"on","_themeisle_gutenberg_block_has_review":false,"footnotes":""},"class_list":["post-76429","page","type-page","status-publish","hentry"],"yoast_head":"<!-- This site is optimized with the Yoast SEO plugin v27.3 - https:\/\/yoast.com\/product\/yoast-seo-wordpress\/ -->\n<title>Interruption de grossesse - Boite \u00e0 outils\u00a0 - Association canadienne des sages-femmes<\/title>\n<meta name=\"robots\" content=\"index, follow, max-snippet:-1, max-image-preview:large, max-video-preview:-1\" \/>\n<link rel=\"canonical\" href=\"https:\/\/canadianmidwives.org\/fr\/interruption-de-grossesse\/interruption-de-grossesse-boite-a-outils\/\" \/>\n<meta property=\"og:locale\" content=\"fr_CA\" \/>\n<meta property=\"og:type\" content=\"article\" \/>\n<meta property=\"og:title\" content=\"Interruption de grossesse - Boite \u00e0 outils\u00a0 - Association canadienne des sages-femmes\" \/>\n<meta property=\"og:description\" content=\"Boite \u00e0 outils &#8211; Prestation de soins li\u00e9s \u00e0 l&rsquo;interruption de grossesse par des sages-femmes\" \/>\n<meta property=\"og:url\" content=\"https:\/\/canadianmidwives.org\/fr\/interruption-de-grossesse\/interruption-de-grossesse-boite-a-outils\/\" \/>\n<meta property=\"og:site_name\" content=\"Association canadienne des sages-femmes\" \/>\n<meta property=\"article:publisher\" content=\"https:\/\/www.facebook.com\/CanadianMidwives\/\" \/>\n<meta property=\"article:modified_time\" content=\"2026-03-24T20:46:01+00:00\" \/>\n<meta property=\"og:image\" content=\"https:\/\/canadianmidwives.org\/sites\/canadianmidwives.org\/wp-content\/uploads\/2024\/05\/CARTBanner04.png\" \/>\n\t<meta property=\"og:image:width\" content=\"1333\" \/>\n\t<meta property=\"og:image:height\" content=\"533\" \/>\n\t<meta property=\"og:image:type\" content=\"image\/png\" \/>\n<meta name=\"twitter:card\" content=\"summary_large_image\" \/>\n<meta name=\"twitter:label1\" content=\"Estimation du temps de lecture\" \/>\n\t<meta name=\"twitter:data1\" content=\"1 minute\" \/>\n<script type=\"application\/ld+json\" class=\"yoast-schema-graph\">{\"@context\":\"https:\\\/\\\/schema.org\",\"@graph\":[{\"@type\":\"WebPage\",\"@id\":\"https:\\\/\\\/canadianmidwives.org\\\/fr\\\/interruption-de-grossesse\\\/interruption-de-grossesse-boite-a-outils\\\/\",\"url\":\"https:\\\/\\\/canadianmidwives.org\\\/fr\\\/interruption-de-grossesse\\\/interruption-de-grossesse-boite-a-outils\\\/\",\"name\":\"Interruption de grossesse - Boite \u00e0 outils\u00a0 - Association canadienne des sages-femmes\",\"isPartOf\":{\"@id\":\"https:\\\/\\\/canadianmidwives.org\\\/fr\\\/#website\"},\"primaryImageOfPage\":{\"@id\":\"https:\\\/\\\/canadianmidwives.org\\\/fr\\\/interruption-de-grossesse\\\/interruption-de-grossesse-boite-a-outils\\\/#primaryimage\"},\"image\":{\"@id\":\"https:\\\/\\\/canadianmidwives.org\\\/fr\\\/interruption-de-grossesse\\\/interruption-de-grossesse-boite-a-outils\\\/#primaryimage\"},\"thumbnailUrl\":\"https:\\\/\\\/canadianmidwives.org\\\/sites\\\/canadianmidwives.org\\\/wp-content\\\/uploads\\\/2024\\\/05\\\/CARTBanner04-1024x409.png\",\"datePublished\":\"2024-05-21T16:20:43+00:00\",\"dateModified\":\"2026-03-24T20:46:01+00:00\",\"breadcrumb\":{\"@id\":\"https:\\\/\\\/canadianmidwives.org\\\/fr\\\/interruption-de-grossesse\\\/interruption-de-grossesse-boite-a-outils\\\/#breadcrumb\"},\"inLanguage\":\"fr-CA\",\"potentialAction\":[{\"@type\":\"ReadAction\",\"target\":[\"https:\\\/\\\/canadianmidwives.org\\\/fr\\\/interruption-de-grossesse\\\/interruption-de-grossesse-boite-a-outils\\\/\"]}]},{\"@type\":\"ImageObject\",\"inLanguage\":\"fr-CA\",\"@id\":\"https:\\\/\\\/canadianmidwives.org\\\/fr\\\/interruption-de-grossesse\\\/interruption-de-grossesse-boite-a-outils\\\/#primaryimage\",\"url\":\"https:\\\/\\\/canadianmidwives.org\\\/sites\\\/canadianmidwives.org\\\/wp-content\\\/uploads\\\/2024\\\/05\\\/CARTBanner04-1024x409.png\",\"contentUrl\":\"https:\\\/\\\/canadianmidwives.org\\\/sites\\\/canadianmidwives.org\\\/wp-content\\\/uploads\\\/2024\\\/05\\\/CARTBanner04-1024x409.png\"},{\"@type\":\"BreadcrumbList\",\"@id\":\"https:\\\/\\\/canadianmidwives.org\\\/fr\\\/interruption-de-grossesse\\\/interruption-de-grossesse-boite-a-outils\\\/#breadcrumb\",\"itemListElement\":[{\"@type\":\"ListItem\",\"position\":1,\"name\":\"Accueil\",\"item\":\"https:\\\/\\\/canadianmidwives.org\\\/fr\\\/\"},{\"@type\":\"ListItem\",\"position\":2,\"name\":\"Interruption de grossesse\",\"item\":\"https:\\\/\\\/canadianmidwives.org\\\/fr\\\/interruption-de-grossesse\\\/\"},{\"@type\":\"ListItem\",\"position\":3,\"name\":\"Interruption de grossesse &#8211; Boite \u00e0 outils\u00a0\"}]},{\"@type\":\"WebSite\",\"@id\":\"https:\\\/\\\/canadianmidwives.org\\\/fr\\\/#website\",\"url\":\"https:\\\/\\\/canadianmidwives.org\\\/fr\\\/\",\"name\":\"Association canadienne des sages-femmes\",\"description\":\"Des sages-femmes pour tous, partout\",\"publisher\":{\"@id\":\"https:\\\/\\\/canadianmidwives.org\\\/fr\\\/#organization\"},\"potentialAction\":[{\"@type\":\"SearchAction\",\"target\":{\"@type\":\"EntryPoint\",\"urlTemplate\":\"https:\\\/\\\/canadianmidwives.org\\\/fr\\\/?s={search_term_string}\"},\"query-input\":{\"@type\":\"PropertyValueSpecification\",\"valueRequired\":true,\"valueName\":\"search_term_string\"}}],\"inLanguage\":\"fr-CA\"},{\"@type\":\"Organization\",\"@id\":\"https:\\\/\\\/canadianmidwives.org\\\/fr\\\/#organization\",\"name\":\"Association canadienne des sages-femmes\",\"url\":\"https:\\\/\\\/canadianmidwives.org\\\/fr\\\/\",\"logo\":{\"@type\":\"ImageObject\",\"inLanguage\":\"fr-CA\",\"@id\":\"https:\\\/\\\/canadianmidwives.org\\\/fr\\\/#\\\/schema\\\/logo\\\/image\\\/\",\"url\":\"https:\\\/\\\/canadianmidwives.org\\\/sites\\\/canadianmidwives.org\\\/wp-content\\\/uploads\\\/2022\\\/03\\\/CAM-Logo-2022-1536x462-1.png\",\"contentUrl\":\"https:\\\/\\\/canadianmidwives.org\\\/sites\\\/canadianmidwives.org\\\/wp-content\\\/uploads\\\/2022\\\/03\\\/CAM-Logo-2022-1536x462-1.png\",\"width\":1536,\"height\":462,\"caption\":\"Association canadienne des sages-femmes\"},\"image\":{\"@id\":\"https:\\\/\\\/canadianmidwives.org\\\/fr\\\/#\\\/schema\\\/logo\\\/image\\\/\"},\"sameAs\":[\"https:\\\/\\\/www.facebook.com\\\/CanadianMidwives\\\/\",\"https:\\\/\\\/www.instagram.com\\\/cam_acsf\",\"https:\\\/\\\/www.linkedin.com\\\/company\\\/canadian-association-of-midwives\"]}]}<\/script>\n<!-- \/ Yoast SEO plugin. -->","yoast_head_json":{"title":"Interruption de grossesse - Boite \u00e0 outils\u00a0 - Association canadienne des sages-femmes","robots":{"index":"index","follow":"follow","max-snippet":"max-snippet:-1","max-image-preview":"max-image-preview:large","max-video-preview":"max-video-preview:-1"},"canonical":"https:\/\/canadianmidwives.org\/fr\/interruption-de-grossesse\/interruption-de-grossesse-boite-a-outils\/","og_locale":"fr_CA","og_type":"article","og_title":"Interruption de grossesse - Boite \u00e0 outils\u00a0 - Association canadienne des sages-femmes","og_description":"Boite \u00e0 outils &#8211; Prestation de soins li\u00e9s \u00e0 l&rsquo;interruption de grossesse par des sages-femmes","og_url":"https:\/\/canadianmidwives.org\/fr\/interruption-de-grossesse\/interruption-de-grossesse-boite-a-outils\/","og_site_name":"Association canadienne des sages-femmes","article_publisher":"https:\/\/www.facebook.com\/CanadianMidwives\/","article_modified_time":"2026-03-24T20:46:01+00:00","og_image":[{"width":1333,"height":533,"url":"https:\/\/canadianmidwives.org\/sites\/canadianmidwives.org\/wp-content\/uploads\/2024\/05\/CARTBanner04.png","type":"image\/png"}],"twitter_card":"summary_large_image","twitter_misc":{"Estimation du temps de lecture":"1 minute"},"schema":{"@context":"https:\/\/schema.org","@graph":[{"@type":"WebPage","@id":"https:\/\/canadianmidwives.org\/fr\/interruption-de-grossesse\/interruption-de-grossesse-boite-a-outils\/","url":"https:\/\/canadianmidwives.org\/fr\/interruption-de-grossesse\/interruption-de-grossesse-boite-a-outils\/","name":"Interruption de grossesse - Boite \u00e0 outils\u00a0 - Association canadienne des sages-femmes","isPartOf":{"@id":"https:\/\/canadianmidwives.org\/fr\/#website"},"primaryImageOfPage":{"@id":"https:\/\/canadianmidwives.org\/fr\/interruption-de-grossesse\/interruption-de-grossesse-boite-a-outils\/#primaryimage"},"image":{"@id":"https:\/\/canadianmidwives.org\/fr\/interruption-de-grossesse\/interruption-de-grossesse-boite-a-outils\/#primaryimage"},"thumbnailUrl":"https:\/\/canadianmidwives.org\/sites\/canadianmidwives.org\/wp-content\/uploads\/2024\/05\/CARTBanner04-1024x409.png","datePublished":"2024-05-21T16:20:43+00:00","dateModified":"2026-03-24T20:46:01+00:00","breadcrumb":{"@id":"https:\/\/canadianmidwives.org\/fr\/interruption-de-grossesse\/interruption-de-grossesse-boite-a-outils\/#breadcrumb"},"inLanguage":"fr-CA","potentialAction":[{"@type":"ReadAction","target":["https:\/\/canadianmidwives.org\/fr\/interruption-de-grossesse\/interruption-de-grossesse-boite-a-outils\/"]}]},{"@type":"ImageObject","inLanguage":"fr-CA","@id":"https:\/\/canadianmidwives.org\/fr\/interruption-de-grossesse\/interruption-de-grossesse-boite-a-outils\/#primaryimage","url":"https:\/\/canadianmidwives.org\/sites\/canadianmidwives.org\/wp-content\/uploads\/2024\/05\/CARTBanner04-1024x409.png","contentUrl":"https:\/\/canadianmidwives.org\/sites\/canadianmidwives.org\/wp-content\/uploads\/2024\/05\/CARTBanner04-1024x409.png"},{"@type":"BreadcrumbList","@id":"https:\/\/canadianmidwives.org\/fr\/interruption-de-grossesse\/interruption-de-grossesse-boite-a-outils\/#breadcrumb","itemListElement":[{"@type":"ListItem","position":1,"name":"Accueil","item":"https:\/\/canadianmidwives.org\/fr\/"},{"@type":"ListItem","position":2,"name":"Interruption de grossesse","item":"https:\/\/canadianmidwives.org\/fr\/interruption-de-grossesse\/"},{"@type":"ListItem","position":3,"name":"Interruption de grossesse &#8211; Boite \u00e0 outils\u00a0"}]},{"@type":"WebSite","@id":"https:\/\/canadianmidwives.org\/fr\/#website","url":"https:\/\/canadianmidwives.org\/fr\/","name":"Association canadienne des sages-femmes","description":"Des sages-femmes pour tous, partout","publisher":{"@id":"https:\/\/canadianmidwives.org\/fr\/#organization"},"potentialAction":[{"@type":"SearchAction","target":{"@type":"EntryPoint","urlTemplate":"https:\/\/canadianmidwives.org\/fr\/?s={search_term_string}"},"query-input":{"@type":"PropertyValueSpecification","valueRequired":true,"valueName":"search_term_string"}}],"inLanguage":"fr-CA"},{"@type":"Organization","@id":"https:\/\/canadianmidwives.org\/fr\/#organization","name":"Association canadienne des sages-femmes","url":"https:\/\/canadianmidwives.org\/fr\/","logo":{"@type":"ImageObject","inLanguage":"fr-CA","@id":"https:\/\/canadianmidwives.org\/fr\/#\/schema\/logo\/image\/","url":"https:\/\/canadianmidwives.org\/sites\/canadianmidwives.org\/wp-content\/uploads\/2022\/03\/CAM-Logo-2022-1536x462-1.png","contentUrl":"https:\/\/canadianmidwives.org\/sites\/canadianmidwives.org\/wp-content\/uploads\/2022\/03\/CAM-Logo-2022-1536x462-1.png","width":1536,"height":462,"caption":"Association canadienne des sages-femmes"},"image":{"@id":"https:\/\/canadianmidwives.org\/fr\/#\/schema\/logo\/image\/"},"sameAs":["https:\/\/www.facebook.com\/CanadianMidwives\/","https:\/\/www.instagram.com\/cam_acsf","https:\/\/www.linkedin.com\/company\/canadian-association-of-midwives"]}]}},"_links":{"self":[{"href":"https:\/\/canadianmidwives.org\/fr\/wp-json\/wp\/v2\/pages\/76429","targetHints":{"allow":["GET"]}}],"collection":[{"href":"https:\/\/canadianmidwives.org\/fr\/wp-json\/wp\/v2\/pages"}],"about":[{"href":"https:\/\/canadianmidwives.org\/fr\/wp-json\/wp\/v2\/types\/page"}],"author":[{"embeddable":true,"href":"https:\/\/canadianmidwives.org\/fr\/wp-json\/wp\/v2\/users\/25"}],"replies":[{"embeddable":true,"href":"https:\/\/canadianmidwives.org\/fr\/wp-json\/wp\/v2\/comments?post=76429"}],"version-history":[{"count":3,"href":"https:\/\/canadianmidwives.org\/fr\/wp-json\/wp\/v2\/pages\/76429\/revisions"}],"predecessor-version":[{"id":84666,"href":"https:\/\/canadianmidwives.org\/fr\/wp-json\/wp\/v2\/pages\/76429\/revisions\/84666"}],"up":[{"embeddable":true,"href":"https:\/\/canadianmidwives.org\/fr\/wp-json\/wp\/v2\/pages\/76425"}],"wp:attachment":[{"href":"https:\/\/canadianmidwives.org\/fr\/wp-json\/wp\/v2\/media?parent=76429"}],"curies":[{"name":"wp","href":"https:\/\/api.w.org\/{rel}","templated":true}]}}