{"id":80402,"date":"2025-05-05T16:51:03","date_gmt":"2025-05-05T20:51:03","guid":{"rendered":"https:\/\/canadianmidwives.org\/?page_id=80402"},"modified":"2025-05-05T16:51:05","modified_gmt":"2025-05-05T20:51:05","slug":"histoires-les-sages-femmes-en-action","status":"publish","type":"page","link":"https:\/\/canadianmidwives.org\/fr\/histoires-les-sages-femmes-en-action\/","title":{"rendered":"Histoires : Les sages-femmes en action"},"content":{"rendered":"\n<h2 class=\"wp-block-heading\">Les sages-femmes sont critiques dans chaque crise et essentielles chaque jour.<\/h2>\n\n\n\n<p>Elles sont pr\u00e9sentes lorsque cela compte le plus \u2014 en r\u00e9ponse aux catastrophes, en s\u2019adaptant lors des pand\u00e9mies, et en rejoignant les personnes l\u00e0 o\u00f9 elles se trouvent, m\u00eame face \u00e0 d\u2019immenses d\u00e9fis. Mais leur pouvoir ne se limite pas \u00e0 la gestion des crises. Chaque jour, les sages-femmes transforment discr\u00e8tement des vies et des syst\u00e8mes gr\u00e2ce \u00e0 des soins empreints de compassion, d\u2019expertise et centr\u00e9s sur la personne.<\/p>\n\n\n\n<p>Cette collection d\u2019histoires rend hommage \u00e0 ce travail.<\/p>\n\n\n<div class=\"is-style-boxed wp-block-themeisle-blocks-posts-grid\" id=\"wp-block-themeisle-blocks-posts-grid-4b72914c\"><div class=\"is-grid o-posts-grid-columns-3\"><div class=\"o-posts-grid-post-blog o-posts-grid-post-plain\"><div class=\"o-posts-grid-post\"><div class=\"o-posts-grid-post-image\"><a href=\"https:\/\/canadianmidwives.org\/fr\/sos-sages-femmes-accroitre-lacces-grace-a-la-collaboration-interprofessionnelle-ashlyn-doyle-et-fort-mcmurray-midwives\/\"><img loading=\"lazy\" decoding=\"async\" width=\"1200\" height=\"900\" src=\"https:\/\/canadianmidwives.org\/sites\/canadianmidwives.org\/wp-content\/uploads\/2025\/04\/fort-mac-es.png\" class=\"attachment-full size-full\" alt=\"SOS Sages-femmes ! Accro\u00eetre l\u2019acc\u00e8s gr\u00e2ce \u00e0 la collaboration interprofessionnelle (Ashlyn Doyle et Fort McMurray Midwives)\" srcset=\"https:\/\/canadianmidwives.org\/sites\/canadianmidwives.org\/wp-content\/uploads\/2025\/04\/fort-mac-es.png 1200w, https:\/\/canadianmidwives.org\/sites\/canadianmidwives.org\/wp-content\/uploads\/2025\/04\/fort-mac-es-300x225.png 300w, https:\/\/canadianmidwives.org\/sites\/canadianmidwives.org\/wp-content\/uploads\/2025\/04\/fort-mac-es-1024x768.png 1024w, https:\/\/canadianmidwives.org\/sites\/canadianmidwives.org\/wp-content\/uploads\/2025\/04\/fort-mac-es-768x576.png 768w, https:\/\/canadianmidwives.org\/sites\/canadianmidwives.org\/wp-content\/uploads\/2025\/04\/fort-mac-es-600x450.png 600w\" sizes=\"(max-width: 1200px) 100vw, 1200px\" \/><\/a><\/div><div class=\"o-posts-grid-post-body\"><span class=\"o-posts-grid-post-category\"><a href=\"https:\/\/canadianmidwives.org\/fr\/category\/histoires\/\">Histoires<\/a><\/span><h4 class=\"o-posts-grid-post-title\"><a href=\"https:\/\/canadianmidwives.org\/fr\/sos-sages-femmes-accroitre-lacces-grace-a-la-collaboration-interprofessionnelle-ashlyn-doyle-et-fort-mcmurray-midwives\/\">SOS Sages-femmes ! Accro\u00eetre l\u2019acc\u00e8s gr\u00e2ce \u00e0 la collaboration interprofessionnelle (Ashlyn Doyle et Fort McMurray Midwives)<\/a><\/h4><p class=\"o-posts-grid-post-meta\">Posted on <time datetime=\"2025-05-05T17:26:37-04:00\">5 mai, 2025<\/time> by <a href=\"https:\/\/canadianmidwives.org\/fr\/author\/csmith\/\">Cassie Smith<\/a><\/p><div class=\"o-posts-grid-post-description\"><p>Au Canada, les sages-femmes jouent un r\u00f4le essentiel dans les soins de sant\u00e9 sexuelle et reproductiv\u2026<\/p><\/div><\/div><\/div><\/div><div class=\"o-posts-grid-post-blog o-posts-grid-post-plain\"><div class=\"o-posts-grid-post\"><div class=\"o-posts-grid-post-image\"><a href=\"https:\/\/canadianmidwives.org\/fr\/la-pratique-sage-femme-autochtone-comme-soin-relationnel-cheryllee-bourgeois-and-call-auntie\/\"><img loading=\"lazy\" decoding=\"async\" width=\"1024\" height=\"768\" src=\"https:\/\/canadianmidwives.org\/sites\/canadianmidwives.org\/wp-content\/uploads\/2025\/04\/call-auntie.jpg\" class=\"attachment-full size-full\" alt=\"La pratique sage-femme autochtone comme soins relationnels (Cheryllee Bourgeois and Call Auntie)\" srcset=\"https:\/\/canadianmidwives.org\/sites\/canadianmidwives.org\/wp-content\/uploads\/2025\/04\/call-auntie.jpg 1024w, https:\/\/canadianmidwives.org\/sites\/canadianmidwives.org\/wp-content\/uploads\/2025\/04\/call-auntie-300x225.jpg 300w, https:\/\/canadianmidwives.org\/sites\/canadianmidwives.org\/wp-content\/uploads\/2025\/04\/call-auntie-768x576.jpg 768w, https:\/\/canadianmidwives.org\/sites\/canadianmidwives.org\/wp-content\/uploads\/2025\/04\/call-auntie-600x450.jpg 600w\" sizes=\"(max-width: 1024px) 100vw, 1024px\" \/><\/a><\/div><div class=\"o-posts-grid-post-body\"><span class=\"o-posts-grid-post-category\"><a href=\"https:\/\/canadianmidwives.org\/fr\/category\/histoires\/\">Histoires<\/a><\/span><h4 class=\"o-posts-grid-post-title\"><a href=\"https:\/\/canadianmidwives.org\/fr\/la-pratique-sage-femme-autochtone-comme-soin-relationnel-cheryllee-bourgeois-and-call-auntie\/\">La pratique sage-femme autochtone comme soins relationnels (Cheryllee Bourgeois and Call Auntie)<\/a><\/h4><p class=\"o-posts-grid-post-meta\">Posted on <time datetime=\"2025-05-05T17:18:31-04:00\">5 mai, 2025<\/time> by <a href=\"https:\/\/canadianmidwives.org\/fr\/author\/csmith\/\">Cassie Smith<\/a><\/p><div class=\"o-posts-grid-post-description\"><p>Cheryllee Bourgeois, sage-femme m\u00e9tisse de la rivi\u00e8re Rouge et cofondatrice de la clinique Call Aunt\u2026<\/p><\/div><\/div><\/div><\/div><div class=\"o-posts-grid-post-blog o-posts-grid-post-plain\"><div class=\"o-posts-grid-post\"><div class=\"o-posts-grid-post-image\"><a href=\"https:\/\/canadianmidwives.org\/fr\/sante-communautaire-integree-dans-une-clinique-autogeree-emmanuelle-dennie-filion-et-la-clinique-communautaire-de-pointe-saint-charles\/\"><img loading=\"lazy\" decoding=\"async\" width=\"1200\" height=\"900\" src=\"https:\/\/canadianmidwives.org\/sites\/canadianmidwives.org\/wp-content\/uploads\/2025\/05\/emmanuelle-clinique.png\" class=\"attachment-full size-full\" alt=\"Sant\u00e9 communautaire int\u00e9gr\u00e9e dans une clinique autog\u00e9r\u00e9e (Emmanuelle Dennie-Filion et la Clinique communautaire de Pointe-Saint-Charles)\" srcset=\"https:\/\/canadianmidwives.org\/sites\/canadianmidwives.org\/wp-content\/uploads\/2025\/05\/emmanuelle-clinique.png 1200w, https:\/\/canadianmidwives.org\/sites\/canadianmidwives.org\/wp-content\/uploads\/2025\/05\/emmanuelle-clinique-300x225.png 300w, https:\/\/canadianmidwives.org\/sites\/canadianmidwives.org\/wp-content\/uploads\/2025\/05\/emmanuelle-clinique-1024x768.png 1024w, https:\/\/canadianmidwives.org\/sites\/canadianmidwives.org\/wp-content\/uploads\/2025\/05\/emmanuelle-clinique-768x576.png 768w, https:\/\/canadianmidwives.org\/sites\/canadianmidwives.org\/wp-content\/uploads\/2025\/05\/emmanuelle-clinique-600x450.png 600w\" sizes=\"(max-width: 1200px) 100vw, 1200px\" \/><\/a><\/div><div class=\"o-posts-grid-post-body\"><span class=\"o-posts-grid-post-category\"><a href=\"https:\/\/canadianmidwives.org\/fr\/category\/histoires\/\">Histoires<\/a><\/span><h4 class=\"o-posts-grid-post-title\"><a href=\"https:\/\/canadianmidwives.org\/fr\/sante-communautaire-integree-dans-une-clinique-autogeree-emmanuelle-dennie-filion-et-la-clinique-communautaire-de-pointe-saint-charles\/\">Sant\u00e9 communautaire int\u00e9gr\u00e9e dans une clinique autog\u00e9r\u00e9e (Emmanuelle Dennie-Filion et la Clinique communautaire de Pointe-Saint-Charles)<\/a><\/h4><p class=\"o-posts-grid-post-meta\">Posted on <time datetime=\"2025-05-05T17:07:12-04:00\">5 mai, 2025<\/time> by <a href=\"https:\/\/canadianmidwives.org\/fr\/author\/csmith\/\">Cassie Smith<\/a><\/p><div class=\"o-posts-grid-post-description\"><p>\u00c0 la Clinique communautaire de Pointe-Saint-Charles \u00e0 Montr\u00e9al, les sages-femmes offrent des soins d\u2026<\/p><\/div><\/div><\/div><\/div><div class=\"o-posts-grid-post-blog o-posts-grid-post-plain\"><div class=\"o-posts-grid-post\"><div class=\"o-posts-grid-post-image\"><a href=\"https:\/\/canadianmidwives.org\/fr\/sages-femmes-guerre-et-espoir-en-republique-democratique-du-congo-loti-kubaya-mielor\/\"><img loading=\"lazy\" decoding=\"async\" width=\"1200\" height=\"900\" src=\"https:\/\/canadianmidwives.org\/sites\/canadianmidwives.org\/wp-content\/uploads\/2025\/05\/loti-feature.png\" class=\"attachment-full size-full\" alt=\"Sages-femmes, guerre et espoir en R\u00e9publique d\u00e9mocratique du Congo (Loti Kubaya Mielor)\" srcset=\"https:\/\/canadianmidwives.org\/sites\/canadianmidwives.org\/wp-content\/uploads\/2025\/05\/loti-feature.png 1200w, https:\/\/canadianmidwives.org\/sites\/canadianmidwives.org\/wp-content\/uploads\/2025\/05\/loti-feature-300x225.png 300w, https:\/\/canadianmidwives.org\/sites\/canadianmidwives.org\/wp-content\/uploads\/2025\/05\/loti-feature-1024x768.png 1024w, https:\/\/canadianmidwives.org\/sites\/canadianmidwives.org\/wp-content\/uploads\/2025\/05\/loti-feature-768x576.png 768w, https:\/\/canadianmidwives.org\/sites\/canadianmidwives.org\/wp-content\/uploads\/2025\/05\/loti-feature-600x450.png 600w\" sizes=\"(max-width: 1200px) 100vw, 1200px\" \/><\/a><\/div><div class=\"o-posts-grid-post-body\"><span class=\"o-posts-grid-post-category\"><a href=\"https:\/\/canadianmidwives.org\/fr\/category\/histoires\/\">Histoires<\/a><\/span><h4 class=\"o-posts-grid-post-title\"><a href=\"https:\/\/canadianmidwives.org\/fr\/sages-femmes-guerre-et-espoir-en-republique-democratique-du-congo-loti-kubaya-mielor\/\">Sages-femmes, guerre et espoir en R\u00e9publique d\u00e9mocratique du Congo (Loti Kubaya Mielor)<\/a><\/h4><p class=\"o-posts-grid-post-meta\">Posted on <time datetime=\"2025-05-05T17:00:15-04:00\">5 mai, 2025<\/time> by <a href=\"https:\/\/canadianmidwives.org\/fr\/author\/csmith\/\">Cassie Smith<\/a><\/p><div class=\"o-posts-grid-post-description\"><p>\u00ab Dans le chaos de la guerre et du d\u00e9placement, l\u00e0 o\u00f9 chaque \u00e9tincelle de vie risque d\u2019\u00eatre \u00e9teinte,\u2026<\/p><\/div><\/div><\/div><\/div><div class=\"o-posts-grid-post-blog o-posts-grid-post-plain\"><div class=\"o-posts-grid-post\"><div class=\"o-posts-grid-post-image\"><a href=\"https:\/\/canadianmidwives.org\/fr\/soins-tenant-compte-des-traumatismes-pour-les-jeunes-autochtones-en-milieu-urbain-anonyme\/\"><img loading=\"lazy\" decoding=\"async\" width=\"1200\" height=\"628\" src=\"https:\/\/canadianmidwives.org\/sites\/canadianmidwives.org\/wp-content\/uploads\/2025\/05\/featured-N.png\" class=\"attachment-full size-full\" alt=\"Soins tenant compte des traumatismes pour les jeunes Autochtones en milieu urbain (Anonyme)\" srcset=\"https:\/\/canadianmidwives.org\/sites\/canadianmidwives.org\/wp-content\/uploads\/2025\/05\/featured-N.png 1200w, https:\/\/canadianmidwives.org\/sites\/canadianmidwives.org\/wp-content\/uploads\/2025\/05\/featured-N-300x157.png 300w, https:\/\/canadianmidwives.org\/sites\/canadianmidwives.org\/wp-content\/uploads\/2025\/05\/featured-N-1024x536.png 1024w, https:\/\/canadianmidwives.org\/sites\/canadianmidwives.org\/wp-content\/uploads\/2025\/05\/featured-N-768x402.png 768w, https:\/\/canadianmidwives.org\/sites\/canadianmidwives.org\/wp-content\/uploads\/2025\/05\/featured-N-600x314.png 600w\" sizes=\"(max-width: 1200px) 100vw, 1200px\" \/><\/a><\/div><div class=\"o-posts-grid-post-body\"><span class=\"o-posts-grid-post-category\"><a href=\"https:\/\/canadianmidwives.org\/fr\/category\/histoires\/\">Histoires<\/a><\/span><h4 class=\"o-posts-grid-post-title\"><a href=\"https:\/\/canadianmidwives.org\/fr\/soins-tenant-compte-des-traumatismes-pour-les-jeunes-autochtones-en-milieu-urbain-anonyme\/\">Soins tenant compte des traumatismes pour les jeunes Autochtones en milieu urbain (Anonyme)<\/a><\/h4><p class=\"o-posts-grid-post-meta\">Posted on <time datetime=\"2025-05-05T16:47:19-04:00\">5 mai, 2025<\/time> by <a href=\"https:\/\/canadianmidwives.org\/fr\/author\/csmith\/\">Cassie Smith<\/a><\/p><div class=\"o-posts-grid-post-description\"><p>Nadine Morin, une sage-femme autochtone travaillant dans un centre urbain, a mis au point un mod\u00e8le \u2026<\/p><\/div><\/div><\/div><\/div><\/div> <\/div>","protected":false},"excerpt":{"rendered":"<p>Les sages-femmes sont critiques dans chaque crise et essentielles chaque jour. Elles sont pr\u00e9sentes lorsque cela compte le plus \u2014 en r\u00e9ponse aux catastrophes, en s\u2019adaptant lors des pand\u00e9mies, et en rejoignant les personnes l\u00e0 o\u00f9 elles se trouvent, m\u00eame face \u00e0 d\u2019immenses d\u00e9fis. Mais leur pouvoir ne se limite pas \u00e0 la gestion des&hellip;&nbsp;<a href=\"https:\/\/canadianmidwives.org\/fr\/histoires-les-sages-femmes-en-action\/\" rel=\"bookmark\">Lire la suite &raquo;<span class=\"screen-reader-text\">Histoires : Les sages-femmes en action<\/span><\/a><\/p>\n","protected":false},"author":2904,"featured_media":80382,"parent":0,"menu_order":0,"comment_status":"closed","ping_status":"closed","template":"","meta":{"_monsterinsights_skip_tracking":false,"_monsterinsights_sitenote_active":false,"_monsterinsights_sitenote_note":"","_monsterinsights_sitenote_category":0,"neve_meta_sidebar":"","neve_meta_container":"","neve_meta_enable_content_width":"","neve_meta_content_width":0,"neve_meta_title_alignment":"","neve_meta_author_avatar":"","neve_post_elements_order":"","neve_meta_disable_header":"","neve_meta_disable_footer":"","neve_meta_disable_title":"","_themeisle_gutenberg_block_has_review":false,"footnotes":""},"class_list":["post-80402","page","type-page","status-publish","has-post-thumbnail","hentry"],"yoast_head":"<!-- This site is optimized with the Yoast SEO plugin v27.4 - https:\/\/yoast.com\/product\/yoast-seo-wordpress\/ -->\n<title>Histoires : Les sages-femmes en action - Association canadienne des sages-femmes<\/title>\n<meta name=\"robots\" content=\"index, follow, max-snippet:-1, max-image-preview:large, max-video-preview:-1\" \/>\n<link rel=\"canonical\" href=\"https:\/\/canadianmidwives.org\/fr\/histoires-les-sages-femmes-en-action\/\" \/>\n<meta property=\"og:locale\" content=\"fr_CA\" \/>\n<meta property=\"og:type\" content=\"article\" \/>\n<meta property=\"og:title\" content=\"Histoires : Les sages-femmes en action - Association canadienne des sages-femmes\" \/>\n<meta property=\"og:description\" content=\"Les sages-femmes sont critiques dans chaque crise et essentielles chaque jour. Elles sont pr\u00e9sentes lorsque cela compte le plus \u2014 en r\u00e9ponse aux catastrophes, en s\u2019adaptant lors des pand\u00e9mies, et en rejoignant les personnes l\u00e0 o\u00f9 elles se trouvent, m\u00eame face \u00e0 d\u2019immenses d\u00e9fis. Mais leur pouvoir ne se limite pas \u00e0 la gestion des&hellip;&nbsp;Lire la suite &raquo;Histoires : Les sages-femmes en action\" \/>\n<meta property=\"og:url\" content=\"https:\/\/canadianmidwives.org\/fr\/histoires-les-sages-femmes-en-action\/\" \/>\n<meta property=\"og:site_name\" content=\"Association canadienne des sages-femmes\" \/>\n<meta property=\"article:publisher\" content=\"https:\/\/www.facebook.com\/CanadianMidwives\/\" \/>\n<meta property=\"article:modified_time\" content=\"2025-05-05T20:51:05+00:00\" \/>\n<meta name=\"twitter:card\" content=\"summary_large_image\" \/>\n<meta name=\"twitter:label1\" content=\"Estimation du temps de lecture\" \/>\n\t<meta name=\"twitter:data1\" content=\"1 minute\" \/>\n<script type=\"application\/ld+json\" class=\"yoast-schema-graph\">{\"@context\":\"https:\\\/\\\/schema.org\",\"@graph\":[{\"@type\":\"WebPage\",\"@id\":\"https:\\\/\\\/canadianmidwives.org\\\/fr\\\/histoires-les-sages-femmes-en-action\\\/\",\"url\":\"https:\\\/\\\/canadianmidwives.org\\\/fr\\\/histoires-les-sages-femmes-en-action\\\/\",\"name\":\"Histoires : Les sages-femmes en action - Association canadienne des sages-femmes\",\"isPartOf\":{\"@id\":\"https:\\\/\\\/canadianmidwives.org\\\/fr\\\/#website\"},\"primaryImageOfPage\":{\"@id\":\"https:\\\/\\\/canadianmidwives.org\\\/fr\\\/histoires-les-sages-femmes-en-action\\\/#primaryimage\"},\"image\":{\"@id\":\"https:\\\/\\\/canadianmidwives.org\\\/fr\\\/histoires-les-sages-femmes-en-action\\\/#primaryimage\"},\"thumbnailUrl\":\"https:\\\/\\\/canadianmidwives.org\\\/sites\\\/canadianmidwives.org\\\/wp-content\\\/uploads\\\/2025\\\/05\\\/emmanuelle-clinique.png\",\"datePublished\":\"2025-05-05T20:51:03+00:00\",\"dateModified\":\"2025-05-05T20:51:05+00:00\",\"breadcrumb\":{\"@id\":\"https:\\\/\\\/canadianmidwives.org\\\/fr\\\/histoires-les-sages-femmes-en-action\\\/#breadcrumb\"},\"inLanguage\":\"fr-CA\",\"potentialAction\":[{\"@type\":\"ReadAction\",\"target\":[\"https:\\\/\\\/canadianmidwives.org\\\/fr\\\/histoires-les-sages-femmes-en-action\\\/\"]}]},{\"@type\":\"ImageObject\",\"inLanguage\":\"fr-CA\",\"@id\":\"https:\\\/\\\/canadianmidwives.org\\\/fr\\\/histoires-les-sages-femmes-en-action\\\/#primaryimage\",\"url\":\"https:\\\/\\\/canadianmidwives.org\\\/sites\\\/canadianmidwives.org\\\/wp-content\\\/uploads\\\/2025\\\/05\\\/emmanuelle-clinique.png\",\"contentUrl\":\"https:\\\/\\\/canadianmidwives.org\\\/sites\\\/canadianmidwives.org\\\/wp-content\\\/uploads\\\/2025\\\/05\\\/emmanuelle-clinique.png\",\"width\":1200,\"height\":900,\"caption\":\"The midwifery team at the clinic (source: Pointe Saint-Charle Community Clinic)\"},{\"@type\":\"BreadcrumbList\",\"@id\":\"https:\\\/\\\/canadianmidwives.org\\\/fr\\\/histoires-les-sages-femmes-en-action\\\/#breadcrumb\",\"itemListElement\":[{\"@type\":\"ListItem\",\"position\":1,\"name\":\"Accueil\",\"item\":\"https:\\\/\\\/canadianmidwives.org\\\/fr\\\/\"},{\"@type\":\"ListItem\",\"position\":2,\"name\":\"Histoires : Les sages-femmes en action\"}]},{\"@type\":\"WebSite\",\"@id\":\"https:\\\/\\\/canadianmidwives.org\\\/fr\\\/#website\",\"url\":\"https:\\\/\\\/canadianmidwives.org\\\/fr\\\/\",\"name\":\"Association canadienne des sages-femmes\",\"description\":\"Des sages-femmes pour tous, partout\",\"publisher\":{\"@id\":\"https:\\\/\\\/canadianmidwives.org\\\/fr\\\/#organization\"},\"potentialAction\":[{\"@type\":\"SearchAction\",\"target\":{\"@type\":\"EntryPoint\",\"urlTemplate\":\"https:\\\/\\\/canadianmidwives.org\\\/fr\\\/?s={search_term_string}\"},\"query-input\":{\"@type\":\"PropertyValueSpecification\",\"valueRequired\":true,\"valueName\":\"search_term_string\"}}],\"inLanguage\":\"fr-CA\"},{\"@type\":\"Organization\",\"@id\":\"https:\\\/\\\/canadianmidwives.org\\\/fr\\\/#organization\",\"name\":\"Association canadienne des sages-femmes\",\"url\":\"https:\\\/\\\/canadianmidwives.org\\\/fr\\\/\",\"logo\":{\"@type\":\"ImageObject\",\"inLanguage\":\"fr-CA\",\"@id\":\"https:\\\/\\\/canadianmidwives.org\\\/fr\\\/#\\\/schema\\\/logo\\\/image\\\/\",\"url\":\"https:\\\/\\\/canadianmidwives.org\\\/sites\\\/canadianmidwives.org\\\/wp-content\\\/uploads\\\/2022\\\/03\\\/CAM-Logo-2022-1536x462-1.png\",\"contentUrl\":\"https:\\\/\\\/canadianmidwives.org\\\/sites\\\/canadianmidwives.org\\\/wp-content\\\/uploads\\\/2022\\\/03\\\/CAM-Logo-2022-1536x462-1.png\",\"width\":1536,\"height\":462,\"caption\":\"Association canadienne des sages-femmes\"},\"image\":{\"@id\":\"https:\\\/\\\/canadianmidwives.org\\\/fr\\\/#\\\/schema\\\/logo\\\/image\\\/\"},\"sameAs\":[\"https:\\\/\\\/www.facebook.com\\\/CanadianMidwives\\\/\",\"https:\\\/\\\/www.instagram.com\\\/cam_acsf\",\"https:\\\/\\\/www.linkedin.com\\\/company\\\/canadian-association-of-midwives\"]}]}<\/script>\n<!-- \/ Yoast SEO plugin. -->","yoast_head_json":{"title":"Histoires : Les sages-femmes en action - Association canadienne des sages-femmes","robots":{"index":"index","follow":"follow","max-snippet":"max-snippet:-1","max-image-preview":"max-image-preview:large","max-video-preview":"max-video-preview:-1"},"canonical":"https:\/\/canadianmidwives.org\/fr\/histoires-les-sages-femmes-en-action\/","og_locale":"fr_CA","og_type":"article","og_title":"Histoires : Les sages-femmes en action - Association canadienne des sages-femmes","og_description":"Les sages-femmes sont critiques dans chaque crise et essentielles chaque jour. Elles sont pr\u00e9sentes lorsque cela compte le plus \u2014 en r\u00e9ponse aux catastrophes, en s\u2019adaptant lors des pand\u00e9mies, et en rejoignant les personnes l\u00e0 o\u00f9 elles se trouvent, m\u00eame face \u00e0 d\u2019immenses d\u00e9fis. Mais leur pouvoir ne se limite pas \u00e0 la gestion des&hellip;&nbsp;Lire la suite &raquo;Histoires : Les sages-femmes en action","og_url":"https:\/\/canadianmidwives.org\/fr\/histoires-les-sages-femmes-en-action\/","og_site_name":"Association canadienne des sages-femmes","article_publisher":"https:\/\/www.facebook.com\/CanadianMidwives\/","article_modified_time":"2025-05-05T20:51:05+00:00","twitter_card":"summary_large_image","twitter_misc":{"Estimation du temps de lecture":"1 minute"},"schema":{"@context":"https:\/\/schema.org","@graph":[{"@type":"WebPage","@id":"https:\/\/canadianmidwives.org\/fr\/histoires-les-sages-femmes-en-action\/","url":"https:\/\/canadianmidwives.org\/fr\/histoires-les-sages-femmes-en-action\/","name":"Histoires : Les sages-femmes en action - Association canadienne des sages-femmes","isPartOf":{"@id":"https:\/\/canadianmidwives.org\/fr\/#website"},"primaryImageOfPage":{"@id":"https:\/\/canadianmidwives.org\/fr\/histoires-les-sages-femmes-en-action\/#primaryimage"},"image":{"@id":"https:\/\/canadianmidwives.org\/fr\/histoires-les-sages-femmes-en-action\/#primaryimage"},"thumbnailUrl":"https:\/\/canadianmidwives.org\/sites\/canadianmidwives.org\/wp-content\/uploads\/2025\/05\/emmanuelle-clinique.png","datePublished":"2025-05-05T20:51:03+00:00","dateModified":"2025-05-05T20:51:05+00:00","breadcrumb":{"@id":"https:\/\/canadianmidwives.org\/fr\/histoires-les-sages-femmes-en-action\/#breadcrumb"},"inLanguage":"fr-CA","potentialAction":[{"@type":"ReadAction","target":["https:\/\/canadianmidwives.org\/fr\/histoires-les-sages-femmes-en-action\/"]}]},{"@type":"ImageObject","inLanguage":"fr-CA","@id":"https:\/\/canadianmidwives.org\/fr\/histoires-les-sages-femmes-en-action\/#primaryimage","url":"https:\/\/canadianmidwives.org\/sites\/canadianmidwives.org\/wp-content\/uploads\/2025\/05\/emmanuelle-clinique.png","contentUrl":"https:\/\/canadianmidwives.org\/sites\/canadianmidwives.org\/wp-content\/uploads\/2025\/05\/emmanuelle-clinique.png","width":1200,"height":900,"caption":"The midwifery team at the clinic (source: Pointe Saint-Charle Community Clinic)"},{"@type":"BreadcrumbList","@id":"https:\/\/canadianmidwives.org\/fr\/histoires-les-sages-femmes-en-action\/#breadcrumb","itemListElement":[{"@type":"ListItem","position":1,"name":"Accueil","item":"https:\/\/canadianmidwives.org\/fr\/"},{"@type":"ListItem","position":2,"name":"Histoires : Les sages-femmes en action"}]},{"@type":"WebSite","@id":"https:\/\/canadianmidwives.org\/fr\/#website","url":"https:\/\/canadianmidwives.org\/fr\/","name":"Association canadienne des sages-femmes","description":"Des sages-femmes pour tous, partout","publisher":{"@id":"https:\/\/canadianmidwives.org\/fr\/#organization"},"potentialAction":[{"@type":"SearchAction","target":{"@type":"EntryPoint","urlTemplate":"https:\/\/canadianmidwives.org\/fr\/?s={search_term_string}"},"query-input":{"@type":"PropertyValueSpecification","valueRequired":true,"valueName":"search_term_string"}}],"inLanguage":"fr-CA"},{"@type":"Organization","@id":"https:\/\/canadianmidwives.org\/fr\/#organization","name":"Association canadienne des sages-femmes","url":"https:\/\/canadianmidwives.org\/fr\/","logo":{"@type":"ImageObject","inLanguage":"fr-CA","@id":"https:\/\/canadianmidwives.org\/fr\/#\/schema\/logo\/image\/","url":"https:\/\/canadianmidwives.org\/sites\/canadianmidwives.org\/wp-content\/uploads\/2022\/03\/CAM-Logo-2022-1536x462-1.png","contentUrl":"https:\/\/canadianmidwives.org\/sites\/canadianmidwives.org\/wp-content\/uploads\/2022\/03\/CAM-Logo-2022-1536x462-1.png","width":1536,"height":462,"caption":"Association canadienne des sages-femmes"},"image":{"@id":"https:\/\/canadianmidwives.org\/fr\/#\/schema\/logo\/image\/"},"sameAs":["https:\/\/www.facebook.com\/CanadianMidwives\/","https:\/\/www.instagram.com\/cam_acsf","https:\/\/www.linkedin.com\/company\/canadian-association-of-midwives"]}]}},"_links":{"self":[{"href":"https:\/\/canadianmidwives.org\/fr\/wp-json\/wp\/v2\/pages\/80402","targetHints":{"allow":["GET"]}}],"collection":[{"href":"https:\/\/canadianmidwives.org\/fr\/wp-json\/wp\/v2\/pages"}],"about":[{"href":"https:\/\/canadianmidwives.org\/fr\/wp-json\/wp\/v2\/types\/page"}],"author":[{"embeddable":true,"href":"https:\/\/canadianmidwives.org\/fr\/wp-json\/wp\/v2\/users\/2904"}],"replies":[{"embeddable":true,"href":"https:\/\/canadianmidwives.org\/fr\/wp-json\/wp\/v2\/comments?post=80402"}],"version-history":[{"count":2,"href":"https:\/\/canadianmidwives.org\/fr\/wp-json\/wp\/v2\/pages\/80402\/revisions"}],"predecessor-version":[{"id":80423,"href":"https:\/\/canadianmidwives.org\/fr\/wp-json\/wp\/v2\/pages\/80402\/revisions\/80423"}],"wp:featuredmedia":[{"embeddable":true,"href":"https:\/\/canadianmidwives.org\/fr\/wp-json\/wp\/v2\/media\/80382"}],"wp:attachment":[{"href":"https:\/\/canadianmidwives.org\/fr\/wp-json\/wp\/v2\/media?parent=80402"}],"curies":[{"name":"wp","href":"https:\/\/api.w.org\/{rel}","templated":true}]}}