{"id":80591,"date":"2025-05-13T16:00:00","date_gmt":"2025-05-13T20:00:00","guid":{"rendered":"https:\/\/canadianmidwives.org\/?page_id=80591"},"modified":"2025-05-13T16:00:04","modified_gmt":"2025-05-13T20:00:04","slug":"sages-femmes-somaliennes-pour-lamelioration-des-conditions-de-vie-et-la-promotion-de-la-sante-sexuelle-et-reproductive-smiles","status":"publish","type":"page","link":"https:\/\/canadianmidwives.org\/fr\/mondial\/sages-femmes-somaliennes-pour-lamelioration-des-conditions-de-vie-et-la-promotion-de-la-sante-sexuelle-et-reproductive-smiles\/","title":{"rendered":"Sages-femmes somaliennes pour l&rsquo;am\u00e9lioration des conditions de vie et la promotion de la sant\u00e9 sexuelle et reproductive (SMILES)"},"content":{"rendered":"\n<p id=\"block-cce6b3cd-bd5a-43d9-a702-ea701157ce59\"><a href=\"https:\/\/canadianmidwives.org\/fr\/mondial\/\">&lt; back<\/a><\/p>\n\n\n\n<figure class=\"wp-block-image size-large is-resized\" id=\"block-68fb6958-ce00-4676-842e-8b7afff06e10\"><img loading=\"lazy\" decoding=\"async\" width=\"1024\" height=\"682\" src=\"https:\/\/canadianmidwives.org\/sites\/canadianmidwives.org\/wp-content\/uploads\/2024\/05\/IMG-20240505-WA0075-1024x682.jpg\" alt=\"\" class=\"wp-image-76237\" style=\"width:1065px;height:auto\" srcset=\"https:\/\/canadianmidwives.org\/sites\/canadianmidwives.org\/wp-content\/uploads\/2024\/05\/IMG-20240505-WA0075-1024x682.jpg 1024w, https:\/\/canadianmidwives.org\/sites\/canadianmidwives.org\/wp-content\/uploads\/2024\/05\/IMG-20240505-WA0075-300x200.jpg 300w, https:\/\/canadianmidwives.org\/sites\/canadianmidwives.org\/wp-content\/uploads\/2024\/05\/IMG-20240505-WA0075-768x512.jpg 768w, https:\/\/canadianmidwives.org\/sites\/canadianmidwives.org\/wp-content\/uploads\/2024\/05\/IMG-20240505-WA0075-1536x1023.jpg 1536w, https:\/\/canadianmidwives.org\/sites\/canadianmidwives.org\/wp-content\/uploads\/2024\/05\/IMG-20240505-WA0075-930x620.jpg 930w, https:\/\/canadianmidwives.org\/sites\/canadianmidwives.org\/wp-content\/uploads\/2024\/05\/IMG-20240505-WA0075-600x400.jpg 600w, https:\/\/canadianmidwives.org\/sites\/canadianmidwives.org\/wp-content\/uploads\/2024\/05\/IMG-20240505-WA0075.jpg 1600w\" sizes=\"auto, (max-width: 1024px) 100vw, 1024px\" \/><\/figure>\n\n\n\n<p id=\"block-02da78f3-5ed1-44bf-ac07-387f03caa6c6\">Le projet <strong>SMILES<\/strong> est une initiative de cinq ans (mars 2025 \u2013 juin 2030) visant \u00e0 renforcer la sant\u00e9 et les droits sexuels et reproductifs (SDSR) des adolescentes et des femmes \u00e2g\u00e9es de 15 \u00e0 49 ans en Somalie. S&rsquo;appuyant sur les bases solides du projet SMEPS, SMILES \u00e9tend la port\u00e9e et la profondeur de la formation des sages-femmes, de l&rsquo;\u00e9ducation, du plaidoyer et de la prestation de services dans le Somaliland, le Puntland, le Galgaduud et le Bas-Jubaland.<\/p>\n\n\n\n<p id=\"block-02da78f3-5ed1-44bf-ac07-387f03caa6c6\">Financ\u00e9 par Affaires mondiales Canada (AMC), SMILES est dirig\u00e9 par CARE Canada en partenariat avec l\u2019Association canadienne des sages-femmes (ACSF) qui agit \u00e0 titre de partenaire technique principal, CARE International Somalie, l\u2019Association somalienne des sages-femmes (SOMA), l\u2019Association des sages-femmes du Puntland (PAM) et l\u2019Association des infirmi\u00e8res et sages-femmes du Somaliland (SLNMA).<\/p>\n\n\n\n<hr class=\"wp-block-separator has-alpha-channel-opacity\" \/>\n\n\n\n<h2 class=\"wp-block-heading\" id=\"block-c7bfd5e0-55fe-48da-aaca-9b2bb058b97a\"><strong>Objectifs du projet<\/strong><\/h2>\n\n\n\n<ul id=\"block-5ff210b1-2f9c-4325-8750-90db44c636bf\" class=\"wp-block-list\">\n<li>Augmenter le nombre de sages-femmes qualifi\u00e9es en soutenant les \u00e9coles de formation \u00e0 offrir une \u00e9ducation pr\u00e9natale de qualit\u00e9, fond\u00e9e sur les droits et tenant compte de l\u2019\u00e9galit\u00e9 des genres.<\/li>\n\n\n\n<li>Renforcer les associations de sages-femmes et les syst\u00e8mes gouvernementaux afin de promouvoir les SDSR sensibles au genre.<\/li>\n\n\n\n<li>Am\u00e9liorer le d\u00e9veloppement professionnel par le biais de la formation continue, du mentorat et du soutien aux sages-femmes en exercice et communautaires.<\/li>\n\n\n\n<li>Sensibiliser davantage les communaut\u00e9s et accro\u00eetre la demande de services SDSR gr\u00e2ce \u00e0 des actions cibl\u00e9es aupr\u00e8s des adolescentes et des populations marginalis\u00e9es, y compris les communaut\u00e9s rurales, les minorit\u00e9s ethniques et les personnes en situation de handicap.<\/li>\n\n\n\n<li>Promouvoir des services de sant\u00e9 communautaires inclusifs, accessibles, culturellement s\u00fbrs et adapt\u00e9s aux divers besoins des femmes et des filles en Somalie.<\/li>\n<\/ul>\n\n\n\n<h2 class=\"wp-block-heading\" id=\"block-c7bfd5e0-55fe-48da-aaca-9b2bb058b97a\"><strong>Public cible<\/strong><\/h2>\n\n\n\n<ul class=\"wp-block-list\">\n<li>Le projet SMILES b\u00e9n\u00e9ficiera directement \u00e0 <strong>335 858 personnes<\/strong>, notamment : des femmes et des filles vivant dans des communaut\u00e9s marginalis\u00e9es, y compris les zones rurales, les minorit\u00e9s ethniques, les personnes en situation de d\u00e9placement et celles en situation de handicap.<\/li>\n\n\n\n<li>Des sages-femmes et des professionnels de la sant\u00e9, y compris : 100 formateurs et 40 instructeurs cliniques, 40 professionnels de la sant\u00e9 reproductive en \u00e9tablissements de sant\u00e9, <\/li>\n\n\n\n<li>Les dirigeant\u00b7es des trois associations de sages-femmes (SLNMA, SOMA, PAM)<\/li>\n<\/ul>\n\n\n\n<h2 class=\"wp-block-heading\" id=\"block-6e3645dd-403b-4c86-8217-88c214aa82ac\"><strong>Budget total du projet<\/strong><\/h2>\n\n\n\n<p id=\"block-863b53ee-6e60-460a-b8c2-b49ed18cd5d1\">4 millions CAD<\/p>\n\n\n\n<p><\/p>\n","protected":false},"excerpt":{"rendered":"<p>&lt; back Le projet SMILES est une initiative de cinq ans (mars 2025 \u2013 juin 2030) visant \u00e0 renforcer la sant\u00e9 et les droits sexuels et reproductifs (SDSR) des adolescentes et des femmes \u00e2g\u00e9es de 15 \u00e0 49 ans en Somalie. S&rsquo;appuyant sur les bases solides du projet SMEPS, SMILES \u00e9tend la port\u00e9e et la&hellip;&nbsp;<a href=\"https:\/\/canadianmidwives.org\/fr\/mondial\/sages-femmes-somaliennes-pour-lamelioration-des-conditions-de-vie-et-la-promotion-de-la-sante-sexuelle-et-reproductive-smiles\/\" rel=\"bookmark\">Lire la suite &raquo;<span class=\"screen-reader-text\">Sages-femmes somaliennes pour l&rsquo;am\u00e9lioration des conditions de vie et la promotion de la sant\u00e9 sexuelle et reproductive (SMILES)<\/span><\/a><\/p>\n","protected":false},"author":2159,"featured_media":0,"parent":49695,"menu_order":0,"comment_status":"closed","ping_status":"closed","template":"","meta":{"_monsterinsights_skip_tracking":false,"_monsterinsights_sitenote_active":false,"_monsterinsights_sitenote_note":"","_monsterinsights_sitenote_category":0,"neve_meta_sidebar":"","neve_meta_container":"","neve_meta_enable_content_width":"","neve_meta_content_width":0,"neve_meta_title_alignment":"","neve_meta_author_avatar":"","neve_post_elements_order":"","neve_meta_disable_header":"","neve_meta_disable_footer":"","neve_meta_disable_title":"","_themeisle_gutenberg_block_has_review":false,"footnotes":""},"class_list":["post-80591","page","type-page","status-publish","hentry"],"yoast_head":"<!-- This site is optimized with the Yoast SEO plugin v27.3 - https:\/\/yoast.com\/product\/yoast-seo-wordpress\/ -->\n<title>Sages-femmes somaliennes pour l&#039;am\u00e9lioration des conditions de vie et la promotion de la sant\u00e9 sexuelle et reproductive (SMILES) - Association canadienne des sages-femmes<\/title>\n<meta name=\"robots\" content=\"index, follow, max-snippet:-1, max-image-preview:large, max-video-preview:-1\" \/>\n<link rel=\"canonical\" href=\"https:\/\/canadianmidwives.org\/fr\/mondial\/sages-femmes-somaliennes-pour-lamelioration-des-conditions-de-vie-et-la-promotion-de-la-sante-sexuelle-et-reproductive-smiles\/\" \/>\n<meta property=\"og:locale\" content=\"fr_CA\" \/>\n<meta property=\"og:type\" content=\"article\" \/>\n<meta property=\"og:title\" content=\"Sages-femmes somaliennes pour l&#039;am\u00e9lioration des conditions de vie et la promotion de la sant\u00e9 sexuelle et reproductive (SMILES) - Association canadienne des sages-femmes\" \/>\n<meta property=\"og:description\" content=\"&lt; back Le projet SMILES est une initiative de cinq ans (mars 2025 \u2013 juin 2030) visant \u00e0 renforcer la sant\u00e9 et les droits sexuels et reproductifs (SDSR) des adolescentes et des femmes \u00e2g\u00e9es de 15 \u00e0 49 ans en Somalie. S&rsquo;appuyant sur les bases solides du projet SMEPS, SMILES \u00e9tend la port\u00e9e et la&hellip;&nbsp;Lire la suite &raquo;Sages-femmes somaliennes pour l&rsquo;am\u00e9lioration des conditions de vie et la promotion de la sant\u00e9 sexuelle et reproductive (SMILES)\" \/>\n<meta property=\"og:url\" content=\"https:\/\/canadianmidwives.org\/fr\/mondial\/sages-femmes-somaliennes-pour-lamelioration-des-conditions-de-vie-et-la-promotion-de-la-sante-sexuelle-et-reproductive-smiles\/\" \/>\n<meta property=\"og:site_name\" content=\"Association canadienne des sages-femmes\" \/>\n<meta property=\"article:publisher\" content=\"https:\/\/www.facebook.com\/CanadianMidwives\/\" \/>\n<meta property=\"article:modified_time\" content=\"2025-05-13T20:00:04+00:00\" \/>\n<meta property=\"og:image\" content=\"https:\/\/canadianmidwives.org\/sites\/canadianmidwives.org\/wp-content\/uploads\/2024\/05\/IMG-20240505-WA0075.jpg\" \/>\n\t<meta property=\"og:image:width\" content=\"1600\" \/>\n\t<meta property=\"og:image:height\" content=\"1066\" \/>\n\t<meta property=\"og:image:type\" content=\"image\/jpeg\" \/>\n<meta name=\"twitter:card\" content=\"summary_large_image\" \/>\n<meta name=\"twitter:label1\" content=\"Estimation du temps de lecture\" \/>\n\t<meta name=\"twitter:data1\" content=\"2 minutes\" \/>\n<script type=\"application\/ld+json\" class=\"yoast-schema-graph\">{\"@context\":\"https:\\\/\\\/schema.org\",\"@graph\":[{\"@type\":\"WebPage\",\"@id\":\"https:\\\/\\\/canadianmidwives.org\\\/fr\\\/mondial\\\/sages-femmes-somaliennes-pour-lamelioration-des-conditions-de-vie-et-la-promotion-de-la-sante-sexuelle-et-reproductive-smiles\\\/\",\"url\":\"https:\\\/\\\/canadianmidwives.org\\\/fr\\\/mondial\\\/sages-femmes-somaliennes-pour-lamelioration-des-conditions-de-vie-et-la-promotion-de-la-sante-sexuelle-et-reproductive-smiles\\\/\",\"name\":\"Sages-femmes somaliennes pour l'am\u00e9lioration des conditions de vie et la promotion de la sant\u00e9 sexuelle et reproductive (SMILES) - Association canadienne des sages-femmes\",\"isPartOf\":{\"@id\":\"https:\\\/\\\/canadianmidwives.org\\\/fr\\\/#website\"},\"primaryImageOfPage\":{\"@id\":\"https:\\\/\\\/canadianmidwives.org\\\/fr\\\/mondial\\\/sages-femmes-somaliennes-pour-lamelioration-des-conditions-de-vie-et-la-promotion-de-la-sante-sexuelle-et-reproductive-smiles\\\/#primaryimage\"},\"image\":{\"@id\":\"https:\\\/\\\/canadianmidwives.org\\\/fr\\\/mondial\\\/sages-femmes-somaliennes-pour-lamelioration-des-conditions-de-vie-et-la-promotion-de-la-sante-sexuelle-et-reproductive-smiles\\\/#primaryimage\"},\"thumbnailUrl\":\"https:\\\/\\\/canadianmidwives.org\\\/sites\\\/canadianmidwives.org\\\/wp-content\\\/uploads\\\/2024\\\/05\\\/IMG-20240505-WA0075-1024x682.jpg\",\"datePublished\":\"2025-05-13T20:00:00+00:00\",\"dateModified\":\"2025-05-13T20:00:04+00:00\",\"breadcrumb\":{\"@id\":\"https:\\\/\\\/canadianmidwives.org\\\/fr\\\/mondial\\\/sages-femmes-somaliennes-pour-lamelioration-des-conditions-de-vie-et-la-promotion-de-la-sante-sexuelle-et-reproductive-smiles\\\/#breadcrumb\"},\"inLanguage\":\"fr-CA\",\"potentialAction\":[{\"@type\":\"ReadAction\",\"target\":[\"https:\\\/\\\/canadianmidwives.org\\\/fr\\\/mondial\\\/sages-femmes-somaliennes-pour-lamelioration-des-conditions-de-vie-et-la-promotion-de-la-sante-sexuelle-et-reproductive-smiles\\\/\"]}]},{\"@type\":\"ImageObject\",\"inLanguage\":\"fr-CA\",\"@id\":\"https:\\\/\\\/canadianmidwives.org\\\/fr\\\/mondial\\\/sages-femmes-somaliennes-pour-lamelioration-des-conditions-de-vie-et-la-promotion-de-la-sante-sexuelle-et-reproductive-smiles\\\/#primaryimage\",\"url\":\"https:\\\/\\\/canadianmidwives.org\\\/sites\\\/canadianmidwives.org\\\/wp-content\\\/uploads\\\/2024\\\/05\\\/IMG-20240505-WA0075-1024x682.jpg\",\"contentUrl\":\"https:\\\/\\\/canadianmidwives.org\\\/sites\\\/canadianmidwives.org\\\/wp-content\\\/uploads\\\/2024\\\/05\\\/IMG-20240505-WA0075-1024x682.jpg\"},{\"@type\":\"BreadcrumbList\",\"@id\":\"https:\\\/\\\/canadianmidwives.org\\\/fr\\\/mondial\\\/sages-femmes-somaliennes-pour-lamelioration-des-conditions-de-vie-et-la-promotion-de-la-sante-sexuelle-et-reproductive-smiles\\\/#breadcrumb\",\"itemListElement\":[{\"@type\":\"ListItem\",\"position\":1,\"name\":\"Accueil\",\"item\":\"https:\\\/\\\/canadianmidwives.org\\\/fr\\\/\"},{\"@type\":\"ListItem\",\"position\":2,\"name\":\"ACSF Programme International\",\"item\":\"https:\\\/\\\/canadianmidwives.org\\\/fr\\\/mondial\\\/\"},{\"@type\":\"ListItem\",\"position\":3,\"name\":\"Sages-femmes somaliennes pour l&#8217;am\u00e9lioration des conditions de vie et la promotion de la sant\u00e9 sexuelle et reproductive (SMILES)\"}]},{\"@type\":\"WebSite\",\"@id\":\"https:\\\/\\\/canadianmidwives.org\\\/fr\\\/#website\",\"url\":\"https:\\\/\\\/canadianmidwives.org\\\/fr\\\/\",\"name\":\"Association canadienne des sages-femmes\",\"description\":\"Des sages-femmes pour tous, partout\",\"publisher\":{\"@id\":\"https:\\\/\\\/canadianmidwives.org\\\/fr\\\/#organization\"},\"potentialAction\":[{\"@type\":\"SearchAction\",\"target\":{\"@type\":\"EntryPoint\",\"urlTemplate\":\"https:\\\/\\\/canadianmidwives.org\\\/fr\\\/?s={search_term_string}\"},\"query-input\":{\"@type\":\"PropertyValueSpecification\",\"valueRequired\":true,\"valueName\":\"search_term_string\"}}],\"inLanguage\":\"fr-CA\"},{\"@type\":\"Organization\",\"@id\":\"https:\\\/\\\/canadianmidwives.org\\\/fr\\\/#organization\",\"name\":\"Association canadienne des sages-femmes\",\"url\":\"https:\\\/\\\/canadianmidwives.org\\\/fr\\\/\",\"logo\":{\"@type\":\"ImageObject\",\"inLanguage\":\"fr-CA\",\"@id\":\"https:\\\/\\\/canadianmidwives.org\\\/fr\\\/#\\\/schema\\\/logo\\\/image\\\/\",\"url\":\"https:\\\/\\\/canadianmidwives.org\\\/sites\\\/canadianmidwives.org\\\/wp-content\\\/uploads\\\/2022\\\/03\\\/CAM-Logo-2022-1536x462-1.png\",\"contentUrl\":\"https:\\\/\\\/canadianmidwives.org\\\/sites\\\/canadianmidwives.org\\\/wp-content\\\/uploads\\\/2022\\\/03\\\/CAM-Logo-2022-1536x462-1.png\",\"width\":1536,\"height\":462,\"caption\":\"Association canadienne des sages-femmes\"},\"image\":{\"@id\":\"https:\\\/\\\/canadianmidwives.org\\\/fr\\\/#\\\/schema\\\/logo\\\/image\\\/\"},\"sameAs\":[\"https:\\\/\\\/www.facebook.com\\\/CanadianMidwives\\\/\",\"https:\\\/\\\/www.instagram.com\\\/cam_acsf\",\"https:\\\/\\\/www.linkedin.com\\\/company\\\/canadian-association-of-midwives\"]}]}<\/script>\n<!-- \/ Yoast SEO plugin. -->","yoast_head_json":{"title":"Sages-femmes somaliennes pour l'am\u00e9lioration des conditions de vie et la promotion de la sant\u00e9 sexuelle et reproductive (SMILES) - Association canadienne des sages-femmes","robots":{"index":"index","follow":"follow","max-snippet":"max-snippet:-1","max-image-preview":"max-image-preview:large","max-video-preview":"max-video-preview:-1"},"canonical":"https:\/\/canadianmidwives.org\/fr\/mondial\/sages-femmes-somaliennes-pour-lamelioration-des-conditions-de-vie-et-la-promotion-de-la-sante-sexuelle-et-reproductive-smiles\/","og_locale":"fr_CA","og_type":"article","og_title":"Sages-femmes somaliennes pour l'am\u00e9lioration des conditions de vie et la promotion de la sant\u00e9 sexuelle et reproductive (SMILES) - Association canadienne des sages-femmes","og_description":"&lt; back Le projet SMILES est une initiative de cinq ans (mars 2025 \u2013 juin 2030) visant \u00e0 renforcer la sant\u00e9 et les droits sexuels et reproductifs (SDSR) des adolescentes et des femmes \u00e2g\u00e9es de 15 \u00e0 49 ans en Somalie. S&rsquo;appuyant sur les bases solides du projet SMEPS, SMILES \u00e9tend la port\u00e9e et la&hellip;&nbsp;Lire la suite &raquo;Sages-femmes somaliennes pour l&rsquo;am\u00e9lioration des conditions de vie et la promotion de la sant\u00e9 sexuelle et reproductive (SMILES)","og_url":"https:\/\/canadianmidwives.org\/fr\/mondial\/sages-femmes-somaliennes-pour-lamelioration-des-conditions-de-vie-et-la-promotion-de-la-sante-sexuelle-et-reproductive-smiles\/","og_site_name":"Association canadienne des sages-femmes","article_publisher":"https:\/\/www.facebook.com\/CanadianMidwives\/","article_modified_time":"2025-05-13T20:00:04+00:00","og_image":[{"width":1600,"height":1066,"url":"https:\/\/canadianmidwives.org\/sites\/canadianmidwives.org\/wp-content\/uploads\/2024\/05\/IMG-20240505-WA0075.jpg","type":"image\/jpeg"}],"twitter_card":"summary_large_image","twitter_misc":{"Estimation du temps de lecture":"2 minutes"},"schema":{"@context":"https:\/\/schema.org","@graph":[{"@type":"WebPage","@id":"https:\/\/canadianmidwives.org\/fr\/mondial\/sages-femmes-somaliennes-pour-lamelioration-des-conditions-de-vie-et-la-promotion-de-la-sante-sexuelle-et-reproductive-smiles\/","url":"https:\/\/canadianmidwives.org\/fr\/mondial\/sages-femmes-somaliennes-pour-lamelioration-des-conditions-de-vie-et-la-promotion-de-la-sante-sexuelle-et-reproductive-smiles\/","name":"Sages-femmes somaliennes pour l'am\u00e9lioration des conditions de vie et la promotion de la sant\u00e9 sexuelle et reproductive (SMILES) - Association canadienne des sages-femmes","isPartOf":{"@id":"https:\/\/canadianmidwives.org\/fr\/#website"},"primaryImageOfPage":{"@id":"https:\/\/canadianmidwives.org\/fr\/mondial\/sages-femmes-somaliennes-pour-lamelioration-des-conditions-de-vie-et-la-promotion-de-la-sante-sexuelle-et-reproductive-smiles\/#primaryimage"},"image":{"@id":"https:\/\/canadianmidwives.org\/fr\/mondial\/sages-femmes-somaliennes-pour-lamelioration-des-conditions-de-vie-et-la-promotion-de-la-sante-sexuelle-et-reproductive-smiles\/#primaryimage"},"thumbnailUrl":"https:\/\/canadianmidwives.org\/sites\/canadianmidwives.org\/wp-content\/uploads\/2024\/05\/IMG-20240505-WA0075-1024x682.jpg","datePublished":"2025-05-13T20:00:00+00:00","dateModified":"2025-05-13T20:00:04+00:00","breadcrumb":{"@id":"https:\/\/canadianmidwives.org\/fr\/mondial\/sages-femmes-somaliennes-pour-lamelioration-des-conditions-de-vie-et-la-promotion-de-la-sante-sexuelle-et-reproductive-smiles\/#breadcrumb"},"inLanguage":"fr-CA","potentialAction":[{"@type":"ReadAction","target":["https:\/\/canadianmidwives.org\/fr\/mondial\/sages-femmes-somaliennes-pour-lamelioration-des-conditions-de-vie-et-la-promotion-de-la-sante-sexuelle-et-reproductive-smiles\/"]}]},{"@type":"ImageObject","inLanguage":"fr-CA","@id":"https:\/\/canadianmidwives.org\/fr\/mondial\/sages-femmes-somaliennes-pour-lamelioration-des-conditions-de-vie-et-la-promotion-de-la-sante-sexuelle-et-reproductive-smiles\/#primaryimage","url":"https:\/\/canadianmidwives.org\/sites\/canadianmidwives.org\/wp-content\/uploads\/2024\/05\/IMG-20240505-WA0075-1024x682.jpg","contentUrl":"https:\/\/canadianmidwives.org\/sites\/canadianmidwives.org\/wp-content\/uploads\/2024\/05\/IMG-20240505-WA0075-1024x682.jpg"},{"@type":"BreadcrumbList","@id":"https:\/\/canadianmidwives.org\/fr\/mondial\/sages-femmes-somaliennes-pour-lamelioration-des-conditions-de-vie-et-la-promotion-de-la-sante-sexuelle-et-reproductive-smiles\/#breadcrumb","itemListElement":[{"@type":"ListItem","position":1,"name":"Accueil","item":"https:\/\/canadianmidwives.org\/fr\/"},{"@type":"ListItem","position":2,"name":"ACSF Programme International","item":"https:\/\/canadianmidwives.org\/fr\/mondial\/"},{"@type":"ListItem","position":3,"name":"Sages-femmes somaliennes pour l&#8217;am\u00e9lioration des conditions de vie et la promotion de la sant\u00e9 sexuelle et reproductive (SMILES)"}]},{"@type":"WebSite","@id":"https:\/\/canadianmidwives.org\/fr\/#website","url":"https:\/\/canadianmidwives.org\/fr\/","name":"Association canadienne des sages-femmes","description":"Des sages-femmes pour tous, partout","publisher":{"@id":"https:\/\/canadianmidwives.org\/fr\/#organization"},"potentialAction":[{"@type":"SearchAction","target":{"@type":"EntryPoint","urlTemplate":"https:\/\/canadianmidwives.org\/fr\/?s={search_term_string}"},"query-input":{"@type":"PropertyValueSpecification","valueRequired":true,"valueName":"search_term_string"}}],"inLanguage":"fr-CA"},{"@type":"Organization","@id":"https:\/\/canadianmidwives.org\/fr\/#organization","name":"Association canadienne des sages-femmes","url":"https:\/\/canadianmidwives.org\/fr\/","logo":{"@type":"ImageObject","inLanguage":"fr-CA","@id":"https:\/\/canadianmidwives.org\/fr\/#\/schema\/logo\/image\/","url":"https:\/\/canadianmidwives.org\/sites\/canadianmidwives.org\/wp-content\/uploads\/2022\/03\/CAM-Logo-2022-1536x462-1.png","contentUrl":"https:\/\/canadianmidwives.org\/sites\/canadianmidwives.org\/wp-content\/uploads\/2022\/03\/CAM-Logo-2022-1536x462-1.png","width":1536,"height":462,"caption":"Association canadienne des sages-femmes"},"image":{"@id":"https:\/\/canadianmidwives.org\/fr\/#\/schema\/logo\/image\/"},"sameAs":["https:\/\/www.facebook.com\/CanadianMidwives\/","https:\/\/www.instagram.com\/cam_acsf","https:\/\/www.linkedin.com\/company\/canadian-association-of-midwives"]}]}},"_links":{"self":[{"href":"https:\/\/canadianmidwives.org\/fr\/wp-json\/wp\/v2\/pages\/80591","targetHints":{"allow":["GET"]}}],"collection":[{"href":"https:\/\/canadianmidwives.org\/fr\/wp-json\/wp\/v2\/pages"}],"about":[{"href":"https:\/\/canadianmidwives.org\/fr\/wp-json\/wp\/v2\/types\/page"}],"author":[{"embeddable":true,"href":"https:\/\/canadianmidwives.org\/fr\/wp-json\/wp\/v2\/users\/2159"}],"replies":[{"embeddable":true,"href":"https:\/\/canadianmidwives.org\/fr\/wp-json\/wp\/v2\/comments?post=80591"}],"version-history":[{"count":2,"href":"https:\/\/canadianmidwives.org\/fr\/wp-json\/wp\/v2\/pages\/80591\/revisions"}],"predecessor-version":[{"id":80593,"href":"https:\/\/canadianmidwives.org\/fr\/wp-json\/wp\/v2\/pages\/80591\/revisions\/80593"}],"up":[{"embeddable":true,"href":"https:\/\/canadianmidwives.org\/fr\/wp-json\/wp\/v2\/pages\/49695"}],"wp:attachment":[{"href":"https:\/\/canadianmidwives.org\/fr\/wp-json\/wp\/v2\/media?parent=80591"}],"curies":[{"name":"wp","href":"https:\/\/api.w.org\/{rel}","templated":true}]}}