{"id":80608,"date":"2025-05-13T16:47:39","date_gmt":"2025-05-13T20:47:39","guid":{"rendered":"https:\/\/canadianmidwives.org\/?page_id=80608"},"modified":"2025-10-22T07:49:30","modified_gmt":"2025-10-22T11:49:30","slug":"les-voix-des-femmes-le-leadership-des-sages-femmes-pour-une-sante-resiliente-trust","status":"publish","type":"page","link":"https:\/\/canadianmidwives.org\/fr\/mondial\/les-voix-des-femmes-le-leadership-des-sages-femmes-pour-une-sante-resiliente-trust\/","title":{"rendered":"Les voix des femmes, le leadership des sages-femmes pour une sant\u00e9 r\u00e9siliente (TRUST)"},"content":{"rendered":"\n<figure class=\"wp-block-image size-large is-resized\" id=\"block-68fb6958-ce00-4676-842e-8b7afff06e10\"><img loading=\"lazy\" decoding=\"async\" width=\"1024\" height=\"768\" src=\"https:\/\/canadianmidwives.org\/sites\/canadianmidwives.org\/wp-content\/uploads\/2022\/03\/CAMGlobal_SMSII_29-1024x768.jpg\" alt=\"\" class=\"wp-image-48527\" style=\"width:1065px;height:auto\" srcset=\"https:\/\/canadianmidwives.org\/sites\/canadianmidwives.org\/wp-content\/uploads\/2022\/03\/CAMGlobal_SMSII_29-1024x768.jpg 1024w, https:\/\/canadianmidwives.org\/sites\/canadianmidwives.org\/wp-content\/uploads\/2022\/03\/CAMGlobal_SMSII_29-300x225.jpg 300w, https:\/\/canadianmidwives.org\/sites\/canadianmidwives.org\/wp-content\/uploads\/2022\/03\/CAMGlobal_SMSII_29-768x576.jpg 768w, https:\/\/canadianmidwives.org\/sites\/canadianmidwives.org\/wp-content\/uploads\/2022\/03\/CAMGlobal_SMSII_29-1536x1152.jpg 1536w, https:\/\/canadianmidwives.org\/sites\/canadianmidwives.org\/wp-content\/uploads\/2022\/03\/CAMGlobal_SMSII_29-2048x1536.jpg 2048w, https:\/\/canadianmidwives.org\/sites\/canadianmidwives.org\/wp-content\/uploads\/2022\/03\/CAMGlobal_SMSII_29-600x450.jpg 600w\" sizes=\"auto, (max-width: 1024px) 100vw, 1024px\" \/><\/figure>\n\n\n\n<p id=\"block-02da78f3-5ed1-44bf-ac07-387f03caa6c6\">Le projet TRUST est une initiative de cinq ans, financ\u00e9e \u00e0 hauteur de 8,5 millions de dollars par Affaires mondiales Canada et dirig\u00e9e par l\u2019Association canadienne des sages-femmes (ACSF), en partenaiat avec le Conseil national des sages-femmes autochtones (<a href=\"https:\/\/indigenousmidwifery.ca\/\">National Council of Indigenous Midwives- NCIM<\/a>),  l\u2019Association des sages-femmes du Malawi (AMAMI), la South Sudan Nurses and Midwives Association (SSNAMA), TRUST vise \u00e0 autonomiser les sages-femmes, \u00e0 renforcer les organisations de sant\u00e9 des femmes et \u00e0 faire progresser la sant\u00e9 et les droits sexuels et reproductifs (SDSR) gr\u00e2ce \u00e0 la formation, au plaidoyer et \u00e0 des approches inclusives et ax\u00e9es sur la justice climatique.<\/p>\n\n\n\n<p>Con\u00e7u pour r\u00e9pondre aux taux \u00e9lev\u00e9s de mortalit\u00e9 maternelle et n\u00e9onatale, aux in\u00e9galit\u00e9s de genre et aux obstacles syst\u00e9miques auxquels sont confront\u00e9s les groupes marginalis\u00e9s \u2014 y compris les femmes en situation de handicap, les personnes d\u00e9plac\u00e9es \u00e0 l\u2019int\u00e9rieur de leur pays (PDI) et les communaut\u00e9s ethniques minoritaires \u2014 TRUST met l\u2019accent sur l\u2019am\u00e9lioration de la formation en ma\u00efeutique, l\u2019\u00e9largissement de l\u2019acc\u00e8s \u00e9quitable aux soins et l\u2019amplification de la voix des femmes dans la r\u00e9forme des politiques.<\/p>\n\n\n\n<p id=\"block-02da78f3-5ed1-44bf-ac07-387f03caa6c6\">Au cours de sa mise en \u0153uvre, TRUST renforcera plus de 650 sages-femmes, assurera des soins maternels qualifi\u00e9s et respectueux \u00e0 plus de 108 000 femmes enceintes chaque ann\u00e9e, et b\u00e9n\u00e9ficiera indirectement \u00e0 plus de 1,5 million de membres de familles.<\/p>\n\n\n\n<p>Le partenaire de longue date de l\u2019ACSF, le Conseil national des sages-femmes autochtones (<a href=\"https:\/\/indigenousmidwifery.ca\/\">National Council of Indigenous Midwives- NCIM<\/a>), apportera son expertise en mati\u00e8re de droits autochtones, de justice climatique et de soins culturellement s\u00e9curitaires.<\/p>\n\n\n\n<hr class=\"wp-block-separator has-alpha-channel-opacity\" \/>\n\n\n\n<h2 class=\"wp-block-heading\" id=\"block-c7bfd5e0-55fe-48da-aaca-9b2bb058b97a\"><strong>Objectifs du projet<\/strong><\/h2>\n\n\n\n<ul id=\"block-5ff210b1-2f9c-4325-8750-90db44c636bf\" class=\"wp-block-list\">\n<li>Am\u00e9liorer l\u2019acc\u00e8s et la qualit\u00e9 des services de SDSR<strong> <\/strong>en outillant les sages-femmes pour qu\u2019elles offrent des soins confiants, comp\u00e9tents et sensibles au genre, fond\u00e9s sur une approche ax\u00e9e sur les droits.<\/li>\n\n\n\n<li>Renforcer le leadership en ma\u00efeutique en donnant aux associations et aux organisations de sant\u00e9 des femmes les moyens de diriger la r\u00e9forme des syst\u00e8mes de sant\u00e9, le plaidoyer politique et le d\u00e9veloppement professionnel.<\/li>\n\n\n\n<li>Favoriser la responsabilisation communautaire gr\u00e2ce \u00e0 la sensibilisation de proximit\u00e9, \u00e0 une mobilisation inclusive et \u00e0 des outils de redevabilit\u00e9 sociale tels que les fiches d\u2019\u00e9valuation communautaires.<\/li>\n\n\n\n<li>Faire progresser la justice intersectionnelle en int\u00e9grant les droits des peuples autochtones et la justice climatique dans le plaidoyer en mati\u00e8re de SDSR par le biais de la collaboration f\u00e9ministe transnationale.<\/li>\n\n\n\n<li>Renforcer la coop\u00e9ration entre les acteurs locaux, nationaux et internationaux pour partager les connaissances, amplifier l\u2019impact et p\u00e9renniser les acquis en mati\u00e8re de SDSR.<\/li>\n<\/ul>\n\n\n\n<h2 class=\"wp-block-heading\" id=\"block-c7bfd5e0-55fe-48da-aaca-9b2bb058b97a\">Public cible\/ Port\u00e9e du projet<\/h2>\n\n\n\n<ul class=\"wp-block-list\">\n<li><strong>650 sages-femmes form\u00e9es et encadr\u00e9es (300 au Malawi ; 260 au Soudan du Sud) <\/strong>pour fournir 87 % des services essentiels de SSR, renfor\u00e7ant ainsi la r\u00e9silience du personnel de sant\u00e9.<\/li>\n\n\n\n<li><strong>Plus de 108 000 femmes enceintes<\/strong> recevront chaque ann\u00e9e, dans les r\u00e9gions cibl\u00e9es, des soins maternels qualifi\u00e9s, respectueux et fond\u00e9s sur les droits.<\/li>\n\n\n\n<li><strong>392 dirigeant\u00b7es d\u2019associations de sages-femmes<\/strong> renforc\u00e9\u00b7es afin de plaider en faveur de r\u00e9formes politiques, de l\u2019\u00e9galit\u00e9 des genres et de syst\u00e8mes de sant\u00e9 respectueux du climat.<\/li>\n\n\n\n<li><strong>66 mentors form\u00e9s<\/strong> (40 au Malawi ; 26 au Soudan du Sud) pour assurer un d\u00e9veloppement professionnel durable et dirig\u00e9 par les pairs.<\/li>\n\n\n\n<li><strong>200 responsables d\u2019outils communautaires de suivi<\/strong> form\u00e9\u00b7es au Soudan du Sud pour rendre les syst\u00e8mes de sant\u00e9 responsables envers les femmes et les filles.<\/li>\n\n\n\n<li><strong>Plus de 1,5 million de membres de familles<\/strong> de femmes enceintes b\u00e9n\u00e9ficient indirectement chaque ann\u00e9e de l\u2019am\u00e9lioration des soins maternels et n\u00e9onatals.<\/li>\n\n\n\n<li><strong>72 professionnel\u00b7les de sant\u00e9 malawites et 24 sud-soudanais\u00b7es<\/strong> form\u00e9\u00b7es \u00e0 la recherche op\u00e9rationnelle pour soutenir des changements politiques fond\u00e9s sur des donn\u00e9es probantes.<\/li>\n\n\n\n<li><strong>324 \u00e9missions radiophoniques ax\u00e9es sur la SSR au Malawi<\/strong> et <strong>60 au Soudan du Sud<\/strong> viseront \u00e0 remettre en question les normes n\u00e9fastes et \u00e0 diffuser des informations de sant\u00e9 exactes dans les langues locales.<\/li>\n<\/ul>\n\n\n\n<h2 class=\"wp-block-heading\" id=\"block-6e3645dd-403b-4c86-8217-88c214aa82ac\"><strong>Partenaires<\/strong><\/h2>\n\n\n\n<p id=\"block-863b53ee-6e60-460a-b8c2-b49ed18cd5d1\"><strong>Chef de file du projet:<em> <\/em>Association canadienne des sages-femmes<\/strong><\/p>\n\n\n\n<p><strong><a href=\"https:\/\/malawianmidwives.wordpress.com\/\">Association of Malawian Midwives (AMAMI)<\/a><\/strong><\/p>\n\n\n\n<p><strong><a href=\"https:\/\/www.ssnama.org\/\">South Sudan Nurses and Midwives Association (SSNAMA)<\/a><\/strong><\/p>\n\n\n\n<p><strong><a href=\"https:\/\/agoss.org\/\">Association of Gynecologists and Obstetricians of South Sudan<\/a><\/strong><\/p>\n\n\n\n<p><strong><a href=\"https:\/\/care.ca\/fr\/\">CARE Canada<\/a><\/strong><\/p>\n\n\n\n<p><strong><a href=\"https:\/\/www.care.org\/our-work\/where-we-work\/south-sudan\/\">CARE South Sudan<\/a><\/strong><\/p>\n\n\n\n<p><strong><a href=\"https:\/\/farmradio.org\/fr\/\">Radio rurales internationales<\/a><\/strong><\/p>\n\n\n\n<p><strong><a href=\"https:\/\/www.farmradiomw.org\/\">Farm Radio Trust<\/a><\/strong><\/p>\n\n\n\n<p><a href=\"https:\/\/gids.uoguelph.ca\/\">MicroResearch International, University of Guelph\u2019s Institute of Development Studies.<\/a><\/p>\n\n\n\n<p><a href=\"https:\/\/indigenousmidwifery.ca\/\">National Council of Indigenous Midwives (NCIM)<\/a><\/p>\n\n\n\n<h2 class=\"wp-block-heading\" id=\"block-6e3645dd-403b-4c86-8217-88c214aa82ac\"><strong>Budget total du projet<\/strong><\/h2>\n\n\n\n<p id=\"block-863b53ee-6e60-460a-b8c2-b49ed18cd5d1\">8.5 million CAD<\/p>\n\n\n\n<p><\/p>\n","protected":false},"excerpt":{"rendered":"<p>Le projet TRUST est une initiative de cinq ans, financ\u00e9e \u00e0 hauteur de 8,5 millions de dollars par Affaires mondiales Canada et dirig\u00e9e par l\u2019Association canadienne des sages-femmes (ACSF), en partenaiat avec le Conseil national des sages-femmes autochtones (National Council of Indigenous Midwives- NCIM), l\u2019Association des sages-femmes du Malawi (AMAMI), la South Sudan Nurses and&hellip;&nbsp;<a href=\"https:\/\/canadianmidwives.org\/fr\/mondial\/les-voix-des-femmes-le-leadership-des-sages-femmes-pour-une-sante-resiliente-trust\/\" rel=\"bookmark\">Lire la suite &raquo;<span class=\"screen-reader-text\">Les voix des femmes, le leadership des sages-femmes pour une sant\u00e9 r\u00e9siliente (TRUST)<\/span><\/a><\/p>\n","protected":false},"author":2159,"featured_media":0,"parent":49695,"menu_order":0,"comment_status":"closed","ping_status":"closed","template":"","meta":{"_monsterinsights_skip_tracking":false,"_monsterinsights_sitenote_active":false,"_monsterinsights_sitenote_note":"","_monsterinsights_sitenote_category":0,"neve_meta_sidebar":"","neve_meta_container":"","neve_meta_enable_content_width":"","neve_meta_content_width":0,"neve_meta_title_alignment":"","neve_meta_author_avatar":"","neve_post_elements_order":"","neve_meta_disable_header":"","neve_meta_disable_footer":"","neve_meta_disable_title":"","_themeisle_gutenberg_block_has_review":false,"footnotes":""},"class_list":["post-80608","page","type-page","status-publish","hentry"],"yoast_head":"<!-- This site is optimized with the Yoast SEO plugin v27.4 - https:\/\/yoast.com\/product\/yoast-seo-wordpress\/ -->\n<title>Les voix des femmes, le leadership des sages-femmes pour une sant\u00e9 r\u00e9siliente (TRUST) - Association canadienne des sages-femmes<\/title>\n<meta name=\"robots\" content=\"index, follow, max-snippet:-1, max-image-preview:large, max-video-preview:-1\" \/>\n<link rel=\"canonical\" href=\"https:\/\/canadianmidwives.org\/fr\/mondial\/les-voix-des-femmes-le-leadership-des-sages-femmes-pour-une-sante-resiliente-trust\/\" \/>\n<meta property=\"og:locale\" content=\"fr_CA\" \/>\n<meta property=\"og:type\" content=\"article\" \/>\n<meta property=\"og:title\" content=\"Les voix des femmes, le leadership des sages-femmes pour une sant\u00e9 r\u00e9siliente (TRUST) - Association canadienne des sages-femmes\" \/>\n<meta property=\"og:description\" content=\"Le projet TRUST est une initiative de cinq ans, financ\u00e9e \u00e0 hauteur de 8,5 millions de dollars par Affaires mondiales Canada et dirig\u00e9e par l\u2019Association canadienne des sages-femmes (ACSF), en partenaiat avec le Conseil national des sages-femmes autochtones (National Council of Indigenous Midwives- NCIM), l\u2019Association des sages-femmes du Malawi (AMAMI), la South Sudan Nurses and&hellip;&nbsp;Lire la suite &raquo;Les voix des femmes, le leadership des sages-femmes pour une sant\u00e9 r\u00e9siliente (TRUST)\" \/>\n<meta property=\"og:url\" content=\"https:\/\/canadianmidwives.org\/fr\/mondial\/les-voix-des-femmes-le-leadership-des-sages-femmes-pour-une-sante-resiliente-trust\/\" \/>\n<meta property=\"og:site_name\" content=\"Association canadienne des sages-femmes\" \/>\n<meta property=\"article:publisher\" content=\"https:\/\/www.facebook.com\/CanadianMidwives\/\" \/>\n<meta property=\"article:modified_time\" content=\"2025-10-22T11:49:30+00:00\" \/>\n<meta property=\"og:image\" content=\"https:\/\/canadianmidwives.org\/sites\/canadianmidwives.org\/wp-content\/uploads\/2022\/03\/CAMGlobal_SMSII_29-scaled.jpg\" \/>\n\t<meta property=\"og:image:width\" content=\"2560\" \/>\n\t<meta property=\"og:image:height\" content=\"1920\" \/>\n\t<meta property=\"og:image:type\" content=\"image\/jpeg\" \/>\n<meta name=\"twitter:card\" content=\"summary_large_image\" \/>\n<meta name=\"twitter:label1\" content=\"Estimation du temps de lecture\" \/>\n\t<meta name=\"twitter:data1\" content=\"4 minutes\" \/>\n<script type=\"application\/ld+json\" class=\"yoast-schema-graph\">{\"@context\":\"https:\\\/\\\/schema.org\",\"@graph\":[{\"@type\":\"WebPage\",\"@id\":\"https:\\\/\\\/canadianmidwives.org\\\/fr\\\/mondial\\\/les-voix-des-femmes-le-leadership-des-sages-femmes-pour-une-sante-resiliente-trust\\\/\",\"url\":\"https:\\\/\\\/canadianmidwives.org\\\/fr\\\/mondial\\\/les-voix-des-femmes-le-leadership-des-sages-femmes-pour-une-sante-resiliente-trust\\\/\",\"name\":\"Les voix des femmes, le leadership des sages-femmes pour une sant\u00e9 r\u00e9siliente (TRUST) - Association canadienne des sages-femmes\",\"isPartOf\":{\"@id\":\"https:\\\/\\\/canadianmidwives.org\\\/fr\\\/#website\"},\"primaryImageOfPage\":{\"@id\":\"https:\\\/\\\/canadianmidwives.org\\\/fr\\\/mondial\\\/les-voix-des-femmes-le-leadership-des-sages-femmes-pour-une-sante-resiliente-trust\\\/#primaryimage\"},\"image\":{\"@id\":\"https:\\\/\\\/canadianmidwives.org\\\/fr\\\/mondial\\\/les-voix-des-femmes-le-leadership-des-sages-femmes-pour-une-sante-resiliente-trust\\\/#primaryimage\"},\"thumbnailUrl\":\"https:\\\/\\\/canadianmidwives.org\\\/sites\\\/canadianmidwives.org\\\/wp-content\\\/uploads\\\/2022\\\/03\\\/CAMGlobal_SMSII_29-1024x768.jpg\",\"datePublished\":\"2025-05-13T20:47:39+00:00\",\"dateModified\":\"2025-10-22T11:49:30+00:00\",\"breadcrumb\":{\"@id\":\"https:\\\/\\\/canadianmidwives.org\\\/fr\\\/mondial\\\/les-voix-des-femmes-le-leadership-des-sages-femmes-pour-une-sante-resiliente-trust\\\/#breadcrumb\"},\"inLanguage\":\"fr-CA\",\"potentialAction\":[{\"@type\":\"ReadAction\",\"target\":[\"https:\\\/\\\/canadianmidwives.org\\\/fr\\\/mondial\\\/les-voix-des-femmes-le-leadership-des-sages-femmes-pour-une-sante-resiliente-trust\\\/\"]}]},{\"@type\":\"ImageObject\",\"inLanguage\":\"fr-CA\",\"@id\":\"https:\\\/\\\/canadianmidwives.org\\\/fr\\\/mondial\\\/les-voix-des-femmes-le-leadership-des-sages-femmes-pour-une-sante-resiliente-trust\\\/#primaryimage\",\"url\":\"https:\\\/\\\/canadianmidwives.org\\\/sites\\\/canadianmidwives.org\\\/wp-content\\\/uploads\\\/2022\\\/03\\\/CAMGlobal_SMSII_29-1024x768.jpg\",\"contentUrl\":\"https:\\\/\\\/canadianmidwives.org\\\/sites\\\/canadianmidwives.org\\\/wp-content\\\/uploads\\\/2022\\\/03\\\/CAMGlobal_SMSII_29-1024x768.jpg\"},{\"@type\":\"BreadcrumbList\",\"@id\":\"https:\\\/\\\/canadianmidwives.org\\\/fr\\\/mondial\\\/les-voix-des-femmes-le-leadership-des-sages-femmes-pour-une-sante-resiliente-trust\\\/#breadcrumb\",\"itemListElement\":[{\"@type\":\"ListItem\",\"position\":1,\"name\":\"Accueil\",\"item\":\"https:\\\/\\\/canadianmidwives.org\\\/fr\\\/\"},{\"@type\":\"ListItem\",\"position\":2,\"name\":\"ACSF Programme International\",\"item\":\"https:\\\/\\\/canadianmidwives.org\\\/fr\\\/mondial\\\/\"},{\"@type\":\"ListItem\",\"position\":3,\"name\":\"Les voix des femmes, le leadership des sages-femmes pour une sant\u00e9 r\u00e9siliente (TRUST)\"}]},{\"@type\":\"WebSite\",\"@id\":\"https:\\\/\\\/canadianmidwives.org\\\/fr\\\/#website\",\"url\":\"https:\\\/\\\/canadianmidwives.org\\\/fr\\\/\",\"name\":\"Association canadienne des sages-femmes\",\"description\":\"Des sages-femmes pour tous, partout\",\"publisher\":{\"@id\":\"https:\\\/\\\/canadianmidwives.org\\\/fr\\\/#organization\"},\"potentialAction\":[{\"@type\":\"SearchAction\",\"target\":{\"@type\":\"EntryPoint\",\"urlTemplate\":\"https:\\\/\\\/canadianmidwives.org\\\/fr\\\/?s={search_term_string}\"},\"query-input\":{\"@type\":\"PropertyValueSpecification\",\"valueRequired\":true,\"valueName\":\"search_term_string\"}}],\"inLanguage\":\"fr-CA\"},{\"@type\":\"Organization\",\"@id\":\"https:\\\/\\\/canadianmidwives.org\\\/fr\\\/#organization\",\"name\":\"Association canadienne des sages-femmes\",\"url\":\"https:\\\/\\\/canadianmidwives.org\\\/fr\\\/\",\"logo\":{\"@type\":\"ImageObject\",\"inLanguage\":\"fr-CA\",\"@id\":\"https:\\\/\\\/canadianmidwives.org\\\/fr\\\/#\\\/schema\\\/logo\\\/image\\\/\",\"url\":\"https:\\\/\\\/canadianmidwives.org\\\/sites\\\/canadianmidwives.org\\\/wp-content\\\/uploads\\\/2022\\\/03\\\/CAM-Logo-2022-1536x462-1.png\",\"contentUrl\":\"https:\\\/\\\/canadianmidwives.org\\\/sites\\\/canadianmidwives.org\\\/wp-content\\\/uploads\\\/2022\\\/03\\\/CAM-Logo-2022-1536x462-1.png\",\"width\":1536,\"height\":462,\"caption\":\"Association canadienne des sages-femmes\"},\"image\":{\"@id\":\"https:\\\/\\\/canadianmidwives.org\\\/fr\\\/#\\\/schema\\\/logo\\\/image\\\/\"},\"sameAs\":[\"https:\\\/\\\/www.facebook.com\\\/CanadianMidwives\\\/\",\"https:\\\/\\\/www.instagram.com\\\/cam_acsf\",\"https:\\\/\\\/www.linkedin.com\\\/company\\\/canadian-association-of-midwives\"]}]}<\/script>\n<!-- \/ Yoast SEO plugin. -->","yoast_head_json":{"title":"Les voix des femmes, le leadership des sages-femmes pour une sant\u00e9 r\u00e9siliente (TRUST) - Association canadienne des sages-femmes","robots":{"index":"index","follow":"follow","max-snippet":"max-snippet:-1","max-image-preview":"max-image-preview:large","max-video-preview":"max-video-preview:-1"},"canonical":"https:\/\/canadianmidwives.org\/fr\/mondial\/les-voix-des-femmes-le-leadership-des-sages-femmes-pour-une-sante-resiliente-trust\/","og_locale":"fr_CA","og_type":"article","og_title":"Les voix des femmes, le leadership des sages-femmes pour une sant\u00e9 r\u00e9siliente (TRUST) - Association canadienne des sages-femmes","og_description":"Le projet TRUST est une initiative de cinq ans, financ\u00e9e \u00e0 hauteur de 8,5 millions de dollars par Affaires mondiales Canada et dirig\u00e9e par l\u2019Association canadienne des sages-femmes (ACSF), en partenaiat avec le Conseil national des sages-femmes autochtones (National Council of Indigenous Midwives- NCIM), l\u2019Association des sages-femmes du Malawi (AMAMI), la South Sudan Nurses and&hellip;&nbsp;Lire la suite &raquo;Les voix des femmes, le leadership des sages-femmes pour une sant\u00e9 r\u00e9siliente (TRUST)","og_url":"https:\/\/canadianmidwives.org\/fr\/mondial\/les-voix-des-femmes-le-leadership-des-sages-femmes-pour-une-sante-resiliente-trust\/","og_site_name":"Association canadienne des sages-femmes","article_publisher":"https:\/\/www.facebook.com\/CanadianMidwives\/","article_modified_time":"2025-10-22T11:49:30+00:00","og_image":[{"width":2560,"height":1920,"url":"https:\/\/canadianmidwives.org\/sites\/canadianmidwives.org\/wp-content\/uploads\/2022\/03\/CAMGlobal_SMSII_29-scaled.jpg","type":"image\/jpeg"}],"twitter_card":"summary_large_image","twitter_misc":{"Estimation du temps de lecture":"4 minutes"},"schema":{"@context":"https:\/\/schema.org","@graph":[{"@type":"WebPage","@id":"https:\/\/canadianmidwives.org\/fr\/mondial\/les-voix-des-femmes-le-leadership-des-sages-femmes-pour-une-sante-resiliente-trust\/","url":"https:\/\/canadianmidwives.org\/fr\/mondial\/les-voix-des-femmes-le-leadership-des-sages-femmes-pour-une-sante-resiliente-trust\/","name":"Les voix des femmes, le leadership des sages-femmes pour une sant\u00e9 r\u00e9siliente (TRUST) - Association canadienne des sages-femmes","isPartOf":{"@id":"https:\/\/canadianmidwives.org\/fr\/#website"},"primaryImageOfPage":{"@id":"https:\/\/canadianmidwives.org\/fr\/mondial\/les-voix-des-femmes-le-leadership-des-sages-femmes-pour-une-sante-resiliente-trust\/#primaryimage"},"image":{"@id":"https:\/\/canadianmidwives.org\/fr\/mondial\/les-voix-des-femmes-le-leadership-des-sages-femmes-pour-une-sante-resiliente-trust\/#primaryimage"},"thumbnailUrl":"https:\/\/canadianmidwives.org\/sites\/canadianmidwives.org\/wp-content\/uploads\/2022\/03\/CAMGlobal_SMSII_29-1024x768.jpg","datePublished":"2025-05-13T20:47:39+00:00","dateModified":"2025-10-22T11:49:30+00:00","breadcrumb":{"@id":"https:\/\/canadianmidwives.org\/fr\/mondial\/les-voix-des-femmes-le-leadership-des-sages-femmes-pour-une-sante-resiliente-trust\/#breadcrumb"},"inLanguage":"fr-CA","potentialAction":[{"@type":"ReadAction","target":["https:\/\/canadianmidwives.org\/fr\/mondial\/les-voix-des-femmes-le-leadership-des-sages-femmes-pour-une-sante-resiliente-trust\/"]}]},{"@type":"ImageObject","inLanguage":"fr-CA","@id":"https:\/\/canadianmidwives.org\/fr\/mondial\/les-voix-des-femmes-le-leadership-des-sages-femmes-pour-une-sante-resiliente-trust\/#primaryimage","url":"https:\/\/canadianmidwives.org\/sites\/canadianmidwives.org\/wp-content\/uploads\/2022\/03\/CAMGlobal_SMSII_29-1024x768.jpg","contentUrl":"https:\/\/canadianmidwives.org\/sites\/canadianmidwives.org\/wp-content\/uploads\/2022\/03\/CAMGlobal_SMSII_29-1024x768.jpg"},{"@type":"BreadcrumbList","@id":"https:\/\/canadianmidwives.org\/fr\/mondial\/les-voix-des-femmes-le-leadership-des-sages-femmes-pour-une-sante-resiliente-trust\/#breadcrumb","itemListElement":[{"@type":"ListItem","position":1,"name":"Accueil","item":"https:\/\/canadianmidwives.org\/fr\/"},{"@type":"ListItem","position":2,"name":"ACSF Programme International","item":"https:\/\/canadianmidwives.org\/fr\/mondial\/"},{"@type":"ListItem","position":3,"name":"Les voix des femmes, le leadership des sages-femmes pour une sant\u00e9 r\u00e9siliente (TRUST)"}]},{"@type":"WebSite","@id":"https:\/\/canadianmidwives.org\/fr\/#website","url":"https:\/\/canadianmidwives.org\/fr\/","name":"Association canadienne des sages-femmes","description":"Des sages-femmes pour tous, partout","publisher":{"@id":"https:\/\/canadianmidwives.org\/fr\/#organization"},"potentialAction":[{"@type":"SearchAction","target":{"@type":"EntryPoint","urlTemplate":"https:\/\/canadianmidwives.org\/fr\/?s={search_term_string}"},"query-input":{"@type":"PropertyValueSpecification","valueRequired":true,"valueName":"search_term_string"}}],"inLanguage":"fr-CA"},{"@type":"Organization","@id":"https:\/\/canadianmidwives.org\/fr\/#organization","name":"Association canadienne des sages-femmes","url":"https:\/\/canadianmidwives.org\/fr\/","logo":{"@type":"ImageObject","inLanguage":"fr-CA","@id":"https:\/\/canadianmidwives.org\/fr\/#\/schema\/logo\/image\/","url":"https:\/\/canadianmidwives.org\/sites\/canadianmidwives.org\/wp-content\/uploads\/2022\/03\/CAM-Logo-2022-1536x462-1.png","contentUrl":"https:\/\/canadianmidwives.org\/sites\/canadianmidwives.org\/wp-content\/uploads\/2022\/03\/CAM-Logo-2022-1536x462-1.png","width":1536,"height":462,"caption":"Association canadienne des sages-femmes"},"image":{"@id":"https:\/\/canadianmidwives.org\/fr\/#\/schema\/logo\/image\/"},"sameAs":["https:\/\/www.facebook.com\/CanadianMidwives\/","https:\/\/www.instagram.com\/cam_acsf","https:\/\/www.linkedin.com\/company\/canadian-association-of-midwives"]}]}},"_links":{"self":[{"href":"https:\/\/canadianmidwives.org\/fr\/wp-json\/wp\/v2\/pages\/80608","targetHints":{"allow":["GET"]}}],"collection":[{"href":"https:\/\/canadianmidwives.org\/fr\/wp-json\/wp\/v2\/pages"}],"about":[{"href":"https:\/\/canadianmidwives.org\/fr\/wp-json\/wp\/v2\/types\/page"}],"author":[{"embeddable":true,"href":"https:\/\/canadianmidwives.org\/fr\/wp-json\/wp\/v2\/users\/2159"}],"replies":[{"embeddable":true,"href":"https:\/\/canadianmidwives.org\/fr\/wp-json\/wp\/v2\/comments?post=80608"}],"version-history":[{"count":3,"href":"https:\/\/canadianmidwives.org\/fr\/wp-json\/wp\/v2\/pages\/80608\/revisions"}],"predecessor-version":[{"id":82503,"href":"https:\/\/canadianmidwives.org\/fr\/wp-json\/wp\/v2\/pages\/80608\/revisions\/82503"}],"up":[{"embeddable":true,"href":"https:\/\/canadianmidwives.org\/fr\/wp-json\/wp\/v2\/pages\/49695"}],"wp:attachment":[{"href":"https:\/\/canadianmidwives.org\/fr\/wp-json\/wp\/v2\/media?parent=80608"}],"curies":[{"name":"wp","href":"https:\/\/api.w.org\/{rel}","templated":true}]}}