{"id":81752,"date":"2025-08-27T16:09:23","date_gmt":"2025-08-27T20:09:23","guid":{"rendered":"https:\/\/canadianmidwives.org\/?page_id=81752"},"modified":"2025-11-03T17:36:59","modified_gmt":"2025-11-03T22:36:59","slug":"interruption-de-grossesse-webinaire","status":"publish","type":"page","link":"https:\/\/canadianmidwives.org\/fr\/interruption-de-grossesse\/interruption-de-grossesse-webinaire\/","title":{"rendered":"Interruption de grossesse &#8211; webinaire"},"content":{"rendered":"\n<div class=\"wp-block-buttons is-content-justification-right is-layout-flex wp-container-core-buttons-is-layout-765c4724 wp-block-buttons-is-layout-flex\">\n<div class=\"wp-block-button is-style-secondary\"><a class=\"wp-block-button__link has-text-align-center wp-element-button\" href=\"https:\/\/www.youtube.com\/\">QUITTER RAPIDEMENT<\/a><\/div>\n<\/div>\n\n\n\n<div style=\"height:40px\" aria-hidden=\"true\" class=\"wp-block-spacer\"><\/div>\n\n\n\n<figure class=\"wp-block-image size-large\"><img loading=\"lazy\" decoding=\"async\" width=\"1024\" height=\"409\" src=\"https:\/\/canadianmidwives.org\/sites\/canadianmidwives.org\/wp-content\/uploads\/2024\/05\/CARTBanner04-1024x409.png\" alt=\"\" class=\"wp-image-76488\" srcset=\"https:\/\/canadianmidwives.org\/sites\/canadianmidwives.org\/wp-content\/uploads\/2024\/05\/CARTBanner04-1024x409.png 1024w, https:\/\/canadianmidwives.org\/sites\/canadianmidwives.org\/wp-content\/uploads\/2024\/05\/CARTBanner04-300x120.png 300w, https:\/\/canadianmidwives.org\/sites\/canadianmidwives.org\/wp-content\/uploads\/2024\/05\/CARTBanner04-768x307.png 768w, https:\/\/canadianmidwives.org\/sites\/canadianmidwives.org\/wp-content\/uploads\/2024\/05\/CARTBanner04-600x240.png 600w, https:\/\/canadianmidwives.org\/sites\/canadianmidwives.org\/wp-content\/uploads\/2024\/05\/CARTBanner04.png 1333w\" sizes=\"auto, (max-width: 1024px) 100vw, 1024px\" \/><\/figure>\n\n\n\n<div style=\"height:40px\" aria-hidden=\"true\" class=\"wp-block-spacer\"><\/div>\n\n\n\n<h2 class=\"wp-block-heading has-nv-site-bg-color has-neve-link-color-background-color has-text-color has-background has-link-color wp-elements-5275e58d54fe5f68ce9a23eb9170fe63\">Webinaire<\/h2>\n\n\n\n<div style=\"height:40px\" aria-hidden=\"true\" class=\"wp-block-spacer\"><\/div>\n\n\n\n<p>Regardez les enregistrements de la Communaut\u00e9 de pratique en interruption de grossesse \u2013 S\u00e9rie de midis-conf\u00e9rences (R\u00e9serv\u00e9 aux membres. veuillez vous connecter)<\/p>\n\n\n\n<div style=\"height:20px\" aria-hidden=\"true\" class=\"wp-block-spacer\"><\/div>\n\n\n\n<div class=\"wp-block-buttons is-layout-flex wp-block-buttons-is-layout-flex\">\n<div class=\"wp-block-button is-style-primary\"><a class=\"wp-block-button__link wp-element-button\" href=\"https:\/\/canadianmidwives.org\/fr\/communaute-de-pratique-en-interruption-de-grossesse-serie-de-midis-conferences-enregistrements\/\">Regardez<\/a><\/div>\n<\/div>\n\n\n\n<div style=\"height:40px\" aria-hidden=\"true\" class=\"wp-block-spacer\"><\/div>\n\n\n\n<h2 class=\"wp-block-heading\">D\u00e9couvrez les nouvelles ressources de l\u2019ACSF sur l\u2019interruption de grossesse pour les sages-femmes !<\/h2>\n\n\n\n<p>Dans le cadre du Projet d\u2019acc\u00e8s CART-GRAC, l\u2019ACSF a d\u00e9velopp\u00e9 plusieurs ressources pour soutenir l\u2019int\u00e9gration des sages-femmes en tant que prestataires de soins d\u2019interruption de grossesse au Canada. L\u2019objectif de ce webinaire est d\u2019am\u00e9liorer les connaissances des sages-femmes sur le mod\u00e8le de pratique de sage-femme en mati\u00e8re de soins li\u00e9s \u00e0 l\u2019interruption de grossesse.<\/p>\n\n\n\n<p>La pr\u00e9sentation a \u00e9t\u00e9 faite en anglais et en fran\u00e7ais. Juin 2024<\/p>\n\n\n\n<p>Les nouvelles ressources sont ici :&nbsp;<a href=\"https:\/\/canadianmidwives.org\/fr\/interruption-de-grossesse\/\" class=\"\">https:\/\/canadianmidwives.org\/fr\/interruption-de-grossesse\/<\/a><\/p>\n\n\n\n<p>Le diaporama de la pr\u00e9sentation est disponible ici :&nbsp;<a href=\"https:\/\/canadianmidwives.org\/sites\/canadianmidwives.org\/wp-content\/uploads\/2024\/06\/CAM-Webinar_PPT_National-Strategy_240617_FR_FINAL.pdf\" class=\"\">https:\/\/canadianmidwives.org\/sites\/canadianmidwives.org\/wp-content\/uploads\/2024\/06\/CAM-Webinar_PPT_National-Strategy_240617_FR_FINAL.pdf<\/a><\/p>\n\n\n\n<p><strong class=\"\">N\u2019h\u00e9sitez pas \u00e0 nous faire part de vos commentaires sur les nouvelles ressources de l\u2019ACSF&nbsp;<\/strong>:&nbsp;<a href=\"https:\/\/canadianmidwives.org\/fr\/02-cart-enquete-de-satisfaction\/\">https:\/\/questionnaire.simplesondage.com\/f\/s.aspx?s=dc2e3f75-bf56-4349-a6a4-5752cab32da3<\/a><\/p>\n\n\n\n<p>Ressources suppl\u00e9mentaires mentionn\u00e9es lors de la pr\u00e9sentation :<\/p>\n\n\n\n<p><a href=\"https:\/\/cart-grac.ubc.ca\/the-cart-access-project\/\">The CART Access project | CART-GRAC (ubc.ca)<\/a><\/p>\n\n\n\n<p><a href=\"https:\/\/med-fom-cart-grac.sites.olt.ubc.ca\/files\/2024\/05\/CART-CAP-MoRE-Summit202-low-res.pdf\">CART-CAP-MoRE-Summit202-low-res.pdf (ubc.ca)<\/a><\/p>\n\n\n\n<p><a href=\"https:\/\/www.ipas.org\/resource\/roots-of-change-a-step-by-step-advocacy-guide-for-expanding-access-to-safe-abortion\/\" class=\"\">Roots of Change: A step-by-step advocacy guide for expanding access to safe abortion \u2013 Ipas<\/a><\/p>\n\n\n\n<p><a href=\"https:\/\/canadianmidwives.org\/fr\/interruption-de-grossesse\/\"><\/a><a href=\"https:\/\/canadianmidwives.org\/fr\/interruption-de-grossesse\/\" target=\"_blank\" rel=\"noreferrer noopener\">Interruption de grossesse \u2013 Association canadienne des sages-femmes (canadianmidwives.org)<\/a><\/p>\n\n\n\n<p><a href=\"https:\/\/canadianmidwives.org\/fr\/enregistrement-decouvrez-les-nouvelles-ressources-de-lacsf-sur-linterruption-de-grossesse-pour-les-sages-femmes\/\">Visionner l\u2019enregistrement (r\u00e9serv\u00e9 aux membres)<\/a><\/p>\n\n\n\n<div style=\"height:40px\" aria-hidden=\"true\" class=\"wp-block-spacer\"><\/div>\n\n\n\n<h2 class=\"wp-block-heading\">Les sages-femmes comme prestataires de services des soins d\u2019avortement m\u00e9dicamenteux : l\u2019int\u00e9gration par le plaidoyer<\/h2>\n\n\n\n<p>Une pr\u00e9sentation de 90 minutes pour les sages-femmes et leurs alli\u00e9s afin de faire avancer le plaidoyer pour les sages-femmes en tant que prestataires de services des soins d\u2019avortement m\u00e9dicamenteux.&nbsp;<\/p>\n\n\n\n<p>L\u2019acc\u00e8s \u00e0 un avortement m\u00e9dicamenteux s\u00e9curitaire et l\u00e9gale est un droit fondamental au Canada et l\u2019offre des soins d\u2019avortement m\u00e9dicamenteux font partie du r\u00f4le des sages-femmes.<\/p>\n\n\n\n<p>Nos partenaires d\u2019Action Canada pour la sant\u00e9 et les droits sexuels pr\u00e9senteront leur politique d\u2019orientation sur l\u2019int\u00e9gration des soins d\u2019avortement m\u00e9dicamenteux au sein de la profession sage-femme. Ce dernier d\u00e9montreront le r\u00f4le essentiel de la sage-femme Canadienne pour am\u00e9liorer l\u2019acc\u00e8s \u00e0 l\u2019avortement m\u00e9dicamenteux. &nbsp;<\/p>\n\n\n\n<p>Action Canada fournira des moyens simples et efficaces d\u2019analyser votre r\u00e9gion et de d\u00e9couvrir des avenues potentielles pour cr\u00e9er un mouvement sur cette question.&nbsp;<\/p>\n\n\n\n<p><a href=\"https:\/\/canadianmidwives.org\/sites\/canadianmidwives.org\/wp-content\/uploads\/2023\/03\/Les-sage-femmes-comme-prestataires-des-services-davortement-diapositives-mars-2023-FRANCAIS.pdf\" target=\"_blank\" rel=\"noreferrer noopener\">Diapositives de la pr\u00e9sentation<\/a><\/p>\n\n\n\n<p><a href=\"https:\/\/canadianmidwives.org\/sites\/canadianmidwives.org\/wp-content\/uploads\/2023\/03\/ActionCanada_PolicyBrief_FR_Midwife-led-Abortion-Care_V2-1.pdf\" target=\"_blank\" rel=\"noreferrer noopener\">Action Canada : Document de Politique<\/a><\/p>\n\n\n\n<p><a href=\"https:\/\/canadianmidwives.org\/sites\/canadianmidwives.org\/wp-content\/uploads\/2023\/03\/Comment-parler-de-lavortement-IPFF.pdf\" target=\"_blank\" rel=\"noreferrer noopener\">IPPF Comment parler de l\u2019avortement : Un guide pour l\u2019\u00e9laboration de messages fond\u00e9s sur les droits<\/a><\/p>\n\n\n\n<p><a href=\"https:\/\/canadianmidwives.org\/sites\/canadianmidwives.org\/wp-content\/uploads\/2022\/03\/CAM_PSMidwivesAbortionProvision_FR_VF_20220224.pdf\" target=\"_blank\" rel=\"noreferrer noopener\">\u00c9nonc\u00e9s de principe de l\u2019ACSF : L\u2019interruption de grossesse par les sages-femmes<\/a>&nbsp;<\/p>\n\n\n\n<figure class=\"wp-block-embed is-type-video is-provider-youtube wp-block-embed-youtube wp-embed-aspect-16-9 wp-has-aspect-ratio\"><div class=\"wp-block-embed__wrapper\">\n<div class=\"nv-iframe-embed\"><iframe loading=\"lazy\" title=\"Les sages-femmes comme prestataires de services des soins d\u2019avortement m\u00e9dicamenteux\" width=\"1200\" height=\"675\" src=\"https:\/\/www.youtube.com\/embed\/OriEPuicTAU?feature=oembed\" frameborder=\"0\" allow=\"accelerometer; autoplay; clipboard-write; encrypted-media; gyroscope; picture-in-picture; web-share\" referrerpolicy=\"strict-origin-when-cross-origin\" allowfullscreen><\/iframe><\/div>\n<\/div><\/figure>\n\n\n\n<figure class=\"wp-block-image\"><img loading=\"lazy\" decoding=\"async\" width=\"200\" height=\"66\" src=\"https:\/\/canadianmidwives.org\/sites\/canadianmidwives.org\/wp-content\/uploads\/2023\/03\/ActionCanada_200.png\" alt=\"\" class=\"wp-image-69930\"\/><\/figure>\n\n\n\n<div style=\"height:40px\" aria-hidden=\"true\" class=\"wp-block-spacer\"><\/div>\n\n\n\n<div class=\"wp-block-buttons is-content-justification-right is-layout-flex wp-container-core-buttons-is-layout-765c4724 wp-block-buttons-is-layout-flex\">\n<div class=\"wp-block-button is-style-secondary\"><a class=\"wp-block-button__link wp-element-button\" href=\"https:\/\/www.youtube.com\/\">QUITTER RAPIDEMENT<\/a><\/div>\n<\/div>\n\n\n\n<div style=\"height:40px\" aria-hidden=\"true\" class=\"wp-block-spacer\"><\/div>\n","protected":false},"excerpt":{"rendered":"<p>Webinaire Regardez les enregistrements de la Communaut\u00e9 de pratique en interruption de grossesse \u2013 S\u00e9rie de midis-conf\u00e9rences (R\u00e9serv\u00e9 aux membres. veuillez vous connecter) D\u00e9couvrez les nouvelles ressources de l\u2019ACSF sur l\u2019interruption de grossesse pour les sages-femmes ! Dans le cadre du Projet d\u2019acc\u00e8s CART-GRAC, l\u2019ACSF a d\u00e9velopp\u00e9 plusieurs ressources pour soutenir l\u2019int\u00e9gration des sages-femmes en&hellip;&nbsp;<a href=\"https:\/\/canadianmidwives.org\/fr\/interruption-de-grossesse\/interruption-de-grossesse-webinaire\/\" rel=\"bookmark\">Lire la suite &raquo;<span class=\"screen-reader-text\">Interruption de grossesse &#8211; webinaire<\/span><\/a><\/p>\n","protected":false},"author":25,"featured_media":0,"parent":76425,"menu_order":0,"comment_status":"closed","ping_status":"closed","template":"","meta":{"_monsterinsights_skip_tracking":false,"_monsterinsights_sitenote_active":false,"_monsterinsights_sitenote_note":"","_monsterinsights_sitenote_category":0,"neve_meta_sidebar":"","neve_meta_container":"","neve_meta_enable_content_width":"","neve_meta_content_width":0,"neve_meta_title_alignment":"","neve_meta_author_avatar":"","neve_post_elements_order":"","neve_meta_disable_header":"","neve_meta_disable_footer":"","neve_meta_disable_title":"on","_themeisle_gutenberg_block_has_review":false,"footnotes":""},"class_list":["post-81752","page","type-page","status-publish","hentry"],"yoast_head":"<!-- This site is optimized with the Yoast SEO plugin v27.3 - https:\/\/yoast.com\/product\/yoast-seo-wordpress\/ -->\n<title>Interruption de grossesse - webinaire - Association canadienne des sages-femmes<\/title>\n<meta name=\"robots\" content=\"index, follow, max-snippet:-1, max-image-preview:large, max-video-preview:-1\" \/>\n<link rel=\"canonical\" href=\"https:\/\/canadianmidwives.org\/fr\/interruption-de-grossesse\/interruption-de-grossesse-webinaire\/\" \/>\n<meta property=\"og:locale\" content=\"fr_CA\" \/>\n<meta property=\"og:type\" content=\"article\" \/>\n<meta property=\"og:title\" content=\"Interruption de grossesse - webinaire - Association canadienne des sages-femmes\" \/>\n<meta property=\"og:description\" content=\"Webinaire Regardez les enregistrements de la Communaut\u00e9 de pratique en interruption de grossesse \u2013 S\u00e9rie de midis-conf\u00e9rences (R\u00e9serv\u00e9 aux membres. veuillez vous connecter) D\u00e9couvrez les nouvelles ressources de l\u2019ACSF sur l\u2019interruption de grossesse pour les sages-femmes ! Dans le cadre du Projet d\u2019acc\u00e8s CART-GRAC, l\u2019ACSF a d\u00e9velopp\u00e9 plusieurs ressources pour soutenir l\u2019int\u00e9gration des sages-femmes en&hellip;&nbsp;Lire la suite &raquo;Interruption de grossesse &#8211; webinaire\" \/>\n<meta property=\"og:url\" content=\"https:\/\/canadianmidwives.org\/fr\/interruption-de-grossesse\/interruption-de-grossesse-webinaire\/\" \/>\n<meta property=\"og:site_name\" content=\"Association canadienne des sages-femmes\" \/>\n<meta property=\"article:publisher\" content=\"https:\/\/www.facebook.com\/CanadianMidwives\/\" \/>\n<meta property=\"article:modified_time\" content=\"2025-11-03T22:36:59+00:00\" \/>\n<meta property=\"og:image\" content=\"https:\/\/canadianmidwives.org\/sites\/canadianmidwives.org\/wp-content\/uploads\/2024\/05\/CARTBanner04.png\" \/>\n\t<meta property=\"og:image:width\" content=\"1333\" \/>\n\t<meta property=\"og:image:height\" content=\"533\" \/>\n\t<meta property=\"og:image:type\" content=\"image\/png\" \/>\n<meta name=\"twitter:card\" content=\"summary_large_image\" \/>\n<meta name=\"twitter:label1\" content=\"Estimation du temps de lecture\" \/>\n\t<meta name=\"twitter:data1\" content=\"2 minutes\" \/>\n<script type=\"application\/ld+json\" class=\"yoast-schema-graph\">{\"@context\":\"https:\\\/\\\/schema.org\",\"@graph\":[{\"@type\":\"WebPage\",\"@id\":\"https:\\\/\\\/canadianmidwives.org\\\/fr\\\/interruption-de-grossesse\\\/interruption-de-grossesse-webinaire\\\/\",\"url\":\"https:\\\/\\\/canadianmidwives.org\\\/fr\\\/interruption-de-grossesse\\\/interruption-de-grossesse-webinaire\\\/\",\"name\":\"Interruption de grossesse - webinaire - Association canadienne des sages-femmes\",\"isPartOf\":{\"@id\":\"https:\\\/\\\/canadianmidwives.org\\\/fr\\\/#website\"},\"primaryImageOfPage\":{\"@id\":\"https:\\\/\\\/canadianmidwives.org\\\/fr\\\/interruption-de-grossesse\\\/interruption-de-grossesse-webinaire\\\/#primaryimage\"},\"image\":{\"@id\":\"https:\\\/\\\/canadianmidwives.org\\\/fr\\\/interruption-de-grossesse\\\/interruption-de-grossesse-webinaire\\\/#primaryimage\"},\"thumbnailUrl\":\"https:\\\/\\\/canadianmidwives.org\\\/sites\\\/canadianmidwives.org\\\/wp-content\\\/uploads\\\/2024\\\/05\\\/CARTBanner04-1024x409.png\",\"datePublished\":\"2025-08-27T20:09:23+00:00\",\"dateModified\":\"2025-11-03T22:36:59+00:00\",\"breadcrumb\":{\"@id\":\"https:\\\/\\\/canadianmidwives.org\\\/fr\\\/interruption-de-grossesse\\\/interruption-de-grossesse-webinaire\\\/#breadcrumb\"},\"inLanguage\":\"fr-CA\",\"potentialAction\":[{\"@type\":\"ReadAction\",\"target\":[\"https:\\\/\\\/canadianmidwives.org\\\/fr\\\/interruption-de-grossesse\\\/interruption-de-grossesse-webinaire\\\/\"]}]},{\"@type\":\"ImageObject\",\"inLanguage\":\"fr-CA\",\"@id\":\"https:\\\/\\\/canadianmidwives.org\\\/fr\\\/interruption-de-grossesse\\\/interruption-de-grossesse-webinaire\\\/#primaryimage\",\"url\":\"https:\\\/\\\/canadianmidwives.org\\\/sites\\\/canadianmidwives.org\\\/wp-content\\\/uploads\\\/2024\\\/05\\\/CARTBanner04-1024x409.png\",\"contentUrl\":\"https:\\\/\\\/canadianmidwives.org\\\/sites\\\/canadianmidwives.org\\\/wp-content\\\/uploads\\\/2024\\\/05\\\/CARTBanner04-1024x409.png\"},{\"@type\":\"BreadcrumbList\",\"@id\":\"https:\\\/\\\/canadianmidwives.org\\\/fr\\\/interruption-de-grossesse\\\/interruption-de-grossesse-webinaire\\\/#breadcrumb\",\"itemListElement\":[{\"@type\":\"ListItem\",\"position\":1,\"name\":\"Accueil\",\"item\":\"https:\\\/\\\/canadianmidwives.org\\\/fr\\\/\"},{\"@type\":\"ListItem\",\"position\":2,\"name\":\"Interruption de grossesse\",\"item\":\"https:\\\/\\\/canadianmidwives.org\\\/fr\\\/interruption-de-grossesse\\\/\"},{\"@type\":\"ListItem\",\"position\":3,\"name\":\"Interruption de grossesse &#8211; webinaire\"}]},{\"@type\":\"WebSite\",\"@id\":\"https:\\\/\\\/canadianmidwives.org\\\/fr\\\/#website\",\"url\":\"https:\\\/\\\/canadianmidwives.org\\\/fr\\\/\",\"name\":\"Association canadienne des sages-femmes\",\"description\":\"Des sages-femmes pour tous, partout\",\"publisher\":{\"@id\":\"https:\\\/\\\/canadianmidwives.org\\\/fr\\\/#organization\"},\"potentialAction\":[{\"@type\":\"SearchAction\",\"target\":{\"@type\":\"EntryPoint\",\"urlTemplate\":\"https:\\\/\\\/canadianmidwives.org\\\/fr\\\/?s={search_term_string}\"},\"query-input\":{\"@type\":\"PropertyValueSpecification\",\"valueRequired\":true,\"valueName\":\"search_term_string\"}}],\"inLanguage\":\"fr-CA\"},{\"@type\":\"Organization\",\"@id\":\"https:\\\/\\\/canadianmidwives.org\\\/fr\\\/#organization\",\"name\":\"Association canadienne des sages-femmes\",\"url\":\"https:\\\/\\\/canadianmidwives.org\\\/fr\\\/\",\"logo\":{\"@type\":\"ImageObject\",\"inLanguage\":\"fr-CA\",\"@id\":\"https:\\\/\\\/canadianmidwives.org\\\/fr\\\/#\\\/schema\\\/logo\\\/image\\\/\",\"url\":\"https:\\\/\\\/canadianmidwives.org\\\/sites\\\/canadianmidwives.org\\\/wp-content\\\/uploads\\\/2022\\\/03\\\/CAM-Logo-2022-1536x462-1.png\",\"contentUrl\":\"https:\\\/\\\/canadianmidwives.org\\\/sites\\\/canadianmidwives.org\\\/wp-content\\\/uploads\\\/2022\\\/03\\\/CAM-Logo-2022-1536x462-1.png\",\"width\":1536,\"height\":462,\"caption\":\"Association canadienne des sages-femmes\"},\"image\":{\"@id\":\"https:\\\/\\\/canadianmidwives.org\\\/fr\\\/#\\\/schema\\\/logo\\\/image\\\/\"},\"sameAs\":[\"https:\\\/\\\/www.facebook.com\\\/CanadianMidwives\\\/\",\"https:\\\/\\\/www.instagram.com\\\/cam_acsf\",\"https:\\\/\\\/www.linkedin.com\\\/company\\\/canadian-association-of-midwives\"]}]}<\/script>\n<!-- \/ Yoast SEO plugin. -->","yoast_head_json":{"title":"Interruption de grossesse - webinaire - Association canadienne des sages-femmes","robots":{"index":"index","follow":"follow","max-snippet":"max-snippet:-1","max-image-preview":"max-image-preview:large","max-video-preview":"max-video-preview:-1"},"canonical":"https:\/\/canadianmidwives.org\/fr\/interruption-de-grossesse\/interruption-de-grossesse-webinaire\/","og_locale":"fr_CA","og_type":"article","og_title":"Interruption de grossesse - webinaire - Association canadienne des sages-femmes","og_description":"Webinaire Regardez les enregistrements de la Communaut\u00e9 de pratique en interruption de grossesse \u2013 S\u00e9rie de midis-conf\u00e9rences (R\u00e9serv\u00e9 aux membres. veuillez vous connecter) D\u00e9couvrez les nouvelles ressources de l\u2019ACSF sur l\u2019interruption de grossesse pour les sages-femmes ! Dans le cadre du Projet d\u2019acc\u00e8s CART-GRAC, l\u2019ACSF a d\u00e9velopp\u00e9 plusieurs ressources pour soutenir l\u2019int\u00e9gration des sages-femmes en&hellip;&nbsp;Lire la suite &raquo;Interruption de grossesse &#8211; webinaire","og_url":"https:\/\/canadianmidwives.org\/fr\/interruption-de-grossesse\/interruption-de-grossesse-webinaire\/","og_site_name":"Association canadienne des sages-femmes","article_publisher":"https:\/\/www.facebook.com\/CanadianMidwives\/","article_modified_time":"2025-11-03T22:36:59+00:00","og_image":[{"width":1333,"height":533,"url":"https:\/\/canadianmidwives.org\/sites\/canadianmidwives.org\/wp-content\/uploads\/2024\/05\/CARTBanner04.png","type":"image\/png"}],"twitter_card":"summary_large_image","twitter_misc":{"Estimation du temps de lecture":"2 minutes"},"schema":{"@context":"https:\/\/schema.org","@graph":[{"@type":"WebPage","@id":"https:\/\/canadianmidwives.org\/fr\/interruption-de-grossesse\/interruption-de-grossesse-webinaire\/","url":"https:\/\/canadianmidwives.org\/fr\/interruption-de-grossesse\/interruption-de-grossesse-webinaire\/","name":"Interruption de grossesse - webinaire - Association canadienne des sages-femmes","isPartOf":{"@id":"https:\/\/canadianmidwives.org\/fr\/#website"},"primaryImageOfPage":{"@id":"https:\/\/canadianmidwives.org\/fr\/interruption-de-grossesse\/interruption-de-grossesse-webinaire\/#primaryimage"},"image":{"@id":"https:\/\/canadianmidwives.org\/fr\/interruption-de-grossesse\/interruption-de-grossesse-webinaire\/#primaryimage"},"thumbnailUrl":"https:\/\/canadianmidwives.org\/sites\/canadianmidwives.org\/wp-content\/uploads\/2024\/05\/CARTBanner04-1024x409.png","datePublished":"2025-08-27T20:09:23+00:00","dateModified":"2025-11-03T22:36:59+00:00","breadcrumb":{"@id":"https:\/\/canadianmidwives.org\/fr\/interruption-de-grossesse\/interruption-de-grossesse-webinaire\/#breadcrumb"},"inLanguage":"fr-CA","potentialAction":[{"@type":"ReadAction","target":["https:\/\/canadianmidwives.org\/fr\/interruption-de-grossesse\/interruption-de-grossesse-webinaire\/"]}]},{"@type":"ImageObject","inLanguage":"fr-CA","@id":"https:\/\/canadianmidwives.org\/fr\/interruption-de-grossesse\/interruption-de-grossesse-webinaire\/#primaryimage","url":"https:\/\/canadianmidwives.org\/sites\/canadianmidwives.org\/wp-content\/uploads\/2024\/05\/CARTBanner04-1024x409.png","contentUrl":"https:\/\/canadianmidwives.org\/sites\/canadianmidwives.org\/wp-content\/uploads\/2024\/05\/CARTBanner04-1024x409.png"},{"@type":"BreadcrumbList","@id":"https:\/\/canadianmidwives.org\/fr\/interruption-de-grossesse\/interruption-de-grossesse-webinaire\/#breadcrumb","itemListElement":[{"@type":"ListItem","position":1,"name":"Accueil","item":"https:\/\/canadianmidwives.org\/fr\/"},{"@type":"ListItem","position":2,"name":"Interruption de grossesse","item":"https:\/\/canadianmidwives.org\/fr\/interruption-de-grossesse\/"},{"@type":"ListItem","position":3,"name":"Interruption de grossesse &#8211; webinaire"}]},{"@type":"WebSite","@id":"https:\/\/canadianmidwives.org\/fr\/#website","url":"https:\/\/canadianmidwives.org\/fr\/","name":"Association canadienne des sages-femmes","description":"Des sages-femmes pour tous, partout","publisher":{"@id":"https:\/\/canadianmidwives.org\/fr\/#organization"},"potentialAction":[{"@type":"SearchAction","target":{"@type":"EntryPoint","urlTemplate":"https:\/\/canadianmidwives.org\/fr\/?s={search_term_string}"},"query-input":{"@type":"PropertyValueSpecification","valueRequired":true,"valueName":"search_term_string"}}],"inLanguage":"fr-CA"},{"@type":"Organization","@id":"https:\/\/canadianmidwives.org\/fr\/#organization","name":"Association canadienne des sages-femmes","url":"https:\/\/canadianmidwives.org\/fr\/","logo":{"@type":"ImageObject","inLanguage":"fr-CA","@id":"https:\/\/canadianmidwives.org\/fr\/#\/schema\/logo\/image\/","url":"https:\/\/canadianmidwives.org\/sites\/canadianmidwives.org\/wp-content\/uploads\/2022\/03\/CAM-Logo-2022-1536x462-1.png","contentUrl":"https:\/\/canadianmidwives.org\/sites\/canadianmidwives.org\/wp-content\/uploads\/2022\/03\/CAM-Logo-2022-1536x462-1.png","width":1536,"height":462,"caption":"Association canadienne des sages-femmes"},"image":{"@id":"https:\/\/canadianmidwives.org\/fr\/#\/schema\/logo\/image\/"},"sameAs":["https:\/\/www.facebook.com\/CanadianMidwives\/","https:\/\/www.instagram.com\/cam_acsf","https:\/\/www.linkedin.com\/company\/canadian-association-of-midwives"]}]}},"_links":{"self":[{"href":"https:\/\/canadianmidwives.org\/fr\/wp-json\/wp\/v2\/pages\/81752","targetHints":{"allow":["GET"]}}],"collection":[{"href":"https:\/\/canadianmidwives.org\/fr\/wp-json\/wp\/v2\/pages"}],"about":[{"href":"https:\/\/canadianmidwives.org\/fr\/wp-json\/wp\/v2\/types\/page"}],"author":[{"embeddable":true,"href":"https:\/\/canadianmidwives.org\/fr\/wp-json\/wp\/v2\/users\/25"}],"replies":[{"embeddable":true,"href":"https:\/\/canadianmidwives.org\/fr\/wp-json\/wp\/v2\/comments?post=81752"}],"version-history":[{"count":2,"href":"https:\/\/canadianmidwives.org\/fr\/wp-json\/wp\/v2\/pages\/81752\/revisions"}],"predecessor-version":[{"id":82684,"href":"https:\/\/canadianmidwives.org\/fr\/wp-json\/wp\/v2\/pages\/81752\/revisions\/82684"}],"up":[{"embeddable":true,"href":"https:\/\/canadianmidwives.org\/fr\/wp-json\/wp\/v2\/pages\/76425"}],"wp:attachment":[{"href":"https:\/\/canadianmidwives.org\/fr\/wp-json\/wp\/v2\/media?parent=81752"}],"curies":[{"name":"wp","href":"https:\/\/api.w.org\/{rel}","templated":true}]}}