{"id":82615,"date":"2025-11-03T15:59:35","date_gmt":"2025-11-03T20:59:35","guid":{"rendered":"https:\/\/canadianmidwives.org\/?page_id=82615"},"modified":"2026-01-28T10:08:20","modified_gmt":"2026-01-28T15:08:20","slug":"acsf-global-expression-dinteret-cooperation-volontaire-et-consultation","status":"publish","type":"page","link":"https:\/\/canadianmidwives.org\/fr\/mondial\/acsf-global-expression-dinteret-cooperation-volontaire-et-consultation\/","title":{"rendered":"ACSF mondial- Expression d\u2019int\u00e9r\u00eat: coop\u00e9ration volontaire et consultation"},"content":{"rendered":"\n<figure class=\"wp-block-image size-full is-resized\"><a href=\"https:\/\/canadianmidwives.org\/fr\/mondial\/acsf-global-expression-dinteret-cooperation-volontaire-et-consultation\/\"><img loading=\"lazy\" decoding=\"async\" width=\"1920\" height=\"1080\" src=\"https:\/\/canadianmidwives.org\/sites\/canadianmidwives.org\/wp-content\/uploads\/2025\/11\/cam-global-volunteer_Alix-Bacon_251102_FR-3.jpg\" alt=\"\" class=\"wp-image-82718\" style=\"width:1065px;height:auto\" srcset=\"https:\/\/canadianmidwives.org\/sites\/canadianmidwives.org\/wp-content\/uploads\/2025\/11\/cam-global-volunteer_Alix-Bacon_251102_FR-3.jpg 1920w, https:\/\/canadianmidwives.org\/sites\/canadianmidwives.org\/wp-content\/uploads\/2025\/11\/cam-global-volunteer_Alix-Bacon_251102_FR-3-300x169.jpg 300w, https:\/\/canadianmidwives.org\/sites\/canadianmidwives.org\/wp-content\/uploads\/2025\/11\/cam-global-volunteer_Alix-Bacon_251102_FR-3-1024x576.jpg 1024w, https:\/\/canadianmidwives.org\/sites\/canadianmidwives.org\/wp-content\/uploads\/2025\/11\/cam-global-volunteer_Alix-Bacon_251102_FR-3-768x432.jpg 768w, https:\/\/canadianmidwives.org\/sites\/canadianmidwives.org\/wp-content\/uploads\/2025\/11\/cam-global-volunteer_Alix-Bacon_251102_FR-3-1536x864.jpg 1536w, https:\/\/canadianmidwives.org\/sites\/canadianmidwives.org\/wp-content\/uploads\/2025\/11\/cam-global-volunteer_Alix-Bacon_251102_FR-3-600x338.jpg 600w\" sizes=\"auto, (max-width: 1920px) 100vw, 1920px\" \/><\/a><\/figure>\n\n\n\n<p>Vous souhaitez mettre votre expertise en pratique sage-femme au service d\u2019initiatives internationales?&nbsp;Envisagez de vous joindre au ACSF Mondial  de l\u2019Association canadienne des sages-femmes (ACSF-Global) en tant que coop\u00e9rant\/coop\u00e9rante volontaire &nbsp;ou consultante\/consultant!<\/p>\n\n\n\n<p><br><strong>Les coop\u00e9rante\/coop\u00e9rant &nbsp;<\/strong>contribuent aux projets en apportant leur appui, par exemple en aidant \u00e0 la formation ou en effectuant des recherches documentaires pour soutenir le d\u00e9veloppement de mat\u00e9riel de projet. &nbsp;&nbsp;<\/p>\n\n\n\n<p><strong>Les consultantes et consultants,<\/strong> offrent une expertise sp\u00e9cialis\u00e9e dans des domaines tels que l\u2019\u00e9ducation, la r\u00e9glementation ou le renforcement des associations, et poss\u00e8dent&nbsp; une exp\u00e9rience internationale \u2014 par exemple, en travaillant \u00e0 &nbsp;l\u2019\u00e9laboration de ressources cliniques ou p\u00e9dagogiques. &nbsp;<\/p>\n\n\n\n<p>En ce moment, nos mandats offrent l\u2019occasion de collaborer avec des sages-femmes et des associations de sages-femmes au Malawi, en &nbsp;Somalie et Somaliland, au Soudan du Sud, en Tanzanie, et au Venezuela, dans le cadre de missions qui combinent &nbsp;du travail \u00e0 distance et du travail sur le terrain. &nbsp;&nbsp;<br><\/p>\n\n\n\n<p>Pour en &nbsp;savoir plus: &nbsp;https:\/\/canadianmidwives.org\/fr\/mondial\/ &nbsp;&nbsp;<br>Pour poser votre candidature ou assister \u00e0 une prochaine s\u00e9ance d\u2019information, veuillez remplir le formulaire ci-dessous.<br><\/p>\n\n\n\n<h2 id=\"wp-block-themeisle-blocks-advanced-heading-6dca7e7a\" class=\"wp-block-themeisle-blocks-advanced-heading wp-block-themeisle-blocks-advanced-heading-6dca7e7a\"><strong><a href=\"https:\/\/forms.cloud.microsoft\/Pages\/ResponsePage.aspx?id=4QU6bbGbzkKqv_Xlfj7B0K04N7PgZA9DscQII6Nhwh9UOFIxNVYwUU1EQUFFN0dMNE9ER0lSQjYwSy4u\">ACSF mondial-\u00a0 Expression d\u2019int\u00e9r\u00eat: coop\u00e9ration volontaire et consultation <\/a><\/strong><a href=\"https:\/\/forms.cloud.microsoft\/Pages\/ResponsePage.aspx?id=4QU6bbGbzkKqv_Xlfj7B0K04N7PgZA9DscQII6Nhwh9UOFIxNVYwUU1EQUFFN0dMNE9ER0lSQjYwSy4u\">formulaire<\/a><\/h2>\n\n\n\n<hr class=\"wp-block-separator has-alpha-channel-opacity\" \/>\n\n\n\n<p><a id=\"_msocom_1\"><\/a><\/p>\n\n\n\n<p id=\"block-e8e679aa-ca3f-48b6-942e-38bd7db86bc1\"><\/p>\n\n\n\n<p><\/p>\n","protected":false},"excerpt":{"rendered":"<p>Vous souhaitez mettre votre expertise en pratique sage-femme au service d\u2019initiatives internationales?&nbsp;Envisagez de vous joindre au ACSF Mondial de l\u2019Association canadienne des sages-femmes (ACSF-Global) en tant que coop\u00e9rant\/coop\u00e9rante volontaire &nbsp;ou consultante\/consultant! Les coop\u00e9rante\/coop\u00e9rant &nbsp;contribuent aux projets en apportant leur appui, par exemple en aidant \u00e0 la formation ou en effectuant des recherches documentaires pour soutenir&hellip;&nbsp;<a href=\"https:\/\/canadianmidwives.org\/fr\/mondial\/acsf-global-expression-dinteret-cooperation-volontaire-et-consultation\/\" rel=\"bookmark\">Lire la suite &raquo;<span class=\"screen-reader-text\">ACSF mondial- Expression d\u2019int\u00e9r\u00eat: coop\u00e9ration volontaire et consultation<\/span><\/a><\/p>\n","protected":false},"author":2159,"featured_media":82616,"parent":49695,"menu_order":0,"comment_status":"closed","ping_status":"closed","template":"","meta":{"_monsterinsights_skip_tracking":false,"_monsterinsights_sitenote_active":false,"_monsterinsights_sitenote_note":"","_monsterinsights_sitenote_category":0,"neve_meta_sidebar":"","neve_meta_container":"","neve_meta_enable_content_width":"","neve_meta_content_width":0,"neve_meta_title_alignment":"","neve_meta_author_avatar":"","neve_post_elements_order":"","neve_meta_disable_header":"","neve_meta_disable_footer":"","neve_meta_disable_title":"","_themeisle_gutenberg_block_has_review":false,"footnotes":""},"class_list":["post-82615","page","type-page","status-publish","has-post-thumbnail","hentry"],"yoast_head":"<!-- This site is optimized with the Yoast SEO plugin v27.4 - https:\/\/yoast.com\/product\/yoast-seo-wordpress\/ -->\n<title>ACSF mondial- Expression d\u2019int\u00e9r\u00eat: coop\u00e9ration volontaire et consultation - Association canadienne des sages-femmes<\/title>\n<meta name=\"robots\" content=\"index, follow, max-snippet:-1, max-image-preview:large, max-video-preview:-1\" \/>\n<link rel=\"canonical\" href=\"https:\/\/canadianmidwives.org\/fr\/mondial\/acsf-global-expression-dinteret-cooperation-volontaire-et-consultation\/\" \/>\n<meta property=\"og:locale\" content=\"fr_CA\" \/>\n<meta property=\"og:type\" content=\"article\" \/>\n<meta property=\"og:title\" content=\"ACSF mondial- Expression d\u2019int\u00e9r\u00eat: coop\u00e9ration volontaire et consultation - Association canadienne des sages-femmes\" \/>\n<meta property=\"og:description\" content=\"Vous souhaitez mettre votre expertise en pratique sage-femme au service d\u2019initiatives internationales?&nbsp;Envisagez de vous joindre au ACSF Mondial de l\u2019Association canadienne des sages-femmes (ACSF-Global) en tant que coop\u00e9rant\/coop\u00e9rante volontaire &nbsp;ou consultante\/consultant! Les coop\u00e9rante\/coop\u00e9rant &nbsp;contribuent aux projets en apportant leur appui, par exemple en aidant \u00e0 la formation ou en effectuant des recherches documentaires pour soutenir&hellip;&nbsp;Lire la suite &raquo;ACSF mondial- Expression d\u2019int\u00e9r\u00eat: coop\u00e9ration volontaire et consultation\" \/>\n<meta property=\"og:url\" content=\"https:\/\/canadianmidwives.org\/fr\/mondial\/acsf-global-expression-dinteret-cooperation-volontaire-et-consultation\/\" \/>\n<meta property=\"og:site_name\" content=\"Association canadienne des sages-femmes\" \/>\n<meta property=\"article:publisher\" content=\"https:\/\/www.facebook.com\/CanadianMidwives\/\" \/>\n<meta property=\"article:modified_time\" content=\"2026-01-28T15:08:20+00:00\" \/>\n<meta property=\"og:image\" content=\"https:\/\/canadianmidwives.org\/sites\/canadianmidwives.org\/wp-content\/uploads\/2025\/11\/QRCode-for-ACSF-Global-Expression-dinteret_-cooperation-volontaire-et-consultation-_.png\" \/>\n\t<meta property=\"og:image:width\" content=\"1890\" \/>\n\t<meta property=\"og:image:height\" content=\"1890\" \/>\n\t<meta property=\"og:image:type\" content=\"image\/png\" \/>\n<meta name=\"twitter:card\" content=\"summary_large_image\" \/>\n<meta name=\"twitter:label1\" content=\"Estimation du temps de lecture\" \/>\n\t<meta name=\"twitter:data1\" content=\"1 minute\" \/>\n<script type=\"application\/ld+json\" class=\"yoast-schema-graph\">{\"@context\":\"https:\\\/\\\/schema.org\",\"@graph\":[{\"@type\":\"WebPage\",\"@id\":\"https:\\\/\\\/canadianmidwives.org\\\/fr\\\/mondial\\\/acsf-global-expression-dinteret-cooperation-volontaire-et-consultation\\\/\",\"url\":\"https:\\\/\\\/canadianmidwives.org\\\/fr\\\/mondial\\\/acsf-global-expression-dinteret-cooperation-volontaire-et-consultation\\\/\",\"name\":\"ACSF mondial- Expression d\u2019int\u00e9r\u00eat: coop\u00e9ration volontaire et consultation - Association canadienne des sages-femmes\",\"isPartOf\":{\"@id\":\"https:\\\/\\\/canadianmidwives.org\\\/fr\\\/#website\"},\"primaryImageOfPage\":{\"@id\":\"https:\\\/\\\/canadianmidwives.org\\\/fr\\\/mondial\\\/acsf-global-expression-dinteret-cooperation-volontaire-et-consultation\\\/#primaryimage\"},\"image\":{\"@id\":\"https:\\\/\\\/canadianmidwives.org\\\/fr\\\/mondial\\\/acsf-global-expression-dinteret-cooperation-volontaire-et-consultation\\\/#primaryimage\"},\"thumbnailUrl\":\"https:\\\/\\\/canadianmidwives.org\\\/sites\\\/canadianmidwives.org\\\/wp-content\\\/uploads\\\/2025\\\/11\\\/QRCode-for-ACSF-Global-Expression-dinteret_-cooperation-volontaire-et-consultation-_.png\",\"datePublished\":\"2025-11-03T20:59:35+00:00\",\"dateModified\":\"2026-01-28T15:08:20+00:00\",\"breadcrumb\":{\"@id\":\"https:\\\/\\\/canadianmidwives.org\\\/fr\\\/mondial\\\/acsf-global-expression-dinteret-cooperation-volontaire-et-consultation\\\/#breadcrumb\"},\"inLanguage\":\"fr-CA\",\"potentialAction\":[{\"@type\":\"ReadAction\",\"target\":[\"https:\\\/\\\/canadianmidwives.org\\\/fr\\\/mondial\\\/acsf-global-expression-dinteret-cooperation-volontaire-et-consultation\\\/\"]}]},{\"@type\":\"ImageObject\",\"inLanguage\":\"fr-CA\",\"@id\":\"https:\\\/\\\/canadianmidwives.org\\\/fr\\\/mondial\\\/acsf-global-expression-dinteret-cooperation-volontaire-et-consultation\\\/#primaryimage\",\"url\":\"https:\\\/\\\/canadianmidwives.org\\\/sites\\\/canadianmidwives.org\\\/wp-content\\\/uploads\\\/2025\\\/11\\\/QRCode-for-ACSF-Global-Expression-dinteret_-cooperation-volontaire-et-consultation-_.png\",\"contentUrl\":\"https:\\\/\\\/canadianmidwives.org\\\/sites\\\/canadianmidwives.org\\\/wp-content\\\/uploads\\\/2025\\\/11\\\/QRCode-for-ACSF-Global-Expression-dinteret_-cooperation-volontaire-et-consultation-_.png\",\"width\":1890,\"height\":1890},{\"@type\":\"BreadcrumbList\",\"@id\":\"https:\\\/\\\/canadianmidwives.org\\\/fr\\\/mondial\\\/acsf-global-expression-dinteret-cooperation-volontaire-et-consultation\\\/#breadcrumb\",\"itemListElement\":[{\"@type\":\"ListItem\",\"position\":1,\"name\":\"Accueil\",\"item\":\"https:\\\/\\\/canadianmidwives.org\\\/fr\\\/\"},{\"@type\":\"ListItem\",\"position\":2,\"name\":\"ACSF Programme International\",\"item\":\"https:\\\/\\\/canadianmidwives.org\\\/fr\\\/mondial\\\/\"},{\"@type\":\"ListItem\",\"position\":3,\"name\":\"ACSF mondial- Expression d\u2019int\u00e9r\u00eat: coop\u00e9ration volontaire et consultation\"}]},{\"@type\":\"WebSite\",\"@id\":\"https:\\\/\\\/canadianmidwives.org\\\/fr\\\/#website\",\"url\":\"https:\\\/\\\/canadianmidwives.org\\\/fr\\\/\",\"name\":\"Association canadienne des sages-femmes\",\"description\":\"Des sages-femmes pour tous, partout\",\"publisher\":{\"@id\":\"https:\\\/\\\/canadianmidwives.org\\\/fr\\\/#organization\"},\"potentialAction\":[{\"@type\":\"SearchAction\",\"target\":{\"@type\":\"EntryPoint\",\"urlTemplate\":\"https:\\\/\\\/canadianmidwives.org\\\/fr\\\/?s={search_term_string}\"},\"query-input\":{\"@type\":\"PropertyValueSpecification\",\"valueRequired\":true,\"valueName\":\"search_term_string\"}}],\"inLanguage\":\"fr-CA\"},{\"@type\":\"Organization\",\"@id\":\"https:\\\/\\\/canadianmidwives.org\\\/fr\\\/#organization\",\"name\":\"Association canadienne des sages-femmes\",\"url\":\"https:\\\/\\\/canadianmidwives.org\\\/fr\\\/\",\"logo\":{\"@type\":\"ImageObject\",\"inLanguage\":\"fr-CA\",\"@id\":\"https:\\\/\\\/canadianmidwives.org\\\/fr\\\/#\\\/schema\\\/logo\\\/image\\\/\",\"url\":\"https:\\\/\\\/canadianmidwives.org\\\/sites\\\/canadianmidwives.org\\\/wp-content\\\/uploads\\\/2022\\\/03\\\/CAM-Logo-2022-1536x462-1.png\",\"contentUrl\":\"https:\\\/\\\/canadianmidwives.org\\\/sites\\\/canadianmidwives.org\\\/wp-content\\\/uploads\\\/2022\\\/03\\\/CAM-Logo-2022-1536x462-1.png\",\"width\":1536,\"height\":462,\"caption\":\"Association canadienne des sages-femmes\"},\"image\":{\"@id\":\"https:\\\/\\\/canadianmidwives.org\\\/fr\\\/#\\\/schema\\\/logo\\\/image\\\/\"},\"sameAs\":[\"https:\\\/\\\/www.facebook.com\\\/CanadianMidwives\\\/\",\"https:\\\/\\\/www.instagram.com\\\/cam_acsf\",\"https:\\\/\\\/www.linkedin.com\\\/company\\\/canadian-association-of-midwives\"]}]}<\/script>\n<!-- \/ Yoast SEO plugin. -->","yoast_head_json":{"title":"ACSF mondial- Expression d\u2019int\u00e9r\u00eat: coop\u00e9ration volontaire et consultation - Association canadienne des sages-femmes","robots":{"index":"index","follow":"follow","max-snippet":"max-snippet:-1","max-image-preview":"max-image-preview:large","max-video-preview":"max-video-preview:-1"},"canonical":"https:\/\/canadianmidwives.org\/fr\/mondial\/acsf-global-expression-dinteret-cooperation-volontaire-et-consultation\/","og_locale":"fr_CA","og_type":"article","og_title":"ACSF mondial- Expression d\u2019int\u00e9r\u00eat: coop\u00e9ration volontaire et consultation - Association canadienne des sages-femmes","og_description":"Vous souhaitez mettre votre expertise en pratique sage-femme au service d\u2019initiatives internationales?&nbsp;Envisagez de vous joindre au ACSF Mondial de l\u2019Association canadienne des sages-femmes (ACSF-Global) en tant que coop\u00e9rant\/coop\u00e9rante volontaire &nbsp;ou consultante\/consultant! Les coop\u00e9rante\/coop\u00e9rant &nbsp;contribuent aux projets en apportant leur appui, par exemple en aidant \u00e0 la formation ou en effectuant des recherches documentaires pour soutenir&hellip;&nbsp;Lire la suite &raquo;ACSF mondial- Expression d\u2019int\u00e9r\u00eat: coop\u00e9ration volontaire et consultation","og_url":"https:\/\/canadianmidwives.org\/fr\/mondial\/acsf-global-expression-dinteret-cooperation-volontaire-et-consultation\/","og_site_name":"Association canadienne des sages-femmes","article_publisher":"https:\/\/www.facebook.com\/CanadianMidwives\/","article_modified_time":"2026-01-28T15:08:20+00:00","og_image":[{"width":1890,"height":1890,"url":"https:\/\/canadianmidwives.org\/sites\/canadianmidwives.org\/wp-content\/uploads\/2025\/11\/QRCode-for-ACSF-Global-Expression-dinteret_-cooperation-volontaire-et-consultation-_.png","type":"image\/png"}],"twitter_card":"summary_large_image","twitter_misc":{"Estimation du temps de lecture":"1 minute"},"schema":{"@context":"https:\/\/schema.org","@graph":[{"@type":"WebPage","@id":"https:\/\/canadianmidwives.org\/fr\/mondial\/acsf-global-expression-dinteret-cooperation-volontaire-et-consultation\/","url":"https:\/\/canadianmidwives.org\/fr\/mondial\/acsf-global-expression-dinteret-cooperation-volontaire-et-consultation\/","name":"ACSF mondial- Expression d\u2019int\u00e9r\u00eat: coop\u00e9ration volontaire et consultation - Association canadienne des sages-femmes","isPartOf":{"@id":"https:\/\/canadianmidwives.org\/fr\/#website"},"primaryImageOfPage":{"@id":"https:\/\/canadianmidwives.org\/fr\/mondial\/acsf-global-expression-dinteret-cooperation-volontaire-et-consultation\/#primaryimage"},"image":{"@id":"https:\/\/canadianmidwives.org\/fr\/mondial\/acsf-global-expression-dinteret-cooperation-volontaire-et-consultation\/#primaryimage"},"thumbnailUrl":"https:\/\/canadianmidwives.org\/sites\/canadianmidwives.org\/wp-content\/uploads\/2025\/11\/QRCode-for-ACSF-Global-Expression-dinteret_-cooperation-volontaire-et-consultation-_.png","datePublished":"2025-11-03T20:59:35+00:00","dateModified":"2026-01-28T15:08:20+00:00","breadcrumb":{"@id":"https:\/\/canadianmidwives.org\/fr\/mondial\/acsf-global-expression-dinteret-cooperation-volontaire-et-consultation\/#breadcrumb"},"inLanguage":"fr-CA","potentialAction":[{"@type":"ReadAction","target":["https:\/\/canadianmidwives.org\/fr\/mondial\/acsf-global-expression-dinteret-cooperation-volontaire-et-consultation\/"]}]},{"@type":"ImageObject","inLanguage":"fr-CA","@id":"https:\/\/canadianmidwives.org\/fr\/mondial\/acsf-global-expression-dinteret-cooperation-volontaire-et-consultation\/#primaryimage","url":"https:\/\/canadianmidwives.org\/sites\/canadianmidwives.org\/wp-content\/uploads\/2025\/11\/QRCode-for-ACSF-Global-Expression-dinteret_-cooperation-volontaire-et-consultation-_.png","contentUrl":"https:\/\/canadianmidwives.org\/sites\/canadianmidwives.org\/wp-content\/uploads\/2025\/11\/QRCode-for-ACSF-Global-Expression-dinteret_-cooperation-volontaire-et-consultation-_.png","width":1890,"height":1890},{"@type":"BreadcrumbList","@id":"https:\/\/canadianmidwives.org\/fr\/mondial\/acsf-global-expression-dinteret-cooperation-volontaire-et-consultation\/#breadcrumb","itemListElement":[{"@type":"ListItem","position":1,"name":"Accueil","item":"https:\/\/canadianmidwives.org\/fr\/"},{"@type":"ListItem","position":2,"name":"ACSF Programme International","item":"https:\/\/canadianmidwives.org\/fr\/mondial\/"},{"@type":"ListItem","position":3,"name":"ACSF mondial- Expression d\u2019int\u00e9r\u00eat: coop\u00e9ration volontaire et consultation"}]},{"@type":"WebSite","@id":"https:\/\/canadianmidwives.org\/fr\/#website","url":"https:\/\/canadianmidwives.org\/fr\/","name":"Association canadienne des sages-femmes","description":"Des sages-femmes pour tous, partout","publisher":{"@id":"https:\/\/canadianmidwives.org\/fr\/#organization"},"potentialAction":[{"@type":"SearchAction","target":{"@type":"EntryPoint","urlTemplate":"https:\/\/canadianmidwives.org\/fr\/?s={search_term_string}"},"query-input":{"@type":"PropertyValueSpecification","valueRequired":true,"valueName":"search_term_string"}}],"inLanguage":"fr-CA"},{"@type":"Organization","@id":"https:\/\/canadianmidwives.org\/fr\/#organization","name":"Association canadienne des sages-femmes","url":"https:\/\/canadianmidwives.org\/fr\/","logo":{"@type":"ImageObject","inLanguage":"fr-CA","@id":"https:\/\/canadianmidwives.org\/fr\/#\/schema\/logo\/image\/","url":"https:\/\/canadianmidwives.org\/sites\/canadianmidwives.org\/wp-content\/uploads\/2022\/03\/CAM-Logo-2022-1536x462-1.png","contentUrl":"https:\/\/canadianmidwives.org\/sites\/canadianmidwives.org\/wp-content\/uploads\/2022\/03\/CAM-Logo-2022-1536x462-1.png","width":1536,"height":462,"caption":"Association canadienne des sages-femmes"},"image":{"@id":"https:\/\/canadianmidwives.org\/fr\/#\/schema\/logo\/image\/"},"sameAs":["https:\/\/www.facebook.com\/CanadianMidwives\/","https:\/\/www.instagram.com\/cam_acsf","https:\/\/www.linkedin.com\/company\/canadian-association-of-midwives"]}]}},"_links":{"self":[{"href":"https:\/\/canadianmidwives.org\/fr\/wp-json\/wp\/v2\/pages\/82615","targetHints":{"allow":["GET"]}}],"collection":[{"href":"https:\/\/canadianmidwives.org\/fr\/wp-json\/wp\/v2\/pages"}],"about":[{"href":"https:\/\/canadianmidwives.org\/fr\/wp-json\/wp\/v2\/types\/page"}],"author":[{"embeddable":true,"href":"https:\/\/canadianmidwives.org\/fr\/wp-json\/wp\/v2\/users\/2159"}],"replies":[{"embeddable":true,"href":"https:\/\/canadianmidwives.org\/fr\/wp-json\/wp\/v2\/comments?post=82615"}],"version-history":[{"count":3,"href":"https:\/\/canadianmidwives.org\/fr\/wp-json\/wp\/v2\/pages\/82615\/revisions"}],"predecessor-version":[{"id":84237,"href":"https:\/\/canadianmidwives.org\/fr\/wp-json\/wp\/v2\/pages\/82615\/revisions\/84237"}],"up":[{"embeddable":true,"href":"https:\/\/canadianmidwives.org\/fr\/wp-json\/wp\/v2\/pages\/49695"}],"wp:featuredmedia":[{"embeddable":true,"href":"https:\/\/canadianmidwives.org\/fr\/wp-json\/wp\/v2\/media\/82616"}],"wp:attachment":[{"href":"https:\/\/canadianmidwives.org\/fr\/wp-json\/wp\/v2\/media?parent=82615"}],"curies":[{"name":"wp","href":"https:\/\/api.w.org\/{rel}","templated":true}]}}