{"id":84932,"date":"2026-04-14T17:34:04","date_gmt":"2026-04-14T21:34:04","guid":{"rendered":"https:\/\/canadianmidwives.org\/?page_id=84932"},"modified":"2026-04-14T17:34:06","modified_gmt":"2026-04-14T21:34:06","slug":"ressources-sur-les-vaccins","status":"publish","type":"page","link":"https:\/\/canadianmidwives.org\/fr\/vaccination\/ressources-sur-les-vaccins\/","title":{"rendered":"Ressources sur les vaccins"},"content":{"rendered":"\n<p><a href=\"https:\/\/canadianmidwives.org\/sites\/canadianmidwives.org\/wp-content\/uploads\/2024\/04\/PHAC5-client-booklet_2024-04-23_FR.pdf\">Livret d\u2019introduction aux vaccins<\/a><\/p>\n\n\n\n<p><strong>Campagne de sensibilisation<\/strong> <strong>: &lsquo;Parlons-en !&rsquo; \u2013 2020<\/strong><\/p>\n\n\n\n<p><a href=\"https:\/\/canadianmidwives.org\/sites\/canadianmidwives.org\/wp-content\/uploads\/2020\/11\/ParlonsEn_Affiche.pdf\">Parlons-en &#8211; Affiche<\/a><\/p>\n\n\n\n<p><a href=\"https:\/\/canadianmidwives.org\/sites\/canadianmidwives.org\/wp-content\/uploads\/2020\/11\/ParlonsEn_Polycopie.pdf\">Parlons-en \u2013 Document d&rsquo;information sur le choix \u00e9clair\u00e9<\/a><\/p>\n\n\n\n<p><a href=\"https:\/\/canadianmidwives.org\/sites\/canadianmidwives.org\/wp-content\/uploads\/2020\/11\/ParlonsEn_Affiche_Ind.pdf\">Parlons-en \u2013 Affiche destin\u00e9e aux communaut\u00e9s autochtones<\/a><\/p>\n\n\n\n<p><a href=\"https:\/\/canadianmidwives.org\/sites\/canadianmidwives.org\/wp-content\/uploads\/2020\/11\/ParlonsEn_Polycopie_Ind.pdf\">Parlons-en \u2013 Document d&rsquo;information sur le choix \u00e9clair\u00e9 destin\u00e9 aux communaut\u00e9s autochtones<\/a><\/p>\n\n\n\n<p><a href=\"https:\/\/canadianmidwives.org\/sites\/canadianmidwives.org\/wp-content\/uploads\/2020\/11\/ParlonsEn_ArbredeDecision.pdf\">Parlons-en \u2013 Affiche pr\u00e9sentant les 5 questions les plus fr\u00e9quentes pour les communaut\u00e9s autochtones<\/a><\/p>\n","protected":false},"excerpt":{"rendered":"<p>Livret d\u2019introduction aux vaccins Campagne de sensibilisation : &lsquo;Parlons-en !&rsquo; \u2013 2020 Parlons-en &#8211; Affiche Parlons-en \u2013 Document d&rsquo;information sur le choix \u00e9clair\u00e9 Parlons-en \u2013 Affiche destin\u00e9e aux communaut\u00e9s autochtones Parlons-en \u2013 Document d&rsquo;information sur le choix \u00e9clair\u00e9 destin\u00e9 aux communaut\u00e9s autochtones Parlons-en \u2013 Affiche pr\u00e9sentant les 5 questions les plus fr\u00e9quentes pour les communaut\u00e9s&hellip;&nbsp;<a href=\"https:\/\/canadianmidwives.org\/fr\/vaccination\/ressources-sur-les-vaccins\/\" rel=\"bookmark\">Lire la suite &raquo;<span class=\"screen-reader-text\">Ressources sur les vaccins<\/span><\/a><\/p>\n","protected":false},"author":25,"featured_media":0,"parent":49749,"menu_order":0,"comment_status":"closed","ping_status":"closed","template":"","meta":{"_monsterinsights_skip_tracking":false,"_monsterinsights_sitenote_active":false,"_monsterinsights_sitenote_note":"","_monsterinsights_sitenote_category":0,"neve_meta_sidebar":"","neve_meta_container":"","neve_meta_enable_content_width":"","neve_meta_content_width":0,"neve_meta_title_alignment":"","neve_meta_author_avatar":"","neve_post_elements_order":"","neve_meta_disable_header":"","neve_meta_disable_footer":"","neve_meta_disable_title":"","_themeisle_gutenberg_block_has_review":false,"footnotes":""},"class_list":["post-84932","page","type-page","status-publish","hentry"],"yoast_head":"<!-- This site is optimized with the Yoast SEO plugin v27.4 - https:\/\/yoast.com\/product\/yoast-seo-wordpress\/ -->\n<title>Ressources sur les vaccins - Association canadienne des sages-femmes<\/title>\n<meta name=\"robots\" content=\"index, follow, max-snippet:-1, max-image-preview:large, max-video-preview:-1\" \/>\n<link rel=\"canonical\" href=\"https:\/\/canadianmidwives.org\/fr\/vaccination\/ressources-sur-les-vaccins\/\" \/>\n<meta property=\"og:locale\" content=\"fr_CA\" \/>\n<meta property=\"og:type\" content=\"article\" \/>\n<meta property=\"og:title\" content=\"Ressources sur les vaccins - Association canadienne des sages-femmes\" \/>\n<meta property=\"og:description\" content=\"Livret d\u2019introduction aux vaccins Campagne de sensibilisation : &lsquo;Parlons-en !&rsquo; \u2013 2020 Parlons-en &#8211; Affiche Parlons-en \u2013 Document d&rsquo;information sur le choix \u00e9clair\u00e9 Parlons-en \u2013 Affiche destin\u00e9e aux communaut\u00e9s autochtones Parlons-en \u2013 Document d&rsquo;information sur le choix \u00e9clair\u00e9 destin\u00e9 aux communaut\u00e9s autochtones Parlons-en \u2013 Affiche pr\u00e9sentant les 5 questions les plus fr\u00e9quentes pour les communaut\u00e9s&hellip;&nbsp;Lire la suite &raquo;Ressources sur les vaccins\" \/>\n<meta property=\"og:url\" content=\"https:\/\/canadianmidwives.org\/fr\/vaccination\/ressources-sur-les-vaccins\/\" \/>\n<meta property=\"og:site_name\" content=\"Association canadienne des sages-femmes\" \/>\n<meta property=\"article:publisher\" content=\"https:\/\/www.facebook.com\/CanadianMidwives\/\" \/>\n<meta property=\"article:modified_time\" content=\"2026-04-14T21:34:06+00:00\" \/>\n<meta name=\"twitter:card\" content=\"summary_large_image\" \/>\n<meta name=\"twitter:label1\" content=\"Estimation du temps de lecture\" \/>\n\t<meta name=\"twitter:data1\" content=\"1 minute\" \/>\n<script type=\"application\/ld+json\" class=\"yoast-schema-graph\">{\"@context\":\"https:\\\/\\\/schema.org\",\"@graph\":[{\"@type\":\"WebPage\",\"@id\":\"https:\\\/\\\/canadianmidwives.org\\\/fr\\\/vaccination\\\/ressources-sur-les-vaccins\\\/\",\"url\":\"https:\\\/\\\/canadianmidwives.org\\\/fr\\\/vaccination\\\/ressources-sur-les-vaccins\\\/\",\"name\":\"Ressources sur les vaccins - Association canadienne des sages-femmes\",\"isPartOf\":{\"@id\":\"https:\\\/\\\/canadianmidwives.org\\\/fr\\\/#website\"},\"datePublished\":\"2026-04-14T21:34:04+00:00\",\"dateModified\":\"2026-04-14T21:34:06+00:00\",\"breadcrumb\":{\"@id\":\"https:\\\/\\\/canadianmidwives.org\\\/fr\\\/vaccination\\\/ressources-sur-les-vaccins\\\/#breadcrumb\"},\"inLanguage\":\"fr-CA\",\"potentialAction\":[{\"@type\":\"ReadAction\",\"target\":[\"https:\\\/\\\/canadianmidwives.org\\\/fr\\\/vaccination\\\/ressources-sur-les-vaccins\\\/\"]}]},{\"@type\":\"BreadcrumbList\",\"@id\":\"https:\\\/\\\/canadianmidwives.org\\\/fr\\\/vaccination\\\/ressources-sur-les-vaccins\\\/#breadcrumb\",\"itemListElement\":[{\"@type\":\"ListItem\",\"position\":1,\"name\":\"Accueil\",\"item\":\"https:\\\/\\\/canadianmidwives.org\\\/fr\\\/\"},{\"@type\":\"ListItem\",\"position\":2,\"name\":\"Vaccination\",\"item\":\"https:\\\/\\\/canadianmidwives.org\\\/fr\\\/vaccination\\\/\"},{\"@type\":\"ListItem\",\"position\":3,\"name\":\"Ressources sur les vaccins\"}]},{\"@type\":\"WebSite\",\"@id\":\"https:\\\/\\\/canadianmidwives.org\\\/fr\\\/#website\",\"url\":\"https:\\\/\\\/canadianmidwives.org\\\/fr\\\/\",\"name\":\"Association canadienne des sages-femmes\",\"description\":\"Des sages-femmes pour tous, partout\",\"publisher\":{\"@id\":\"https:\\\/\\\/canadianmidwives.org\\\/fr\\\/#organization\"},\"potentialAction\":[{\"@type\":\"SearchAction\",\"target\":{\"@type\":\"EntryPoint\",\"urlTemplate\":\"https:\\\/\\\/canadianmidwives.org\\\/fr\\\/?s={search_term_string}\"},\"query-input\":{\"@type\":\"PropertyValueSpecification\",\"valueRequired\":true,\"valueName\":\"search_term_string\"}}],\"inLanguage\":\"fr-CA\"},{\"@type\":\"Organization\",\"@id\":\"https:\\\/\\\/canadianmidwives.org\\\/fr\\\/#organization\",\"name\":\"Association canadienne des sages-femmes\",\"url\":\"https:\\\/\\\/canadianmidwives.org\\\/fr\\\/\",\"logo\":{\"@type\":\"ImageObject\",\"inLanguage\":\"fr-CA\",\"@id\":\"https:\\\/\\\/canadianmidwives.org\\\/fr\\\/#\\\/schema\\\/logo\\\/image\\\/\",\"url\":\"https:\\\/\\\/canadianmidwives.org\\\/sites\\\/canadianmidwives.org\\\/wp-content\\\/uploads\\\/2022\\\/03\\\/CAM-Logo-2022-1536x462-1.png\",\"contentUrl\":\"https:\\\/\\\/canadianmidwives.org\\\/sites\\\/canadianmidwives.org\\\/wp-content\\\/uploads\\\/2022\\\/03\\\/CAM-Logo-2022-1536x462-1.png\",\"width\":1536,\"height\":462,\"caption\":\"Association canadienne des sages-femmes\"},\"image\":{\"@id\":\"https:\\\/\\\/canadianmidwives.org\\\/fr\\\/#\\\/schema\\\/logo\\\/image\\\/\"},\"sameAs\":[\"https:\\\/\\\/www.facebook.com\\\/CanadianMidwives\\\/\",\"https:\\\/\\\/www.instagram.com\\\/cam_acsf\",\"https:\\\/\\\/www.linkedin.com\\\/company\\\/canadian-association-of-midwives\"]}]}<\/script>\n<!-- \/ Yoast SEO plugin. -->","yoast_head_json":{"title":"Ressources sur les vaccins - Association canadienne des sages-femmes","robots":{"index":"index","follow":"follow","max-snippet":"max-snippet:-1","max-image-preview":"max-image-preview:large","max-video-preview":"max-video-preview:-1"},"canonical":"https:\/\/canadianmidwives.org\/fr\/vaccination\/ressources-sur-les-vaccins\/","og_locale":"fr_CA","og_type":"article","og_title":"Ressources sur les vaccins - Association canadienne des sages-femmes","og_description":"Livret d\u2019introduction aux vaccins Campagne de sensibilisation : &lsquo;Parlons-en !&rsquo; \u2013 2020 Parlons-en &#8211; Affiche Parlons-en \u2013 Document d&rsquo;information sur le choix \u00e9clair\u00e9 Parlons-en \u2013 Affiche destin\u00e9e aux communaut\u00e9s autochtones Parlons-en \u2013 Document d&rsquo;information sur le choix \u00e9clair\u00e9 destin\u00e9 aux communaut\u00e9s autochtones Parlons-en \u2013 Affiche pr\u00e9sentant les 5 questions les plus fr\u00e9quentes pour les communaut\u00e9s&hellip;&nbsp;Lire la suite &raquo;Ressources sur les vaccins","og_url":"https:\/\/canadianmidwives.org\/fr\/vaccination\/ressources-sur-les-vaccins\/","og_site_name":"Association canadienne des sages-femmes","article_publisher":"https:\/\/www.facebook.com\/CanadianMidwives\/","article_modified_time":"2026-04-14T21:34:06+00:00","twitter_card":"summary_large_image","twitter_misc":{"Estimation du temps de lecture":"1 minute"},"schema":{"@context":"https:\/\/schema.org","@graph":[{"@type":"WebPage","@id":"https:\/\/canadianmidwives.org\/fr\/vaccination\/ressources-sur-les-vaccins\/","url":"https:\/\/canadianmidwives.org\/fr\/vaccination\/ressources-sur-les-vaccins\/","name":"Ressources sur les vaccins - Association canadienne des sages-femmes","isPartOf":{"@id":"https:\/\/canadianmidwives.org\/fr\/#website"},"datePublished":"2026-04-14T21:34:04+00:00","dateModified":"2026-04-14T21:34:06+00:00","breadcrumb":{"@id":"https:\/\/canadianmidwives.org\/fr\/vaccination\/ressources-sur-les-vaccins\/#breadcrumb"},"inLanguage":"fr-CA","potentialAction":[{"@type":"ReadAction","target":["https:\/\/canadianmidwives.org\/fr\/vaccination\/ressources-sur-les-vaccins\/"]}]},{"@type":"BreadcrumbList","@id":"https:\/\/canadianmidwives.org\/fr\/vaccination\/ressources-sur-les-vaccins\/#breadcrumb","itemListElement":[{"@type":"ListItem","position":1,"name":"Accueil","item":"https:\/\/canadianmidwives.org\/fr\/"},{"@type":"ListItem","position":2,"name":"Vaccination","item":"https:\/\/canadianmidwives.org\/fr\/vaccination\/"},{"@type":"ListItem","position":3,"name":"Ressources sur les vaccins"}]},{"@type":"WebSite","@id":"https:\/\/canadianmidwives.org\/fr\/#website","url":"https:\/\/canadianmidwives.org\/fr\/","name":"Association canadienne des sages-femmes","description":"Des sages-femmes pour tous, partout","publisher":{"@id":"https:\/\/canadianmidwives.org\/fr\/#organization"},"potentialAction":[{"@type":"SearchAction","target":{"@type":"EntryPoint","urlTemplate":"https:\/\/canadianmidwives.org\/fr\/?s={search_term_string}"},"query-input":{"@type":"PropertyValueSpecification","valueRequired":true,"valueName":"search_term_string"}}],"inLanguage":"fr-CA"},{"@type":"Organization","@id":"https:\/\/canadianmidwives.org\/fr\/#organization","name":"Association canadienne des sages-femmes","url":"https:\/\/canadianmidwives.org\/fr\/","logo":{"@type":"ImageObject","inLanguage":"fr-CA","@id":"https:\/\/canadianmidwives.org\/fr\/#\/schema\/logo\/image\/","url":"https:\/\/canadianmidwives.org\/sites\/canadianmidwives.org\/wp-content\/uploads\/2022\/03\/CAM-Logo-2022-1536x462-1.png","contentUrl":"https:\/\/canadianmidwives.org\/sites\/canadianmidwives.org\/wp-content\/uploads\/2022\/03\/CAM-Logo-2022-1536x462-1.png","width":1536,"height":462,"caption":"Association canadienne des sages-femmes"},"image":{"@id":"https:\/\/canadianmidwives.org\/fr\/#\/schema\/logo\/image\/"},"sameAs":["https:\/\/www.facebook.com\/CanadianMidwives\/","https:\/\/www.instagram.com\/cam_acsf","https:\/\/www.linkedin.com\/company\/canadian-association-of-midwives"]}]}},"_links":{"self":[{"href":"https:\/\/canadianmidwives.org\/fr\/wp-json\/wp\/v2\/pages\/84932","targetHints":{"allow":["GET"]}}],"collection":[{"href":"https:\/\/canadianmidwives.org\/fr\/wp-json\/wp\/v2\/pages"}],"about":[{"href":"https:\/\/canadianmidwives.org\/fr\/wp-json\/wp\/v2\/types\/page"}],"author":[{"embeddable":true,"href":"https:\/\/canadianmidwives.org\/fr\/wp-json\/wp\/v2\/users\/25"}],"replies":[{"embeddable":true,"href":"https:\/\/canadianmidwives.org\/fr\/wp-json\/wp\/v2\/comments?post=84932"}],"version-history":[{"count":1,"href":"https:\/\/canadianmidwives.org\/fr\/wp-json\/wp\/v2\/pages\/84932\/revisions"}],"predecessor-version":[{"id":84933,"href":"https:\/\/canadianmidwives.org\/fr\/wp-json\/wp\/v2\/pages\/84932\/revisions\/84933"}],"up":[{"embeddable":true,"href":"https:\/\/canadianmidwives.org\/fr\/wp-json\/wp\/v2\/pages\/49749"}],"wp:attachment":[{"href":"https:\/\/canadianmidwives.org\/fr\/wp-json\/wp\/v2\/media?parent=84932"}],"curies":[{"name":"wp","href":"https:\/\/api.w.org\/{rel}","templated":true}]}}