{"id":84934,"date":"2026-04-14T17:46:33","date_gmt":"2026-04-14T21:46:33","guid":{"rendered":"https:\/\/canadianmidwives.org\/?page_id=84934"},"modified":"2026-04-14T17:46:35","modified_gmt":"2026-04-14T21:46:35","slug":"enregistrements-des-webinaires-sur-les-vaccins","status":"publish","type":"page","link":"https:\/\/canadianmidwives.org\/fr\/vaccination\/enregistrements-des-webinaires-sur-les-vaccins\/","title":{"rendered":"Enregistrements des webinaires sur les vaccins"},"content":{"rendered":"\n<div style=\"height:40px\" aria-hidden=\"true\" class=\"wp-block-spacer\"><\/div>\n\n\n\n<h2 class=\"wp-block-heading has-text-color has-background has-link-color wp-elements-56235a006a92631b0ae6fbafabc52a98\" style=\"color:#ffffff;background-color:#98cb55\">S\u00e9rie de conf\u00e9rences sur la vaccination &#8211; 2025-26<\/h2>\n\n\n\n<p><br>L\u2019Association canadienne des sages-femmes (ACM) vous invite \u00e0 une s\u00e9rie de trois conf\u00e9rences sur la vaccination, anim\u00e9es par des experts de renom dans les domaines de la vaccination, de l\u2019histoire de la sant\u00e9 publique et de la communication avec les clientes. Con\u00e7ue pour les sages-femmes, cette s\u00e9rie explore les vaccinations pendant la grossesse, la r\u00e9ticence \u00e0 la vaccination, la r\u00e9duction des m\u00e9faits et les contextes sociaux plus larges qui influencent la prise de d\u00e9cision des clientes.<\/p>\n\n\n\n<h4 class=\"wp-block-heading\"><strong>La vaccination pendant la grossesse : preuves, s\u00e9curit\u00e9 et efficacit\u00e9<\/strong><\/h4>\n\n\n\n<p>Le 7 janvier 2026, le Dr Jesse Papenburg a pr\u00e9senter un aper\u00e7u fond\u00e9 sur des donn\u00e9es probantes des vaccinations pendant la grossesse, y compris le fardeau des maladies \u00e9vitables par la vaccination. (anglais seulement) <a href=\"https:\/\/canadianmidwives.org\/sites\/canadianmidwives.org\/wp-content\/uploads\/2026\/01\/Papenburg-Vaccination-in-Pregnancy_2026-1.pdf\">Voir la pr\u00e9sentation<\/a><\/p>\n\n\n\n<figure class=\"wp-block-embed is-type-video is-provider-youtube wp-block-embed-youtube wp-embed-aspect-16-9 wp-has-aspect-ratio\"><div class=\"wp-block-embed__wrapper\">\n<div class=\"nv-iframe-embed\"><iframe loading=\"lazy\" title=\"Vaccinations in Pregnancy: Evidence, Safety and Effectiveness\" width=\"1200\" height=\"675\" src=\"https:\/\/www.youtube.com\/embed\/JRcp5kF6A5I?feature=oembed\" frameborder=\"0\" allow=\"accelerometer; autoplay; clipboard-write; encrypted-media; gyroscope; picture-in-picture; web-share\" referrerpolicy=\"strict-origin-when-cross-origin\" allowfullscreen><\/iframe><\/div>\n<\/div><\/figure>\n\n\n\n<div style=\"height:60px\" aria-hidden=\"true\" class=\"wp-block-spacer\"><\/div>\n\n\n\n<h4 class=\"wp-block-heading\"><strong>Histoire de la vaccination et de l\u2019antivaccination au Canada : autonomie, refus et mouvements sociaux<\/strong><\/h4>\n\n\n\n<p>Le 14 janvier, Paula Larsson a explorer l\u2019histoire de la vaccination et des mouvements anti-vaccination au Canada, en examinant comment les mouvements sociaux, l\u2019identit\u00e9, l\u2019autonomie et l\u2019action collective ont fa\u00e7onn\u00e9 l\u2019acceptation et le refus des vaccins au fil du temps. (anglais seulement)<\/p>\n\n\n\n<figure class=\"wp-block-embed is-type-video is-provider-youtube wp-block-embed-youtube wp-embed-aspect-16-9 wp-has-aspect-ratio\"><div class=\"wp-block-embed__wrapper\">\n<div class=\"nv-iframe-embed\"><iframe loading=\"lazy\" title=\"Vaccination and Anti-Vaccination Histories in Canada: Autonomy, Refusal and Social Movements\" width=\"1200\" height=\"675\" src=\"https:\/\/www.youtube.com\/embed\/0WvSVpjY3Q4?feature=oembed\" frameborder=\"0\" allow=\"accelerometer; autoplay; clipboard-write; encrypted-media; gyroscope; picture-in-picture; web-share\" referrerpolicy=\"strict-origin-when-cross-origin\" allowfullscreen><\/iframe><\/div>\n<\/div><\/figure>\n\n\n\n<div style=\"height:60px\" aria-hidden=\"true\" class=\"wp-block-spacer\"><\/div>\n\n\n\n<h4 class=\"wp-block-heading\">Acc\u00e8s, r\u00e9ticence et r\u00e9duction des risques dans les discussions sur la vaccination men\u00e9es par les sages-femmes<\/h4>\n\n\n\n<p>Le 28 janvier 2026, le Dr Shannon MacDonald et le Dr Christine Huel ont anim\u00e9 une session conjointe consacr\u00e9e \u00e0 l\u2019accompagnement des sages-femmes dans la conduite d\u2019entretiens sur la vaccination, en tenant compte des diff\u00e9rents points de vue des patientes. S\u2019appuyant sur des recherches \u00e0 l\u2019\u00e9chelle du syst\u00e8me et sur la pratique clinique, elles ont examin\u00e9 comment les facteurs structurels influencent l\u2019acc\u00e8s \u00e0 la vaccination pour les patientes des sages-femmes et ont pr\u00e9sent\u00e9 des approches efficaces et centr\u00e9es sur la patiente pour aborder le sujet des vaccins avec celles qui pourraient se montrer h\u00e9sitantes ou ind\u00e9cises. (en anglais seulement) <a href=\"https:\/\/canadianmidwives.org\/sites\/canadianmidwives.org\/wp-content\/uploads\/2025\/12\/CAM-vaccine-access-harm-reduction-2026Jan28.pdf\">Voir la pr\u00e9sentation<\/a><\/p>\n\n\n\n<figure class=\"wp-block-embed is-type-video is-provider-youtube wp-block-embed-youtube wp-embed-aspect-16-9 wp-has-aspect-ratio\"><div class=\"wp-block-embed__wrapper\">\n<div class=\"nv-iframe-embed\"><iframe loading=\"lazy\" title=\"Access, Hesitancy and Harm Reduction in Midwifery Vaccine Conversations\" width=\"1200\" height=\"675\" src=\"https:\/\/www.youtube.com\/embed\/-D2-4-h6T7I?feature=oembed\" frameborder=\"0\" allow=\"accelerometer; autoplay; clipboard-write; encrypted-media; gyroscope; picture-in-picture; web-share\" referrerpolicy=\"strict-origin-when-cross-origin\" allowfullscreen><\/iframe><\/div>\n<\/div><\/figure>\n\n\n\n<div style=\"height:60px\" aria-hidden=\"true\" class=\"wp-block-spacer\"><\/div>\n\n\n\n<h2 class=\"wp-block-heading has-text-color has-background has-link-color wp-elements-d8fdc9dd70ef5de2fd5ca5eb897f4302\" style=\"color:#ffffff;background-color:#98cb55\">Enregistrements suppl\u00e9mentaires<\/h2>\n\n\n\n<div style=\"height:40px\" aria-hidden=\"true\" class=\"wp-block-spacer\"><\/div>\n\n\n\n<h4 class=\"wp-block-heading\">L\u2019entretien motivationnel : une approche prometteuse pour r\u00e9duire l\u2019h\u00e9sitation vaccinale<\/h4>\n\n\n\n<p>L\u2019entretien motivationnel est une approche utilis\u00e9e depuis de nombreuses ann\u00e9es dans de nombreux domaines de sant\u00e9. Elle a \u00e9t\u00e9 adapt\u00e9e pour discuter d\u2019immunisation des enfants aupr\u00e8s de leurs parents. Dans le cadre du programme EMMIE, cette approche, bas\u00e9e sur la bienveillance et fond\u00e9e sur des donn\u00e9es probantes, est maintenant en cours d\u2019implantation dans les maternit\u00e9s du Qu\u00e9bec avec un impact notable sur la r\u00e9duction de l\u2019h\u00e9sitation vaccinale chez les parents. Ce webinaire pr\u00e9sentera les principes fondamentaux de l\u2019entretien motivationnel. Il comportera \u00e9galement le t\u00e9moignage d\u2019une sage-femme qu\u00e9b\u00e9coise ayant surmont\u00e9 son h\u00e9sitation vaccinale par le biais d\u2019un entretien motivationnel. Enregistr\u00e9 en mars 2024 Pr\u00e9sentation :\u00a0<a href=\"https:\/\/canadianmidwives.org\/sites\/canadianmidwives.org\/wp-content\/uploads\/2024\/04\/Andrea-Houle-Hesitation-vaccinale.pdf\">Andrea Houle \u2013 H\u00e9sitation vaccinale<\/a>; Pr\u00e9sentation :\u00a0<a href=\"https:\/\/canadianmidwives.org\/sites\/canadianmidwives.org\/wp-content\/uploads\/2025\/02\/COP_3_Gagneur_2024.pdf\">Arnaud Gagneur<\/a><\/p>\n\n\n\n<figure class=\"wp-block-embed is-type-video is-provider-youtube wp-block-embed-youtube wp-embed-aspect-16-9 wp-has-aspect-ratio\"><div class=\"wp-block-embed__wrapper\">\n<div class=\"nv-iframe-embed\"><iframe loading=\"lazy\" title=\"Motivational Interviewing:  a promising approach to reducing vaccine hesitancy\" width=\"1200\" height=\"675\" src=\"https:\/\/www.youtube.com\/embed\/ruk_XkxPhGs?feature=oembed\" frameborder=\"0\" allow=\"accelerometer; autoplay; clipboard-write; encrypted-media; gyroscope; picture-in-picture; web-share\" referrerpolicy=\"strict-origin-when-cross-origin\" allowfullscreen><\/iframe><\/div>\n<\/div><\/figure>\n\n\n\n<div style=\"height:60px\" aria-hidden=\"true\" class=\"wp-block-spacer\"><\/div>\n\n\n\n<h4 class=\"wp-block-heading\">Mises \u00e0 jour de la pr\u00e9vention du VRS chez l\u2019enfant pour la pratique de la sage-femme avec la Dre. Jasleen Kaur Grewal<\/h4>\n\n\n\n<p>Le virus respiratoire syncytial (VRS) est la principale cause d\u2019infections des voies respiratoires inf\u00e9rieures chez les nourrissons, avec une morbidit\u00e9 importante et un risque d\u2019hospitalisation. De nouvelles strat\u00e9gies de pr\u00e9vention du VRS ont vu le jour. Ce webinaire fournira aux sages-femmes des informations sur le paysage changeant de la pr\u00e9vention du VRS p\u00e9diatrique dans le contexte canadien. Cette pr\u00e9sentation fournira une vue d\u2019ensemble du VRS, de son impact sur la sant\u00e9 publique et une compr\u00e9hension des nouveaux d\u00e9veloppements dans la pr\u00e9vention du VRS, y compris les vaccins et les anticorps monoclonaux. L\u2019objectif de ce webinaire est d\u2019am\u00e9liorer les connaissances et la confiance des sages-femmes afin qu\u2019elles puissent conseiller leurs clientes. Enregistr\u00e9 : 9 f\u00e9vrier 2024 (anglais seulement)<\/p>\n\n\n\n<figure class=\"wp-block-embed is-type-video is-provider-youtube wp-block-embed-youtube wp-embed-aspect-16-9 wp-has-aspect-ratio\"><div class=\"wp-block-embed__wrapper\">\n<div class=\"nv-iframe-embed\"><iframe loading=\"lazy\" title=\"Updates in Pediatric RSV Prevention for Midwifery Practice with Dr. Jasleen Kaur Grewal\" width=\"1200\" height=\"675\" src=\"https:\/\/www.youtube.com\/embed\/GrQ9a1O2148?feature=oembed\" frameborder=\"0\" allow=\"accelerometer; autoplay; clipboard-write; encrypted-media; gyroscope; picture-in-picture; web-share\" referrerpolicy=\"strict-origin-when-cross-origin\" allowfullscreen><\/iframe><\/div>\n<\/div><\/figure>\n\n\n\n<div style=\"height:60px\" aria-hidden=\"true\" class=\"wp-block-spacer\"><\/div>\n\n\n\n<h4 class=\"wp-block-heading\">S\u2019attaquer \u00e0 l\u2019h\u00e9sitation \u00e0 la vaccination : Nouveaux outils pour les cliniciens<\/h4>\n\n\n\n<p>L\u2019h\u00e9sitation \u00e0 la vaccination est d\u00e9finie comme une attitude qui conduit \u00e0 retarder ou \u00e0 refuser les vaccins. Bien que ce ph\u00e9nom\u00e8ne soit complexe, la recherche montre que la recommandation d\u2019un professionnel de sant\u00e9 de confiance aide \u00e0 y rem\u00e9dier. Bien que le champ d\u2019action des sages-femmes varie, celles-ci sont charg\u00e9es de fournir des conseils et une \u00e9ducation en mati\u00e8re d\u2019immunisation, ainsi que de recommander des ressources appropri\u00e9es. Cette pr\u00e9sentation donnera un aper\u00e7u de l\u2019h\u00e9sitation vaccinale et de l\u2019acceptation des vaccins, de ce que nous avons appris sur les opinions des sages-femmes sur le sujet et partagera les outils \u00e9mergents pour les cliniciens. L\u2019objectif est de fournir une compr\u00e9hension du sujet complexe de l\u2019h\u00e9sitation vaccinale et des moyens de l\u2019aborder. Enregistr\u00e9 le 12 mars 2024 <a href=\"https:\/\/canadianmidwives.org\/sites\/canadianmidwives.org\/wp-content\/uploads\/2024\/03\/Bettinger-CAM-slides.pdf\">Voir la pr\u00e9sentation<\/a><\/p>\n\n\n\n<figure class=\"wp-block-embed is-type-video is-provider-youtube wp-block-embed-youtube wp-embed-aspect-16-9 wp-has-aspect-ratio\"><div class=\"wp-block-embed__wrapper\">\n<div class=\"nv-iframe-embed\"><iframe loading=\"lazy\" title=\"Bettinger 2024 03 12\" width=\"1200\" height=\"675\" src=\"https:\/\/www.youtube.com\/embed\/EU1S65QvwCc?feature=oembed\" frameborder=\"0\" allow=\"accelerometer; autoplay; clipboard-write; encrypted-media; gyroscope; picture-in-picture; web-share\" referrerpolicy=\"strict-origin-when-cross-origin\" allowfullscreen><\/iframe><\/div>\n<\/div><\/figure>\n\n\n\n<p><\/p>\n","protected":false},"excerpt":{"rendered":"<p>S\u00e9rie de conf\u00e9rences sur la vaccination &#8211; 2025-26 L\u2019Association canadienne des sages-femmes (ACM) vous invite \u00e0 une s\u00e9rie de trois conf\u00e9rences sur la vaccination, anim\u00e9es par des experts de renom dans les domaines de la vaccination, de l\u2019histoire de la sant\u00e9 publique et de la communication avec les clientes. Con\u00e7ue pour les sages-femmes, cette s\u00e9rie&hellip;&nbsp;<a href=\"https:\/\/canadianmidwives.org\/fr\/vaccination\/enregistrements-des-webinaires-sur-les-vaccins\/\" rel=\"bookmark\">Lire la suite &raquo;<span class=\"screen-reader-text\">Enregistrements des webinaires sur les vaccins<\/span><\/a><\/p>\n","protected":false},"author":25,"featured_media":0,"parent":49749,"menu_order":0,"comment_status":"closed","ping_status":"closed","template":"","meta":{"_monsterinsights_skip_tracking":false,"_monsterinsights_sitenote_active":false,"_monsterinsights_sitenote_note":"","_monsterinsights_sitenote_category":0,"neve_meta_sidebar":"","neve_meta_container":"","neve_meta_enable_content_width":"","neve_meta_content_width":0,"neve_meta_title_alignment":"","neve_meta_author_avatar":"","neve_post_elements_order":"","neve_meta_disable_header":"","neve_meta_disable_footer":"","neve_meta_disable_title":"","_themeisle_gutenberg_block_has_review":false,"footnotes":""},"class_list":["post-84934","page","type-page","status-publish","hentry"],"yoast_head":"<!-- This site is optimized with the Yoast SEO plugin v27.4 - https:\/\/yoast.com\/product\/yoast-seo-wordpress\/ -->\n<title>Enregistrements des webinaires sur les vaccins - Association canadienne des sages-femmes<\/title>\n<meta name=\"robots\" content=\"index, follow, max-snippet:-1, max-image-preview:large, max-video-preview:-1\" \/>\n<link rel=\"canonical\" href=\"https:\/\/canadianmidwives.org\/fr\/vaccination\/enregistrements-des-webinaires-sur-les-vaccins\/\" \/>\n<meta property=\"og:locale\" content=\"fr_CA\" \/>\n<meta property=\"og:type\" content=\"article\" \/>\n<meta property=\"og:title\" content=\"Enregistrements des webinaires sur les vaccins - Association canadienne des sages-femmes\" \/>\n<meta property=\"og:description\" content=\"S\u00e9rie de conf\u00e9rences sur la vaccination &#8211; 2025-26 L\u2019Association canadienne des sages-femmes (ACM) vous invite \u00e0 une s\u00e9rie de trois conf\u00e9rences sur la vaccination, anim\u00e9es par des experts de renom dans les domaines de la vaccination, de l\u2019histoire de la sant\u00e9 publique et de la communication avec les clientes. Con\u00e7ue pour les sages-femmes, cette s\u00e9rie&hellip;&nbsp;Lire la suite &raquo;Enregistrements des webinaires sur les vaccins\" \/>\n<meta property=\"og:url\" content=\"https:\/\/canadianmidwives.org\/fr\/vaccination\/enregistrements-des-webinaires-sur-les-vaccins\/\" \/>\n<meta property=\"og:site_name\" content=\"Association canadienne des sages-femmes\" \/>\n<meta property=\"article:publisher\" content=\"https:\/\/www.facebook.com\/CanadianMidwives\/\" \/>\n<meta property=\"article:modified_time\" content=\"2026-04-14T21:46:35+00:00\" \/>\n<meta name=\"twitter:card\" content=\"summary_large_image\" \/>\n<meta name=\"twitter:label1\" content=\"Estimation du temps de lecture\" \/>\n\t<meta name=\"twitter:data1\" content=\"4 minutes\" \/>\n<script type=\"application\/ld+json\" class=\"yoast-schema-graph\">{\"@context\":\"https:\\\/\\\/schema.org\",\"@graph\":[{\"@type\":\"WebPage\",\"@id\":\"https:\\\/\\\/canadianmidwives.org\\\/fr\\\/vaccination\\\/enregistrements-des-webinaires-sur-les-vaccins\\\/\",\"url\":\"https:\\\/\\\/canadianmidwives.org\\\/fr\\\/vaccination\\\/enregistrements-des-webinaires-sur-les-vaccins\\\/\",\"name\":\"Enregistrements des webinaires sur les vaccins - Association canadienne des sages-femmes\",\"isPartOf\":{\"@id\":\"https:\\\/\\\/canadianmidwives.org\\\/fr\\\/#website\"},\"datePublished\":\"2026-04-14T21:46:33+00:00\",\"dateModified\":\"2026-04-14T21:46:35+00:00\",\"breadcrumb\":{\"@id\":\"https:\\\/\\\/canadianmidwives.org\\\/fr\\\/vaccination\\\/enregistrements-des-webinaires-sur-les-vaccins\\\/#breadcrumb\"},\"inLanguage\":\"fr-CA\",\"potentialAction\":[{\"@type\":\"ReadAction\",\"target\":[\"https:\\\/\\\/canadianmidwives.org\\\/fr\\\/vaccination\\\/enregistrements-des-webinaires-sur-les-vaccins\\\/\"]}]},{\"@type\":\"BreadcrumbList\",\"@id\":\"https:\\\/\\\/canadianmidwives.org\\\/fr\\\/vaccination\\\/enregistrements-des-webinaires-sur-les-vaccins\\\/#breadcrumb\",\"itemListElement\":[{\"@type\":\"ListItem\",\"position\":1,\"name\":\"Accueil\",\"item\":\"https:\\\/\\\/canadianmidwives.org\\\/fr\\\/\"},{\"@type\":\"ListItem\",\"position\":2,\"name\":\"Vaccination\",\"item\":\"https:\\\/\\\/canadianmidwives.org\\\/fr\\\/vaccination\\\/\"},{\"@type\":\"ListItem\",\"position\":3,\"name\":\"Enregistrements des webinaires sur les vaccins\"}]},{\"@type\":\"WebSite\",\"@id\":\"https:\\\/\\\/canadianmidwives.org\\\/fr\\\/#website\",\"url\":\"https:\\\/\\\/canadianmidwives.org\\\/fr\\\/\",\"name\":\"Association canadienne des sages-femmes\",\"description\":\"Des sages-femmes pour tous, partout\",\"publisher\":{\"@id\":\"https:\\\/\\\/canadianmidwives.org\\\/fr\\\/#organization\"},\"potentialAction\":[{\"@type\":\"SearchAction\",\"target\":{\"@type\":\"EntryPoint\",\"urlTemplate\":\"https:\\\/\\\/canadianmidwives.org\\\/fr\\\/?s={search_term_string}\"},\"query-input\":{\"@type\":\"PropertyValueSpecification\",\"valueRequired\":true,\"valueName\":\"search_term_string\"}}],\"inLanguage\":\"fr-CA\"},{\"@type\":\"Organization\",\"@id\":\"https:\\\/\\\/canadianmidwives.org\\\/fr\\\/#organization\",\"name\":\"Association canadienne des sages-femmes\",\"url\":\"https:\\\/\\\/canadianmidwives.org\\\/fr\\\/\",\"logo\":{\"@type\":\"ImageObject\",\"inLanguage\":\"fr-CA\",\"@id\":\"https:\\\/\\\/canadianmidwives.org\\\/fr\\\/#\\\/schema\\\/logo\\\/image\\\/\",\"url\":\"https:\\\/\\\/canadianmidwives.org\\\/sites\\\/canadianmidwives.org\\\/wp-content\\\/uploads\\\/2022\\\/03\\\/CAM-Logo-2022-1536x462-1.png\",\"contentUrl\":\"https:\\\/\\\/canadianmidwives.org\\\/sites\\\/canadianmidwives.org\\\/wp-content\\\/uploads\\\/2022\\\/03\\\/CAM-Logo-2022-1536x462-1.png\",\"width\":1536,\"height\":462,\"caption\":\"Association canadienne des sages-femmes\"},\"image\":{\"@id\":\"https:\\\/\\\/canadianmidwives.org\\\/fr\\\/#\\\/schema\\\/logo\\\/image\\\/\"},\"sameAs\":[\"https:\\\/\\\/www.facebook.com\\\/CanadianMidwives\\\/\",\"https:\\\/\\\/www.instagram.com\\\/cam_acsf\",\"https:\\\/\\\/www.linkedin.com\\\/company\\\/canadian-association-of-midwives\"]}]}<\/script>\n<!-- \/ Yoast SEO plugin. -->","yoast_head_json":{"title":"Enregistrements des webinaires sur les vaccins - Association canadienne des sages-femmes","robots":{"index":"index","follow":"follow","max-snippet":"max-snippet:-1","max-image-preview":"max-image-preview:large","max-video-preview":"max-video-preview:-1"},"canonical":"https:\/\/canadianmidwives.org\/fr\/vaccination\/enregistrements-des-webinaires-sur-les-vaccins\/","og_locale":"fr_CA","og_type":"article","og_title":"Enregistrements des webinaires sur les vaccins - Association canadienne des sages-femmes","og_description":"S\u00e9rie de conf\u00e9rences sur la vaccination &#8211; 2025-26 L\u2019Association canadienne des sages-femmes (ACM) vous invite \u00e0 une s\u00e9rie de trois conf\u00e9rences sur la vaccination, anim\u00e9es par des experts de renom dans les domaines de la vaccination, de l\u2019histoire de la sant\u00e9 publique et de la communication avec les clientes. Con\u00e7ue pour les sages-femmes, cette s\u00e9rie&hellip;&nbsp;Lire la suite &raquo;Enregistrements des webinaires sur les vaccins","og_url":"https:\/\/canadianmidwives.org\/fr\/vaccination\/enregistrements-des-webinaires-sur-les-vaccins\/","og_site_name":"Association canadienne des sages-femmes","article_publisher":"https:\/\/www.facebook.com\/CanadianMidwives\/","article_modified_time":"2026-04-14T21:46:35+00:00","twitter_card":"summary_large_image","twitter_misc":{"Estimation du temps de lecture":"4 minutes"},"schema":{"@context":"https:\/\/schema.org","@graph":[{"@type":"WebPage","@id":"https:\/\/canadianmidwives.org\/fr\/vaccination\/enregistrements-des-webinaires-sur-les-vaccins\/","url":"https:\/\/canadianmidwives.org\/fr\/vaccination\/enregistrements-des-webinaires-sur-les-vaccins\/","name":"Enregistrements des webinaires sur les vaccins - Association canadienne des sages-femmes","isPartOf":{"@id":"https:\/\/canadianmidwives.org\/fr\/#website"},"datePublished":"2026-04-14T21:46:33+00:00","dateModified":"2026-04-14T21:46:35+00:00","breadcrumb":{"@id":"https:\/\/canadianmidwives.org\/fr\/vaccination\/enregistrements-des-webinaires-sur-les-vaccins\/#breadcrumb"},"inLanguage":"fr-CA","potentialAction":[{"@type":"ReadAction","target":["https:\/\/canadianmidwives.org\/fr\/vaccination\/enregistrements-des-webinaires-sur-les-vaccins\/"]}]},{"@type":"BreadcrumbList","@id":"https:\/\/canadianmidwives.org\/fr\/vaccination\/enregistrements-des-webinaires-sur-les-vaccins\/#breadcrumb","itemListElement":[{"@type":"ListItem","position":1,"name":"Accueil","item":"https:\/\/canadianmidwives.org\/fr\/"},{"@type":"ListItem","position":2,"name":"Vaccination","item":"https:\/\/canadianmidwives.org\/fr\/vaccination\/"},{"@type":"ListItem","position":3,"name":"Enregistrements des webinaires sur les vaccins"}]},{"@type":"WebSite","@id":"https:\/\/canadianmidwives.org\/fr\/#website","url":"https:\/\/canadianmidwives.org\/fr\/","name":"Association canadienne des sages-femmes","description":"Des sages-femmes pour tous, partout","publisher":{"@id":"https:\/\/canadianmidwives.org\/fr\/#organization"},"potentialAction":[{"@type":"SearchAction","target":{"@type":"EntryPoint","urlTemplate":"https:\/\/canadianmidwives.org\/fr\/?s={search_term_string}"},"query-input":{"@type":"PropertyValueSpecification","valueRequired":true,"valueName":"search_term_string"}}],"inLanguage":"fr-CA"},{"@type":"Organization","@id":"https:\/\/canadianmidwives.org\/fr\/#organization","name":"Association canadienne des sages-femmes","url":"https:\/\/canadianmidwives.org\/fr\/","logo":{"@type":"ImageObject","inLanguage":"fr-CA","@id":"https:\/\/canadianmidwives.org\/fr\/#\/schema\/logo\/image\/","url":"https:\/\/canadianmidwives.org\/sites\/canadianmidwives.org\/wp-content\/uploads\/2022\/03\/CAM-Logo-2022-1536x462-1.png","contentUrl":"https:\/\/canadianmidwives.org\/sites\/canadianmidwives.org\/wp-content\/uploads\/2022\/03\/CAM-Logo-2022-1536x462-1.png","width":1536,"height":462,"caption":"Association canadienne des sages-femmes"},"image":{"@id":"https:\/\/canadianmidwives.org\/fr\/#\/schema\/logo\/image\/"},"sameAs":["https:\/\/www.facebook.com\/CanadianMidwives\/","https:\/\/www.instagram.com\/cam_acsf","https:\/\/www.linkedin.com\/company\/canadian-association-of-midwives"]}]}},"_links":{"self":[{"href":"https:\/\/canadianmidwives.org\/fr\/wp-json\/wp\/v2\/pages\/84934","targetHints":{"allow":["GET"]}}],"collection":[{"href":"https:\/\/canadianmidwives.org\/fr\/wp-json\/wp\/v2\/pages"}],"about":[{"href":"https:\/\/canadianmidwives.org\/fr\/wp-json\/wp\/v2\/types\/page"}],"author":[{"embeddable":true,"href":"https:\/\/canadianmidwives.org\/fr\/wp-json\/wp\/v2\/users\/25"}],"replies":[{"embeddable":true,"href":"https:\/\/canadianmidwives.org\/fr\/wp-json\/wp\/v2\/comments?post=84934"}],"version-history":[{"count":1,"href":"https:\/\/canadianmidwives.org\/fr\/wp-json\/wp\/v2\/pages\/84934\/revisions"}],"predecessor-version":[{"id":84935,"href":"https:\/\/canadianmidwives.org\/fr\/wp-json\/wp\/v2\/pages\/84934\/revisions\/84935"}],"up":[{"embeddable":true,"href":"https:\/\/canadianmidwives.org\/fr\/wp-json\/wp\/v2\/pages\/49749"}],"wp:attachment":[{"href":"https:\/\/canadianmidwives.org\/fr\/wp-json\/wp\/v2\/media?parent=84934"}],"curies":[{"name":"wp","href":"https:\/\/api.w.org\/{rel}","templated":true}]}}