{"id":40412,"date":"2022-01-22T13:51:26","date_gmt":"2022-01-22T18:51:26","guid":{"rendered":"https:\/\/canadianmidwives.org\/?post_type=product&#038;p=40412"},"modified":"2025-04-07T14:54:33","modified_gmt":"2025-04-07T18:54:33","slug":"fuo-offre-groupee-pour-les-sages-femmes-manuel-et-examen-en-francais","status":"publish","type":"product","link":"https:\/\/canadianmidwives.org\/fr\/produit\/fuo-offre-groupee-pour-les-sages-femmes-manuel-et-examen-en-francais\/","title":{"rendered":"FUO: Offre group\u00e9e pour les Sages-Femmes (Manuel et&nbsp;examen en Fran\u00e7ais)"},"content":{"rendered":"<h5><span style=\"color: #000000;\">L&rsquo;offre group\u00e9e de la FUO comprend :<\/span><\/h5>\n<p><span style=\"color: #000000;\">1. <strong>Le manuel de la formation en urgences obst\u00e9tricales (FUO) de l&rsquo;Association des sages-femmes de l\u2019Ontario (ASFO), 8e \u00e9dition<\/strong>, traduit en fran\u00e7ais en 2025 par l\u2019Association canadienne des sages\u2011femmes.<\/span><\/p>\n<ul>\n<li>L\u2019ACSF a ajout\u00e9 des passages \u00e0 la version fran\u00e7aise du Manuel afin de refl\u00e9ter les particularit\u00e9s de la pratique sage-femme au Qu\u00e9bec. Toutes les informations relatives \u00e0 la pratique des sages-femmes en Ontario restent intactes. Le manuel en fran\u00e7ais inclut une annexe au sujet de la Ventouse obst\u00e9tricale destin\u00e9e aux sages-femmes du Qu\u00e9bec.<\/li>\n<li>Le manuel est disponible en <a href=\"https:\/\/canadianmidwives.org\/store\/\">anglais<\/a> et en fran\u00e7ais en format \u00e9lectronique (PDF) seulement. La version anglaise n\u2019inclut aucune note sur la pratique de sages-femmes au Qu\u00e9bec. Le manuel n&rsquo;est plus disponible en version imprim\u00e9e.<\/li>\n<\/ul>\n<p><span style=\"color: #000000;\">2. <strong>L&rsquo;examen de la formation en urgences obst\u00e9tricales de l&rsquo;ASFO<\/strong> pour les sages-femmes r\u00e9sidant en dehors de l&rsquo;Ontario a \u00e9t\u00e9 mis \u00e0 jour pour tenir compte du nouveau manuel. L&rsquo;examen et aussi disponible en\u00a0<a href=\"https:\/\/canadianmidwives.org\/store\/\">anglais<\/a>.<\/span><\/p>\n<p>Les sujets comprennent\u00a0: Gestion des situations d\u2019urgences, H\u00e9morragie post-partum, H\u00e9morragie pr\u00e9natale ou pernatale, Fr\u00e9quence cardiaque f\u0153tale anormale, Pr\u00e9sentation anormale et procidence du cordon, Accouchement d\u2019un si\u00e8ge d\u2019urgence, Accouchement de jumeaux d\u2019urgence.<\/p>\n","protected":false},"excerpt":{"rendered":"<p>8\u00e8me \u00e9dition, traduction et adaptation de l\u2019ACSF 2025<\/p>\n<p>(Format \u00e9lectronique, PDF)<\/p>\n<p>Langue : Fran\u00e7ais<\/p>\n<p style=\"color: #c40000;\">Lorsque vous ach\u00e8terez l&rsquo;offre group\u00e9e FUO, vous recevrez un courriel contenant un lien pour t\u00e9l\u00e9charger le manuel FUO au format PDF.<\/p>\n<p style=\"color: #c40000;\">Vous recevrez le lien de l&rsquo;examen de l&rsquo;Association des sages-femmes de l\u2019Ontario dans un courriel s\u00e9par\u00e9 pendant les heures de bureau, du lundi au vendredi, heure de l&rsquo;Est, dans les 24\u00a0\u00e0\u00a048 heures suivant l&rsquo;achat. Veuillez v\u00e9rifier vos courriels ind\u00e9sirables si vous ne le recevez pas dans ce\u00a0d\u00e9lai.<\/p>\n<p><em>Les sages-femmes exer\u00e7ant au Qu\u00e9bec recevront un courriel suppl\u00e9mentaire du RSFQ avec des informations compl\u00e9mentaires<\/em> sur le si\u00e8ge non planifi\u00e9. Si vous exercez au Qu\u00e9bec, mais vous avez une adresse de facturation ou une adresse postale \u00e0 l&rsquo;ext\u00e9rieur de la province du Qu\u00e9bec, veuillez nous le faire savoir ou contactez le\u00a0RSFQ.<\/p>\n<p><strong>Vous aurez 30\u00a0jours pour terminer l&rsquo;examen une fois commenc\u00e9.<\/strong><\/p>\n<p>D&rsquo;autres questions\u00a0? Contactez <a style=\"color: #000000;\" href=\"mailto:admin@canadianmidwives.org\">admin@canadianmidwives.org<\/a><\/p>\n<p>&nbsp;<\/p>\n","protected":false},"featured_media":79870,"template":"","meta":{"_monsterinsights_skip_tracking":false,"_monsterinsights_sitenote_active":false,"_monsterinsights_sitenote_note":"","_monsterinsights_sitenote_category":0,"neve_meta_sidebar":"","neve_meta_container":"","neve_meta_enable_content_width":"off","neve_meta_content_width":100,"neve_meta_title_alignment":"","neve_meta_author_avatar":"","neve_post_elements_order":"","neve_meta_disable_header":"","neve_meta_disable_footer":"","neve_meta_disable_title":"","_themeisle_gutenberg_block_has_review":false},"product_brand":[],"product_cat":[118],"product_tag":[],"class_list":{"0":"post-40412","1":"product","2":"type-product","3":"status-publish","4":"has-post-thumbnail","6":"product_cat-materiel-didactique-pour-les-fuo-anglais","8":"first","9":"instock","10":"virtual","11":"taxable","12":"purchasable","13":"product-type-simple"},"yoast_head":"<!-- This site is optimized with the Yoast SEO plugin v27.4 - https:\/\/yoast.com\/product\/yoast-seo-wordpress\/ -->\n<title>FUO: Offre group\u00e9e pour les Sages-Femmes (Manuel et&nbsp;examen en Fran\u00e7ais) - Association canadienne des sages-femmes<\/title>\n<meta name=\"robots\" content=\"index, follow, max-snippet:-1, max-image-preview:large, max-video-preview:-1\" \/>\n<link rel=\"canonical\" href=\"https:\/\/canadianmidwives.org\/fr\/produit\/fuo-offre-groupee-pour-les-sages-femmes-manuel-et-examen-en-francais\/\" \/>\n<meta property=\"og:locale\" content=\"fr_CA\" \/>\n<meta property=\"og:type\" content=\"article\" \/>\n<meta property=\"og:title\" content=\"FUO: Offre group\u00e9e pour les Sages-Femmes (Manuel et&nbsp;examen en Fran\u00e7ais) - Association canadienne des sages-femmes\" \/>\n<meta property=\"og:description\" content=\"8\u00e8me \u00e9dition, traduction et adaptation de l\u2019ACSF 2025  (Format \u00e9lectronique, PDF)  Langue : Fran\u00e7ais Lorsque vous ach\u00e8terez l&#039;offre group\u00e9e FUO, vous recevrez un courriel contenant un lien pour t\u00e9l\u00e9charger le manuel FUO au format PDF. Vous recevrez le lien de l&#039;examen de l&#039;Association des sages-femmes de l\u2019Ontario dans un courriel s\u00e9par\u00e9 pendant les heures de bureau, du lundi au vendredi, heure de l&#039;Est, dans les 24\u00a0\u00e0\u00a048 heures suivant l&#039;achat. Veuillez v\u00e9rifier vos courriels ind\u00e9sirables si vous ne le recevez pas dans ce\u00a0d\u00e9lai. Les sages-femmes exer\u00e7ant au Qu\u00e9bec recevront un courriel suppl\u00e9mentaire du RSFQ avec des informations compl\u00e9mentaires sur le si\u00e8ge non planifi\u00e9. Si vous exercez au Qu\u00e9bec, mais vous avez une adresse de facturation ou une adresse postale \u00e0 l&#039;ext\u00e9rieur de la province du Qu\u00e9bec, veuillez nous le faire savoir ou contactez le\u00a0RSFQ.  Vous aurez 30\u00a0jours pour terminer l&#039;examen une fois commenc\u00e9.  D&#039;autres questions\u00a0? Contactez admin@canadianmidwives.org  &nbsp;\" \/>\n<meta property=\"og:url\" content=\"https:\/\/canadianmidwives.org\/fr\/produit\/fuo-offre-groupee-pour-les-sages-femmes-manuel-et-examen-en-francais\/\" \/>\n<meta property=\"og:site_name\" content=\"Association canadienne des sages-femmes\" \/>\n<meta property=\"article:publisher\" content=\"https:\/\/www.facebook.com\/CanadianMidwives\/\" \/>\n<meta property=\"article:modified_time\" content=\"2025-04-07T18:54:33+00:00\" \/>\n<meta property=\"og:image\" content=\"https:\/\/canadianmidwives.org\/sites\/canadianmidwives.org\/wp-content\/uploads\/2022\/01\/11352_ACSF_ESW-Manuel-FR_2025_V4_cover-01.png\" \/>\n\t<meta property=\"og:image:width\" content=\"612\" \/>\n\t<meta property=\"og:image:height\" content=\"659\" \/>\n\t<meta property=\"og:image:type\" content=\"image\/png\" \/>\n<meta name=\"twitter:card\" content=\"summary_large_image\" \/>\n<meta name=\"twitter:label1\" content=\"Estimation du temps de lecture\" \/>\n\t<meta name=\"twitter:data1\" content=\"2 minutes\" \/>\n<script type=\"application\/ld+json\" class=\"yoast-schema-graph\">{\"@context\":\"https:\\\/\\\/schema.org\",\"@graph\":[{\"@type\":\"WebPage\",\"@id\":\"https:\\\/\\\/canadianmidwives.org\\\/fr\\\/produit\\\/fuo-offre-groupee-pour-les-sages-femmes-manuel-et-examen-en-francais\\\/\",\"url\":\"https:\\\/\\\/canadianmidwives.org\\\/fr\\\/produit\\\/fuo-offre-groupee-pour-les-sages-femmes-manuel-et-examen-en-francais\\\/\",\"name\":\"FUO: Offre group\u00e9e pour les Sages-Femmes (Manuel et&nbsp;examen en Fran\u00e7ais) - Association canadienne des sages-femmes\",\"isPartOf\":{\"@id\":\"https:\\\/\\\/canadianmidwives.org\\\/fr\\\/#website\"},\"primaryImageOfPage\":{\"@id\":\"https:\\\/\\\/canadianmidwives.org\\\/fr\\\/produit\\\/fuo-offre-groupee-pour-les-sages-femmes-manuel-et-examen-en-francais\\\/#primaryimage\"},\"image\":{\"@id\":\"https:\\\/\\\/canadianmidwives.org\\\/fr\\\/produit\\\/fuo-offre-groupee-pour-les-sages-femmes-manuel-et-examen-en-francais\\\/#primaryimage\"},\"thumbnailUrl\":\"https:\\\/\\\/canadianmidwives.org\\\/sites\\\/canadianmidwives.org\\\/wp-content\\\/uploads\\\/2022\\\/01\\\/11352_ACSF_ESW-Manuel-FR_2025_V4_cover-01.png\",\"datePublished\":\"2022-01-22T18:51:26+00:00\",\"dateModified\":\"2025-04-07T18:54:33+00:00\",\"breadcrumb\":{\"@id\":\"https:\\\/\\\/canadianmidwives.org\\\/fr\\\/produit\\\/fuo-offre-groupee-pour-les-sages-femmes-manuel-et-examen-en-francais\\\/#breadcrumb\"},\"inLanguage\":\"fr-CA\",\"potentialAction\":[{\"@type\":\"ReadAction\",\"target\":[\"https:\\\/\\\/canadianmidwives.org\\\/fr\\\/produit\\\/fuo-offre-groupee-pour-les-sages-femmes-manuel-et-examen-en-francais\\\/\"]}]},{\"@type\":\"ImageObject\",\"inLanguage\":\"fr-CA\",\"@id\":\"https:\\\/\\\/canadianmidwives.org\\\/fr\\\/produit\\\/fuo-offre-groupee-pour-les-sages-femmes-manuel-et-examen-en-francais\\\/#primaryimage\",\"url\":\"https:\\\/\\\/canadianmidwives.org\\\/sites\\\/canadianmidwives.org\\\/wp-content\\\/uploads\\\/2022\\\/01\\\/11352_ACSF_ESW-Manuel-FR_2025_V4_cover-01.png\",\"contentUrl\":\"https:\\\/\\\/canadianmidwives.org\\\/sites\\\/canadianmidwives.org\\\/wp-content\\\/uploads\\\/2022\\\/01\\\/11352_ACSF_ESW-Manuel-FR_2025_V4_cover-01.png\",\"width\":612,\"height\":659},{\"@type\":\"BreadcrumbList\",\"@id\":\"https:\\\/\\\/canadianmidwives.org\\\/fr\\\/produit\\\/fuo-offre-groupee-pour-les-sages-femmes-manuel-et-examen-en-francais\\\/#breadcrumb\",\"itemListElement\":[{\"@type\":\"ListItem\",\"position\":1,\"name\":\"Accueil\",\"item\":\"https:\\\/\\\/canadianmidwives.org\\\/fr\\\/\"},{\"@type\":\"ListItem\",\"position\":2,\"name\":\"Boutique\",\"item\":\"https:\\\/\\\/canadianmidwives.org\\\/fr\\\/boutique\\\/\"},{\"@type\":\"ListItem\",\"position\":3,\"name\":\"FUO: Offre group\u00e9e pour les Sages-Femmes (Manuel et&nbsp;examen en Fran\u00e7ais)\"}]},{\"@type\":\"WebSite\",\"@id\":\"https:\\\/\\\/canadianmidwives.org\\\/fr\\\/#website\",\"url\":\"https:\\\/\\\/canadianmidwives.org\\\/fr\\\/\",\"name\":\"Association canadienne des sages-femmes\",\"description\":\"Des sages-femmes pour tous, partout\",\"publisher\":{\"@id\":\"https:\\\/\\\/canadianmidwives.org\\\/fr\\\/#organization\"},\"potentialAction\":[{\"@type\":\"SearchAction\",\"target\":{\"@type\":\"EntryPoint\",\"urlTemplate\":\"https:\\\/\\\/canadianmidwives.org\\\/fr\\\/?s={search_term_string}\"},\"query-input\":{\"@type\":\"PropertyValueSpecification\",\"valueRequired\":true,\"valueName\":\"search_term_string\"}}],\"inLanguage\":\"fr-CA\"},{\"@type\":\"Organization\",\"@id\":\"https:\\\/\\\/canadianmidwives.org\\\/fr\\\/#organization\",\"name\":\"Association canadienne des sages-femmes\",\"url\":\"https:\\\/\\\/canadianmidwives.org\\\/fr\\\/\",\"logo\":{\"@type\":\"ImageObject\",\"inLanguage\":\"fr-CA\",\"@id\":\"https:\\\/\\\/canadianmidwives.org\\\/fr\\\/#\\\/schema\\\/logo\\\/image\\\/\",\"url\":\"https:\\\/\\\/canadianmidwives.org\\\/sites\\\/canadianmidwives.org\\\/wp-content\\\/uploads\\\/2022\\\/03\\\/CAM-Logo-2022-1536x462-1.png\",\"contentUrl\":\"https:\\\/\\\/canadianmidwives.org\\\/sites\\\/canadianmidwives.org\\\/wp-content\\\/uploads\\\/2022\\\/03\\\/CAM-Logo-2022-1536x462-1.png\",\"width\":1536,\"height\":462,\"caption\":\"Association canadienne des sages-femmes\"},\"image\":{\"@id\":\"https:\\\/\\\/canadianmidwives.org\\\/fr\\\/#\\\/schema\\\/logo\\\/image\\\/\"},\"sameAs\":[\"https:\\\/\\\/www.facebook.com\\\/CanadianMidwives\\\/\",\"https:\\\/\\\/www.instagram.com\\\/cam_acsf\",\"https:\\\/\\\/www.linkedin.com\\\/company\\\/canadian-association-of-midwives\"]}]}<\/script>\n<!-- \/ Yoast SEO plugin. -->","yoast_head_json":{"title":"FUO: Offre group\u00e9e pour les Sages-Femmes (Manuel et&nbsp;examen en Fran\u00e7ais) - Association canadienne des sages-femmes","robots":{"index":"index","follow":"follow","max-snippet":"max-snippet:-1","max-image-preview":"max-image-preview:large","max-video-preview":"max-video-preview:-1"},"canonical":"https:\/\/canadianmidwives.org\/fr\/produit\/fuo-offre-groupee-pour-les-sages-femmes-manuel-et-examen-en-francais\/","og_locale":"fr_CA","og_type":"article","og_title":"FUO: Offre group\u00e9e pour les Sages-Femmes (Manuel et&nbsp;examen en Fran\u00e7ais) - Association canadienne des sages-femmes","og_description":"8\u00e8me \u00e9dition, traduction et adaptation de l\u2019ACSF 2025  (Format \u00e9lectronique, PDF)  Langue : Fran\u00e7ais Lorsque vous ach\u00e8terez l'offre group\u00e9e FUO, vous recevrez un courriel contenant un lien pour t\u00e9l\u00e9charger le manuel FUO au format PDF. Vous recevrez le lien de l'examen de l'Association des sages-femmes de l\u2019Ontario dans un courriel s\u00e9par\u00e9 pendant les heures de bureau, du lundi au vendredi, heure de l'Est, dans les 24\u00a0\u00e0\u00a048 heures suivant l'achat. Veuillez v\u00e9rifier vos courriels ind\u00e9sirables si vous ne le recevez pas dans ce\u00a0d\u00e9lai. Les sages-femmes exer\u00e7ant au Qu\u00e9bec recevront un courriel suppl\u00e9mentaire du RSFQ avec des informations compl\u00e9mentaires sur le si\u00e8ge non planifi\u00e9. Si vous exercez au Qu\u00e9bec, mais vous avez une adresse de facturation ou une adresse postale \u00e0 l'ext\u00e9rieur de la province du Qu\u00e9bec, veuillez nous le faire savoir ou contactez le\u00a0RSFQ.  Vous aurez 30\u00a0jours pour terminer l'examen une fois commenc\u00e9.  D'autres questions\u00a0? Contactez admin@canadianmidwives.org  &nbsp;","og_url":"https:\/\/canadianmidwives.org\/fr\/produit\/fuo-offre-groupee-pour-les-sages-femmes-manuel-et-examen-en-francais\/","og_site_name":"Association canadienne des sages-femmes","article_publisher":"https:\/\/www.facebook.com\/CanadianMidwives\/","article_modified_time":"2025-04-07T18:54:33+00:00","og_image":[{"width":612,"height":659,"url":"https:\/\/canadianmidwives.org\/sites\/canadianmidwives.org\/wp-content\/uploads\/2022\/01\/11352_ACSF_ESW-Manuel-FR_2025_V4_cover-01.png","type":"image\/png"}],"twitter_card":"summary_large_image","twitter_misc":{"Estimation du temps de lecture":"2 minutes"},"schema":{"@context":"https:\/\/schema.org","@graph":[{"@type":"WebPage","@id":"https:\/\/canadianmidwives.org\/fr\/produit\/fuo-offre-groupee-pour-les-sages-femmes-manuel-et-examen-en-francais\/","url":"https:\/\/canadianmidwives.org\/fr\/produit\/fuo-offre-groupee-pour-les-sages-femmes-manuel-et-examen-en-francais\/","name":"FUO: Offre group\u00e9e pour les Sages-Femmes (Manuel et&nbsp;examen en Fran\u00e7ais) - Association canadienne des sages-femmes","isPartOf":{"@id":"https:\/\/canadianmidwives.org\/fr\/#website"},"primaryImageOfPage":{"@id":"https:\/\/canadianmidwives.org\/fr\/produit\/fuo-offre-groupee-pour-les-sages-femmes-manuel-et-examen-en-francais\/#primaryimage"},"image":{"@id":"https:\/\/canadianmidwives.org\/fr\/produit\/fuo-offre-groupee-pour-les-sages-femmes-manuel-et-examen-en-francais\/#primaryimage"},"thumbnailUrl":"https:\/\/canadianmidwives.org\/sites\/canadianmidwives.org\/wp-content\/uploads\/2022\/01\/11352_ACSF_ESW-Manuel-FR_2025_V4_cover-01.png","datePublished":"2022-01-22T18:51:26+00:00","dateModified":"2025-04-07T18:54:33+00:00","breadcrumb":{"@id":"https:\/\/canadianmidwives.org\/fr\/produit\/fuo-offre-groupee-pour-les-sages-femmes-manuel-et-examen-en-francais\/#breadcrumb"},"inLanguage":"fr-CA","potentialAction":[{"@type":"ReadAction","target":["https:\/\/canadianmidwives.org\/fr\/produit\/fuo-offre-groupee-pour-les-sages-femmes-manuel-et-examen-en-francais\/"]}]},{"@type":"ImageObject","inLanguage":"fr-CA","@id":"https:\/\/canadianmidwives.org\/fr\/produit\/fuo-offre-groupee-pour-les-sages-femmes-manuel-et-examen-en-francais\/#primaryimage","url":"https:\/\/canadianmidwives.org\/sites\/canadianmidwives.org\/wp-content\/uploads\/2022\/01\/11352_ACSF_ESW-Manuel-FR_2025_V4_cover-01.png","contentUrl":"https:\/\/canadianmidwives.org\/sites\/canadianmidwives.org\/wp-content\/uploads\/2022\/01\/11352_ACSF_ESW-Manuel-FR_2025_V4_cover-01.png","width":612,"height":659},{"@type":"BreadcrumbList","@id":"https:\/\/canadianmidwives.org\/fr\/produit\/fuo-offre-groupee-pour-les-sages-femmes-manuel-et-examen-en-francais\/#breadcrumb","itemListElement":[{"@type":"ListItem","position":1,"name":"Accueil","item":"https:\/\/canadianmidwives.org\/fr\/"},{"@type":"ListItem","position":2,"name":"Boutique","item":"https:\/\/canadianmidwives.org\/fr\/boutique\/"},{"@type":"ListItem","position":3,"name":"FUO: Offre group\u00e9e pour les Sages-Femmes (Manuel et&nbsp;examen en Fran\u00e7ais)"}]},{"@type":"WebSite","@id":"https:\/\/canadianmidwives.org\/fr\/#website","url":"https:\/\/canadianmidwives.org\/fr\/","name":"Association canadienne des sages-femmes","description":"Des sages-femmes pour tous, partout","publisher":{"@id":"https:\/\/canadianmidwives.org\/fr\/#organization"},"potentialAction":[{"@type":"SearchAction","target":{"@type":"EntryPoint","urlTemplate":"https:\/\/canadianmidwives.org\/fr\/?s={search_term_string}"},"query-input":{"@type":"PropertyValueSpecification","valueRequired":true,"valueName":"search_term_string"}}],"inLanguage":"fr-CA"},{"@type":"Organization","@id":"https:\/\/canadianmidwives.org\/fr\/#organization","name":"Association canadienne des sages-femmes","url":"https:\/\/canadianmidwives.org\/fr\/","logo":{"@type":"ImageObject","inLanguage":"fr-CA","@id":"https:\/\/canadianmidwives.org\/fr\/#\/schema\/logo\/image\/","url":"https:\/\/canadianmidwives.org\/sites\/canadianmidwives.org\/wp-content\/uploads\/2022\/03\/CAM-Logo-2022-1536x462-1.png","contentUrl":"https:\/\/canadianmidwives.org\/sites\/canadianmidwives.org\/wp-content\/uploads\/2022\/03\/CAM-Logo-2022-1536x462-1.png","width":1536,"height":462,"caption":"Association canadienne des sages-femmes"},"image":{"@id":"https:\/\/canadianmidwives.org\/fr\/#\/schema\/logo\/image\/"},"sameAs":["https:\/\/www.facebook.com\/CanadianMidwives\/","https:\/\/www.instagram.com\/cam_acsf","https:\/\/www.linkedin.com\/company\/canadian-association-of-midwives"]}]}},"_links":{"self":[{"href":"https:\/\/canadianmidwives.org\/fr\/wp-json\/wp\/v2\/product\/40412","targetHints":{"allow":["GET"]}}],"collection":[{"href":"https:\/\/canadianmidwives.org\/fr\/wp-json\/wp\/v2\/product"}],"about":[{"href":"https:\/\/canadianmidwives.org\/fr\/wp-json\/wp\/v2\/types\/product"}],"wp:featuredmedia":[{"embeddable":true,"href":"https:\/\/canadianmidwives.org\/fr\/wp-json\/wp\/v2\/media\/79870"}],"wp:attachment":[{"href":"https:\/\/canadianmidwives.org\/fr\/wp-json\/wp\/v2\/media?parent=40412"}],"wp:term":[{"taxonomy":"product_brand","embeddable":true,"href":"https:\/\/canadianmidwives.org\/fr\/wp-json\/wp\/v2\/product_brand?post=40412"},{"taxonomy":"product_cat","embeddable":true,"href":"https:\/\/canadianmidwives.org\/fr\/wp-json\/wp\/v2\/product_cat?post=40412"},{"taxonomy":"product_tag","embeddable":true,"href":"https:\/\/canadianmidwives.org\/fr\/wp-json\/wp\/v2\/product_tag?post=40412"}],"curies":[{"name":"wp","href":"https:\/\/api.w.org\/{rel}","templated":true}]}}