{"id":40422,"date":"2022-01-22T13:51:27","date_gmt":"2022-01-22T18:51:27","guid":{"rendered":"https:\/\/canadianmidwives.org\/?post_type=product&#038;p=40422"},"modified":"2025-03-31T12:27:12","modified_gmt":"2025-03-31T16:27:12","slug":"materiel-pour-les-instructrices-de-fuo-abonnement-francais","status":"publish","type":"product","link":"https:\/\/canadianmidwives.org\/fr\/produit\/materiel-pour-les-instructrices-de-fuo-abonnement-francais\/","title":{"rendered":"FUO abonnement de 2 ans pour les instructrices (mat\u00e9riel et examen)"},"content":{"rendered":"<p><strong><span style=\"color: #000000;\">Le manuel de la formation en urgences obst\u00e9tricales (FUO)<\/span><\/strong> de l&rsquo;Association des sages-femmes de l\u2019Ontario (ASFO), 8e \u00e9dition, traduit en fran\u00e7ais en 2025 par l\u2019Association canadienne des sages\u2011femmes.<\/p>\n<p><em>Les sages-femmes exer\u00e7ant au Qu\u00e9bec recevront un courriel suppl\u00e9mentaire du RSFQ avec des informations compl\u00e9mentaires sur le si\u00e8ge non planifi\u00e9. Si vous exercez au Qu\u00e9bec, mais vous avez une adresse de facturation ou une adresse postale \u00e0 l&rsquo;ext\u00e9rieur de la province du Qu\u00e9bec, veuillez nous le faire savoir ou contactez le\u00a0RSFQ.<\/em><\/p>\n<ul>\n<li>L\u2019ACSF a ajout\u00e9 des passages \u00e0 la version fran\u00e7aise du Manuel afin de refl\u00e9ter les particularit\u00e9s de la pratique sage-femme au Qu\u00e9bec. Toutes les informations relatives \u00e0 la pratique des sages-femmes en Ontario restent intactes. Le manuel en fran\u00e7ais inclut une annexe au sujet de la Ventouse obst\u00e9tricale destin\u00e9e aux sages-femmes du Qu\u00e9bec.<\/li>\n<li>Le manuel est disponible en <a href=\"https:\/\/canadianmidwives.org\/store\/\">anglais<\/a> et fran\u00e7ais en format \u00e9lectronique (PDF) seulement. La version anglaise n\u2019inclut aucune note sur la pratique de sages-femmes au Qu\u00e9bec. Le manuel n&rsquo;est plus disponible en version imprim\u00e9e.<\/li>\n<\/ul>\n<p>&nbsp;<\/p>\n<hr \/>\n<p><strong><span style=\"color: #000000;\">L&rsquo;examen de la formation en urgences obst\u00e9tricales de l&rsquo;ASFO<\/span><\/strong> pour les instructrices r\u00e9sidant en dehors de l&rsquo;Ontario a \u00e9t\u00e9 mis \u00e0 jour pour tenir compte du nouveau manuel. L&rsquo;examen et aussi disponible en\u00a0<a href=\"https:\/\/canadianmidwives.org\/store\/\">anglais<\/a>.<\/p>\n<p>Les sujets comprennent\u00a0: Gestion des situations d\u2019urgences, H\u00e9morragie post-partum, H\u00e9morragie pr\u00e9natale ou pernatale, Fr\u00e9quence cardiaque f\u0153tale anormale, Pr\u00e9sentation anormale et procidence du cordon, Accouchement d\u2019un si\u00e8ge d\u2019urgence, Accouchement de jumeaux d\u2019urgence.<\/p>\n<p>Vous recevrez le lien de l&rsquo;examen de l&rsquo;Association des sages-femmes de l\u2019Ontario dans un courriel s\u00e9par\u00e9 pendant les heures de bureau, du lundi au vendredi, heure de l&rsquo;Est, dans les 24 \u00e0 48 heures suivant l&rsquo;achat. Veuillez v\u00e9rifier vos courriels ind\u00e9sirables si vous ne le recevez pas dans ce\u00a0d\u00e9lai.<\/p>\n<p>Vous avez deux tentatives pour r\u00e9ussir l&rsquo;examen et devez atteindre 90\u00a0% ou plus pour le\u00a0r\u00e9ussir.<\/p>\n<p><span style=\"color: #c40000;\"><strong>Vous aurez 30 jours pour terminer l&rsquo;examen une fois commenc\u00e9.<\/strong><\/span><\/p>\n<p>D&rsquo;autres questions ? Contactez <a href=\"mailto:admin@canadianmidwives.org\">admin@canadianmidwives.org<\/a><\/p>\n<hr \/>\n<h4><span style=\"color: #000000;\">Pr\u00e9sentation pour les participants FUO (Disponible en anglais seulement) :<\/span><\/h4>\n<p>Cette pr\u00e9sentation en ligne (disponible en anglais seulement) couvre le format du programme FUO, les changements importants et les mises \u00e0 jour de la 8\u00e8me \u00e9dition du manuel FUO (2025) et un r\u00e9sum\u00e9 de la recherche sur l&rsquo;acide tranexamique comme m\u00e9dicament d\u2019appoint pour l&rsquo;h\u00e9morragie du postpartum. Les spectateurs peuvent choisir les modules \u00e0 regarder apr\u00e8s avoir r\u00e9pondu \u00e0 un court questionnaire pr\u00e9alable \u00e0 la pr\u00e9sentation. Le visionnage de l&rsquo;ensemble de la pr\u00e9sentation prend environ 45 \u00e0 60 minutes.<\/p>\n<hr \/>\n<h4>Manuel \u00e0 l\u2019intention des instructrices 2020 (PDF) :<\/h4>\n<ol type=\"a\">\n<li>Aper\u00e7u du programme<\/li>\n<li>Principes d\u2019enseignement de la FUO aux adultes et comp\u00e9tences de l\u2019instructrice<\/li>\n<li>Mener la formation en urgences obst\u00e9tricales<\/li>\n<\/ol>\n<p>Ce manuel a \u00e9t\u00e9 r\u00e9vis\u00e9 pour se concentrer sur les objectifs d&rsquo;enseignement et d&rsquo;apprentissage du programme FUO. Les politiques FUO de l&rsquo;ASFO ont \u00e9t\u00e9 supprim\u00e9es.<\/p>\n<p><strong>Cartes aides m\u00e9moires<\/strong><br \/>\nCartes aides m\u00e9moires pour faciliter chaque sc\u00e9nario. Vous trouverez des informations sur les \u00e9tapes essentielles, les objectifs d&rsquo;apprentissage et plus encore.<\/p>\n<p><strong>Sc\u00e9narios pour l\u2019atelier de FUO<\/strong><br \/>\nDes sc\u00e9narios d\u00e9taill\u00e9s \u00e0 utiliser, y compris des variantes difficiles de procidence du cordon, , dystocie des \u00e9paules, et accouchement de jumeaux &#8211; si\u00e8ge<\/p>\n<hr \/>\n<p><span style=\"color: #000000;\"><strong><span style=\"color: #c40000;\">VEUILLEZ NOTER que cet abonnement ne vous certifie pas comme instructrice de FUO au Canada ou ailleurs.<\/span><\/strong> L&rsquo;Association canadienne des sages-femmes (ACSF) et l&rsquo;Association des sages-femmes de l&rsquo;Ontario (ASFO) ne sont pas responsables de la certification des instructrices FUO. Les instructrices sont certifi\u00e9es pour enseigner par les associations provinciales et territoriales de sages-femmes (RSFQ au\u00a0Qu\u00e9bec).<\/span><\/p>\n<p>L&rsquo;ACSF r\u00e9serve le droit d&rsquo;annuler un abonnement \u00e0 tout moment si une abonn\u00e9e n&rsquo;est pas inscrite aupr\u00e8s de son association provinciale ou territoriale, ou de son organisme de r\u00e9glementation pour enseigner la FUO dans sa province ou son territoire. L\u2019ACSF facilite l&rsquo;acc\u00e8s au mat\u00e9riel FUO de l&rsquo;ASFO aux instructrices certifi\u00e9es dans les provinces et territoires autres que l&rsquo;Ontario. L\u2019ACSF veille \u00e9galement \u00e0 ce que ces documents soient accessibles en anglais et en\u00a0fran\u00e7ais.<\/p>\n","protected":false},"excerpt":{"rendered":"<p><strong>REMARQUE : si vous avez des difficult\u00e9s \u00e0 acc\u00e9der au portail des formateurs FUO apr\u00e8s avoir achet\u00e9 cet abonnement, veuillez envoyer un courriel \u00e0 bsymonds@canadianmidwives.org. Nous pourrons vous donner acc\u00e8s. Nous vous remercions de votre patience pendant que nous nous effor\u00e7ons de r\u00e9soudre ce probl\u00e8me technique.<\/strong><\/p>\n<p>&nbsp;<\/p>\n<p><strong>(R\u00e9serv\u00e9 aux instructrices FUO certifi\u00e9s)<\/strong><\/p>\n<p>Cet abonnement de 24mois destin\u00e9 aux instructrices FUO comprend les \u00e9l\u00e9ments suivants (pour plus de d\u00e9tails, voir la description) :<\/p>\n<p>1. <strong>Manuel FUO de l\u2019ASFO en Fran\u00e7ais<\/strong> 8\u00e8me \u00e9dition, traduction et adaptation de l\u2019ACSF 2025 (PDF)<\/p>\n<p>2. <strong>L\u2019Examen FUO de l\u2019ASFO en Fran\u00e7ais<\/strong><\/p>\n<p>3. <strong>Pr\u00e9sentation pour les participants FUO<\/strong> de l&rsquo;ASFO (Disponible en anglais seulement) : Cette pr\u00e9sentation en ligne (disponible en anglais seulement) couvre le format du programme FUO, les changements importants et les mises \u00e0 jour de la 8\u00e8me \u00e9dition du manuel FUO (2022) et un r\u00e9sum\u00e9 de la recherche sur l&rsquo;acide tranexamique comme m\u00e9dicament d\u2019appoint pour l&rsquo;h\u00e9morragie du postpartum. Les spectateurs peuvent choisir les modules \u00e0 regarder apr\u00e8s avoir r\u00e9pondu \u00e0 un court questionnaire pr\u00e9alable \u00e0 la pr\u00e9sentation. Le visionnage de l&rsquo;ensemble de la pr\u00e9sentation prend environ 45 \u00e0 60 minutes.<\/p>\n<p>4. <strong>Manuel \u00e0 l\u2019intention des instructrices<\/strong>\u00a0(PDF)\u00a0:<\/p>\n<p>a. Aper\u00e7u du programme<\/p>\n<p>b. Principes d\u2019enseignement de la FUO aux adultes et comp\u00e9tences de l\u2019instructrice<\/p>\n<p>c. Mener la formation en urgences obst\u00e9tricales<\/p>\n<p>&nbsp;<\/p>\n<p>&nbsp;<\/p>\n<p>&nbsp;<\/p>\n","protected":false},"featured_media":79872,"template":"","meta":{"_monsterinsights_skip_tracking":false,"_monsterinsights_sitenote_active":false,"_monsterinsights_sitenote_note":"","_monsterinsights_sitenote_category":0,"neve_meta_sidebar":"","neve_meta_container":"","neve_meta_enable_content_width":"off","neve_meta_content_width":100,"neve_meta_title_alignment":"","neve_meta_author_avatar":"","neve_post_elements_order":"","neve_meta_disable_header":"","neve_meta_disable_footer":"","neve_meta_disable_title":"","_themeisle_gutenberg_block_has_review":false},"product_brand":[],"product_cat":[121,118],"product_tag":[],"class_list":{"0":"post-40422","1":"product","2":"type-product","3":"status-publish","4":"has-post-thumbnail","6":"product_cat-esw-instructor-membership-fr","7":"product_cat-materiel-didactique-pour-les-fuo-anglais","9":"first","10":"instock","11":"virtual","12":"taxable","13":"purchasable","14":"product-type-simple"},"yoast_head":"<!-- This site is optimized with the Yoast SEO plugin v27.4 - https:\/\/yoast.com\/product\/yoast-seo-wordpress\/ -->\n<title>FUO abonnement de 2 ans pour les instructrices (mat\u00e9riel et examen) - Association canadienne des sages-femmes<\/title>\n<meta name=\"robots\" content=\"index, follow, max-snippet:-1, max-image-preview:large, max-video-preview:-1\" \/>\n<link rel=\"canonical\" href=\"https:\/\/canadianmidwives.org\/fr\/produit\/materiel-pour-les-instructrices-de-fuo-abonnement-francais\/\" \/>\n<meta property=\"og:locale\" content=\"fr_CA\" \/>\n<meta property=\"og:type\" content=\"article\" \/>\n<meta property=\"og:title\" content=\"FUO abonnement de 2 ans pour les instructrices (mat\u00e9riel et examen) - Association canadienne des sages-femmes\" \/>\n<meta property=\"og:description\" content=\"REMARQUE : si vous avez des difficult\u00e9s \u00e0 acc\u00e9der au portail des formateurs FUO apr\u00e8s avoir achet\u00e9 cet abonnement, veuillez envoyer un courriel \u00e0 bsymonds@canadianmidwives.org. Nous pourrons vous donner acc\u00e8s. Nous vous remercions de votre patience pendant que nous nous effor\u00e7ons de r\u00e9soudre ce probl\u00e8me technique.  &nbsp;  (R\u00e9serv\u00e9 aux instructrices FUO certifi\u00e9s)  Cet abonnement de 24mois destin\u00e9 aux instructrices FUO comprend les \u00e9l\u00e9ments suivants (pour plus de d\u00e9tails, voir la description) :  1. Manuel FUO de l\u2019ASFO en Fran\u00e7ais 8\u00e8me \u00e9dition, traduction et adaptation de l\u2019ACSF 2025 (PDF)  2. L\u2019Examen FUO de l\u2019ASFO en Fran\u00e7ais  3. Pr\u00e9sentation pour les participants FUO de l&#039;ASFO (Disponible en anglais seulement) : Cette pr\u00e9sentation en ligne (disponible en anglais seulement) couvre le format du programme FUO, les changements importants et les mises \u00e0 jour de la 8\u00e8me \u00e9dition du manuel FUO (2022) et un r\u00e9sum\u00e9 de la recherche sur l&#039;acide tranexamique comme m\u00e9dicament d\u2019appoint pour l&#039;h\u00e9morragie du postpartum. Les spectateurs peuvent choisir les modules \u00e0 regarder apr\u00e8s avoir r\u00e9pondu \u00e0 un court questionnaire pr\u00e9alable \u00e0 la pr\u00e9sentation. Le visionnage de l&#039;ensemble de la pr\u00e9sentation prend environ 45 \u00e0 60 minutes.  4. Manuel \u00e0 l\u2019intention des instructrices\u00a0(PDF)\u00a0:  a. Aper\u00e7u du programme  b. Principes d\u2019enseignement de la FUO aux adultes et comp\u00e9tences de l\u2019instructrice  c. Mener la formation en urgences obst\u00e9tricales  &nbsp;  &nbsp;  &nbsp;\" \/>\n<meta property=\"og:url\" content=\"https:\/\/canadianmidwives.org\/fr\/produit\/materiel-pour-les-instructrices-de-fuo-abonnement-francais\/\" \/>\n<meta property=\"og:site_name\" content=\"Association canadienne des sages-femmes\" \/>\n<meta property=\"article:publisher\" content=\"https:\/\/www.facebook.com\/CanadianMidwives\/\" \/>\n<meta property=\"article:modified_time\" content=\"2025-03-31T16:27:12+00:00\" \/>\n<meta property=\"og:image\" content=\"https:\/\/canadianmidwives.org\/sites\/canadianmidwives.org\/wp-content\/uploads\/2022\/01\/11352_ACSF_ESW-Manuel-FR_2025_V4_coverinstructors-01.png\" \/>\n\t<meta property=\"og:image:width\" content=\"612\" \/>\n\t<meta property=\"og:image:height\" content=\"659\" \/>\n\t<meta property=\"og:image:type\" content=\"image\/png\" \/>\n<meta name=\"twitter:card\" content=\"summary_large_image\" \/>\n<meta name=\"twitter:label1\" content=\"Estimation du temps de lecture\" \/>\n\t<meta name=\"twitter:data1\" content=\"3 minutes\" \/>\n<script type=\"application\/ld+json\" class=\"yoast-schema-graph\">{\"@context\":\"https:\\\/\\\/schema.org\",\"@graph\":[{\"@type\":\"WebPage\",\"@id\":\"https:\\\/\\\/canadianmidwives.org\\\/fr\\\/produit\\\/materiel-pour-les-instructrices-de-fuo-abonnement-francais\\\/\",\"url\":\"https:\\\/\\\/canadianmidwives.org\\\/fr\\\/produit\\\/materiel-pour-les-instructrices-de-fuo-abonnement-francais\\\/\",\"name\":\"FUO abonnement de 2 ans pour les instructrices (mat\u00e9riel et examen) - Association canadienne des sages-femmes\",\"isPartOf\":{\"@id\":\"https:\\\/\\\/canadianmidwives.org\\\/fr\\\/#website\"},\"primaryImageOfPage\":{\"@id\":\"https:\\\/\\\/canadianmidwives.org\\\/fr\\\/produit\\\/materiel-pour-les-instructrices-de-fuo-abonnement-francais\\\/#primaryimage\"},\"image\":{\"@id\":\"https:\\\/\\\/canadianmidwives.org\\\/fr\\\/produit\\\/materiel-pour-les-instructrices-de-fuo-abonnement-francais\\\/#primaryimage\"},\"thumbnailUrl\":\"https:\\\/\\\/canadianmidwives.org\\\/sites\\\/canadianmidwives.org\\\/wp-content\\\/uploads\\\/2022\\\/01\\\/11352_ACSF_ESW-Manuel-FR_2025_V4_coverinstructors-01.png\",\"datePublished\":\"2022-01-22T18:51:27+00:00\",\"dateModified\":\"2025-03-31T16:27:12+00:00\",\"breadcrumb\":{\"@id\":\"https:\\\/\\\/canadianmidwives.org\\\/fr\\\/produit\\\/materiel-pour-les-instructrices-de-fuo-abonnement-francais\\\/#breadcrumb\"},\"inLanguage\":\"fr-CA\",\"potentialAction\":[{\"@type\":\"ReadAction\",\"target\":[\"https:\\\/\\\/canadianmidwives.org\\\/fr\\\/produit\\\/materiel-pour-les-instructrices-de-fuo-abonnement-francais\\\/\"]}]},{\"@type\":\"ImageObject\",\"inLanguage\":\"fr-CA\",\"@id\":\"https:\\\/\\\/canadianmidwives.org\\\/fr\\\/produit\\\/materiel-pour-les-instructrices-de-fuo-abonnement-francais\\\/#primaryimage\",\"url\":\"https:\\\/\\\/canadianmidwives.org\\\/sites\\\/canadianmidwives.org\\\/wp-content\\\/uploads\\\/2022\\\/01\\\/11352_ACSF_ESW-Manuel-FR_2025_V4_coverinstructors-01.png\",\"contentUrl\":\"https:\\\/\\\/canadianmidwives.org\\\/sites\\\/canadianmidwives.org\\\/wp-content\\\/uploads\\\/2022\\\/01\\\/11352_ACSF_ESW-Manuel-FR_2025_V4_coverinstructors-01.png\",\"width\":612,\"height\":659},{\"@type\":\"BreadcrumbList\",\"@id\":\"https:\\\/\\\/canadianmidwives.org\\\/fr\\\/produit\\\/materiel-pour-les-instructrices-de-fuo-abonnement-francais\\\/#breadcrumb\",\"itemListElement\":[{\"@type\":\"ListItem\",\"position\":1,\"name\":\"Accueil\",\"item\":\"https:\\\/\\\/canadianmidwives.org\\\/fr\\\/\"},{\"@type\":\"ListItem\",\"position\":2,\"name\":\"Boutique\",\"item\":\"https:\\\/\\\/canadianmidwives.org\\\/fr\\\/boutique\\\/\"},{\"@type\":\"ListItem\",\"position\":3,\"name\":\"FUO abonnement de 2 ans pour les instructrices (mat\u00e9riel et examen)\"}]},{\"@type\":\"WebSite\",\"@id\":\"https:\\\/\\\/canadianmidwives.org\\\/fr\\\/#website\",\"url\":\"https:\\\/\\\/canadianmidwives.org\\\/fr\\\/\",\"name\":\"Association canadienne des sages-femmes\",\"description\":\"Des sages-femmes pour tous, partout\",\"publisher\":{\"@id\":\"https:\\\/\\\/canadianmidwives.org\\\/fr\\\/#organization\"},\"potentialAction\":[{\"@type\":\"SearchAction\",\"target\":{\"@type\":\"EntryPoint\",\"urlTemplate\":\"https:\\\/\\\/canadianmidwives.org\\\/fr\\\/?s={search_term_string}\"},\"query-input\":{\"@type\":\"PropertyValueSpecification\",\"valueRequired\":true,\"valueName\":\"search_term_string\"}}],\"inLanguage\":\"fr-CA\"},{\"@type\":\"Organization\",\"@id\":\"https:\\\/\\\/canadianmidwives.org\\\/fr\\\/#organization\",\"name\":\"Association canadienne des sages-femmes\",\"url\":\"https:\\\/\\\/canadianmidwives.org\\\/fr\\\/\",\"logo\":{\"@type\":\"ImageObject\",\"inLanguage\":\"fr-CA\",\"@id\":\"https:\\\/\\\/canadianmidwives.org\\\/fr\\\/#\\\/schema\\\/logo\\\/image\\\/\",\"url\":\"https:\\\/\\\/canadianmidwives.org\\\/sites\\\/canadianmidwives.org\\\/wp-content\\\/uploads\\\/2022\\\/03\\\/CAM-Logo-2022-1536x462-1.png\",\"contentUrl\":\"https:\\\/\\\/canadianmidwives.org\\\/sites\\\/canadianmidwives.org\\\/wp-content\\\/uploads\\\/2022\\\/03\\\/CAM-Logo-2022-1536x462-1.png\",\"width\":1536,\"height\":462,\"caption\":\"Association canadienne des sages-femmes\"},\"image\":{\"@id\":\"https:\\\/\\\/canadianmidwives.org\\\/fr\\\/#\\\/schema\\\/logo\\\/image\\\/\"},\"sameAs\":[\"https:\\\/\\\/www.facebook.com\\\/CanadianMidwives\\\/\",\"https:\\\/\\\/www.instagram.com\\\/cam_acsf\",\"https:\\\/\\\/www.linkedin.com\\\/company\\\/canadian-association-of-midwives\"]}]}<\/script>\n<!-- \/ Yoast SEO plugin. -->","yoast_head_json":{"title":"FUO abonnement de 2 ans pour les instructrices (mat\u00e9riel et examen) - Association canadienne des sages-femmes","robots":{"index":"index","follow":"follow","max-snippet":"max-snippet:-1","max-image-preview":"max-image-preview:large","max-video-preview":"max-video-preview:-1"},"canonical":"https:\/\/canadianmidwives.org\/fr\/produit\/materiel-pour-les-instructrices-de-fuo-abonnement-francais\/","og_locale":"fr_CA","og_type":"article","og_title":"FUO abonnement de 2 ans pour les instructrices (mat\u00e9riel et examen) - Association canadienne des sages-femmes","og_description":"REMARQUE : si vous avez des difficult\u00e9s \u00e0 acc\u00e9der au portail des formateurs FUO apr\u00e8s avoir achet\u00e9 cet abonnement, veuillez envoyer un courriel \u00e0 bsymonds@canadianmidwives.org. Nous pourrons vous donner acc\u00e8s. Nous vous remercions de votre patience pendant que nous nous effor\u00e7ons de r\u00e9soudre ce probl\u00e8me technique.  &nbsp;  (R\u00e9serv\u00e9 aux instructrices FUO certifi\u00e9s)  Cet abonnement de 24mois destin\u00e9 aux instructrices FUO comprend les \u00e9l\u00e9ments suivants (pour plus de d\u00e9tails, voir la description) :  1. Manuel FUO de l\u2019ASFO en Fran\u00e7ais 8\u00e8me \u00e9dition, traduction et adaptation de l\u2019ACSF 2025 (PDF)  2. L\u2019Examen FUO de l\u2019ASFO en Fran\u00e7ais  3. Pr\u00e9sentation pour les participants FUO de l'ASFO (Disponible en anglais seulement) : Cette pr\u00e9sentation en ligne (disponible en anglais seulement) couvre le format du programme FUO, les changements importants et les mises \u00e0 jour de la 8\u00e8me \u00e9dition du manuel FUO (2022) et un r\u00e9sum\u00e9 de la recherche sur l'acide tranexamique comme m\u00e9dicament d\u2019appoint pour l'h\u00e9morragie du postpartum. Les spectateurs peuvent choisir les modules \u00e0 regarder apr\u00e8s avoir r\u00e9pondu \u00e0 un court questionnaire pr\u00e9alable \u00e0 la pr\u00e9sentation. Le visionnage de l'ensemble de la pr\u00e9sentation prend environ 45 \u00e0 60 minutes.  4. Manuel \u00e0 l\u2019intention des instructrices\u00a0(PDF)\u00a0:  a. Aper\u00e7u du programme  b. Principes d\u2019enseignement de la FUO aux adultes et comp\u00e9tences de l\u2019instructrice  c. Mener la formation en urgences obst\u00e9tricales  &nbsp;  &nbsp;  &nbsp;","og_url":"https:\/\/canadianmidwives.org\/fr\/produit\/materiel-pour-les-instructrices-de-fuo-abonnement-francais\/","og_site_name":"Association canadienne des sages-femmes","article_publisher":"https:\/\/www.facebook.com\/CanadianMidwives\/","article_modified_time":"2025-03-31T16:27:12+00:00","og_image":[{"width":612,"height":659,"url":"https:\/\/canadianmidwives.org\/sites\/canadianmidwives.org\/wp-content\/uploads\/2022\/01\/11352_ACSF_ESW-Manuel-FR_2025_V4_coverinstructors-01.png","type":"image\/png"}],"twitter_card":"summary_large_image","twitter_misc":{"Estimation du temps de lecture":"3 minutes"},"schema":{"@context":"https:\/\/schema.org","@graph":[{"@type":"WebPage","@id":"https:\/\/canadianmidwives.org\/fr\/produit\/materiel-pour-les-instructrices-de-fuo-abonnement-francais\/","url":"https:\/\/canadianmidwives.org\/fr\/produit\/materiel-pour-les-instructrices-de-fuo-abonnement-francais\/","name":"FUO abonnement de 2 ans pour les instructrices (mat\u00e9riel et examen) - Association canadienne des sages-femmes","isPartOf":{"@id":"https:\/\/canadianmidwives.org\/fr\/#website"},"primaryImageOfPage":{"@id":"https:\/\/canadianmidwives.org\/fr\/produit\/materiel-pour-les-instructrices-de-fuo-abonnement-francais\/#primaryimage"},"image":{"@id":"https:\/\/canadianmidwives.org\/fr\/produit\/materiel-pour-les-instructrices-de-fuo-abonnement-francais\/#primaryimage"},"thumbnailUrl":"https:\/\/canadianmidwives.org\/sites\/canadianmidwives.org\/wp-content\/uploads\/2022\/01\/11352_ACSF_ESW-Manuel-FR_2025_V4_coverinstructors-01.png","datePublished":"2022-01-22T18:51:27+00:00","dateModified":"2025-03-31T16:27:12+00:00","breadcrumb":{"@id":"https:\/\/canadianmidwives.org\/fr\/produit\/materiel-pour-les-instructrices-de-fuo-abonnement-francais\/#breadcrumb"},"inLanguage":"fr-CA","potentialAction":[{"@type":"ReadAction","target":["https:\/\/canadianmidwives.org\/fr\/produit\/materiel-pour-les-instructrices-de-fuo-abonnement-francais\/"]}]},{"@type":"ImageObject","inLanguage":"fr-CA","@id":"https:\/\/canadianmidwives.org\/fr\/produit\/materiel-pour-les-instructrices-de-fuo-abonnement-francais\/#primaryimage","url":"https:\/\/canadianmidwives.org\/sites\/canadianmidwives.org\/wp-content\/uploads\/2022\/01\/11352_ACSF_ESW-Manuel-FR_2025_V4_coverinstructors-01.png","contentUrl":"https:\/\/canadianmidwives.org\/sites\/canadianmidwives.org\/wp-content\/uploads\/2022\/01\/11352_ACSF_ESW-Manuel-FR_2025_V4_coverinstructors-01.png","width":612,"height":659},{"@type":"BreadcrumbList","@id":"https:\/\/canadianmidwives.org\/fr\/produit\/materiel-pour-les-instructrices-de-fuo-abonnement-francais\/#breadcrumb","itemListElement":[{"@type":"ListItem","position":1,"name":"Accueil","item":"https:\/\/canadianmidwives.org\/fr\/"},{"@type":"ListItem","position":2,"name":"Boutique","item":"https:\/\/canadianmidwives.org\/fr\/boutique\/"},{"@type":"ListItem","position":3,"name":"FUO abonnement de 2 ans pour les instructrices (mat\u00e9riel et examen)"}]},{"@type":"WebSite","@id":"https:\/\/canadianmidwives.org\/fr\/#website","url":"https:\/\/canadianmidwives.org\/fr\/","name":"Association canadienne des sages-femmes","description":"Des sages-femmes pour tous, partout","publisher":{"@id":"https:\/\/canadianmidwives.org\/fr\/#organization"},"potentialAction":[{"@type":"SearchAction","target":{"@type":"EntryPoint","urlTemplate":"https:\/\/canadianmidwives.org\/fr\/?s={search_term_string}"},"query-input":{"@type":"PropertyValueSpecification","valueRequired":true,"valueName":"search_term_string"}}],"inLanguage":"fr-CA"},{"@type":"Organization","@id":"https:\/\/canadianmidwives.org\/fr\/#organization","name":"Association canadienne des sages-femmes","url":"https:\/\/canadianmidwives.org\/fr\/","logo":{"@type":"ImageObject","inLanguage":"fr-CA","@id":"https:\/\/canadianmidwives.org\/fr\/#\/schema\/logo\/image\/","url":"https:\/\/canadianmidwives.org\/sites\/canadianmidwives.org\/wp-content\/uploads\/2022\/03\/CAM-Logo-2022-1536x462-1.png","contentUrl":"https:\/\/canadianmidwives.org\/sites\/canadianmidwives.org\/wp-content\/uploads\/2022\/03\/CAM-Logo-2022-1536x462-1.png","width":1536,"height":462,"caption":"Association canadienne des sages-femmes"},"image":{"@id":"https:\/\/canadianmidwives.org\/fr\/#\/schema\/logo\/image\/"},"sameAs":["https:\/\/www.facebook.com\/CanadianMidwives\/","https:\/\/www.instagram.com\/cam_acsf","https:\/\/www.linkedin.com\/company\/canadian-association-of-midwives"]}]}},"_links":{"self":[{"href":"https:\/\/canadianmidwives.org\/fr\/wp-json\/wp\/v2\/product\/40422","targetHints":{"allow":["GET"]}}],"collection":[{"href":"https:\/\/canadianmidwives.org\/fr\/wp-json\/wp\/v2\/product"}],"about":[{"href":"https:\/\/canadianmidwives.org\/fr\/wp-json\/wp\/v2\/types\/product"}],"wp:featuredmedia":[{"embeddable":true,"href":"https:\/\/canadianmidwives.org\/fr\/wp-json\/wp\/v2\/media\/79872"}],"wp:attachment":[{"href":"https:\/\/canadianmidwives.org\/fr\/wp-json\/wp\/v2\/media?parent=40422"}],"wp:term":[{"taxonomy":"product_brand","embeddable":true,"href":"https:\/\/canadianmidwives.org\/fr\/wp-json\/wp\/v2\/product_brand?post=40422"},{"taxonomy":"product_cat","embeddable":true,"href":"https:\/\/canadianmidwives.org\/fr\/wp-json\/wp\/v2\/product_cat?post=40422"},{"taxonomy":"product_tag","embeddable":true,"href":"https:\/\/canadianmidwives.org\/fr\/wp-json\/wp\/v2\/product_tag?post=40422"}],"curies":[{"name":"wp","href":"https:\/\/api.w.org\/{rel}","templated":true}]}}