{"id":40423,"date":"2022-01-22T13:51:27","date_gmt":"2022-01-22T18:51:27","guid":{"rendered":"https:\/\/canadianmidwives.org\/?post_type=product&#038;p=40423"},"modified":"2025-04-07T14:52:34","modified_gmt":"2025-04-07T18:52:34","slug":"fuo-offre-groupee-pour-les-etudiantes-manuel-et-lexamen-de-lasfo-en-francais-etudiant-e-s-de-luqtr-seulement","status":"publish","type":"product","link":"https:\/\/canadianmidwives.org\/fr\/produit\/fuo-offre-groupee-pour-les-etudiantes-manuel-et-lexamen-de-lasfo-en-francais-etudiant-e-s-de-luqtr-seulement\/","title":{"rendered":"FUO : Offre group\u00e9e pour les \u00e9tudiantes (Manuel et&nbsp;l\u2019examen de l\u2019ASFO en Fran\u00e7ais)&nbsp;:<br \/>\u00c9tudiant.e.s de l&rsquo;UQTR seulement"},"content":{"rendered":"<h3>Vous devez \u00eatre un \u00e9tudiant inscrit \u00e0 l&rsquo;UQTR ou \u00e0 la MRU et inscrit au cours appropri\u00e9.<\/h3>\n<h3>Vous devez passer l&rsquo;examen dans les 6 mois suivant la date d&rsquo;achat.<\/h3>\n<p>L&rsquo;offre group\u00e9e pour les \u00e9tudiant.e.s comprend le manuel et l&rsquo;examen de la 8e \u00e9dition de l&rsquo;Association des sages-femmes de l&rsquo;Ontario (ASFO) qui a \u00e9t\u00e9 traduit par l\u2019Association canadienne des sages-femmes. Le manuel et l\u2019examen sont disponibles en fran\u00e7ais et en <a href=\"https:\/\/canadianmidwives.org\/store\/\">anglais<\/a>.<\/p>\n<p>Veuillez noter que la version anglaise n&rsquo;inclut pas les notes suppl\u00e9mentaires concernant la pratique des sages-femmes au Qu\u00e9bec qui ont \u00e9t\u00e9 incluses par l\u2019ACSF dans la version traduite. De plus, la version anglaise n&rsquo;inclut pas l&rsquo;annexe sur l&rsquo;utilisation de la Ventouse obst\u00e9tricale pour les sages-femmes du Qu\u00e9bec.<\/p>\n","protected":false},"excerpt":{"rendered":"<h3>Vous devez \u00eatre un \u00e9tudiant inscrit \u00e0 l&rsquo;UQTR ou \u00e0 la MRU et inscrit au cours appropri\u00e9.<\/h3>\n<h3>Vous devez passer l&rsquo;examen dans les 6 mois suivant la date d&rsquo;achat.<\/h3>\n<hr \/>\n[ninja_form id=8]\n<hr \/>\n<p>ASFO 8\u00e8me \u00e9dition, traduction et adaptation de l\u2019ACSF 2025<\/p>\n<p>(Format \u00e9lectronique, PDF)<\/p>\n<p>Langue : Fran\u00e7ais<\/p>\n<p><strong>L&rsquo;offre group\u00e9e pour les \u00e9tudiant.e.s comprend le manuel et l&rsquo;examen de l&rsquo;ASFO 8e \u00e9dition. Elle est actuellement disponible UNIQUEMENT pour les \u00e9tudiantes de l&rsquo;UQTR<\/strong>.\u00a0NE proc\u00e9dez PAS \u00e0 l&rsquo;achat \u00e0 moins d\u2019\u00eatre un ou une \u00e9tudiant.e de l&rsquo;UQTR et d\u2019\u00eatre inscrit.e au cours appropri\u00e9.<\/p>\n<p>Lorsque vous ach\u00e8terez la nouvelle offre group\u00e9e, vous recevrez un courriel contenant un lien pour t\u00e9l\u00e9charger le manuel FUO au format PDF.<\/p>\n<p>Vous recevrez le lien de l&rsquo;examen de l&rsquo;Association des sages-femmes de l\u2019Ontario dans un courriel s\u00e9par\u00e9 pendant les heures de bureau, du lundi au vendredi, heure de l&rsquo;Est, dans les 24\u00a0\u00e0\u00a048 heures suivant l&rsquo;achat. Veuillez v\u00e9rifier vos courriels ind\u00e9sirables si vous ne le recevez pas dans ce\u00a0d\u00e9lai.<\/p>\n<p>Si vous avez des questions, veuillez envoyer un courriel \u00e0 l&rsquo;ACSF\u00a0\u00e0 <a style=\"color: #000000;\" href=\"mailto:admin@canadianmidwives.org\">admin@canadianmidwives.org<\/a><\/p>\n<p>&nbsp;<\/p>\n","protected":false},"featured_media":79868,"template":"","meta":{"_monsterinsights_skip_tracking":false,"_monsterinsights_sitenote_active":false,"_monsterinsights_sitenote_note":"","_monsterinsights_sitenote_category":0,"neve_meta_sidebar":"","neve_meta_container":"","neve_meta_enable_content_width":"off","neve_meta_content_width":100,"neve_meta_title_alignment":"","neve_meta_author_avatar":"","neve_post_elements_order":"","neve_meta_disable_header":"","neve_meta_disable_footer":"","neve_meta_disable_title":"","_themeisle_gutenberg_block_has_review":false},"product_brand":[],"product_cat":[118],"product_tag":[],"class_list":{"0":"post-40423","1":"product","2":"type-product","3":"status-publish","4":"has-post-thumbnail","6":"product_cat-materiel-didactique-pour-les-fuo-anglais","8":"first","9":"instock","10":"virtual","11":"sold-individually","12":"taxable","13":"purchasable","14":"product-type-simple"},"yoast_head":"<!-- This site is optimized with the Yoast SEO plugin v27.4 - https:\/\/yoast.com\/product\/yoast-seo-wordpress\/ -->\n<title>FUO : Offre group\u00e9e pour les \u00e9tudiantes (Manuel et&nbsp;l\u2019examen de l\u2019ASFO en Fran\u00e7ais)&nbsp;:\u00c9tudiant.e.s de l&#039;UQTR seulement - Association canadienne des sages-femmes<\/title>\n<meta name=\"robots\" content=\"index, follow, max-snippet:-1, max-image-preview:large, max-video-preview:-1\" \/>\n<link rel=\"canonical\" href=\"https:\/\/canadianmidwives.org\/fr\/produit\/fuo-offre-groupee-pour-les-etudiantes-manuel-et-lexamen-de-lasfo-en-francais-etudiant-e-s-de-luqtr-seulement\/\" \/>\n<meta property=\"og:locale\" content=\"fr_CA\" \/>\n<meta property=\"og:type\" content=\"article\" \/>\n<meta property=\"og:title\" content=\"FUO : Offre group\u00e9e pour les \u00e9tudiantes (Manuel et&nbsp;l\u2019examen de l\u2019ASFO en Fran\u00e7ais)&nbsp;:\u00c9tudiant.e.s de l&#039;UQTR seulement - Association canadienne des sages-femmes\" \/>\n<meta property=\"og:description\" content=\"Vous devez \u00eatre un \u00e9tudiant inscrit \u00e0 l&#039;UQTR ou \u00e0 la MRU et inscrit au cours appropri\u00e9. Vous devez passer l&#039;examen dans les 6 mois suivant la date d&#039;achat.        ASFO 8\u00e8me \u00e9dition, traduction et adaptation de l\u2019ACSF 2025  (Format \u00e9lectronique, PDF)  Langue : Fran\u00e7ais  L&#039;offre group\u00e9e pour les \u00e9tudiant.e.s comprend le manuel et l&#039;examen de l&#039;ASFO 8e \u00e9dition. Elle est actuellement disponible UNIQUEMENT pour les \u00e9tudiantes de l&#039;UQTR.\u00a0NE proc\u00e9dez PAS \u00e0 l&#039;achat \u00e0 moins d\u2019\u00eatre un ou une \u00e9tudiant.e de l&#039;UQTR et d\u2019\u00eatre inscrit.e au cours appropri\u00e9.  Lorsque vous ach\u00e8terez la nouvelle offre group\u00e9e, vous recevrez un courriel contenant un lien pour t\u00e9l\u00e9charger le manuel FUO au format PDF.  Vous recevrez le lien de l&#039;examen de l&#039;Association des sages-femmes de l\u2019Ontario dans un courriel s\u00e9par\u00e9 pendant les heures de bureau, du lundi au vendredi, heure de l&#039;Est, dans les 24\u00a0\u00e0\u00a048 heures suivant l&#039;achat. Veuillez v\u00e9rifier vos courriels ind\u00e9sirables si vous ne le recevez pas dans ce\u00a0d\u00e9lai.  Si vous avez des questions, veuillez envoyer un courriel \u00e0 l&#039;ACSF\u00a0\u00e0 admin@canadianmidwives.org  &nbsp;\" \/>\n<meta property=\"og:url\" content=\"https:\/\/canadianmidwives.org\/fr\/produit\/fuo-offre-groupee-pour-les-etudiantes-manuel-et-lexamen-de-lasfo-en-francais-etudiant-e-s-de-luqtr-seulement\/\" \/>\n<meta property=\"og:site_name\" content=\"Association canadienne des sages-femmes\" \/>\n<meta property=\"article:publisher\" content=\"https:\/\/www.facebook.com\/CanadianMidwives\/\" \/>\n<meta property=\"article:modified_time\" content=\"2025-04-07T18:52:34+00:00\" \/>\n<meta property=\"og:image\" content=\"https:\/\/canadianmidwives.org\/sites\/canadianmidwives.org\/wp-content\/uploads\/2022\/01\/11352_ACSF_ESW-Manuel-FR_2025_V4_coverstudents.png\" \/>\n\t<meta property=\"og:image:width\" content=\"612\" \/>\n\t<meta property=\"og:image:height\" content=\"660\" \/>\n\t<meta property=\"og:image:type\" content=\"image\/png\" \/>\n<meta name=\"twitter:card\" content=\"summary_large_image\" \/>\n<meta name=\"twitter:label1\" content=\"Estimation du temps de lecture\" \/>\n\t<meta name=\"twitter:data1\" content=\"1 minute\" \/>\n<script type=\"application\/ld+json\" class=\"yoast-schema-graph\">{\"@context\":\"https:\\\/\\\/schema.org\",\"@graph\":[{\"@type\":\"WebPage\",\"@id\":\"https:\\\/\\\/canadianmidwives.org\\\/fr\\\/produit\\\/fuo-offre-groupee-pour-les-etudiantes-manuel-et-lexamen-de-lasfo-en-francais-etudiant-e-s-de-luqtr-seulement\\\/\",\"url\":\"https:\\\/\\\/canadianmidwives.org\\\/fr\\\/produit\\\/fuo-offre-groupee-pour-les-etudiantes-manuel-et-lexamen-de-lasfo-en-francais-etudiant-e-s-de-luqtr-seulement\\\/\",\"name\":\"FUO : Offre group\u00e9e pour les \u00e9tudiantes (Manuel et&nbsp;l\u2019examen de l\u2019ASFO en Fran\u00e7ais)&nbsp;: \u00c9tudiant.e.s de l'UQTR seulement - Association canadienne des sages-femmes\",\"isPartOf\":{\"@id\":\"https:\\\/\\\/canadianmidwives.org\\\/fr\\\/#website\"},\"primaryImageOfPage\":{\"@id\":\"https:\\\/\\\/canadianmidwives.org\\\/fr\\\/produit\\\/fuo-offre-groupee-pour-les-etudiantes-manuel-et-lexamen-de-lasfo-en-francais-etudiant-e-s-de-luqtr-seulement\\\/#primaryimage\"},\"image\":{\"@id\":\"https:\\\/\\\/canadianmidwives.org\\\/fr\\\/produit\\\/fuo-offre-groupee-pour-les-etudiantes-manuel-et-lexamen-de-lasfo-en-francais-etudiant-e-s-de-luqtr-seulement\\\/#primaryimage\"},\"thumbnailUrl\":\"https:\\\/\\\/canadianmidwives.org\\\/sites\\\/canadianmidwives.org\\\/wp-content\\\/uploads\\\/2022\\\/01\\\/11352_ACSF_ESW-Manuel-FR_2025_V4_coverstudents.png\",\"datePublished\":\"2022-01-22T18:51:27+00:00\",\"dateModified\":\"2025-04-07T18:52:34+00:00\",\"breadcrumb\":{\"@id\":\"https:\\\/\\\/canadianmidwives.org\\\/fr\\\/produit\\\/fuo-offre-groupee-pour-les-etudiantes-manuel-et-lexamen-de-lasfo-en-francais-etudiant-e-s-de-luqtr-seulement\\\/#breadcrumb\"},\"inLanguage\":\"fr-CA\",\"potentialAction\":[{\"@type\":\"ReadAction\",\"target\":[\"https:\\\/\\\/canadianmidwives.org\\\/fr\\\/produit\\\/fuo-offre-groupee-pour-les-etudiantes-manuel-et-lexamen-de-lasfo-en-francais-etudiant-e-s-de-luqtr-seulement\\\/\"]}]},{\"@type\":\"ImageObject\",\"inLanguage\":\"fr-CA\",\"@id\":\"https:\\\/\\\/canadianmidwives.org\\\/fr\\\/produit\\\/fuo-offre-groupee-pour-les-etudiantes-manuel-et-lexamen-de-lasfo-en-francais-etudiant-e-s-de-luqtr-seulement\\\/#primaryimage\",\"url\":\"https:\\\/\\\/canadianmidwives.org\\\/sites\\\/canadianmidwives.org\\\/wp-content\\\/uploads\\\/2022\\\/01\\\/11352_ACSF_ESW-Manuel-FR_2025_V4_coverstudents.png\",\"contentUrl\":\"https:\\\/\\\/canadianmidwives.org\\\/sites\\\/canadianmidwives.org\\\/wp-content\\\/uploads\\\/2022\\\/01\\\/11352_ACSF_ESW-Manuel-FR_2025_V4_coverstudents.png\",\"width\":612,\"height\":660},{\"@type\":\"BreadcrumbList\",\"@id\":\"https:\\\/\\\/canadianmidwives.org\\\/fr\\\/produit\\\/fuo-offre-groupee-pour-les-etudiantes-manuel-et-lexamen-de-lasfo-en-francais-etudiant-e-s-de-luqtr-seulement\\\/#breadcrumb\",\"itemListElement\":[{\"@type\":\"ListItem\",\"position\":1,\"name\":\"Accueil\",\"item\":\"https:\\\/\\\/canadianmidwives.org\\\/fr\\\/\"},{\"@type\":\"ListItem\",\"position\":2,\"name\":\"Boutique\",\"item\":\"https:\\\/\\\/canadianmidwives.org\\\/fr\\\/boutique\\\/\"},{\"@type\":\"ListItem\",\"position\":3,\"name\":\"FUO : Offre group\u00e9e pour les \u00e9tudiantes (Manuel et&nbsp;l\u2019examen de l\u2019ASFO en Fran\u00e7ais)&nbsp;:\u00c9tudiant.e.s de l&#8217;UQTR seulement\"}]},{\"@type\":\"WebSite\",\"@id\":\"https:\\\/\\\/canadianmidwives.org\\\/fr\\\/#website\",\"url\":\"https:\\\/\\\/canadianmidwives.org\\\/fr\\\/\",\"name\":\"Association canadienne des sages-femmes\",\"description\":\"Des sages-femmes pour tous, partout\",\"publisher\":{\"@id\":\"https:\\\/\\\/canadianmidwives.org\\\/fr\\\/#organization\"},\"potentialAction\":[{\"@type\":\"SearchAction\",\"target\":{\"@type\":\"EntryPoint\",\"urlTemplate\":\"https:\\\/\\\/canadianmidwives.org\\\/fr\\\/?s={search_term_string}\"},\"query-input\":{\"@type\":\"PropertyValueSpecification\",\"valueRequired\":true,\"valueName\":\"search_term_string\"}}],\"inLanguage\":\"fr-CA\"},{\"@type\":\"Organization\",\"@id\":\"https:\\\/\\\/canadianmidwives.org\\\/fr\\\/#organization\",\"name\":\"Association canadienne des sages-femmes\",\"url\":\"https:\\\/\\\/canadianmidwives.org\\\/fr\\\/\",\"logo\":{\"@type\":\"ImageObject\",\"inLanguage\":\"fr-CA\",\"@id\":\"https:\\\/\\\/canadianmidwives.org\\\/fr\\\/#\\\/schema\\\/logo\\\/image\\\/\",\"url\":\"https:\\\/\\\/canadianmidwives.org\\\/sites\\\/canadianmidwives.org\\\/wp-content\\\/uploads\\\/2022\\\/03\\\/CAM-Logo-2022-1536x462-1.png\",\"contentUrl\":\"https:\\\/\\\/canadianmidwives.org\\\/sites\\\/canadianmidwives.org\\\/wp-content\\\/uploads\\\/2022\\\/03\\\/CAM-Logo-2022-1536x462-1.png\",\"width\":1536,\"height\":462,\"caption\":\"Association canadienne des sages-femmes\"},\"image\":{\"@id\":\"https:\\\/\\\/canadianmidwives.org\\\/fr\\\/#\\\/schema\\\/logo\\\/image\\\/\"},\"sameAs\":[\"https:\\\/\\\/www.facebook.com\\\/CanadianMidwives\\\/\",\"https:\\\/\\\/www.instagram.com\\\/cam_acsf\",\"https:\\\/\\\/www.linkedin.com\\\/company\\\/canadian-association-of-midwives\"]}]}<\/script>\n<!-- \/ Yoast SEO plugin. -->","yoast_head_json":{"title":"FUO : Offre group\u00e9e pour les \u00e9tudiantes (Manuel et&nbsp;l\u2019examen de l\u2019ASFO en Fran\u00e7ais)&nbsp;:\u00c9tudiant.e.s de l'UQTR seulement - Association canadienne des sages-femmes","robots":{"index":"index","follow":"follow","max-snippet":"max-snippet:-1","max-image-preview":"max-image-preview:large","max-video-preview":"max-video-preview:-1"},"canonical":"https:\/\/canadianmidwives.org\/fr\/produit\/fuo-offre-groupee-pour-les-etudiantes-manuel-et-lexamen-de-lasfo-en-francais-etudiant-e-s-de-luqtr-seulement\/","og_locale":"fr_CA","og_type":"article","og_title":"FUO : Offre group\u00e9e pour les \u00e9tudiantes (Manuel et&nbsp;l\u2019examen de l\u2019ASFO en Fran\u00e7ais)&nbsp;:\u00c9tudiant.e.s de l'UQTR seulement - Association canadienne des sages-femmes","og_description":"Vous devez \u00eatre un \u00e9tudiant inscrit \u00e0 l'UQTR ou \u00e0 la MRU et inscrit au cours appropri\u00e9. Vous devez passer l'examen dans les 6 mois suivant la date d'achat.        ASFO 8\u00e8me \u00e9dition, traduction et adaptation de l\u2019ACSF 2025  (Format \u00e9lectronique, PDF)  Langue : Fran\u00e7ais  L'offre group\u00e9e pour les \u00e9tudiant.e.s comprend le manuel et l'examen de l'ASFO 8e \u00e9dition. Elle est actuellement disponible UNIQUEMENT pour les \u00e9tudiantes de l'UQTR.\u00a0NE proc\u00e9dez PAS \u00e0 l'achat \u00e0 moins d\u2019\u00eatre un ou une \u00e9tudiant.e de l'UQTR et d\u2019\u00eatre inscrit.e au cours appropri\u00e9.  Lorsque vous ach\u00e8terez la nouvelle offre group\u00e9e, vous recevrez un courriel contenant un lien pour t\u00e9l\u00e9charger le manuel FUO au format PDF.  Vous recevrez le lien de l'examen de l'Association des sages-femmes de l\u2019Ontario dans un courriel s\u00e9par\u00e9 pendant les heures de bureau, du lundi au vendredi, heure de l'Est, dans les 24\u00a0\u00e0\u00a048 heures suivant l'achat. Veuillez v\u00e9rifier vos courriels ind\u00e9sirables si vous ne le recevez pas dans ce\u00a0d\u00e9lai.  Si vous avez des questions, veuillez envoyer un courriel \u00e0 l'ACSF\u00a0\u00e0 admin@canadianmidwives.org  &nbsp;","og_url":"https:\/\/canadianmidwives.org\/fr\/produit\/fuo-offre-groupee-pour-les-etudiantes-manuel-et-lexamen-de-lasfo-en-francais-etudiant-e-s-de-luqtr-seulement\/","og_site_name":"Association canadienne des sages-femmes","article_publisher":"https:\/\/www.facebook.com\/CanadianMidwives\/","article_modified_time":"2025-04-07T18:52:34+00:00","og_image":[{"width":612,"height":660,"url":"https:\/\/canadianmidwives.org\/sites\/canadianmidwives.org\/wp-content\/uploads\/2022\/01\/11352_ACSF_ESW-Manuel-FR_2025_V4_coverstudents.png","type":"image\/png"}],"twitter_card":"summary_large_image","twitter_misc":{"Estimation du temps de lecture":"1 minute"},"schema":{"@context":"https:\/\/schema.org","@graph":[{"@type":"WebPage","@id":"https:\/\/canadianmidwives.org\/fr\/produit\/fuo-offre-groupee-pour-les-etudiantes-manuel-et-lexamen-de-lasfo-en-francais-etudiant-e-s-de-luqtr-seulement\/","url":"https:\/\/canadianmidwives.org\/fr\/produit\/fuo-offre-groupee-pour-les-etudiantes-manuel-et-lexamen-de-lasfo-en-francais-etudiant-e-s-de-luqtr-seulement\/","name":"FUO : Offre group\u00e9e pour les \u00e9tudiantes (Manuel et&nbsp;l\u2019examen de l\u2019ASFO en Fran\u00e7ais)&nbsp;: \u00c9tudiant.e.s de l'UQTR seulement - Association canadienne des sages-femmes","isPartOf":{"@id":"https:\/\/canadianmidwives.org\/fr\/#website"},"primaryImageOfPage":{"@id":"https:\/\/canadianmidwives.org\/fr\/produit\/fuo-offre-groupee-pour-les-etudiantes-manuel-et-lexamen-de-lasfo-en-francais-etudiant-e-s-de-luqtr-seulement\/#primaryimage"},"image":{"@id":"https:\/\/canadianmidwives.org\/fr\/produit\/fuo-offre-groupee-pour-les-etudiantes-manuel-et-lexamen-de-lasfo-en-francais-etudiant-e-s-de-luqtr-seulement\/#primaryimage"},"thumbnailUrl":"https:\/\/canadianmidwives.org\/sites\/canadianmidwives.org\/wp-content\/uploads\/2022\/01\/11352_ACSF_ESW-Manuel-FR_2025_V4_coverstudents.png","datePublished":"2022-01-22T18:51:27+00:00","dateModified":"2025-04-07T18:52:34+00:00","breadcrumb":{"@id":"https:\/\/canadianmidwives.org\/fr\/produit\/fuo-offre-groupee-pour-les-etudiantes-manuel-et-lexamen-de-lasfo-en-francais-etudiant-e-s-de-luqtr-seulement\/#breadcrumb"},"inLanguage":"fr-CA","potentialAction":[{"@type":"ReadAction","target":["https:\/\/canadianmidwives.org\/fr\/produit\/fuo-offre-groupee-pour-les-etudiantes-manuel-et-lexamen-de-lasfo-en-francais-etudiant-e-s-de-luqtr-seulement\/"]}]},{"@type":"ImageObject","inLanguage":"fr-CA","@id":"https:\/\/canadianmidwives.org\/fr\/produit\/fuo-offre-groupee-pour-les-etudiantes-manuel-et-lexamen-de-lasfo-en-francais-etudiant-e-s-de-luqtr-seulement\/#primaryimage","url":"https:\/\/canadianmidwives.org\/sites\/canadianmidwives.org\/wp-content\/uploads\/2022\/01\/11352_ACSF_ESW-Manuel-FR_2025_V4_coverstudents.png","contentUrl":"https:\/\/canadianmidwives.org\/sites\/canadianmidwives.org\/wp-content\/uploads\/2022\/01\/11352_ACSF_ESW-Manuel-FR_2025_V4_coverstudents.png","width":612,"height":660},{"@type":"BreadcrumbList","@id":"https:\/\/canadianmidwives.org\/fr\/produit\/fuo-offre-groupee-pour-les-etudiantes-manuel-et-lexamen-de-lasfo-en-francais-etudiant-e-s-de-luqtr-seulement\/#breadcrumb","itemListElement":[{"@type":"ListItem","position":1,"name":"Accueil","item":"https:\/\/canadianmidwives.org\/fr\/"},{"@type":"ListItem","position":2,"name":"Boutique","item":"https:\/\/canadianmidwives.org\/fr\/boutique\/"},{"@type":"ListItem","position":3,"name":"FUO : Offre group\u00e9e pour les \u00e9tudiantes (Manuel et&nbsp;l\u2019examen de l\u2019ASFO en Fran\u00e7ais)&nbsp;:\u00c9tudiant.e.s de l&#8217;UQTR seulement"}]},{"@type":"WebSite","@id":"https:\/\/canadianmidwives.org\/fr\/#website","url":"https:\/\/canadianmidwives.org\/fr\/","name":"Association canadienne des sages-femmes","description":"Des sages-femmes pour tous, partout","publisher":{"@id":"https:\/\/canadianmidwives.org\/fr\/#organization"},"potentialAction":[{"@type":"SearchAction","target":{"@type":"EntryPoint","urlTemplate":"https:\/\/canadianmidwives.org\/fr\/?s={search_term_string}"},"query-input":{"@type":"PropertyValueSpecification","valueRequired":true,"valueName":"search_term_string"}}],"inLanguage":"fr-CA"},{"@type":"Organization","@id":"https:\/\/canadianmidwives.org\/fr\/#organization","name":"Association canadienne des sages-femmes","url":"https:\/\/canadianmidwives.org\/fr\/","logo":{"@type":"ImageObject","inLanguage":"fr-CA","@id":"https:\/\/canadianmidwives.org\/fr\/#\/schema\/logo\/image\/","url":"https:\/\/canadianmidwives.org\/sites\/canadianmidwives.org\/wp-content\/uploads\/2022\/03\/CAM-Logo-2022-1536x462-1.png","contentUrl":"https:\/\/canadianmidwives.org\/sites\/canadianmidwives.org\/wp-content\/uploads\/2022\/03\/CAM-Logo-2022-1536x462-1.png","width":1536,"height":462,"caption":"Association canadienne des sages-femmes"},"image":{"@id":"https:\/\/canadianmidwives.org\/fr\/#\/schema\/logo\/image\/"},"sameAs":["https:\/\/www.facebook.com\/CanadianMidwives\/","https:\/\/www.instagram.com\/cam_acsf","https:\/\/www.linkedin.com\/company\/canadian-association-of-midwives"]}]}},"_links":{"self":[{"href":"https:\/\/canadianmidwives.org\/fr\/wp-json\/wp\/v2\/product\/40423","targetHints":{"allow":["GET"]}}],"collection":[{"href":"https:\/\/canadianmidwives.org\/fr\/wp-json\/wp\/v2\/product"}],"about":[{"href":"https:\/\/canadianmidwives.org\/fr\/wp-json\/wp\/v2\/types\/product"}],"wp:featuredmedia":[{"embeddable":true,"href":"https:\/\/canadianmidwives.org\/fr\/wp-json\/wp\/v2\/media\/79868"}],"wp:attachment":[{"href":"https:\/\/canadianmidwives.org\/fr\/wp-json\/wp\/v2\/media?parent=40423"}],"wp:term":[{"taxonomy":"product_brand","embeddable":true,"href":"https:\/\/canadianmidwives.org\/fr\/wp-json\/wp\/v2\/product_brand?post=40423"},{"taxonomy":"product_cat","embeddable":true,"href":"https:\/\/canadianmidwives.org\/fr\/wp-json\/wp\/v2\/product_cat?post=40423"},{"taxonomy":"product_tag","embeddable":true,"href":"https:\/\/canadianmidwives.org\/fr\/wp-json\/wp\/v2\/product_tag?post=40423"}],"curies":[{"name":"wp","href":"https:\/\/api.w.org\/{rel}","templated":true}]}}