{"id":50080,"date":"2022-03-31T08:42:07","date_gmt":"2022-03-31T12:45:56","guid":{"rendered":"https:\/\/canadianmidwives.org\/?post_type=product&#038;p=50080"},"modified":"2023-03-30T15:30:19","modified_gmt":"2023-03-30T19:30:19","slug":"foulard-acsf-ncim","status":"publish","type":"product","link":"https:\/\/canadianmidwives.org\/fr\/produit\/foulard-acsf-ncim\/","title":{"rendered":"Foulard ACSF\/NCIM"},"content":{"rendered":"","protected":false},"excerpt":{"rendered":"<p>Le foulard repr\u00e9sente la collaboration entre NACM et l\u2019ACSF, et l\u2019engagement dans cette relation dans l\u2019avenir. Il comm\u00e9more la signature d\u2019un protocole d\u2019entente entre les deux organisations qui reconna\u00eet et promeut le NACM en tant que voix nationale et autorit\u00e9 premi\u00e8re en mati\u00e8re de pratique sage\u2011femme autochtone et de sant\u00e9 reproductive autochtone.<\/p>\n","protected":false},"featured_media":50077,"template":"","meta":{"_monsterinsights_skip_tracking":false,"_monsterinsights_sitenote_active":false,"_monsterinsights_sitenote_note":"","_monsterinsights_sitenote_category":0,"neve_meta_sidebar":"","neve_meta_container":"","neve_meta_enable_content_width":"off","neve_meta_content_width":100,"neve_meta_title_alignment":"","neve_meta_author_avatar":"","neve_post_elements_order":"","neve_meta_disable_header":"","neve_meta_disable_footer":"","neve_meta_disable_title":"","_themeisle_gutenberg_block_has_review":false},"product_brand":[],"product_cat":[119,120],"product_tag":[],"class_list":{"0":"post-50080","1":"product","2":"type-product","3":"status-publish","4":"has-post-thumbnail","6":"product_cat-handling-fee-fr","7":"product_cat-ncim-fr","9":"first","10":"outofstock","11":"taxable","12":"shipping-taxable","13":"purchasable","14":"product-type-simple"},"yoast_head":"<!-- This site is optimized with the Yoast SEO plugin v27.4 - https:\/\/yoast.com\/product\/yoast-seo-wordpress\/ -->\n<title>Foulard ACSF\/NCIM - Association canadienne des sages-femmes<\/title>\n<meta name=\"robots\" content=\"index, follow, max-snippet:-1, max-image-preview:large, max-video-preview:-1\" \/>\n<link rel=\"canonical\" href=\"https:\/\/canadianmidwives.org\/fr\/produit\/foulard-acsf-ncim\/\" \/>\n<meta property=\"og:locale\" content=\"fr_CA\" \/>\n<meta property=\"og:type\" content=\"article\" \/>\n<meta property=\"og:title\" content=\"Foulard ACSF\/NCIM - Association canadienne des sages-femmes\" \/>\n<meta property=\"og:description\" content=\"Le foulard repr\u00e9sente la collaboration entre NACM et l\u2019ACSF, et l\u2019engagement dans cette relation dans l\u2019avenir. Il comm\u00e9more la signature d\u2019un protocole d\u2019entente entre les deux organisations qui reconna\u00eet et promeut le NACM en tant que voix nationale et autorit\u00e9 premi\u00e8re en mati\u00e8re de pratique sage\u2011femme autochtone et de sant\u00e9 reproductive autochtone.\" \/>\n<meta property=\"og:url\" content=\"https:\/\/canadianmidwives.org\/fr\/produit\/foulard-acsf-ncim\/\" \/>\n<meta property=\"og:site_name\" content=\"Association canadienne des sages-femmes\" \/>\n<meta property=\"article:publisher\" content=\"https:\/\/www.facebook.com\/CanadianMidwives\/\" \/>\n<meta property=\"article:modified_time\" content=\"2023-03-30T19:30:19+00:00\" \/>\n<meta property=\"og:image\" content=\"https:\/\/canadianmidwives.org\/sites\/canadianmidwives.org\/wp-content\/uploads\/2022\/03\/CAM-scarf-presentation.jpg\" \/>\n\t<meta property=\"og:image:width\" content=\"1024\" \/>\n\t<meta property=\"og:image:height\" content=\"898\" \/>\n\t<meta property=\"og:image:type\" content=\"image\/jpeg\" \/>\n<meta name=\"twitter:card\" content=\"summary_large_image\" \/>\n<script type=\"application\/ld+json\" class=\"yoast-schema-graph\">{\"@context\":\"https:\\\/\\\/schema.org\",\"@graph\":[{\"@type\":\"WebPage\",\"@id\":\"https:\\\/\\\/canadianmidwives.org\\\/fr\\\/produit\\\/foulard-acsf-ncim\\\/\",\"url\":\"https:\\\/\\\/canadianmidwives.org\\\/fr\\\/produit\\\/foulard-acsf-ncim\\\/\",\"name\":\"Foulard ACSF\\\/NCIM - Association canadienne des sages-femmes\",\"isPartOf\":{\"@id\":\"https:\\\/\\\/canadianmidwives.org\\\/fr\\\/#website\"},\"primaryImageOfPage\":{\"@id\":\"https:\\\/\\\/canadianmidwives.org\\\/fr\\\/produit\\\/foulard-acsf-ncim\\\/#primaryimage\"},\"image\":{\"@id\":\"https:\\\/\\\/canadianmidwives.org\\\/fr\\\/produit\\\/foulard-acsf-ncim\\\/#primaryimage\"},\"thumbnailUrl\":\"https:\\\/\\\/canadianmidwives.org\\\/sites\\\/canadianmidwives.org\\\/wp-content\\\/uploads\\\/2022\\\/03\\\/CAM-scarf-presentation.jpg\",\"datePublished\":\"2022-03-31T12:45:56+00:00\",\"dateModified\":\"2023-03-30T19:30:19+00:00\",\"breadcrumb\":{\"@id\":\"https:\\\/\\\/canadianmidwives.org\\\/fr\\\/produit\\\/foulard-acsf-ncim\\\/#breadcrumb\"},\"inLanguage\":\"fr-CA\",\"potentialAction\":[{\"@type\":\"ReadAction\",\"target\":[\"https:\\\/\\\/canadianmidwives.org\\\/fr\\\/produit\\\/foulard-acsf-ncim\\\/\"]}]},{\"@type\":\"ImageObject\",\"inLanguage\":\"fr-CA\",\"@id\":\"https:\\\/\\\/canadianmidwives.org\\\/fr\\\/produit\\\/foulard-acsf-ncim\\\/#primaryimage\",\"url\":\"https:\\\/\\\/canadianmidwives.org\\\/sites\\\/canadianmidwives.org\\\/wp-content\\\/uploads\\\/2022\\\/03\\\/CAM-scarf-presentation.jpg\",\"contentUrl\":\"https:\\\/\\\/canadianmidwives.org\\\/sites\\\/canadianmidwives.org\\\/wp-content\\\/uploads\\\/2022\\\/03\\\/CAM-scarf-presentation.jpg\",\"width\":1024,\"height\":898},{\"@type\":\"BreadcrumbList\",\"@id\":\"https:\\\/\\\/canadianmidwives.org\\\/fr\\\/produit\\\/foulard-acsf-ncim\\\/#breadcrumb\",\"itemListElement\":[{\"@type\":\"ListItem\",\"position\":1,\"name\":\"Accueil\",\"item\":\"https:\\\/\\\/canadianmidwives.org\\\/fr\\\/\"},{\"@type\":\"ListItem\",\"position\":2,\"name\":\"Boutique\",\"item\":\"https:\\\/\\\/canadianmidwives.org\\\/fr\\\/boutique\\\/\"},{\"@type\":\"ListItem\",\"position\":3,\"name\":\"Foulard ACSF\\\/NCIM\"}]},{\"@type\":\"WebSite\",\"@id\":\"https:\\\/\\\/canadianmidwives.org\\\/fr\\\/#website\",\"url\":\"https:\\\/\\\/canadianmidwives.org\\\/fr\\\/\",\"name\":\"Association canadienne des sages-femmes\",\"description\":\"Des sages-femmes pour tous, partout\",\"publisher\":{\"@id\":\"https:\\\/\\\/canadianmidwives.org\\\/fr\\\/#organization\"},\"potentialAction\":[{\"@type\":\"SearchAction\",\"target\":{\"@type\":\"EntryPoint\",\"urlTemplate\":\"https:\\\/\\\/canadianmidwives.org\\\/fr\\\/?s={search_term_string}\"},\"query-input\":{\"@type\":\"PropertyValueSpecification\",\"valueRequired\":true,\"valueName\":\"search_term_string\"}}],\"inLanguage\":\"fr-CA\"},{\"@type\":\"Organization\",\"@id\":\"https:\\\/\\\/canadianmidwives.org\\\/fr\\\/#organization\",\"name\":\"Association canadienne des sages-femmes\",\"url\":\"https:\\\/\\\/canadianmidwives.org\\\/fr\\\/\",\"logo\":{\"@type\":\"ImageObject\",\"inLanguage\":\"fr-CA\",\"@id\":\"https:\\\/\\\/canadianmidwives.org\\\/fr\\\/#\\\/schema\\\/logo\\\/image\\\/\",\"url\":\"https:\\\/\\\/canadianmidwives.org\\\/sites\\\/canadianmidwives.org\\\/wp-content\\\/uploads\\\/2022\\\/03\\\/CAM-Logo-2022-1536x462-1.png\",\"contentUrl\":\"https:\\\/\\\/canadianmidwives.org\\\/sites\\\/canadianmidwives.org\\\/wp-content\\\/uploads\\\/2022\\\/03\\\/CAM-Logo-2022-1536x462-1.png\",\"width\":1536,\"height\":462,\"caption\":\"Association canadienne des sages-femmes\"},\"image\":{\"@id\":\"https:\\\/\\\/canadianmidwives.org\\\/fr\\\/#\\\/schema\\\/logo\\\/image\\\/\"},\"sameAs\":[\"https:\\\/\\\/www.facebook.com\\\/CanadianMidwives\\\/\",\"https:\\\/\\\/www.instagram.com\\\/cam_acsf\",\"https:\\\/\\\/www.linkedin.com\\\/company\\\/canadian-association-of-midwives\"]}]}<\/script>\n<!-- \/ Yoast SEO plugin. -->","yoast_head_json":{"title":"Foulard ACSF\/NCIM - Association canadienne des sages-femmes","robots":{"index":"index","follow":"follow","max-snippet":"max-snippet:-1","max-image-preview":"max-image-preview:large","max-video-preview":"max-video-preview:-1"},"canonical":"https:\/\/canadianmidwives.org\/fr\/produit\/foulard-acsf-ncim\/","og_locale":"fr_CA","og_type":"article","og_title":"Foulard ACSF\/NCIM - Association canadienne des sages-femmes","og_description":"Le foulard repr\u00e9sente la collaboration entre NACM et l\u2019ACSF, et l\u2019engagement dans cette relation dans l\u2019avenir. Il comm\u00e9more la signature d\u2019un protocole d\u2019entente entre les deux organisations qui reconna\u00eet et promeut le NACM en tant que voix nationale et autorit\u00e9 premi\u00e8re en mati\u00e8re de pratique sage\u2011femme autochtone et de sant\u00e9 reproductive autochtone.","og_url":"https:\/\/canadianmidwives.org\/fr\/produit\/foulard-acsf-ncim\/","og_site_name":"Association canadienne des sages-femmes","article_publisher":"https:\/\/www.facebook.com\/CanadianMidwives\/","article_modified_time":"2023-03-30T19:30:19+00:00","og_image":[{"width":1024,"height":898,"url":"https:\/\/canadianmidwives.org\/sites\/canadianmidwives.org\/wp-content\/uploads\/2022\/03\/CAM-scarf-presentation.jpg","type":"image\/jpeg"}],"twitter_card":"summary_large_image","schema":{"@context":"https:\/\/schema.org","@graph":[{"@type":"WebPage","@id":"https:\/\/canadianmidwives.org\/fr\/produit\/foulard-acsf-ncim\/","url":"https:\/\/canadianmidwives.org\/fr\/produit\/foulard-acsf-ncim\/","name":"Foulard ACSF\/NCIM - Association canadienne des sages-femmes","isPartOf":{"@id":"https:\/\/canadianmidwives.org\/fr\/#website"},"primaryImageOfPage":{"@id":"https:\/\/canadianmidwives.org\/fr\/produit\/foulard-acsf-ncim\/#primaryimage"},"image":{"@id":"https:\/\/canadianmidwives.org\/fr\/produit\/foulard-acsf-ncim\/#primaryimage"},"thumbnailUrl":"https:\/\/canadianmidwives.org\/sites\/canadianmidwives.org\/wp-content\/uploads\/2022\/03\/CAM-scarf-presentation.jpg","datePublished":"2022-03-31T12:45:56+00:00","dateModified":"2023-03-30T19:30:19+00:00","breadcrumb":{"@id":"https:\/\/canadianmidwives.org\/fr\/produit\/foulard-acsf-ncim\/#breadcrumb"},"inLanguage":"fr-CA","potentialAction":[{"@type":"ReadAction","target":["https:\/\/canadianmidwives.org\/fr\/produit\/foulard-acsf-ncim\/"]}]},{"@type":"ImageObject","inLanguage":"fr-CA","@id":"https:\/\/canadianmidwives.org\/fr\/produit\/foulard-acsf-ncim\/#primaryimage","url":"https:\/\/canadianmidwives.org\/sites\/canadianmidwives.org\/wp-content\/uploads\/2022\/03\/CAM-scarf-presentation.jpg","contentUrl":"https:\/\/canadianmidwives.org\/sites\/canadianmidwives.org\/wp-content\/uploads\/2022\/03\/CAM-scarf-presentation.jpg","width":1024,"height":898},{"@type":"BreadcrumbList","@id":"https:\/\/canadianmidwives.org\/fr\/produit\/foulard-acsf-ncim\/#breadcrumb","itemListElement":[{"@type":"ListItem","position":1,"name":"Accueil","item":"https:\/\/canadianmidwives.org\/fr\/"},{"@type":"ListItem","position":2,"name":"Boutique","item":"https:\/\/canadianmidwives.org\/fr\/boutique\/"},{"@type":"ListItem","position":3,"name":"Foulard ACSF\/NCIM"}]},{"@type":"WebSite","@id":"https:\/\/canadianmidwives.org\/fr\/#website","url":"https:\/\/canadianmidwives.org\/fr\/","name":"Association canadienne des sages-femmes","description":"Des sages-femmes pour tous, partout","publisher":{"@id":"https:\/\/canadianmidwives.org\/fr\/#organization"},"potentialAction":[{"@type":"SearchAction","target":{"@type":"EntryPoint","urlTemplate":"https:\/\/canadianmidwives.org\/fr\/?s={search_term_string}"},"query-input":{"@type":"PropertyValueSpecification","valueRequired":true,"valueName":"search_term_string"}}],"inLanguage":"fr-CA"},{"@type":"Organization","@id":"https:\/\/canadianmidwives.org\/fr\/#organization","name":"Association canadienne des sages-femmes","url":"https:\/\/canadianmidwives.org\/fr\/","logo":{"@type":"ImageObject","inLanguage":"fr-CA","@id":"https:\/\/canadianmidwives.org\/fr\/#\/schema\/logo\/image\/","url":"https:\/\/canadianmidwives.org\/sites\/canadianmidwives.org\/wp-content\/uploads\/2022\/03\/CAM-Logo-2022-1536x462-1.png","contentUrl":"https:\/\/canadianmidwives.org\/sites\/canadianmidwives.org\/wp-content\/uploads\/2022\/03\/CAM-Logo-2022-1536x462-1.png","width":1536,"height":462,"caption":"Association canadienne des sages-femmes"},"image":{"@id":"https:\/\/canadianmidwives.org\/fr\/#\/schema\/logo\/image\/"},"sameAs":["https:\/\/www.facebook.com\/CanadianMidwives\/","https:\/\/www.instagram.com\/cam_acsf","https:\/\/www.linkedin.com\/company\/canadian-association-of-midwives"]}]}},"_links":{"self":[{"href":"https:\/\/canadianmidwives.org\/fr\/wp-json\/wp\/v2\/product\/50080","targetHints":{"allow":["GET"]}}],"collection":[{"href":"https:\/\/canadianmidwives.org\/fr\/wp-json\/wp\/v2\/product"}],"about":[{"href":"https:\/\/canadianmidwives.org\/fr\/wp-json\/wp\/v2\/types\/product"}],"wp:featuredmedia":[{"embeddable":true,"href":"https:\/\/canadianmidwives.org\/fr\/wp-json\/wp\/v2\/media\/50077"}],"wp:attachment":[{"href":"https:\/\/canadianmidwives.org\/fr\/wp-json\/wp\/v2\/media?parent=50080"}],"wp:term":[{"taxonomy":"product_brand","embeddable":true,"href":"https:\/\/canadianmidwives.org\/fr\/wp-json\/wp\/v2\/product_brand?post=50080"},{"taxonomy":"product_cat","embeddable":true,"href":"https:\/\/canadianmidwives.org\/fr\/wp-json\/wp\/v2\/product_cat?post=50080"},{"taxonomy":"product_tag","embeddable":true,"href":"https:\/\/canadianmidwives.org\/fr\/wp-json\/wp\/v2\/product_tag?post=50080"}],"curies":[{"name":"wp","href":"https:\/\/api.w.org\/{rel}","templated":true}]}}